{"id":5701,"date":"2026-04-07T07:41:25","date_gmt":"2026-04-07T10:41:25","guid":{"rendered":"https:\/\/ebp.org.br\/sul\/?page_id=5701"},"modified":"2026-04-07T11:12:59","modified_gmt":"2026-04-07T14:12:59","slug":"boletim-modos-de-usar-08","status":"publish","type":"page","link":"https:\/\/ebp.org.br\/sul\/biblioteca\/publicacoes\/boletim-modos-de-usar\/boletim-modos-de-usar-08\/","title":{"rendered":"Boletim Modos de Usar #08"},"content":{"rendered":"<section class=\"wpb-content-wrapper\">[vc_row][vc_column][vc_single_image image=&#8221;4308&#8243; alignment=&#8221;center&#8221;][vc_column_text]\n<h6 style=\"text-align: center;\">N. 08 &#8211; Abril 2026<\/h6>\n[\/vc_column_text][\/vc_column][\/vc_row][vc_row][vc_column width=&#8221;1\/4&#8243;][vc_single_image image=&#8221;5685&#8243;][\/vc_column][vc_column width=&#8221;3\/4&#8243;][vc_column_text]\n<h6><em>Gustavo Ramos (EBP\/AMP) &#8211; Diretor de Biblioteca da Se\u00e7\u00e3o Sul da EBP<\/em><\/h6>\n<p>A atual gest\u00e3o da Diretoria de Biblioteca assumiu os trabalhos em abril de 2025 com uma equipe composta por Ana Maria Alves de Souza, Andr\u00e9a Tochetto, Cauana Mestre, Juan Galigniana, Licene Garcia, Paula Nocquet, Priscila de S\u00e1 Santos, Rafael Marques Longo e Victor Hugo Vieira. Durante aquele ano, tivemos a ideia de tornar o boletim um lugar vivo de produ\u00e7\u00e3o e n\u00e3o somente de reprodu\u00e7\u00e3o das atividades ocorridas no \u00e2mbito da Se\u00e7\u00e3o Sul. A biblioteca pode sim ser um lugar de circula\u00e7\u00e3o, de leitura, de contatos&#8230;[\/vc_column_text][vc_btn title=&#8221;Leia+&#8221; size=&#8221;xs&#8221; link=&#8221;url:https%3A%2F%2Febp.org.br%2Fsul%2Feditorial-boletim-modos-de-usar-08%2F|title:EDITORIAL%20Boletim%20Modos%20de%20Usar%20%2308&#8243;][\/vc_column][\/vc_row][vc_row][vc_column][vc_separator][\/vc_column][\/vc_row][vc_row][vc_column width=&#8221;1\/4&#8243;][vc_single_image image=&#8221;5686&#8243;][\/vc_column][vc_column width=&#8221;3\/4&#8243;][vc_column_text]\n<h3><em>Shame<\/em>\u00a0&#8211; Evapora\u00e7\u00e3o da vergonha?<\/h3>\n<h6><em>Niraldo de Oliveira Santos (Membro da EBP e da AMP\u00a0<\/em>)<\/h6>\n<p><em>Shame<\/em>\u00a0(vergonha) \u00e9 um filme brit\u00e2nico do g\u00eanero drama, lan\u00e7ado em 2012, coescrito e dirigido por Steve McQueen, com Michael Fassbender (Brandon) e Carey Mulligan (Sissy). Brandon \u00e9 um publicit\u00e1rio na faixa dos trinta anos, bem-sucedido profissionalmente, solteir\u00e3o, solit\u00e1rio, bonito, que vive e trabalha em Nova York. Distante de sua irm\u00e3 e aparentemente sem amigos pr\u00f3ximos, Brandon secretamente busca compulsivamente o sexual: seja pelo consumo de pornografia no computador \u2013 pessoal e do trabalho; seja contratando prostitutas ou em encontros pontuais em bares visando o sexo, at\u00e9 terminar por entrar em um\u00a0<em>dark room<\/em>&#8230;[\/vc_column_text][vc_btn title=&#8221;Leia+&#8221; size=&#8221;xs&#8221; link=&#8221;url:https%3A%2F%2Febp.org.br%2Fsul%2Fshame-evaporacao-da-vergonha%2F|title:EDITORIAL%20Boletim%20Modos%20de%20Usar%20%2301&#8243;][\/vc_column][\/vc_row][vc_row][vc_column][vc_separator][\/vc_column][\/vc_row][vc_row][vc_column width=&#8221;1\/4&#8243;][vc_single_image image=&#8221;5687&#8243;][\/vc_column][vc_column width=&#8221;3\/4&#8243;][vc_column_text]\n<h3>A evapora\u00e7\u00e3o do pai<\/h3>\n<h6><em>Camila Popadiuk (Membro da EBP e da AMP)<\/em><\/h6>\n<p>\u201cIsso que n\u00e3o desaparece e continua produzindo efeitos\u201d \u00e9 uma maneira de expressar o que Lacan anunciou em 1968 como \u201ca cicatriz da evapora\u00e7\u00e3o do pai\u201d, algo que, em \u00faltima inst\u00e2ncia, recebe o nome de segrega\u00e7\u00e3o. Sabemos que o enfraquecimento da fun\u00e7\u00e3o paterna, caracter\u00edstica da sociedade contempor\u00e2nea, \u00e9 consequ\u00eancia do discurso da ci\u00eancia e de sua alian\u00e7a com o capital. Claramente, Miller indica em seu texto \u201cO pai tornado vapor\u201d a rela\u00e7\u00e3o direta entre o decl\u00ednio do pai e a crescente for\u00e7a do capitalismo, ao afirmar que \u201co capitalismo superou o patriarcado, ou que, pelo menos, iniciou seu decl\u00ednio.\u201d[\/vc_column_text][vc_btn title=&#8221;Leia+&#8221; size=&#8221;xs&#8221; link=&#8221;url:https%3A%2F%2Febp.org.br%2Fsul%2Fa-evaporacao-do-pai%2F|title:EDITORIAL%20Boletim%20Modos%20de%20Usar%20%2301&#8243;][\/vc_column][\/vc_row][vc_row][vc_column][vc_separator][\/vc_column][\/vc_row][vc_row][vc_column width=&#8221;1\/4&#8243;][vc_single_image image=&#8221;5688&#8243;][\/vc_column][vc_column width=&#8221;3\/4&#8243;][vc_column_text]\n<h3>Resson\u00e2ncias sobre a atividade da Biblioteca da Se\u00e7\u00e3o Sul com Domenico Cosenza<\/h3>\n<h6><em>Cynthia Gon\u00e7alves Gindro<\/em><\/h6>\n<p>A atividade da Biblioteca da Se\u00e7\u00e3o Sul sobre o livro de Domenico Cosenza: Cl\u00ednica do Excesso \u2013 derivas pulsionais e solu\u00e7\u00f5es sintom\u00e1ticas na psicopatologia contempor\u00e2nea, chamou minha aten\u00e7\u00e3o pelo tema dos sintomas contempor\u00e2neos, pela sua incid\u00eancia na cl\u00ednica hoje e suas consequ\u00eancias no mal-estar da civiliza\u00e7\u00e3o.<br \/>\nA conversa\u00e7\u00e3o na atividade foi esclarecendo e precipitando quest\u00f5es em torno da cl\u00ednica e dos casos, principalmente de adolescentes que chegam ao Hospital-Dia em que trabalho em S\u00e3o Paulo.[\/vc_column_text][vc_btn title=&#8221;Leia+&#8221; size=&#8221;xs&#8221; link=&#8221;url:https%3A%2F%2Febp.org.br%2Fsul%2Fressonancias-sobre-a-atividade-da-biblioteca-da-secao-sul-com-domenico-cosenza%2F|title:EDITORIAL%20Boletim%20Modos%20de%20Usar%20%2301&#8243;][\/vc_column][\/vc_row][vc_row][vc_column][vc_separator][\/vc_column][\/vc_row][vc_row][vc_column width=&#8221;1\/4&#8243;][vc_single_image image=&#8221;5689&#8243;][\/vc_column][vc_column width=&#8221;3\/4&#8243;][vc_column_text]\n<h3>Que\u00a0<em>partenaire<\/em>\u00a0hoje?<\/h3>\n<h6><em>Paula Nathalie Nocquet<\/em><\/h6>\n<p>Uma pergunta me retornou ao participar da tarde de Biblioteca com Domenico Cosenza sobre seu livro, a Cl\u00ednica do Excesso, uma pergunta que costumo me fazer em supervis\u00e3o com in\u00edcios de tratamento \u00e9: que\u00a0<em>partenaire\u00a0<\/em>poss\u00edvel para cada paciente? Quer dizer, com quem jogamos a partida numa an\u00e1lise?<br \/>\nCosenza, longe de qualquer discurso saudosista ou fatalista, mas com entusiasmo, nos transmite a necessidade de o analista estar mais vivo hoje na cl\u00ednica. Se todos estamos casados com algo, \u00e9 preciso buscar com o qu\u00ea; buscar o\u00a0<em>partenaire<\/em>.[\/vc_column_text][vc_btn title=&#8221;Leia+&#8221; size=&#8221;xs&#8221; link=&#8221;url:https%3A%2F%2Febp.org.br%2Fsul%2Fque-partenaire-hoje%2F|title:EDITORIAL%20Boletim%20Modos%20de%20Usar%20%2301&#8243;][\/vc_column][\/vc_row][vc_row css=&#8221;.vc_custom_1629889707604{background-color: #777777 !important;}&#8221;][vc_column][vc_single_image image=&#8221;4306&#8243; alignment=&#8221;center&#8221;][vc_column_text]\n<h6 style=\"text-align: center;\"><span style=\"color: #ffffff;\">Modos de Usar &#8211; Boletim Eletr\u00f4nico da EBP Se\u00e7\u00e3o Sul<\/span><\/h6>\n<h6 style=\"text-align: center;\"><span style=\"color: #ffffff;\">Comiss\u00e3o de Biblioteca: Gustavo Ramos (EBP\/AMP &#8211; Diretor de Biblioteca da Se\u00e7\u00e3o Sul),\u00a0Ana Maria Alves de Souza, Andr\u00e9a Tochetto, Cauana Mestre, Juan Galigniana, Licene Garcia, Paula Nocquet, Priscila de S\u00e1 Santos, Rafael Marques Longo e Victor Hugo Vieira.<\/span><\/h6>\n<h6 style=\"text-align: center;\"><span style=\"color: #ffffff;\">Design: Bruno Senna<\/span><\/h6>\n[\/vc_column_text][\/vc_column][\/vc_row]\n<\/section>","protected":false},"excerpt":{"rendered":"<p>[vc_row][vc_column][vc_single_image image=&#8221;4308&#8243; alignment=&#8221;center&#8221;][vc_column_text] N. 08 &#8211; Abril 2026 [\/vc_column_text][\/vc_column][\/vc_row][vc_row][vc_column width=&#8221;1\/4&#8243;][vc_single_image image=&#8221;5685&#8243;][\/vc_column][vc_column width=&#8221;3\/4&#8243;][vc_column_text] Gustavo Ramos (EBP\/AMP) &#8211; Diretor de Biblioteca da Se\u00e7\u00e3o Sul da EBP A atual gest\u00e3o da Diretoria de Biblioteca assumiu os trabalhos em abril de 2025 com uma equipe composta por Ana Maria Alves de Souza, Andr\u00e9a Tochetto, Cauana Mestre, Juan Galigniana, Licene&hellip;<\/p>\n","protected":false},"author":1,"featured_media":0,"parent":3243,"menu_order":0,"comment_status":"closed","ping_status":"closed","template":"","meta":{"footnotes":""},"class_list":["post-5701","page","type-page","status-publish","hentry","entry","no-media"],"_links":{"self":[{"href":"https:\/\/ebp.org.br\/sul\/wp-json\/wp\/v2\/pages\/5701","targetHints":{"allow":["GET"]}}],"collection":[{"href":"https:\/\/ebp.org.br\/sul\/wp-json\/wp\/v2\/pages"}],"about":[{"href":"https:\/\/ebp.org.br\/sul\/wp-json\/wp\/v2\/types\/page"}],"author":[{"embeddable":true,"href":"https:\/\/ebp.org.br\/sul\/wp-json\/wp\/v2\/users\/1"}],"replies":[{"embeddable":true,"href":"https:\/\/ebp.org.br\/sul\/wp-json\/wp\/v2\/comments?post=5701"}],"version-history":[{"count":2,"href":"https:\/\/ebp.org.br\/sul\/wp-json\/wp\/v2\/pages\/5701\/revisions"}],"predecessor-version":[{"id":5705,"href":"https:\/\/ebp.org.br\/sul\/wp-json\/wp\/v2\/pages\/5701\/revisions\/5705"}],"up":[{"embeddable":true,"href":"https:\/\/ebp.org.br\/sul\/wp-json\/wp\/v2\/pages\/3243"}],"wp:attachment":[{"href":"https:\/\/ebp.org.br\/sul\/wp-json\/wp\/v2\/media?parent=5701"}],"curies":[{"name":"wp","href":"https:\/\/api.w.org\/{rel}","templated":true}]}}