{"id":5664,"date":"2025-11-04T10:59:22","date_gmt":"2025-11-04T13:59:22","guid":{"rendered":"https:\/\/ebp.org.br\/sul\/?page_id=5664"},"modified":"2025-11-04T15:25:39","modified_gmt":"2025-11-04T18:25:39","slug":"6a-jornada-da-ebp-secao-sul-cade-o-gozo-o-que-diz-a-epoca-e-a-clinica-boletim-pulsar-05","status":"publish","type":"page","link":"https:\/\/ebp.org.br\/sul\/eventos\/jornadas\/6a-jornada-da-ebp-secao-sul-cade-o-gozo-o-que-diz-a-epoca-e-a-clinica\/boletim-pulsar\/6a-jornada-da-ebp-secao-sul-cade-o-gozo-o-que-diz-a-epoca-e-a-clinica-boletim-pulsar-05\/","title":{"rendered":"6\u00aa Jornada da EBP \u2013 Se\u00e7\u00e3o Sul &#8211; Cad\u00ea o gozo? O que diz a \u00e9poca e a cl\u00ednica &#8211; Boletim Pulsar 05"},"content":{"rendered":"<section class=\"wpb-content-wrapper\">[vc_row full_width=&#8221;stretch_row&#8221;][vc_column][vc_single_image image=&#8221;5478&#8243; alignment=&#8221;center&#8221;][vc_column_text font_family=&#8221;Bookman Old Style, serif&#8221;]\n<h2 style=\"text-align: center;\"><strong>n\u00ba5<\/strong><\/h2>\n[\/vc_column_text][vc_empty_space height=&#8221;20px&#8221;][vc_separator][\/vc_column][\/vc_row][vc_row][vc_column][vc_column_text font_family=&#8221;Bookman Old Style, serif&#8221;]\n<h3><em><strong>EDITORIAL<\/strong><\/em><\/h3>\n[\/vc_column_text][vc_column_text]Haroldo de Campos foi um poeta que, entre os psicanalistas, tamb\u00e9m advogou pela dignidade de \u201clal\u00edngua\u201d<a href=\"#_ftn1\" name=\"_ftnref1\">[1]<\/a>. Sem medo do babel\u00f3rio e apostando justamente no entrechoque dos mal-entendidos, entre os anos 60 e 80, ele escreveu um projeto po\u00e9tico que chamou de <em>Gal\u00e1xias<\/em>, um livro de viagem, de percursos e que, como o tema da <em>VI Jornada da EBP \u2013 Se\u00e7\u00e3o Sul<\/em>, implica tempo, espa\u00e7o e sujeitos, suas derivas, repeti\u00e7\u00f5es e inven\u00e7\u00f5es. Neste P U L S <em>a<\/em> R derradeiro, retomamos um pequeno trecho com o qual as <em>Gal\u00e1xias<\/em> se encerram ou reabrem&#8230;[\/vc_column_text][vc_empty_space height=&#8221;20px&#8221;]<a href=\"https:\/\/ebp.org.br\/sul\/editorial-boletim-pulsar-05\/\" class=\"vcex-button theme-button inline\" style=\"background:#ff3a3a;color:#ffffff;border-radius:var(--wpex-rounded);\" data-wpex-hover='{&quot;background&quot;:&quot;#d33030&quot;,&quot;color&quot;:&quot;#ffffff&quot;}'><span class=\"vcex-button-inner theme-button-inner\">Leia mais<\/span><\/a> [\/vc_column][\/vc_row][vc_row][vc_column][vc_separator][\/vc_column][\/vc_row][vc_row][vc_column][vc_column_text font_family=&#8221;Bookman Old Style, serif&#8221;]\n<h3><em>Abertura da VI Jornada da EBP \u2013 Se\u00e7\u00e3o Sul<\/em><\/h3>\n[\/vc_column_text][vc_column_text]<span style=\"font-size: 13px;\">Marcia Stival (EBP\/AMP)<\/span><\/p>\n<p>A constru\u00e7\u00e3o da VI Jornada da EBP-Se\u00e7\u00e3o Sul teve como uma das primeiras iniciativas a concep\u00e7\u00e3o do t\u00edtulo.<\/p>\n<p>A visada era tratar de um tema que conversasse com o aforisma lacaniano \u201cN\u00e3o h\u00e1 rela\u00e7\u00e3o sexual\u201d, transformado em t\u00edtulo para o pr\u00f3ximo Congresso da Associa\u00e7\u00e3o Mundial de Psican\u00e1lise. O tom foi encontrado quando a refer\u00eancia \u00e0 fala de praticantes, sobre seus analisantes, trouxe \u00e0 tona o desejo de saber sobre o gozo.[\/vc_column_text][vc_empty_space height=&#8221;20px&#8221;]<a href=\"https:\/\/ebp.org.br\/sul\/abertura-da-vi-jornada-da-ebp-secao-sul-2\/\" class=\"vcex-button theme-button inline\" style=\"background:#ff3a3a;color:#ffffff;border-radius:var(--wpex-rounded);\" data-wpex-hover='{&quot;background&quot;:&quot;#d33030&quot;,&quot;color&quot;:&quot;#ffffff&quot;}'><span class=\"vcex-button-inner theme-button-inner\">Leia mais<\/span><\/a> [\/vc_column][\/vc_row][vc_row][vc_column][vc_separator][\/vc_column][\/vc_row][vc_row][vc_column][vc_column_text font_family=&#8221;Bookman Old Style, serif&#8221;]\n<h3><em>Abertura da VI Jornada da EBP \u2013 Se\u00e7\u00e3o Sul<\/em><\/h3>\n[\/vc_column_text][vc_column_text]<span style=\"font-size: 13px;\">Leonardo Scofield (EBP\/AMP)<\/span><\/p>\n<p>Aqui estamos. Chegou a hora, o local e a ocasi\u00e3o de verificarmos: Cad\u00ea o gozo? \u2014 na \u00e9poca e na cl\u00ednica. Por que n\u00e3o tamb\u00e9m na Escola?<\/p>\n<p>A Diretoria da Se\u00e7\u00e3o Sul tem trabalhado com a aposta de fazer com que cada uma de suas atividades seja, de fato, um trabalho de Escola. Ou melhor: que possa haver efeitos de forma\u00e7\u00e3o para cada um dos envolvidos nas atividades. Desde um convite ao trabalho, passando pelo mal-entendido de algum percurso, at\u00e9 que algo se d\u00ea, para alguns, como algo que lhes valeu o trabalho.[\/vc_column_text][vc_empty_space height=&#8221;20px&#8221;]<a href=\"https:\/\/ebp.org.br\/sul\/abertura-da-vi-jornada-da-ebp-secao-sul\/\" class=\"vcex-button theme-button inline\" style=\"background:#ff3a3a;color:#ffffff;border-radius:var(--wpex-rounded);\" data-wpex-hover='{&quot;background&quot;:&quot;#d33030&quot;,&quot;color&quot;:&quot;#ffffff&quot;}'><span class=\"vcex-button-inner theme-button-inner\">Leia mais<\/span><\/a> [\/vc_column][\/vc_row][vc_row][vc_column][vc_separator][\/vc_column][\/vc_row][vc_row][vc_column][vc_column_text font_family=&#8221;Bookman Old Style, serif&#8221;]\n<h3><em><strong>Ecos e perspectivas<\/strong><\/em><\/h3>\n[\/vc_column_text][vc_column_text]<span style=\"font-size: 13px;\">Nohem\u00ed Brown (EBP\/AMP)<\/span><\/p>\n<p>Vou recolher o que ficou ecoando em mim de algumas enuncia\u00e7\u00f5es que irromperam ao longo desta VI Jornada da EBP-Se\u00e7\u00e3o Sul. Mas, antes, vale a pena nos perguntarmos: por que uma Jornada de Se\u00e7\u00e3o? Por que os eventos da EBP e AMP? Por que o tema escolhido para esta Jornada?<\/p>\n<p>Parece-me que, em ato, essas perguntas foram respondidas em cada uma das mesas, confer\u00eancias, perguntas, apontamentos, especialmente nas enuncia\u00e7\u00f5es. Para isso, contamos com a conting\u00eancia.[\/vc_column_text][vc_empty_space height=&#8221;20px&#8221;]<a href=\"https:\/\/ebp.org.br\/sul\/ecos-e-perspectivas1\/\" class=\"vcex-button theme-button inline\" style=\"background:#ff3a3a;color:#ffffff;border-radius:var(--wpex-rounded);\" data-wpex-hover='{&quot;background&quot;:&quot;#d33030&quot;,&quot;color&quot;:&quot;#ffffff&quot;}'><span class=\"vcex-button-inner theme-button-inner\">Leia mais<\/span><\/a> [\/vc_column][\/vc_row][vc_row full_width=&#8221;stretch_row&#8221;][vc_column][vc_single_image image=&#8221;5479&#8243; alignment=&#8221;center&#8221;][\/vc_column][\/vc_row]\n<\/section>","protected":false},"excerpt":{"rendered":"<p>[vc_row full_width=&#8221;stretch_row&#8221;][vc_column][vc_single_image image=&#8221;5478&#8243; alignment=&#8221;center&#8221;][vc_column_text font_family=&#8221;Bookman Old Style, serif&#8221;] n\u00ba5 [\/vc_column_text][vc_empty_space height=&#8221;20px&#8221;][vc_separator][\/vc_column][\/vc_row][vc_row][vc_column][vc_column_text font_family=&#8221;Bookman Old Style, serif&#8221;] EDITORIAL [\/vc_column_text][vc_column_text]Haroldo de Campos foi um poeta que, entre os psicanalistas, tamb\u00e9m advogou pela dignidade de \u201clal\u00edngua\u201d[1]. Sem medo do babel\u00f3rio e apostando justamente no entrechoque dos mal-entendidos, entre os anos 60 e 80, ele escreveu um projeto po\u00e9tico que&hellip;<\/p>\n","protected":false},"author":1,"featured_media":0,"parent":5468,"menu_order":0,"comment_status":"closed","ping_status":"closed","template":"","meta":{"footnotes":""},"class_list":["post-5664","page","type-page","status-publish","hentry","entry","no-media"],"_links":{"self":[{"href":"https:\/\/ebp.org.br\/sul\/wp-json\/wp\/v2\/pages\/5664","targetHints":{"allow":["GET"]}}],"collection":[{"href":"https:\/\/ebp.org.br\/sul\/wp-json\/wp\/v2\/pages"}],"about":[{"href":"https:\/\/ebp.org.br\/sul\/wp-json\/wp\/v2\/types\/page"}],"author":[{"embeddable":true,"href":"https:\/\/ebp.org.br\/sul\/wp-json\/wp\/v2\/users\/1"}],"replies":[{"embeddable":true,"href":"https:\/\/ebp.org.br\/sul\/wp-json\/wp\/v2\/comments?post=5664"}],"version-history":[{"count":3,"href":"https:\/\/ebp.org.br\/sul\/wp-json\/wp\/v2\/pages\/5664\/revisions"}],"predecessor-version":[{"id":5669,"href":"https:\/\/ebp.org.br\/sul\/wp-json\/wp\/v2\/pages\/5664\/revisions\/5669"}],"up":[{"embeddable":true,"href":"https:\/\/ebp.org.br\/sul\/wp-json\/wp\/v2\/pages\/5468"}],"wp:attachment":[{"href":"https:\/\/ebp.org.br\/sul\/wp-json\/wp\/v2\/media?parent=5664"}],"curies":[{"name":"wp","href":"https:\/\/api.w.org\/{rel}","templated":true}]}}