{"id":5643,"date":"2025-10-23T07:51:23","date_gmt":"2025-10-23T10:51:23","guid":{"rendered":"https:\/\/ebp.org.br\/sul\/?page_id=5643"},"modified":"2025-10-23T17:08:05","modified_gmt":"2025-10-23T20:08:05","slug":"6a-jornada-da-ebp-secao-sul-cade-o-gozo-o-que-diz-a-epoca-e-a-clinica-programa","status":"publish","type":"page","link":"https:\/\/ebp.org.br\/sul\/eventos\/jornadas\/6a-jornada-da-ebp-secao-sul-cade-o-gozo-o-que-diz-a-epoca-e-a-clinica\/6a-jornada-da-ebp-secao-sul-cade-o-gozo-o-que-diz-a-epoca-e-a-clinica-programa\/","title":{"rendered":"6\u00aa Jornada da EBP \u2013 Se\u00e7\u00e3o Sul &#8211; Cad\u00ea o gozo? O que diz a \u00e9poca e a cl\u00ednica &#8211; Programa"},"content":{"rendered":"<section class=\"wpb-content-wrapper\">[vc_row][vc_column][vc_single_image image=&#8221;5398&#8243;][\/vc_column][\/vc_row][vc_row][vc_column width=&#8221;5\/6&#8243;][vc_column_text]\n<h3><span style=\"color: #993300;\">Sexta-feira \u00b7 24 \u00b7 OUT<\/span><\/h3>\n<p><strong><span style=\"color: #993300;\">\u00a010:00 | 12:00 \u00b7 Conversa\u00e7\u00e3o Cl\u00ednica<\/span><\/strong><\/p>\n<ul>\n<li>Jussara Jovita Souza da Rosa (EBP\/AMP) e Louise Amaral Lhullier (EBP\/AMP)<\/li>\n<\/ul>\n<p><strong><span style=\"color: #993300;\">14:00 | 14:30 \u00b7 Mesa de Abertura da VI Jornada<\/span><\/strong><\/p>\n<ul>\n<li>Marcia Stival (EBP\/AMP) &#8211; Coordenadora da VI Jornada da EBP-Se\u00e7\u00e3o Sul<\/li>\n<li>Leonardo Scofield (EBP\/AMP) &#8211; Diretor da\u00a0EBP-Se\u00e7\u00e3o Sul<\/li>\n<\/ul>\n<p><strong><span style=\"color: #993300;\">14:30 | 15:45 \u00b7 Mesa 1 &#8211; Escola de analisantes: que lugar para o gozo?<\/span><\/strong><\/p>\n<ul>\n<li>F\u00e1tima Sarmento (AME EBP\/AMP) &#8211; <strong>O analista analisante<\/strong><\/li>\n<li>Marcia Stival (EBP\/AMP) &#8211; <strong>Posi\u00e7\u00f5es na Escola<\/strong><\/li>\n<li>Gresiela Nunes da Rosa (EBP\/AMP) &#8211;<strong> \u201cNo desatino de nosso gozo, s\u00f3 h\u00e1 o Outro para situ\u00e1-lo\u2026\u201d<\/strong><\/li>\n<li>Leonardo Scofield (EBP\/AMP) &#8211; <strong>Restos de gozo<\/strong><\/li>\n<li>Nohem\u00ed Brown (EBP\/AMP) &#8211; <strong>Do que goza o analista?<\/strong><\/li>\n<\/ul>\n<p style=\"padding-left: 80px;\">Coment\u00e1rios: C\u00e9lia Salles (EBP\/AMP)<\/p>\n<p><strong><span style=\"color: #993300;\">15:45 |\u00a0 17:00 \u00b7 Mesa 2 &#8211; \u201cNo desatino do gozo: que Outro?\u201d<\/span><\/strong><\/p>\n<ul>\n<li>Oscar Reymundo (EBP\/AMP) &#8211;<strong> A viol\u00eancia e a \u00e9p<\/strong>oca<\/li>\n<li>Laureci Nunes (EBP\/AMP) &#8211; <strong>\u201cSou otako\u201d<\/strong><\/li>\n<li>Carolina Maia Scofield &#8211; <strong>Cad\u00ea a crian\u00e7a? Boca (a)mor-da\u00e7ada e a presen\u00e7a do analista\u00a0<\/strong><\/li>\n<\/ul>\n<p style=\"padding-left: 80px;\">Coment\u00e1rios: Diego Cervelin (EBP\/AMP)<\/p>\n<p style=\"padding-left: 80px;\">Coordena\u00e7\u00e3o: Fernanda Baptista<\/p>\n<p><strong><span style=\"color: #993300;\">17:00 | 18:00 \u00b7 O ensino do AE<\/span><\/strong><\/p>\n<ul>\n<li>Ondina Machado (AE EBP\/AMP) &#8211; <strong>O segredo do gozo<\/strong><\/li>\n<\/ul>\n<p style=\"padding-left: 80px;\">Coordena\u00e7\u00e3o: Eneida Medeiros (EBP\/AMP)<\/p>\n<p><strong><span style=\"color: #993300;\">18:00 | 19:00 \u00b7 Confer\u00eancia de Marina Recalde (AME EOL\/AMP) &#8211; PARTE 1<\/span><\/strong><\/p>\n<p style=\"padding-left: 80px;\">Coordena\u00e7\u00e3o: Gilberto Rudeck da Fonseca (EBP\/AMP)<\/p>\n<h3><span style=\"color: #993300;\">S\u00e1bado \u00b7 25 \u00b7 OUT<\/span><\/h3>\n<p><strong><span style=\"color: #993300;\">09:00 | 10:15 \u00b7 Mesa 3 &#8211; O gozo em jogo: entre n\u00f3s, corpos e transfer\u00eancia no in\u00edcio das an\u00e1lises<\/span><\/strong><\/p>\n<ul>\n<li>Mariana Dias &#8211; <strong>Fazer justi\u00e7a contra o pai<\/strong><\/li>\n<li>Mariana Zelis (EBP\/AMP) &#8211; <strong>Os gozos na cl\u00ednica nodal<\/strong><\/li>\n<li>Paula Goulart &#8211;<strong> Amor sem loucura, transfer\u00eancia sem corpo?<\/strong><\/li>\n<\/ul>\n<p style=\"padding-left: 80px;\">Coment\u00e1rios: C\u00e9lia Carta Winter (EBP\/AMP)<\/p>\n<p style=\"padding-left: 80px;\">Coordena\u00e7\u00e3o: Priscila de S\u00e1 Santos<\/p>\n<p><strong><span style=\"color: #993300;\">10:15 | 10:30 \u00b7 Intervalo<\/span><\/strong><\/p>\n<p><strong><span style=\"color: #993300;\">10:30 | 11:45 \u00b7 Mesa 4 &#8211; Uma medida para o gozo?<\/span><\/strong><\/p>\n<ul>\n<li>Juliana Radaelli &#8211; <strong>A transfer\u00eancia: uma medida para o gozo irrefre\u00e1vel<\/strong><\/li>\n<li>Mauro Agosti &#8211; <strong>He-Man!<\/strong><\/li>\n<li>Ver\u00f4nica Paola Montenegro &#8211;<strong> a-dosagem que borda<\/strong><\/li>\n<\/ul>\n<p style=\"padding-left: 80px;\">Coment\u00e1rios: Gustavo Ramos (EBP\/AMP)<\/p>\n<p style=\"padding-left: 80px;\">Coordena\u00e7\u00e3o: Andr\u00e9a Tochetto<\/p>\n<p><strong><span style=\"color: #993300;\">11:45 | 13:30 \u00b7 Almo\u00e7o<\/span><\/strong><\/p>\n<p><strong><span style=\"color: #993300;\">13:30 | 14:30 \u00b7 Mesa 5 &#8211; Deslizamentos do significante sob transfer\u00eancia: um modo de operar na modula\u00e7\u00e3o do gozo?<\/span><\/strong><\/p>\n<ul>\n<li>Paula Moreau &#8211; <strong>\u201cPequeno(s)\u201d passos<\/strong><\/li>\n<li>Paula Nocquet &#8211; <strong>Ileg\u00edtimo<\/strong><\/li>\n<\/ul>\n<p style=\"padding-left: 80px;\">Coment\u00e1rios: Adriana Rodrigues (EBP\/AMP)<\/p>\n<p style=\"padding-left: 80px;\">Coordena\u00e7\u00e3o: Rafael Longo<\/p>\n<p><strong><span style=\"color: #993300;\">14:30 | 15:30 \u00b7 Mesa 6 &#8211; Destinos do gozo no tratamento anal\u00edtico<\/span><\/strong><\/p>\n<ul>\n<li>Fl\u00e1via C\u00eara (EBP\/AMP) &#8211; <strong>Localizar o gozo: um tratamento para a opacidade?<\/strong><\/li>\n<li>Teresa Pavone (EBP\/AMP) &#8211; <strong>Experi\u00eancia do real<\/strong><\/li>\n<\/ul>\n<p style=\"padding-left: 80px;\"><em>Coment\u00e1rios: Louise Lhullier (EBP\/AMP)<\/em><\/p>\n<p style=\"padding-left: 80px;\"><em>Coordena\u00e7\u00e3o: Val\u00e9ria Beatriz Ara\u00fajo<\/em><\/p>\n<p><strong><span style=\"color: #993300;\">15:30 | 16:00 \u00b7 Intervalo<\/span><\/strong><\/p>\n<p><strong><span style=\"color: #993300;\">16:00 | 17:30 \u00b7 Confer\u00eancia de Marina Recalde (AME EOL\/AMP) &#8211; PARTE 2<\/span><\/strong><\/p>\n<p style=\"padding-left: 80px;\"><em>Coordena\u00e7\u00e3o: Li\u00e8ge Goulart (EBP\/AMP)<\/em><\/p>\n<p><span style=\"color: #993300;\"><strong>17:30 | 18:00 \u00b7 Mesa 7 &#8211; Ecos da Jornada e perspectivas dos eventos da AMP e EBP<\/strong><\/span><\/p>\n<ul>\n<li>Coment\u00e1rios de Nohem\u00ed Brown (EBP\/AMP), Louise Lhullier (EBP\/AMP) e Fl\u00e1via C\u00eara (EBP\/AMP)<\/li>\n<\/ul>\n<p style=\"padding-left: 80px;\"><em>Coordena\u00e7\u00e3o: Nancy Greca Carneiro (EBP\/AMP)<\/em><\/p>\n[\/vc_column_text][\/vc_column][vc_column width=&#8221;1\/6&#8243;][vc_single_image image=&#8221;5645&#8243;][vc_empty_space]<a href=\"https:\/\/ebp.org.br\/sul\/wp-content\/uploads\/2025\/10\/PROGRAMA.pdf\" class=\"vcex-button theme-button inline\"><span class=\"vcex-button-inner theme-button-inner\">Button DOWNLOAD PDF<\/span><\/a> [\/vc_column][\/vc_row]\n<\/section>","protected":false},"excerpt":{"rendered":"<p>[vc_row][vc_column][vc_single_image image=&#8221;5398&#8243;][\/vc_column][\/vc_row][vc_row][vc_column width=&#8221;5\/6&#8243;][vc_column_text] Sexta-feira \u00b7 24 \u00b7 OUT \u00a010:00 | 12:00 \u00b7 Conversa\u00e7\u00e3o Cl\u00ednica Jussara Jovita Souza da Rosa (EBP\/AMP) e Louise Amaral Lhullier (EBP\/AMP) 14:00 | 14:30 \u00b7 Mesa de Abertura da VI Jornada Marcia Stival (EBP\/AMP) &#8211; Coordenadora da VI Jornada da EBP-Se\u00e7\u00e3o Sul Leonardo Scofield (EBP\/AMP) &#8211; Diretor da\u00a0EBP-Se\u00e7\u00e3o Sul 14:30 |&hellip;<\/p>\n","protected":false},"author":1,"featured_media":0,"parent":5395,"menu_order":0,"comment_status":"closed","ping_status":"closed","template":"","meta":{"footnotes":""},"class_list":["post-5643","page","type-page","status-publish","hentry","entry","no-media"],"_links":{"self":[{"href":"https:\/\/ebp.org.br\/sul\/wp-json\/wp\/v2\/pages\/5643","targetHints":{"allow":["GET"]}}],"collection":[{"href":"https:\/\/ebp.org.br\/sul\/wp-json\/wp\/v2\/pages"}],"about":[{"href":"https:\/\/ebp.org.br\/sul\/wp-json\/wp\/v2\/types\/page"}],"author":[{"embeddable":true,"href":"https:\/\/ebp.org.br\/sul\/wp-json\/wp\/v2\/users\/1"}],"replies":[{"embeddable":true,"href":"https:\/\/ebp.org.br\/sul\/wp-json\/wp\/v2\/comments?post=5643"}],"version-history":[{"count":3,"href":"https:\/\/ebp.org.br\/sul\/wp-json\/wp\/v2\/pages\/5643\/revisions"}],"predecessor-version":[{"id":5649,"href":"https:\/\/ebp.org.br\/sul\/wp-json\/wp\/v2\/pages\/5643\/revisions\/5649"}],"up":[{"embeddable":true,"href":"https:\/\/ebp.org.br\/sul\/wp-json\/wp\/v2\/pages\/5395"}],"wp:attachment":[{"href":"https:\/\/ebp.org.br\/sul\/wp-json\/wp\/v2\/media?parent=5643"}],"curies":[{"name":"wp","href":"https:\/\/api.w.org\/{rel}","templated":true}]}}