{"id":5637,"date":"2025-10-17T16:08:46","date_gmt":"2025-10-17T19:08:46","guid":{"rendered":"https:\/\/ebp.org.br\/sul\/?page_id=5637"},"modified":"2025-10-17T16:08:46","modified_gmt":"2025-10-17T19:08:46","slug":"6a-jornada-da-ebp-secao-sul-cade-o-gozo-o-que-diz-a-epoca-e-a-clinica-boletim-pulsar-04","status":"publish","type":"page","link":"https:\/\/ebp.org.br\/sul\/eventos\/jornadas\/6a-jornada-da-ebp-secao-sul-cade-o-gozo-o-que-diz-a-epoca-e-a-clinica\/boletim-pulsar\/6a-jornada-da-ebp-secao-sul-cade-o-gozo-o-que-diz-a-epoca-e-a-clinica-boletim-pulsar-04\/","title":{"rendered":"6\u00aa Jornada da EBP \u2013 Se\u00e7\u00e3o Sul &#8211; Cad\u00ea o gozo? O que diz a \u00e9poca e a cl\u00ednica &#8211; Boletim Pulsar 04"},"content":{"rendered":"<section class=\"wpb-content-wrapper\">[vc_row full_width=&#8221;stretch_row&#8221;][vc_column][vc_single_image image=&#8221;5478&#8243; alignment=&#8221;center&#8221;][vc_column_text font_family=&#8221;Bookman Old Style, serif&#8221;]\n<h2 style=\"text-align: center;\"><strong>n\u00ba4<\/strong><\/h2>\n[\/vc_column_text][vc_empty_space height=&#8221;20px&#8221;][vc_separator][\/vc_column][\/vc_row][vc_row][vc_column][vc_column_text font_family=&#8221;Bookman Old Style, serif&#8221;]\n<h3><em><strong>EDITORIAL<\/strong><\/em><\/h3>\n[\/vc_column_text][vc_column_text]Chegamos ao \u00faltimo boletim P U L S\u00a0<span style=\"color: #ff0000;\"><em>a<\/em><\/span>\u00a0R. Dessa vez, na se\u00e7\u00e3o\u00a0<em>Ancoragens<\/em>, ele traz um texto de Luc\u00edola Mac\u00eado (EBP\/AMP). Trata-se de uma leitura preciosa e pertinente ao tema de nossa jornada, na qual ela articula algumas quest\u00f5es referentes ao gozo e \u00e0 segrega\u00e7\u00e3o, contextualizando a \u00e9poca e as consequ\u00eancias da precariza\u00e7\u00e3o da opera\u00e7\u00e3o simb\u00f3lica, nas entradas em an\u00e1lise, nas an\u00e1lises que se interrompem e nas an\u00e1lises que duram. Sua abordagem chama especialmente a aten\u00e7\u00e3o para as ramifica\u00e7\u00f5es da segrega\u00e7\u00e3o e para os efeitos da transforma\u00e7\u00e3o do pai em g\u00e1s.[\/vc_column_text][vc_empty_space height=&#8221;20px&#8221;]<a href=\"https:\/\/ebp.org.br\/sul\/editorial-boletim-pulsar-04\/\" class=\"vcex-button theme-button inline\" style=\"background:#ff3a3a;color:#ffffff;border-radius:var(--wpex-rounded);\" data-wpex-hover='{&quot;background&quot;:&quot;#d33030&quot;,&quot;color&quot;:&quot;#ffffff&quot;}'><span class=\"vcex-button-inner theme-button-inner\">Leia mais<\/span><\/a> [\/vc_column][\/vc_row][vc_row][vc_column][vc_separator][\/vc_column][\/vc_row][vc_row][vc_column][vc_column_text font_family=&#8221;Bookman Old Style, serif&#8221;]\n<h3><em><strong>Uma ancoragem<\/strong><\/em><\/h3>\n[\/vc_column_text][vc_column_text]<span style=\"font-size: 13px;\">Luc\u00edola Mac\u00eado (EBP\/AMP)<\/span><\/p>\n<p>Convidada pelo Boletim P U L S\u00a0<span style=\"color: #ff0000;\"><em>a<\/em><\/span>\u00a0R a revisitar algo que havia escrito \u00e0 prop\u00f3sito das quest\u00f5es atinentes ao gozo, ao racismo e \u00e0 segrega\u00e7\u00e3o a partir de uma passagem de Lacan em\u00a0<em>Televis\u00e3o<\/em>, relan\u00e7o algumas quest\u00f5es que ainda me colocam \u00e0 trabalho, as desdobro um pouco mais, agregando-lhes outras.[\/vc_column_text][vc_empty_space height=&#8221;20px&#8221;]<a href=\"https:\/\/ebp.org.br\/sul\/uma-ancoragem\/\" class=\"vcex-button theme-button inline\" style=\"background:#ff3a3a;color:#ffffff;border-radius:var(--wpex-rounded);\" data-wpex-hover='{&quot;background&quot;:&quot;#d33030&quot;,&quot;color&quot;:&quot;#ffffff&quot;}'><span class=\"vcex-button-inner theme-button-inner\">Leia mais<\/span><\/a> [\/vc_column][\/vc_row][vc_row][vc_column][vc_separator][\/vc_column][\/vc_row][vc_row][vc_column][vc_column_text font_family=&#8221;Bookman Old Style, serif&#8221;]\n<h3><em><strong>Um osso &#8230;em torno do tempo e daquilo que ele permite localizar<\/strong><\/em><\/h3>\n[\/vc_column_text][vc_column_text]<span style=\"font-size: 13px;\">Diego Cervelin (EBP\/AMP), Val\u00e9ria Beatriz Araujo Fernanda Baptista e Priscila de S\u00e1 Santos<\/span><\/p>\n<p>O boletim P U L S\u00a0<em>a<\/em>\u00a0R chega a sua \u00faltima edi\u00e7\u00e3o contemplando um percurso cujo trajeto passa pelos tr\u00eas eixos de investiga\u00e7\u00e3o deste tema candente que nos acompanha nesta jornada: o gozo e a \u00e9poca, o gozo no in\u00edcio das an\u00e1lises e o gozo nas an\u00e1lises que duram. Percurso esse onde o gozo, suas vicissitudes, sua gram\u00e1tica, sua conting\u00eancia, seu poss\u00edvel e seu imposs\u00edvel t\u00eam sido trabalhados pelos respons\u00e1veis de cada eixo e pelos convidados, cujos escritos se decantaram em\u00a0<em>ancoragens<\/em>\u00a0e\u00a0<em>ossos<\/em>, cada um com seu gr\u00e3o de (n\u00e3o) saber.[\/vc_column_text][vc_empty_space height=&#8221;20px&#8221;]<a href=\"https:\/\/ebp.org.br\/sul\/um-osso-em-torno-do-tempo-e-daquilo-que-ele-permite-localizar\/\" class=\"vcex-button theme-button inline\" style=\"background:#ff3a3a;color:#ffffff;border-radius:var(--wpex-rounded);\" data-wpex-hover='{&quot;background&quot;:&quot;#d33030&quot;,&quot;color&quot;:&quot;#ffffff&quot;}'><span class=\"vcex-button-inner theme-button-inner\">Leia mais<\/span><\/a> [\/vc_column][\/vc_row][vc_row][vc_column][vc_separator][\/vc_column][\/vc_row][vc_row][vc_column][vc_column_text font_family=&#8221;Bookman Old Style, serif&#8221;]\n<h3><em><strong>Refer\u00eancias e Cita\u00e7\u00f5es #4<\/strong><\/em><\/h3>\n[\/vc_column_text][vc_column_text]\u201cO ato anal\u00edtico \u00e9 um punhal afiado, que permite atrav\u00e9s da palavra o corte delicado entre o gozo vivificante e o gozo mortificante, entre o gozo feminino e o gozo superegoico. Permite separar o gozo feminino de seu algoz, de seu sonho mentiroso, de um parceiro que convida \u00e0 eternidade, de seu pre\u00e7o impag\u00e1vel, de seu mart\u00edrio sadomasoquista, de seu Deus-Diabo, de seu dono escravizador &#8211; daquele que n\u00e3o \u00e9 nenhum \u2018Ele\u2019 encarnado e que tem um nome formulado conceitualmente por Freud como \u2018Supereu\u2019\u201d<br \/>\nGuimar\u00e3es, L\u00eada. Gozos da mulher &#8211; da devasta\u00e7\u00e3o \u00e0 vivifica\u00e7\u00e3o. Petr\u00f3polis; KBR editora digital ltda, 2014, quarta capa.[\/vc_column_text][vc_empty_space height=&#8221;20px&#8221;]<a href=\"https:\/\/ebp.org.br\/sul\/referencias-e-citacoes-4\/\" class=\"vcex-button theme-button inline\" style=\"background:#ff3a3a;color:#ffffff;border-radius:var(--wpex-rounded);\" data-wpex-hover='{&quot;background&quot;:&quot;#d33030&quot;,&quot;color&quot;:&quot;#ffffff&quot;}'><span class=\"vcex-button-inner theme-button-inner\">Leia mais<\/span><\/a> [\/vc_column][\/vc_row][vc_row full_width=&#8221;stretch_row&#8221;][vc_column][vc_single_image image=&#8221;5479&#8243; alignment=&#8221;center&#8221;][\/vc_column][\/vc_row]\n<\/section>","protected":false},"excerpt":{"rendered":"<p>[vc_row full_width=&#8221;stretch_row&#8221;][vc_column][vc_single_image image=&#8221;5478&#8243; alignment=&#8221;center&#8221;][vc_column_text font_family=&#8221;Bookman Old Style, serif&#8221;] n\u00ba4 [\/vc_column_text][vc_empty_space height=&#8221;20px&#8221;][vc_separator][\/vc_column][\/vc_row][vc_row][vc_column][vc_column_text font_family=&#8221;Bookman Old Style, serif&#8221;] EDITORIAL [\/vc_column_text][vc_column_text]Chegamos ao \u00faltimo boletim P U L S\u00a0a\u00a0R. Dessa vez, na se\u00e7\u00e3o\u00a0Ancoragens, ele traz um texto de Luc\u00edola Mac\u00eado (EBP\/AMP). Trata-se de uma leitura preciosa e pertinente ao tema de nossa jornada, na qual ela articula algumas quest\u00f5es referentes&hellip;<\/p>\n","protected":false},"author":1,"featured_media":0,"parent":5468,"menu_order":0,"comment_status":"closed","ping_status":"closed","template":"","meta":{"footnotes":""},"class_list":["post-5637","page","type-page","status-publish","hentry","entry","no-media"],"_links":{"self":[{"href":"https:\/\/ebp.org.br\/sul\/wp-json\/wp\/v2\/pages\/5637","targetHints":{"allow":["GET"]}}],"collection":[{"href":"https:\/\/ebp.org.br\/sul\/wp-json\/wp\/v2\/pages"}],"about":[{"href":"https:\/\/ebp.org.br\/sul\/wp-json\/wp\/v2\/types\/page"}],"author":[{"embeddable":true,"href":"https:\/\/ebp.org.br\/sul\/wp-json\/wp\/v2\/users\/1"}],"replies":[{"embeddable":true,"href":"https:\/\/ebp.org.br\/sul\/wp-json\/wp\/v2\/comments?post=5637"}],"version-history":[{"count":1,"href":"https:\/\/ebp.org.br\/sul\/wp-json\/wp\/v2\/pages\/5637\/revisions"}],"predecessor-version":[{"id":5638,"href":"https:\/\/ebp.org.br\/sul\/wp-json\/wp\/v2\/pages\/5637\/revisions\/5638"}],"up":[{"embeddable":true,"href":"https:\/\/ebp.org.br\/sul\/wp-json\/wp\/v2\/pages\/5468"}],"wp:attachment":[{"href":"https:\/\/ebp.org.br\/sul\/wp-json\/wp\/v2\/media?parent=5637"}],"curies":[{"name":"wp","href":"https:\/\/api.w.org\/{rel}","templated":true}]}}