{"id":5608,"date":"2025-09-22T16:24:56","date_gmt":"2025-09-22T19:24:56","guid":{"rendered":"https:\/\/ebp.org.br\/sul\/?page_id=5608"},"modified":"2025-09-22T16:37:52","modified_gmt":"2025-09-22T19:37:52","slug":"6a-jornada-da-ebp-secao-sul-cade-o-gozo-o-que-diz-a-epoca-e-a-clinica-pontos-turisticos","status":"publish","type":"page","link":"https:\/\/ebp.org.br\/sul\/eventos\/jornadas\/6a-jornada-da-ebp-secao-sul-cade-o-gozo-o-que-diz-a-epoca-e-a-clinica\/6a-jornada-da-ebp-secao-sul-cade-o-gozo-o-que-diz-a-epoca-e-a-clinica-pontos-turisticos\/","title":{"rendered":"6\u00aa Jornada da EBP \u2013 Se\u00e7\u00e3o Sul &#8211; Cad\u00ea o gozo? O que diz a \u00e9poca e a cl\u00ednica &#8211; Pontos Tur\u00edsticos"},"content":{"rendered":"<section class=\"wpb-content-wrapper\">[vc_row][vc_column][vc_single_image image=&#8221;5398&#8243;][\/vc_column][\/vc_row][vc_row][vc_column][vc_column_text]\n<h3><span style=\"color: #993300;\"><strong>Pessoas importantes de Curitiba no cen\u00e1rio cultural nacional<\/strong><\/span><\/h3>\n<p><strong>Literatura e Cr\u00edtica<\/strong><\/p>\n<ul>\n<li><strong>Paulo Leminski (1944\u20131989)<\/strong><br \/>\nPoeta, romancista, tradutor e ensa\u00edsta. \u00cdcone da contracultura e da poesia concreta brasileira. Sua linguagem irreverente e urbana influenciou gera\u00e7\u00f5es.<\/li>\n<li><strong>Alice Ruiz<\/strong><br \/>\nPoetisa, letrista e haica\u00edsta, parceira de Leminski e compositores da MPB. \u00c9 uma das maiores vozes femininas da poesia contempor\u00e2nea brasileira.<\/li>\n<li><strong>Cristov\u00e3o Tezza<\/strong><br \/>\nEscritor e professor. Autor do premiado livro O filho eterno, \u00e9 uma das figuras mais respeitadas da literatura brasileira atual.<\/li>\n<li><strong>Miguel Sanches Neto<\/strong><br \/>\nCr\u00edtico liter\u00e1rio, romancista e ensa\u00edsta. Importante pensador do campo liter\u00e1rio nacional, com obras premiadas e ampla atua\u00e7\u00e3o no Sul do Brasil.<\/li>\n<\/ul>\n<p><strong>Cinema, Teatro e TV<\/strong><\/p>\n<ul>\n<li><strong>Denise Stoklos<\/strong><br \/>\nAtriz e diretora, refer\u00eancia internacional do teatro essencial (teatro f\u00edsico). Apresentou-se em mais de 30 pa\u00edses com seus espet\u00e1culos solo, criados a partir do corpo e da voz.<\/li>\n<li><strong>Lala Schneider (1926\u20132007)<\/strong><br \/>\nConsiderada a \u201cdama do teatro paranaense\u201d, foi uma das figuras mais marcantes da dramaturgia local, com reconhecimento nacional.<\/li>\n<li><strong>F\u00e1bio Silvestre<\/strong><br \/>\nAtor e comediante, conhecido por seu personagem \u201cJorge da Borracharia\u201d no programa Zorra Total, e por seu trabalho no teatro curitibano.<\/li>\n<li><strong>Luiz Carlos Vasconcelos<\/strong> (nascido na Para\u00edba, mas fortemente ligado \u00e0 cultura curitibana)<br \/>\nAtor e diretor, participou de filmes como Carandiru e O Auto da Compadecida. Dirige espet\u00e1culos na cidade e j\u00e1 atuou no Festival de Teatro de Curitiba.<\/li>\n<\/ul>\n<p><strong>M\u00fasica<\/strong><\/p>\n<ul>\n<li><strong>Wander Wildner (embora ga\u00facho, frequentemente ligado \u00e0 cena curitibana)<\/strong><br \/>\n\u00cdcone do rock alternativo e punk brasileiro, com forte presen\u00e7a em festivais e casas de shows da cidade.<\/li>\n<li><strong>Sydnei Beal<\/strong><br \/>\nPianista, maestro e professor curitibano reconhecido na cena da m\u00fasica cl\u00e1ssica brasileira.<\/li>\n<li><strong>Orquestra \u00c0 Base de Sopro &amp; \u00c0 Base de Corda<\/strong><br \/>\nConjuntos musicais mantidos pela Funda\u00e7\u00e3o Cultural de Curitiba \u2014 com m\u00fasicos renomados nacionalmente na m\u00fasica instrumental e brasileira contempor\u00e2nea.<\/li>\n<\/ul>\n<p><strong>Artes Visuais<\/strong><\/p>\n<ul>\n<li><strong>Poty Lazzarotto (1924\u20131998)<\/strong><br \/>\nTalvez o artista pl\u00e1stico mais conhecido do Paran\u00e1. Suas obras em azulejos e pain\u00e9is est\u00e3o espalhadas por Curitiba e por v\u00e1rias cidades brasileiras.<\/li>\n<li><strong>Eliane Prolik<\/strong><br \/>\nEscultora, desenhista e artista contempor\u00e2nea. Participou de exposi\u00e7\u00f5es nacionais e internacionais \u2014 com obras em acervos p\u00fablicos e privados.<\/li>\n<\/ul>\n<hr \/>\n<h3><span style=\"color: #993300;\"><strong>Curiosidades pitorescas de Curitiba<\/strong><\/span><\/h3>\n<ul>\n<li><strong><strong>Curitiba tem um boteco que serve caf\u00e9 com cacha\u00e7a&#8230; e filosofia!<br \/>\n<\/strong><\/strong><a href=\"https:\/\/ebp.org.br\/sul\/wp-content\/uploads\/2025\/09\/cafe-paco-municipal-scaled.jpg\"><img loading=\"lazy\" decoding=\"async\" class=\"size-medium wp-image-5620\" src=\"https:\/\/ebp.org.br\/sul\/wp-content\/uploads\/2025\/09\/cafe-paco-municipal-300x200.jpg\" alt=\"\" width=\"300\" height=\"200\" srcset=\"https:\/\/ebp.org.br\/sul\/wp-content\/uploads\/2025\/09\/cafe-paco-municipal-300x200.jpg 300w, https:\/\/ebp.org.br\/sul\/wp-content\/uploads\/2025\/09\/cafe-paco-municipal-1024x683.jpg 1024w, https:\/\/ebp.org.br\/sul\/wp-content\/uploads\/2025\/09\/cafe-paco-municipal-768x512.jpg 768w, https:\/\/ebp.org.br\/sul\/wp-content\/uploads\/2025\/09\/cafe-paco-municipal-391x260.jpg 391w, https:\/\/ebp.org.br\/sul\/wp-content\/uploads\/2025\/09\/cafe-paco-municipal-1536x1024.jpg 1536w, https:\/\/ebp.org.br\/sul\/wp-content\/uploads\/2025\/09\/cafe-paco-municipal-2048x1366.jpg 2048w\" sizes=\"auto, (max-width: 300px) 100vw, 300px\" \/><\/a><\/p>\n<p>Na Boca Maldita, o tradicional \u201cCaf\u00e9 Damasco\u201d mistura pol\u00edtica, literatura, cacha\u00e7a e caf\u00e9 \u2014 sendo ponto de encontro de intelectuais, aposentados e poetas urbanos.<\/li>\n<li><strong>Levar guarda-chuva SEMPRE<\/strong><br \/>\nVoc\u00ea pode sair com sol, mas em Curitiba isso n\u00e3o significa nada. A cidade \u00e9 campe\u00e3 em mudan\u00e7as clim\u00e1ticas repentinas. O ditado \u00e9 famoso: \u201cse voc\u00ea n\u00e3o gosta do clima, espere 5 minutos\u201d.<\/li>\n<li><strong><strong>Tem um bosque dedicado a Jo\u00e3o Paulo II\u2026 com casas de troncos!<br \/>\n<\/strong><\/strong><a href=\"https:\/\/ebp.org.br\/sul\/wp-content\/uploads\/2025\/09\/bosque-do-papa-scaled.jpg\"><img loading=\"lazy\" decoding=\"async\" class=\"size-medium wp-image-5621\" src=\"https:\/\/ebp.org.br\/sul\/wp-content\/uploads\/2025\/09\/bosque-do-papa-300x200.jpg\" alt=\"\" width=\"300\" height=\"200\" srcset=\"https:\/\/ebp.org.br\/sul\/wp-content\/uploads\/2025\/09\/bosque-do-papa-300x200.jpg 300w, https:\/\/ebp.org.br\/sul\/wp-content\/uploads\/2025\/09\/bosque-do-papa-1024x681.jpg 1024w, https:\/\/ebp.org.br\/sul\/wp-content\/uploads\/2025\/09\/bosque-do-papa-768x511.jpg 768w, https:\/\/ebp.org.br\/sul\/wp-content\/uploads\/2025\/09\/bosque-do-papa-391x260.jpg 391w, https:\/\/ebp.org.br\/sul\/wp-content\/uploads\/2025\/09\/bosque-do-papa-1536x1022.jpg 1536w, https:\/\/ebp.org.br\/sul\/wp-content\/uploads\/2025\/09\/bosque-do-papa-2048x1363.jpg 2048w\" sizes=\"auto, (max-width: 300px) 100vw, 300px\" \/><\/a><\/p>\n<p>O Bosque do Papa preserva casas t\u00edpicas da coloniza\u00e7\u00e3o ucraniana, feitas com madeira encaixada, sem pregos. L\u00e1 tamb\u00e9m tem uma igreja ortodoxa constru\u00edda sem um \u00fanico parafuso.<\/li>\n<li><strong>Tem gente que vai ao parque&#8230; s\u00f3 para ver a geada!<\/strong><br \/>\nNos dias de frio intenso, curitibanos v\u00e3o aos parques tirar foto da grama coberta de gelo. Sim, a cidade \u00e9 t\u00e3o gelada que o gelo virou atra\u00e7\u00e3o tur\u00edstica.<\/li>\n<li><strong>Tem um \u201c\u00f4nibus-jardim\u201d em funcionamento<\/strong><br \/>\nO famoso \u00f4nibus \u201cJardineira\u201d \u00e9 usado para turismo e eventos, e tem vegeta\u00e7\u00e3o plantada no teto \u2014 um \u00f4nibus verde, literalmente.<\/li>\n<li><strong>J\u00e1 teve um teatro dentro de um tubo de \u00f4nibus!<\/strong><br \/>\nO \u201cTeatro em Miniatura\u201d foi criado dentro de uma antiga esta\u00e7\u00e3o-tubo e apresentava pequenas pe\u00e7as com atores reais \u2014 para p\u00fablico reduzido e passantes.<\/li>\n<li><strong>Feirinha de domingo + caldo de cana = patrim\u00f4nio afetivo<br \/>\n<a href=\"https:\/\/ebp.org.br\/sul\/wp-content\/uploads\/2025\/09\/Feira-do-Largo-da-Ordem.jpg\"><img loading=\"lazy\" decoding=\"async\" class=\"alignnone size-medium wp-image-5619\" src=\"https:\/\/ebp.org.br\/sul\/wp-content\/uploads\/2025\/09\/Feira-do-Largo-da-Ordem-300x169.jpg\" alt=\"\" width=\"300\" height=\"169\" srcset=\"https:\/\/ebp.org.br\/sul\/wp-content\/uploads\/2025\/09\/Feira-do-Largo-da-Ordem-300x169.jpg 300w, https:\/\/ebp.org.br\/sul\/wp-content\/uploads\/2025\/09\/Feira-do-Largo-da-Ordem-768x432.jpg 768w, https:\/\/ebp.org.br\/sul\/wp-content\/uploads\/2025\/09\/Feira-do-Largo-da-Ordem.jpg 1024w\" sizes=\"auto, (max-width: 300px) 100vw, 300px\" \/><\/a><br \/>\n<\/strong>A Feira do Largo da Ordem \u00e9 onde curitibanos se reencontram, tomam caldo de cana com pastel de bacalhau, compram incensos e filosofam com hippies.<\/li>\n<li><strong>Lendas urbanas curitibanas: o fantasma do Pal\u00e1cio Igua\u00e7u<\/strong><br \/>\nDizem que h\u00e1 uma mulher de branco que aparece nos corredores do Pal\u00e1cio Igua\u00e7u. Ningu\u00e9m confirma, mas os seguran\u00e7as evitam certos turnos sozinhos\u2026<\/li>\n<\/ul>\n<hr \/>\n<h3><span style=\"color: #993300;\"><strong>Curiosidades sobre Curitiba<\/strong><\/span><\/h3>\n<ul>\n<li><strong>Pioneira em transporte coletivo<\/strong><br \/>\nFoi a primeira cidade brasileira a implantar o sistema de \u00f4nibus expresso (BRT) com canaletas exclusivas, modelo que inspirou cidades pelo mundo, como Bogot\u00e1 e Los Angeles.<\/li>\n<li><strong>Cidade verde<\/strong><br \/>\nCuritiba tem mais de 30 parques e bosques. A rela\u00e7\u00e3o \u00e9 de aproximadamente 64\u202fm\u00b2 de \u00e1rea verde por habitante \u2014 quando o m\u00ednimo recomendado pela OMS \u00e9 12\u202fm\u00b2.<\/li>\n<li><strong>Cidade multicultural<\/strong><br \/>\nFoi colonizada por imigrantes europeus \u2014 poloneses, italianos, alem\u00e3es e ucranianos \u2014 e isso \u00e9 vis\u00edvel na arquitetura, na culin\u00e1ria e nas festas t\u00edpicas.<\/li>\n<li><strong>Maior festival de teatro do Brasil<\/strong><br \/>\nO Festival de Teatro de Curitiba, criado em 1992, \u00e9 hoje o maior evento do g\u00eanero no pa\u00eds e um dos maiores da Am\u00e9rica Latina.<\/li>\n<li><strong>Uma das capitais mais frias do Brasil<\/strong><br \/>\nCuritiba \u00e9 conhecida pelo seu clima imprevis\u00edvel e pelas temperaturas baixas no inverno. E dizem por l\u00e1: \u201cas quatro esta\u00e7\u00f5es no mesmo dia\u201d!<\/li>\n<li><strong>Museu do Olho<\/strong><br \/>\nO Museu Oscar Niemeyer, chamado carinhosamente de \u201cMuseu do Olho\u201d, \u00e9 uma das obras mais ic\u00f4nicas do arquiteto e s\u00edmbolo da cidade.<\/li>\n<li><strong>Tradicional no chimarr\u00e3o<\/strong><br \/>\nMesmo n\u00e3o estando no Rio Grande do Sul, Curitiba tem forte cultura do chimarr\u00e3o, herdada dos imigrantes sulistas e da proximidade com o Paran\u00e1 rural.<\/li>\n<li><strong>Nome curioso<\/strong><br \/>\n\u201cCuritiba\u201d vem do tupi-guarani \u201ckur\u00ed tyba\u201d, que significa \u201cgrande quantidade de pinheiros\u201d. Por isso o pinh\u00e3o (e a arauc\u00e1ria) s\u00e3o s\u00edmbolos da cidade.<\/li>\n<li><strong>Capital do pierogi e do caf\u00e9 colonial<\/strong><br \/>\nA culin\u00e1ria curitibana traz pratos t\u00edpicos da Europa Oriental \u2014 como pierogi, kvas, cuca, repolho recheado \u2014 heran\u00e7a das comunidades ucranianas, alem\u00e3s e polonesas.<\/li>\n<\/ul>\n<hr \/>\n<h3><span style=\"color: #993300;\"><strong>Pontos Tur\u00edsticos<\/strong><\/span><\/h3>\n<p><span style=\"color: #993300;\"><strong>Jardim Bot\u00e2nico de Curitiba<\/strong><\/span><\/p>\n<figure id=\"attachment_5617\" aria-describedby=\"caption-attachment-5617\" style=\"width: 300px\" class=\"wp-caption alignnone\"><a href=\"https:\/\/ebp.org.br\/sul\/wp-content\/uploads\/2025\/09\/Jardim-Botanico-scaled.jpg\"><img loading=\"lazy\" decoding=\"async\" class=\"wp-image-5617 size-medium\" src=\"https:\/\/ebp.org.br\/sul\/wp-content\/uploads\/2025\/09\/Jardim-Botanico-300x200.jpg\" alt=\"\" width=\"300\" height=\"200\" srcset=\"https:\/\/ebp.org.br\/sul\/wp-content\/uploads\/2025\/09\/Jardim-Botanico-300x200.jpg 300w, https:\/\/ebp.org.br\/sul\/wp-content\/uploads\/2025\/09\/Jardim-Botanico-1024x683.jpg 1024w, https:\/\/ebp.org.br\/sul\/wp-content\/uploads\/2025\/09\/Jardim-Botanico-768x512.jpg 768w, https:\/\/ebp.org.br\/sul\/wp-content\/uploads\/2025\/09\/Jardim-Botanico-391x260.jpg 391w, https:\/\/ebp.org.br\/sul\/wp-content\/uploads\/2025\/09\/Jardim-Botanico-1536x1024.jpg 1536w, https:\/\/ebp.org.br\/sul\/wp-content\/uploads\/2025\/09\/Jardim-Botanico-2048x1366.jpg 2048w\" sizes=\"auto, (max-width: 300px) 100vw, 300px\" \/><\/a><figcaption id=\"caption-attachment-5617\" class=\"wp-caption-text\">Parques com port\u00f5es como o Jardim Bot\u00e2nico ser\u00e3o fechados aos domingos a partir do dia 28\/02. Foto: Pedro Ribas\/SMCS<\/figcaption><\/figure>\n<ul>\n<li>Endere\u00e7o: Rua Engenheiro Ostoja Roguski, 690 \u2013 Jardim Bot\u00e2nico<\/li>\n<li>Hor\u00e1rio: Diariamente, das 6h \u00e0s 19h30<\/li>\n<li>Entrada: Gratuita<\/li>\n<li>Descri\u00e7\u00e3o: Um dos cart\u00f5es-postais mais ic\u00f4nicos da cidade, com sua estufa de vidro em estilo art nouveau e belos jardins.<\/li>\n<\/ul>\n<p><span style=\"color: #993300;\"><strong>\u00d3pera de Arame<\/strong><\/span><\/p>\n<ul>\n<li>Endere\u00e7o: Rua Jo\u00e3o Gava, 920 \u2013 Abranches<\/li>\n<li>Hor\u00e1rio: De ter\u00e7a a domingo, das 10h \u00e0s 18h<\/li>\n<li>Entrada: Consultar valores atualizados<\/li>\n<li>Descri\u00e7\u00e3o: Teatro constru\u00eddo com estrutura met\u00e1lica e cobertura transl\u00facida, situado em meio \u00e0 natureza.<\/li>\n<\/ul>\n<p><span style=\"color: #993300;\"><strong>Parque Tangu\u00e1<\/strong><\/span><\/p>\n<ul>\n<li>Endere\u00e7o: Rua Oswaldo Maciel, 97 \u2013 Tabo\u00e3o<\/li>\n<li>Hor\u00e1rio: Diariamente, das 6h \u00e0s 20h<\/li>\n<li>Entrada: Gratuita<\/li>\n<li>Descri\u00e7\u00e3o: Parque com bel\u00edssimas vistas, lagos e um t\u00fanel que leva a um mirante.<\/li>\n<\/ul>\n<p><span style=\"color: #993300;\"><strong>Museu Oscar Niemeyer (MON)<\/strong><\/span><\/p>\n<p><a href=\"https:\/\/ebp.org.br\/sul\/wp-content\/uploads\/2025\/09\/Museu_do_Olho_-_Oscar_Niemeyer_-_Curitiba_Brasil_10146136615.jpg\"><img loading=\"lazy\" decoding=\"async\" class=\"alignnone size-medium wp-image-5616\" src=\"https:\/\/ebp.org.br\/sul\/wp-content\/uploads\/2025\/09\/Museu_do_Olho_-_Oscar_Niemeyer_-_Curitiba_Brasil_10146136615-300x200.jpg\" alt=\"\" width=\"300\" height=\"200\" srcset=\"https:\/\/ebp.org.br\/sul\/wp-content\/uploads\/2025\/09\/Museu_do_Olho_-_Oscar_Niemeyer_-_Curitiba_Brasil_10146136615-300x200.jpg 300w, https:\/\/ebp.org.br\/sul\/wp-content\/uploads\/2025\/09\/Museu_do_Olho_-_Oscar_Niemeyer_-_Curitiba_Brasil_10146136615.jpg 330w\" sizes=\"auto, (max-width: 300px) 100vw, 300px\" \/><\/a><\/p>\n<ul>\n<li>Endere\u00e7o: Rua Marechal Hermes, 999 \u2013 Centro C\u00edvico<\/li>\n<li>Hor\u00e1rio: Ter\u00e7a a domingo, das 10h \u00e0s 18h<\/li>\n<li>Entrada: R$ 36 inteira | R$ 18 meia<\/li>\n<li>Descri\u00e7\u00e3o: Museu de arte contempor\u00e2nea com arquitetura assinada por Oscar Niemeyer, conhecido como &#8220;Museu do Olho&#8221;.<\/li>\n<\/ul>\n<p><span style=\"color: #993300;\"><strong>Bosque Alem\u00e3o<\/strong><\/span><\/p>\n<figure id=\"attachment_5615\" aria-describedby=\"caption-attachment-5615\" style=\"width: 300px\" class=\"wp-caption alignnone\"><a href=\"https:\/\/ebp.org.br\/sul\/wp-content\/uploads\/2025\/09\/bosque-do-alemao-scaled.jpg\"><img loading=\"lazy\" decoding=\"async\" class=\"size-medium wp-image-5615\" src=\"https:\/\/ebp.org.br\/sul\/wp-content\/uploads\/2025\/09\/bosque-do-alemao-300x200.jpg\" alt=\"\" width=\"300\" height=\"200\" srcset=\"https:\/\/ebp.org.br\/sul\/wp-content\/uploads\/2025\/09\/bosque-do-alemao-300x200.jpg 300w, https:\/\/ebp.org.br\/sul\/wp-content\/uploads\/2025\/09\/bosque-do-alemao-1024x683.jpg 1024w, https:\/\/ebp.org.br\/sul\/wp-content\/uploads\/2025\/09\/bosque-do-alemao-768x512.jpg 768w, https:\/\/ebp.org.br\/sul\/wp-content\/uploads\/2025\/09\/bosque-do-alemao-391x260.jpg 391w, https:\/\/ebp.org.br\/sul\/wp-content\/uploads\/2025\/09\/bosque-do-alemao-1536x1024.jpg 1536w, https:\/\/ebp.org.br\/sul\/wp-content\/uploads\/2025\/09\/bosque-do-alemao-2048x1365.jpg 2048w\" sizes=\"auto, (max-width: 300px) 100vw, 300px\" \/><\/a><figcaption id=\"caption-attachment-5615\" class=\"wp-caption-text\">Bosque Alem\u00e3o completa 28 anos aproximando Curitiba da cultura alem\u00e3.<br \/>Curitiba, 09\/04\/2024.<br \/>Foto: Levy Ferreira\/SMCS<\/figcaption><\/figure>\n<ul>\n<li>Endere\u00e7o: Rua Nicolo Paganini, esquina com Franz Schubert \u2013 Vista Alegre<\/li>\n<li>Hor\u00e1rio: Diariamente, das 6h \u00e0s 19h<\/li>\n<li>Entrada: Gratuita<\/li>\n<li>Descri\u00e7\u00e3o: \u00c1rea verde com trilhas, mirantes e o famoso &#8220;Trilho do Sabi\u00e1&#8221;, que conta hist\u00f3rias da cultura alem\u00e3.<\/li>\n<\/ul>\n<p><span style=\"color: #993300;\"><strong>Parque Barigui<\/strong><\/span><\/p>\n<p><a href=\"https:\/\/ebp.org.br\/sul\/wp-content\/uploads\/2025\/09\/barigui.jpg\"><img loading=\"lazy\" decoding=\"async\" class=\"alignnone size-medium wp-image-5614\" src=\"https:\/\/ebp.org.br\/sul\/wp-content\/uploads\/2025\/09\/barigui-300x171.jpg\" alt=\"\" width=\"300\" height=\"171\" srcset=\"https:\/\/ebp.org.br\/sul\/wp-content\/uploads\/2025\/09\/barigui-300x171.jpg 300w, https:\/\/ebp.org.br\/sul\/wp-content\/uploads\/2025\/09\/barigui-768x437.jpg 768w, https:\/\/ebp.org.br\/sul\/wp-content\/uploads\/2025\/09\/barigui.jpg 984w\" sizes=\"auto, (max-width: 300px) 100vw, 300px\" \/><\/a><\/p>\n<ul>\n<li>Endere\u00e7o: Avenida C\u00e2ndido Hartmann, 2355 \u2013 Santo In\u00e1cio<\/li>\n<li>Hor\u00e1rio: Diariamente, das 6h \u00e0s 22h<\/li>\n<li>Entrada: Gratuita<\/li>\n<li>Descri\u00e7\u00e3o: Um dos parques mais populares da cidade, ideal para caminhadas, piqueniques e passeios de bicicleta.<\/li>\n<\/ul>\n<p><span style=\"color: #993300;\"><strong>Parque Tingui e Memorial Ucraniano<\/strong><\/span><\/p>\n<p><a href=\"https:\/\/ebp.org.br\/sul\/wp-content\/uploads\/2025\/09\/parque-Tangua.jpg\"><img loading=\"lazy\" decoding=\"async\" class=\"alignnone wp-image-5613 size-medium\" src=\"https:\/\/ebp.org.br\/sul\/wp-content\/uploads\/2025\/09\/parque-Tangua-300x225.jpg\" alt=\"\" width=\"300\" height=\"225\" srcset=\"https:\/\/ebp.org.br\/sul\/wp-content\/uploads\/2025\/09\/parque-Tangua-300x225.jpg 300w, https:\/\/ebp.org.br\/sul\/wp-content\/uploads\/2025\/09\/parque-Tangua-1024x768.jpg 1024w, https:\/\/ebp.org.br\/sul\/wp-content\/uploads\/2025\/09\/parque-Tangua-768x576.jpg 768w, https:\/\/ebp.org.br\/sul\/wp-content\/uploads\/2025\/09\/parque-Tangua.jpg 1300w\" sizes=\"auto, (max-width: 300px) 100vw, 300px\" \/><\/a><\/p>\n<ul>\n<li>Endere\u00e7o: Rua Dr. Mba de Ferrante, s\/n \u2013 Parque Tingui<\/li>\n<li>Hor\u00e1rio: Diariamente, das 6h \u00e0s 22h<\/li>\n<li>Entrada: Gratuita<\/li>\n<li>Descri\u00e7\u00e3o: Parque com arquitetura inspirada na cultura ucraniana, incluindo igrejas de madeira e artesanato t\u00edpico.<\/li>\n<\/ul>\n<p><span style=\"color: #993300;\"><strong>Museu Paranaense<\/strong><\/span><\/p>\n<p><a href=\"https:\/\/ebp.org.br\/sul\/wp-content\/uploads\/2025\/09\/museu-paranaense.jpg\"><img loading=\"lazy\" decoding=\"async\" class=\"alignnone wp-image-5612 size-medium\" src=\"https:\/\/ebp.org.br\/sul\/wp-content\/uploads\/2025\/09\/museu-paranaense-300x200.jpg\" alt=\"\" width=\"300\" height=\"200\" srcset=\"https:\/\/ebp.org.br\/sul\/wp-content\/uploads\/2025\/09\/museu-paranaense-300x200.jpg 300w, https:\/\/ebp.org.br\/sul\/wp-content\/uploads\/2025\/09\/museu-paranaense-1024x682.jpg 1024w, https:\/\/ebp.org.br\/sul\/wp-content\/uploads\/2025\/09\/museu-paranaense-768x512.jpg 768w, https:\/\/ebp.org.br\/sul\/wp-content\/uploads\/2025\/09\/museu-paranaense-391x260.jpg 391w, https:\/\/ebp.org.br\/sul\/wp-content\/uploads\/2025\/09\/museu-paranaense-1536x1024.jpg 1536w, https:\/\/ebp.org.br\/sul\/wp-content\/uploads\/2025\/09\/museu-paranaense-2048x1365.jpg 2048w\" sizes=\"auto, (max-width: 300px) 100vw, 300px\" \/><\/a><\/p>\n<ul>\n<li>Endere\u00e7o: Rua Kellers, 289 \u2013 Alto S\u00e3o Francisco<\/li>\n<li>Hor\u00e1rio: Ter\u00e7a a domingo, das 10h \u00e0s 17h30<\/li>\n<li>Entrada: Gratuita<\/li>\n<li>Descri\u00e7\u00e3o: Museu que preserva e divulga a hist\u00f3ria e a cultura do Paran\u00e1.<\/li>\n<\/ul>\n<p><span style=\"color: #993300;\"><strong>Torre Panor\u00e2mica<\/strong><\/span><\/p>\n<p><a href=\"https:\/\/ebp.org.br\/sul\/wp-content\/uploads\/2025\/09\/torre-panoramica-scaled.jpg\"><img loading=\"lazy\" decoding=\"async\" class=\"wp-image-5611 size-medium\" src=\"https:\/\/ebp.org.br\/sul\/wp-content\/uploads\/2025\/09\/torre-panoramica-300x195.jpg\" alt=\"\" width=\"300\" height=\"195\" srcset=\"https:\/\/ebp.org.br\/sul\/wp-content\/uploads\/2025\/09\/torre-panoramica-300x195.jpg 300w, https:\/\/ebp.org.br\/sul\/wp-content\/uploads\/2025\/09\/torre-panoramica-1024x664.jpg 1024w, https:\/\/ebp.org.br\/sul\/wp-content\/uploads\/2025\/09\/torre-panoramica-768x498.jpg 768w, https:\/\/ebp.org.br\/sul\/wp-content\/uploads\/2025\/09\/torre-panoramica-1536x996.jpg 1536w, https:\/\/ebp.org.br\/sul\/wp-content\/uploads\/2025\/09\/torre-panoramica-2048x1328.jpg 2048w\" sizes=\"auto, (max-width: 300px) 100vw, 300px\" \/><\/a><br \/>\nTorre Panor\u00e2mica de Curitiba: 32 anos de altos e belos panoramas.<br \/>\nFoto: Daniel Castellano \/ SMCS<\/p>\n<ul>\n<li>Endere\u00e7o: Rua Prof. Lycio Grein de Castro Velloso, 100 \u2013 Centro C\u00edvico<\/li>\n<li>Hor\u00e1rio: Consultar hor\u00e1rios atualizados<\/li>\n<li>Entrada: Consultar valores atualizados<\/li>\n<li>Descri\u00e7\u00e3o: Torre de observa\u00e7\u00e3o com vista panor\u00e2mica de Curitiba.<\/li>\n<\/ul>\n<p>&nbsp;<\/p>\n<p><span style=\"color: #993300;\"><strong>Rua 24 Horas<\/strong><\/span><\/p>\n<p><a href=\"https:\/\/ebp.org.br\/sul\/wp-content\/uploads\/2025\/09\/24-horas.jpg\"><img loading=\"lazy\" decoding=\"async\" class=\"alignnone size-medium wp-image-5618\" src=\"https:\/\/ebp.org.br\/sul\/wp-content\/uploads\/2025\/09\/24-horas-300x200.jpg\" alt=\"\" width=\"300\" height=\"200\" srcset=\"https:\/\/ebp.org.br\/sul\/wp-content\/uploads\/2025\/09\/24-horas-300x200.jpg 300w, https:\/\/ebp.org.br\/sul\/wp-content\/uploads\/2025\/09\/24-horas-768x512.jpg 768w, https:\/\/ebp.org.br\/sul\/wp-content\/uploads\/2025\/09\/24-horas-391x260.jpg 391w, https:\/\/ebp.org.br\/sul\/wp-content\/uploads\/2025\/09\/24-horas.jpg 800w\" sizes=\"auto, (max-width: 300px) 100vw, 300px\" \/><\/a><\/p>\n<ul>\n<li>Endere\u00e7o: Rua Visconde do Rio Branco, 360 \u2013 Centro<\/li>\n<li>Hor\u00e1rio: 24 horas<\/li>\n<li>Entrada: Gratuita<\/li>\n<li>Descri\u00e7\u00e3o: Rua coberta com lojas, restaurantes e servi\u00e7os, funcionando 24 horas por dia<\/li>\n<\/ul>\n[\/vc_column_text][\/vc_column][\/vc_row]\n<\/section>","protected":false},"excerpt":{"rendered":"<p>[vc_row][vc_column][vc_single_image image=&#8221;5398&#8243;][\/vc_column][\/vc_row][vc_row][vc_column][vc_column_text] Pessoas importantes de Curitiba no cen\u00e1rio cultural nacional Literatura e Cr\u00edtica Paulo Leminski (1944\u20131989) Poeta, romancista, tradutor e ensa\u00edsta. \u00cdcone da contracultura e da poesia concreta brasileira. Sua linguagem irreverente e urbana influenciou gera\u00e7\u00f5es. Alice Ruiz Poetisa, letrista e haica\u00edsta, parceira de Leminski e compositores da MPB. \u00c9 uma das maiores vozes femininas&hellip;<\/p>\n","protected":false},"author":1,"featured_media":0,"parent":5395,"menu_order":0,"comment_status":"closed","ping_status":"closed","template":"","meta":{"footnotes":""},"class_list":["post-5608","page","type-page","status-publish","hentry","entry","no-media"],"_links":{"self":[{"href":"https:\/\/ebp.org.br\/sul\/wp-json\/wp\/v2\/pages\/5608","targetHints":{"allow":["GET"]}}],"collection":[{"href":"https:\/\/ebp.org.br\/sul\/wp-json\/wp\/v2\/pages"}],"about":[{"href":"https:\/\/ebp.org.br\/sul\/wp-json\/wp\/v2\/types\/page"}],"author":[{"embeddable":true,"href":"https:\/\/ebp.org.br\/sul\/wp-json\/wp\/v2\/users\/1"}],"replies":[{"embeddable":true,"href":"https:\/\/ebp.org.br\/sul\/wp-json\/wp\/v2\/comments?post=5608"}],"version-history":[{"count":3,"href":"https:\/\/ebp.org.br\/sul\/wp-json\/wp\/v2\/pages\/5608\/revisions"}],"predecessor-version":[{"id":5622,"href":"https:\/\/ebp.org.br\/sul\/wp-json\/wp\/v2\/pages\/5608\/revisions\/5622"}],"up":[{"embeddable":true,"href":"https:\/\/ebp.org.br\/sul\/wp-json\/wp\/v2\/pages\/5395"}],"wp:attachment":[{"href":"https:\/\/ebp.org.br\/sul\/wp-json\/wp\/v2\/media?parent=5608"}],"curies":[{"name":"wp","href":"https:\/\/api.w.org\/{rel}","templated":true}]}}