{"id":5572,"date":"2025-09-15T07:22:23","date_gmt":"2025-09-15T10:22:23","guid":{"rendered":"https:\/\/ebp.org.br\/sul\/?page_id=5572"},"modified":"2025-09-15T07:22:23","modified_gmt":"2025-09-15T10:22:23","slug":"6a-jornada-da-ebp-secao-sul-cade-o-gozo-o-que-diz-a-epoca-e-a-clinica-referencias-bibliograficas","status":"publish","type":"page","link":"https:\/\/ebp.org.br\/sul\/eventos\/jornadas\/6a-jornada-da-ebp-secao-sul-cade-o-gozo-o-que-diz-a-epoca-e-a-clinica\/6a-jornada-da-ebp-secao-sul-cade-o-gozo-o-que-diz-a-epoca-e-a-clinica-referencias-bibliograficas\/","title":{"rendered":"6\u00aa Jornada da EBP \u2013 Se\u00e7\u00e3o Sul &#8211; Cad\u00ea o gozo? O que diz a \u00e9poca e a cl\u00ednica &#8211; Refer\u00eancias Bibliogr\u00e1ficas"},"content":{"rendered":"<section class=\"wpb-content-wrapper\">[vc_row][vc_column][vc_single_image image=&#8221;5398&#8243;][\/vc_column][\/vc_row][vc_row][vc_column][vc_column_text]Cad\u00ea o gozo? \u00c9 a pergunta que abre o t\u00edtulo da VI Jornada e que impulsiona o trabalho da procura das refer\u00eancias bibliogr\u00e1ficas. Orientado pelos eixos, encontrar\u00e3o a seguir uma bibliografia que d\u00e1 continuidade ao publicado no<\/p>\n<p>Boletim e no Instagram da p\u00e1gina da EBP-SUL, a maioria delas acompanhada de cita\u00e7\u00f5es; entretanto, h\u00e1 um mais ainda, que est\u00e1 fora dessa s\u00e9rie.<\/p>\n<p>Al\u00e9m de Freud, Lacan e Miller, outros autores do Campo freudiano comp\u00f5em esta sele\u00e7\u00e3o, bem como alguns testemunhos de passe que ensinam sobre as vicissitudes do gozo.<\/p>\n<p>Esperamos que este breve trabalho de extra\u00e7\u00e3o que n\u00e3o esgota a procura de refer\u00eancias sobre o gozo n\u00e3o somente sirva de orienta\u00e7\u00e3o, mas tamb\u00e9m para acompanhar a escrita de produ\u00e7\u00f5es singulares. Ou seja, que funcionem como causa dando lugar as novas quest\u00f5es e procuras que possam surgir ao redor do gozo, a cl\u00ednica e a \u00e9poca.<\/p>\n<p>Boa leitura!<\/p>\n<hr \/>\n<h3><span style=\"color: #ff0000;\"><strong>SIGMUND FREUD<\/strong><\/span><\/h3>\n<p><span style=\"color: #ff0000;\"><strong>EIXO 1<\/strong><\/span><\/p>\n<p>Freud, S. (1909). Hist\u00f3rias Cl\u00ednicas. An\u00e1lise da fobia de um garoto de 5 anos. (Caso Pequeno Hans). In: Hist\u00f3rias cl\u00ednicas. Cinco casos paradigm\u00e1ticos da cl\u00ednica psicanal\u00edtica. Obras Incompletas de Sigmund Freud. Belo Horizonte: Aut\u00eantica, 2021. p.324<\/p>\n<p>Freud, S., (1915). As puls\u00f5es e seus destinos. Obras Incompletas de Sigmund Freud. Belo Horizonte: Aut\u00eantica, 2023. pp15-63*<\/p>\n<p>Freud, S. (1921).<em>\u00a0<\/em>Psicologia de grupo e a an\u00e1lise do ego<em>.\u00a0<\/em>In: Obras Completas, vol. XVIII: Al\u00e9m do princ\u00edpio do prazer, Psicologia de grupo e outros trabalhos. Rio de Janeiro: Imago, 1976, p.91<\/p>\n<p>Freud, S. (1930). O mal-estar na civiliza\u00e7\u00e3o. Obras completas volume 18. S\u00e3o Paulo: Companhia das letras, 2010, p.42<\/p>\n<p><span style=\"color: #ff0000;\"><strong>EIXO 2<\/strong><\/span><\/p>\n<p>Freud, S. (1909). Observa\u00e7\u00f5es sobre um caso de neurose obsessiva [\u201cO homem dos ratos\u201d]. Obras completas, v.9. S\u00e3o Paulo: Companhia das letras p. 26-27<\/p>\n<p>Freud, S. (1912) Sobre a mais geral degrada\u00e7\u00e3o da vida amorosa. Contribui\u00e7\u00f5es para a psicologia da vida amorosa \u2014 II In: Amor, sexualidade, Feminilidade. Obras incompletas de Sigmund Freud. Belo Horizonte: Ed. Aute\u0302ntica, 2019. p.147<\/p>\n<p>Freud, S., (1914). Recordar, repetir e elaborar.\u00a0Observa\u00e7\u00f5es psicanal\u00edticas sobre um caso de paranoia relatado em autobiografia: (\u201cO caso Schreber\u201d): artigos sobre t\u00e9cnica e outros textos (1911-1913). Obras Completas, v. 10. S\u00e3o Paulo: Companhia das Letras, 2010, pp.193-209*<\/p>\n<p>Freud, S. (1918). Da Hist\u00f3ria de Uma Neurose Infantil. Caso Homem dos Lobos. In: Hist\u00f3rias Cl\u00ednicas. Obras Incompletas de Sigmund Freud. Belo Horizonte: Aut\u00eantica, 2021, p. 664<\/p>\n<p><span style=\"color: #ff0000;\"><strong>EIXO 3<\/strong><\/span><\/p>\n<p>Freud, S. (1905). Fragmento da an\u00e1lise de um caso de histeria. Edi\u00e7\u00e3o Standart Brasileira das Obras Completas de Sigmund Freud. v. VII \u2013 Rio de Janeiro: Imago. 1972, p. 84-112<\/p>\n<p>Freud, S. (1937). An\u00e1lise Termin\u00e1vel e Intermin\u00e1vel. In: S. Freud, Editora Standard Brasileira das Obras Psicol\u00f3gicas Completas de Sigmund Freud, v. XXIII. Rio de Janeiro: Imago Ed., 1974, p.235\/240\/241\/245*<\/p>\n<hr \/>\n<h3><span style=\"color: #ff0000;\"><strong>JACQUES LACAN<\/strong><\/span><\/h3>\n<p><span style=\"color: #ff0000;\"><strong>EIXO 1<\/strong><\/span><\/p>\n<p>Lacan, J. O Semin\u00e1rio, livro 7:A \u00e9tica da psican\u00e1lise. Rio de Janeiro: Jorge Zahar Ed., 1991, p.225\/374\/375\/376<\/p>\n<p>Lacan, J. O Semina\u0301rio, Livro 17: O avesso da psicana\u0301lise. Rio de Janeiro: Jorge Zahar Ed., 1992, p.69\/74\/97<\/p>\n<p>Lacan, J. (1967). Da psican\u00e1lise e suas rela\u00e7\u00f5es com a realidade. Em: Outros Escritos. Rio de Janeiro: Jorge Zahar Ed., 2003, p.357*<\/p>\n<p>Lacan, J. (1967). Alocu\u00e7\u00e3o sobre as psicoses na crian\u00e7a. Em: Outros Escritos. Rio de Janeiro: Jorge Zahar Ed., 2003, p.367.*<\/p>\n<p>Lacan, J. (1970).\u00a0Radiofonia<em>.<\/em> Em: Outros Escritos. Rio de Janeiro: Jorge Zahar Ed, 2003. p. 411-412.<\/p>\n<p>Lacan, J. (1971). Estou falando com a paredes: Conversas na capela de Sainte-Anne. Rio de Janeiro: Jorge Zahar Ed., 2011, p.88<\/p>\n<p><span style=\"color: #ff0000;\"><strong>EIXO 2<\/strong><\/span><\/p>\n<p>Lacan, J., (1964). O semin\u00e1rio, livro 11: os quatro conceitos fundamentais da psican\u00e1lise<em>.<\/em> Rio de Janeiro: Jorge Zahar Ed. 1985, p.174\/p.265*<\/p>\n<p>Lacan, J. (1971). O semin\u00e1rio livro 18: de um discurso que n\u00e3o fosse semblante. Rio de Janeiro: Jorge Zahar Ed., 2009, p.19-24\/p.32-33*<\/p>\n<p>Lacan, J. (1972-73). O Semina\u0301rio livro 20: mais ainda. Rio de Janeiro: Jorge Zahar Ed.,1985. p.13\/36\/83\/112<\/p>\n<p>Lacan, J. (1975-1976). O Semin\u00e1rio, livro 23: o sinthoma, Rio de Janeiro: Jorge Zahar Ed., 2007, p. 54-55<\/p>\n<p><span style=\"color: #ff0000;\"><strong>EIXO 3<\/strong><\/span><\/p>\n<p>Lacan, J. [1972-73]. O Semina\u0301rio livro 20: mais ainda. Rio de Janeiro: Jorge Zahar Ed.,1985, p.99\/102<\/p>\n<p>Lacan, J. (1975-1976). O Semin\u00e1rio, livro 23: o sinthoma, Rio de Janeiro: Jorge Zahar Ed., 2007, 70-71<\/p>\n<p>Lacan, J. A terceira. Op\u00e7\u00e3o Lacaniana, n\u00ba 62. S\u00e3o Paulo: E\u00f3lia, dez. 2011, p. 31\/32<\/p>\n<hr \/>\n<h3><span style=\"color: #ff0000;\"><strong>JACQUES-ALAIN MILLER<\/strong><\/span><\/h3>\n<p><span style=\"color: #ff0000;\"><strong>EIXO 1<\/strong><\/span><\/p>\n<p>Miller, J-A. (1999) Seis paradigmas do gozo. n7. mar\u00e7o 2012, em Opcao lacaniana online. Pp.1-48. Dispon\u00edvel em: <a href=\"http:\/\/opcaolacaniana.com.br\/pdf\/numero_7\/Os_seis_paradigmas_do_gozo.pdf\">http:\/\/opcaolacaniana.com.br\/pdf\/numero_7\/Os_seis_paradigmas_do_gozo.pdf<\/a><\/p>\n<p>Miller, J-A. (1984). Respuestas de lo real. Buenos Aires: Paid\u00f3s, 2024, p.67<\/p>\n<p>Miller, J-A. Uma fantasia. IV Congresso de la AMP \u2013 2004 \u2013 Comandatuba \u2013 Bahia. Brasil. Dispon\u00edvel em: <a href=\"https:\/\/2012.congresoamp.com\/pt\/template.php?file=Textos\/Conferencia-de-Jacques-Alain-Miller-en-Comandatuba.html\">https:\/\/2012.congresoamp.com\/pt\/template.php?file=Textos\/Conferencia-de-Jacques-Alain-Miller-en-Comandatuba.html<\/a><\/p>\n<p>Miller, J-A. (1989). Los divinos detalles. Buenos Aires: Paid\u00f3s, 2010, p.224<\/p>\n<p>Miller, J-A. (1995) Silet: os paradoxos da pulsa\u0303o, de Freud a Lacan. traduc\u0327a\u0303o: Celso Renno\u0301 Lima; texto estabelecido por Angelina Harari e Je\u0301sus Santiago. Rio de Janeiro: Jorge Zahar Ed., 2005, p.154<\/p>\n<p>Miller, J.-A., (1996-1997)\u00a0El Otro que no existe y sus comit\u00e9s de \u00e9tica<em>.<\/em>\u00a0Buenos Aires, Paid\u00f3s, 2005*<\/p>\n<p><span style=\"color: #ff0000;\"><strong>EIXO 2<\/strong><\/span><\/p>\n<p><strong>\u00a0<\/strong>Miller, J-A. Come iniziano le analizi. XI ENAPOL. tradu\u00e7\u00e3o: Teresinha N. M. Prado, 1994, p.13<\/p>\n<p><strong>\u00a0<\/strong>Miller, J.-A., (1989) \u201cVisto desde la salida\u201d. En: C\u00f3mo terminan los an\u00e1lisis. Buenos Aires: Grama ediciones, 2022, p.88.<\/p>\n<p>Miller, J-A. Primeiro Semina\u0301rio. In: A lo\u0301gica na direc\u0327a\u0303o da cura. Sec\u0327a\u0303o Minas Gerais da Escola Brasileira de Psican\u00e1lise do Campo Freudiano, 1995. p.37<\/p>\n<p>Miller, J-A. <em>La fuga del sentido<\/em>: Los Cursos Psicoanal\u00edticos de J.-A. Miller. Buenos Aires: Paid\u00f3s, 2012, p.173<\/p>\n<p>Miller, J-A. (1984). Respuestas de lo real. Buenos Aires: Paid\u00f3s, 2024, p.406-407.<\/p>\n<p>Miller, J.-A. (1987)\u00a0Introducci\u00f3n al m\u00e9todo psicoanal\u00edtico<em>.\u00a0<\/em>Buenos Aires, Paid\u00f3s, 2003, p.94\/104*<\/p>\n<p>Miller, J-A. (1987). Los signos del goce. Buenos Aires: Paid\u00f3s, 1999 p.267\/273<\/p>\n<p>Miller, J-A. (1995) Silet: os paradoxos da pulsa\u0303o, de Freud a Lacan. traduc\u0327a\u0303o: Celso Renno\u0301 Lima; texto estabelecido por Angelina Harari e Je\u0301sus Santiago. Rio de Janeiro: Jorge Zahar Ed., 2005, p.154<\/p>\n<p><span style=\"color: #ff0000;\"><strong>EIXO 3<\/strong><\/span><\/p>\n<p>Miller, J.-A., (1982-1983)\u00a0Del s\u00edntoma al fantasma y retorno,<em>\u00a0<\/em>Buenos Aires, Paid\u00f3s, 2018, p.13\/41.<\/p>\n<p>Miller, J-A. (1989) L\u00f3gicas de la vida amorosa. Em: Conferencias porte\u00f1as, Buenos Aires: Paid\u00f3s, 2010, p.19<\/p>\n<p>Miller, J.-A., (1993-1994)\u00a0<em>Donc<\/em>, Buenos Aires: Paid\u00f3s, 2011, p. 279\/305*<\/p>\n<p>Miller, J-A. (1998).El partenaire-sintoma. Buenos Aires: Paid\u00f3s, 2008, p.82 \/90 \/ 91\/ 147 \/172 \/198 \/227 \/236 \/389*<\/p>\n<p>Miller, J-A. (1999). La experiencia de lo real en la cura psicoanal\u00edtica. Buenos Aires: Paid\u00f3s, 1999 pp.221-260.<\/p>\n<p>Miller, J.-A., (2007-2008). Todo el mundo es loco<em>,<\/em> Buenos Aires, Paid\u00f3s, 2015, p.279-294.*<\/p>\n<p>Miller, J-A (2006-2007). <em>El ultim\u00edsimo Lacan. <\/em>Buenos Aires: Paid\u00f3s, 2014. p. 240<\/p>\n<hr \/>\n<h3><span style=\"color: #ff0000;\"><strong>OUTROS AUTORES<\/strong><\/span><\/h3>\n<p>-Bassols, M., \u201cO b\u00e1rbaro: Transtornos de linguagem e segrega\u00e7\u00e3o\u201d,\u00a0<em>Op\u00e7\u00e3o Lacaniana online<\/em>, n. 25 e 26, mar\u00e7o\/julho 2018.* Dispon\u00edvel em: <a href=\"http:\/\/www.opcaolacaniana.com.br\/pdf\/numero_25\/O_Barbaro_Transtornos_de_linguagem_e_segregacao.pdf\">http:\/\/www.opcaolacaniana.com.br\/pdf\/numero_25\/O_Barbaro_Transtornos_de_linguagem_e_segregacao.pdf<\/a><\/p>\n<p>Brodsky, G.,\u00a0<em>O Suporte corporal<\/em>. Confer\u00eancia realizada no V Jornada da EBP-Sul ocorrida em 05.10.24 em Florian\u00f3polis\/SC, dispon\u00edvel no Boletim Modos de Usar #8:\u00a0<a href=\"https:\/\/ebp.org.br\/sul\/o-suporte-corporal\/\">https:\/\/ebp.org.br\/sul\/o-suporte-corporal\/<\/a>. Acesso em: 06.06.25<\/p>\n<p>Laurent, E., \u201cO passe e os restos de identifica\u00e7\u00e3o\u201d.\u00a0<em>Op\u00e7\u00e3o Lacaniana online<\/em> n. 8, julho 2012. Dispon\u00edvel em: <a href=\"http:\/\/www.opcaolacaniana.com.br\/pdf\/numero_8\/O_passe_restos_de_identifica%C3%A7%C3%A3o.pdf\">http:\/\/www.opcaolacaniana.com.br\/pdf\/numero_8\/O_passe_restos_de_identifica%C3%A7%C3%A3o.pdf<\/a>.<\/p>\n<p>Laurent, E., \u201cDisrup\u00e7\u00e3o do gozo nas loucuras sob transfer\u00eancia\u201d,\u00a0<em>Op\u00e7\u00e3o Lacaniana<\/em>, n. 79. S\u00e3o Paulo: Eolia, 2018.*<\/p>\n<hr \/>\n<h3><span style=\"color: #ff0000;\"><strong>TESTEMUNHOS DE PASSE<\/strong><\/span><\/h3>\n<p>Koretzky, C. Desvelar a rasura. Em: Correio: Revista da Escola Brasileira de Psican\u00e1lise. S\u00e3o Paulo: Escola Brasileira de Psican\u00e1lise, n94, abril de 2025, p.116*<\/p>\n<p>Alvarenga, Elisa. \u00abA f\u00f3rmula que n\u00e3o existe\u00bb. In: Miller, J-A. SANTIAGO, Ana Lydia (Org.). Aposta no passe. Rio de Janeiro: ContraCapa, 2018. p.158<\/p>\n<p>Silva, R\u00f3mulo Ferreira. \u00abToma!\u00bb. In: Miller, J-A. SANTIAGO, Ana Lydia (Org.). Aposta no passe. Rio de Janeiro: ContraCapa, 2018. p.201<\/p>\n<p>Cunha, Luiz Fernando Carrijo. \u00ab\u00c1 sombra de uma sombra\u00bb. In: Miller, J-A. SANTIAGO, Ana Lydia (Org.). Aposta no passe. Rio de Janeiro: ContraCapa, 2018. p.p.231<\/p>\n<p>Fuentes, Maria Josefina Sota. \u00abDeixar-se escrever\u00bb. In: Miller, J-A. SANTIAGO, Ana Lydia (Org.). Aposta no passe. Rio de Janeiro: ContraCapa, 2018. p.. 239<\/p>\n<p>&nbsp;<\/p>\n<hr \/>\n<p><span style=\"font-size: 13px;\">*Os que se encontram destacados s\u00e3o in\u00e9ditos para o site, n\u00e3o estando presentes no Boletim nem Instagram.[\/vc_column_text][\/vc_column][\/vc_row]<\/span><\/p>\n<\/section>","protected":false},"excerpt":{"rendered":"<p>[vc_row][vc_column][vc_single_image image=&#8221;5398&#8243;][\/vc_column][\/vc_row][vc_row][vc_column][vc_column_text]Cad\u00ea o gozo? \u00c9 a pergunta que abre o t\u00edtulo da VI Jornada e que impulsiona o trabalho da procura das refer\u00eancias bibliogr\u00e1ficas. Orientado pelos eixos, encontrar\u00e3o a seguir uma bibliografia que d\u00e1 continuidade ao publicado no Boletim e no Instagram da p\u00e1gina da EBP-SUL, a maioria delas acompanhada de cita\u00e7\u00f5es; entretanto, h\u00e1 um&hellip;<\/p>\n","protected":false},"author":1,"featured_media":0,"parent":5395,"menu_order":0,"comment_status":"closed","ping_status":"closed","template":"","meta":{"footnotes":""},"class_list":["post-5572","page","type-page","status-publish","hentry","entry","no-media"],"_links":{"self":[{"href":"https:\/\/ebp.org.br\/sul\/wp-json\/wp\/v2\/pages\/5572","targetHints":{"allow":["GET"]}}],"collection":[{"href":"https:\/\/ebp.org.br\/sul\/wp-json\/wp\/v2\/pages"}],"about":[{"href":"https:\/\/ebp.org.br\/sul\/wp-json\/wp\/v2\/types\/page"}],"author":[{"embeddable":true,"href":"https:\/\/ebp.org.br\/sul\/wp-json\/wp\/v2\/users\/1"}],"replies":[{"embeddable":true,"href":"https:\/\/ebp.org.br\/sul\/wp-json\/wp\/v2\/comments?post=5572"}],"version-history":[{"count":1,"href":"https:\/\/ebp.org.br\/sul\/wp-json\/wp\/v2\/pages\/5572\/revisions"}],"predecessor-version":[{"id":5573,"href":"https:\/\/ebp.org.br\/sul\/wp-json\/wp\/v2\/pages\/5572\/revisions\/5573"}],"up":[{"embeddable":true,"href":"https:\/\/ebp.org.br\/sul\/wp-json\/wp\/v2\/pages\/5395"}],"wp:attachment":[{"href":"https:\/\/ebp.org.br\/sul\/wp-json\/wp\/v2\/media?parent=5572"}],"curies":[{"name":"wp","href":"https:\/\/api.w.org\/{rel}","templated":true}]}}