{"id":5514,"date":"2025-07-16T17:35:56","date_gmt":"2025-07-16T20:35:56","guid":{"rendered":"https:\/\/ebp.org.br\/sul\/?page_id=5514"},"modified":"2025-07-16T18:00:45","modified_gmt":"2025-07-16T21:00:45","slug":"6a-jornada-da-ebp-secao-sul-cade-o-gozo-o-que-diz-a-epoca-e-a-clinica-hospedagem","status":"publish","type":"page","link":"https:\/\/ebp.org.br\/sul\/eventos\/jornadas\/6a-jornada-da-ebp-secao-sul-cade-o-gozo-o-que-diz-a-epoca-e-a-clinica\/6a-jornada-da-ebp-secao-sul-cade-o-gozo-o-que-diz-a-epoca-e-a-clinica-hospedagem\/","title":{"rendered":"6\u00aa Jornada da EBP \u2013 Se\u00e7\u00e3o Sul &#8211; Cad\u00ea o gozo? O que diz a \u00e9poca e a cl\u00ednica &#8211; Hospedagem"},"content":{"rendered":"<section class=\"wpb-content-wrapper\">[vc_row][vc_column][vc_single_image image=&#8221;5398&#8243;][\/vc_column][\/vc_row][vc_row][vc_column][vc_column_text]\n<h3><span style=\"color: #993300;\"><strong>Hospedagens Econ\u00f4micas Pr\u00f3ximas ao Shopping Novo Batel &#8211; Curitiba (24 a 25\/10\/2025). \u2013 valores estimados<\/strong><\/span><\/h3>\n<h4>Rede Andrade S\u00e3o Francisco<\/h4>\n<span class=\"ticon ticon-credit-card\" aria-hidden=\"true\" style=\"color:#993300;font-size:16px;\"><\/span>\u00a0 \u00a0<strong>Valor Di\u00e1ria:<\/strong> R$ 125,00<br \/>\n<span class=\"ticon ticon-comments\" aria-hidden=\"true\" style=\"color:#993300;font-size:16px;\"><\/span>\u00a0 \u00a0<strong>Recomenda\u00e7\u00f5es:<\/strong> mais barato, caf\u00e9 incluso, bom custo-benef\u00edcio<br \/>\n<span class=\"ticon ticon-phone\" aria-hidden=\"true\" style=\"color:#993300;font-size:16px;\"><\/span>\u00a0 \u00a0<strong>Telefone:<\/strong> (41) 3323-2511<br \/>\n<span class=\"ticon ticon-star\" aria-hidden=\"true\" style=\"color:#993300;font-size:16px;\"><\/span>\u00a0 \u00a0<strong>Avalia\u00e7\u00e3o:<\/strong> 3.8\/5<br \/>\n<span class=\"ticon ticon-map\" aria-hidden=\"true\" style=\"color:#993300;font-size:16px;\"><\/span>\u00a0 <strong>\u00a0Dist\u00e2ncia ao Shopping:<\/strong> 1,1 km<br \/>\n<span class=\"ticon ticon-link\" aria-hidden=\"true\" style=\"color:#993300;font-size:16px;\"><\/span>\u00a0 \u00a0<strong>Site de Contato:<\/strong> <a href=\"https:\/\/www.redeandrade.com.br\">https:\/\/www.redeandrade.com.br<\/a><br \/>\n<span class=\"ticon ticon-link\" aria-hidden=\"true\" style=\"color:#993300;font-size:16px;\"><\/span>\u00a0 \u00a0<strong>Link para reserva:<\/strong> <a href=\"https:\/\/www.redeandrade.com.br\/unidade\/sao-francisco\/\">https:\/\/www.redeandrade.com.br\/unidade\/sao-francisco\/<\/a><\/p>\n<hr \/>\n<h4>Hotel Confiance Batel<\/h4>\n<span class=\"ticon ticon-credit-card\" aria-hidden=\"true\" style=\"color:#993300;font-size:16px;\"><\/span>\u00a0 \u00a0<strong>Valor Di\u00e1ria:<\/strong> R$ 155,00<br \/>\n<span class=\"ticon ticon-comments\" aria-hidden=\"true\" style=\"color:#993300;font-size:16px;\"><\/span>\u00a0 \u00a0<strong>Recomenda\u00e7\u00f5es:<\/strong> bem localizado no Batel, avalia\u00e7\u00f5es positivas<br \/>\n<span class=\"ticon ticon-phone\" aria-hidden=\"true\" style=\"color:#993300;font-size:16px;\"><\/span>\u00a0 <strong>\u00a0Telefone:<\/strong> (41) 3026-2626<br \/>\n<span class=\"ticon ticon-star\" aria-hidden=\"true\" style=\"color:#993300;font-size:16px;\"><\/span>\u00a0 \u00a0<strong>Avalia\u00e7\u00e3o:<\/strong> 4.2\/5<br \/>\n<span class=\"ticon ticon-map\" aria-hidden=\"true\" style=\"color:#993300;font-size:16px;\"><\/span>\u00a0 \u00a0<strong>Dist\u00e2ncia ao Shopping:<\/strong> 600 m<br \/>\n<span class=\"ticon ticon-link\" aria-hidden=\"true\" style=\"color:#993300;font-size:16px;\"><\/span>\u00a0 \u00a0<strong>Site de Contato:<\/strong> <a href=\"https:\/\/www.hotelconfiance.com.br\">https:\/\/www.hotelconfiance.com.br<\/a><br \/>\n<span class=\"ticon ticon-link\" aria-hidden=\"true\" style=\"color:#993300;font-size:16px;\"><\/span>\u00a0 \u00a0<strong>Link para reserva:<\/strong> <a href=\"https:\/\/www.hotelconfiance.com.br\/hotel\/confiance-batel\">https:\/\/www.hotelconfiance.com.br\/hotel\/confiance-batel<\/a><\/p>\n<hr \/>\n<h4>Go Inn Curitiba<\/h4>\n<span class=\"ticon ticon-credit-card\" aria-hidden=\"true\" style=\"color:#993300;font-size:16px;\"><\/span>\u00a0 \u00a0<strong>Valor Di\u00e1ria:<\/strong> R$ 250,00<br \/>\n<span class=\"ticon ticon-comments\" aria-hidden=\"true\" style=\"color:#993300;font-size:16px;\"><\/span>\u00a0 \u00a0<strong>Recomenda\u00e7\u00f5es:<\/strong> acess\u00edvel, \u00f3timo para casais ou neg\u00f3cios<br \/>\n<span class=\"ticon ticon-phone\" aria-hidden=\"true\" style=\"color:#993300;font-size:16px;\"><\/span>\u00a0 <strong>\u00a0Telefone:<\/strong> (41) 3527-6300<br \/>\n<span class=\"ticon ticon-star\" aria-hidden=\"true\" style=\"color:#993300;font-size:16px;\"><\/span>\u00a0 \u00a0<strong>Avalia\u00e7\u00e3o:<\/strong> 4.0\/5<br \/>\n<span class=\"ticon ticon-map\" aria-hidden=\"true\" style=\"color:#993300;font-size:16px;\"><\/span>\u00a0 \u00a0<strong>Dist\u00e2ncia ao Shopping:<\/strong> 850 m<br \/>\n<span class=\"ticon ticon-link\" aria-hidden=\"true\" style=\"color:#993300;font-size:16px;\"><\/span>\u00a0 \u00a0<strong>Site de Contato: <\/strong><a href=\"https:\/\/www.atlanticahotels.com.br\/hotel\/go-inn-curitiba\">https:\/\/www.atlanticahotels.com.br\/hotel\/go-inn-curitiba<\/a><br \/>\n<span class=\"ticon ticon-link\" aria-hidden=\"true\" style=\"color:#993300;font-size:16px;\"><\/span>\u00a0 \u00a0<strong>Link para reserva:<\/strong><a href=\"https:\/\/www.booking.com\/hotel\/br\/go-inn-curitiba.pt-br.html\"> https:\/\/www.booking.com\/hotel\/br\/go-inn-curitiba.pt-br.html<\/a><\/p>\n<hr \/>\n<h4>Esquina Batel Hotel<\/h4>\n<span class=\"ticon ticon-credit-card\" aria-hidden=\"true\" style=\"color:#993300;font-size:16px;\"><\/span>\u00a0 \u00a0<strong>Valor Di\u00e1ria:<\/strong> R$ 215,00<br \/>\n<span class=\"ticon ticon-comments\" aria-hidden=\"true\" style=\"color:#993300;font-size:16px;\"><\/span>\u00a0 \u00a0<strong>Recomenda\u00e7\u00f5es:<\/strong> alternativa charmosa, localiza\u00e7\u00e3o central<br \/>\n<span class=\"ticon ticon-phone\" aria-hidden=\"true\" style=\"color:#993300;font-size:16px;\"><\/span>\u00a0 <strong>\u00a0Telefone:<\/strong> (41) 3016-2222<br \/>\n<span class=\"ticon ticon-star\" aria-hidden=\"true\" style=\"color:#993300;font-size:16px;\"><\/span>\u00a0 \u00a0<strong>Avalia\u00e7\u00e3o:<\/strong> 4.0\/5<br \/>\n<span class=\"ticon ticon-map\" aria-hidden=\"true\" style=\"color:#993300;font-size:16px;\"><\/span>\u00a0 \u00a0<strong>Dist\u00e2ncia ao Shopping:<\/strong> 750 m<br \/>\n<span class=\"ticon ticon-link\" aria-hidden=\"true\" style=\"color:#993300;font-size:16px;\"><\/span>\u00a0 \u00a0<strong>Site de Contato: <\/strong><a href=\"https:\/\/www.esquinabatelhotel.com.br\">https:\/\/www.esquinabatelhotel.com.br<\/a><br \/>\n<span class=\"ticon ticon-link\" aria-hidden=\"true\" style=\"color:#993300;font-size:16px;\"><\/span>\u00a0 \u00a0<strong>Link para reserva:<\/strong><a href=\"https:\/\/www.booking.com\/hotel\/br\/esquina-batel.pt-br.html\"> https:\/\/www.booking.com\/hotel\/br\/esquina-batel.pt-br.html<\/a><\/p>\n<hr \/>\n<h4>Ibis Curitiba Batel<\/h4>\n<span class=\"ticon ticon-credit-card\" aria-hidden=\"true\" style=\"color:#993300;font-size:16px;\"><\/span>\u00a0 \u00a0<strong>Valor Di\u00e1ria:<\/strong> R$ 265,00<br \/>\n<span class=\"ticon ticon-comments\" aria-hidden=\"true\" style=\"color:#993300;font-size:16px;\"><\/span>\u00a0 \u00a0<strong>Recomenda\u00e7\u00f5es:<\/strong> Rede Accor, padr\u00e3o internacional, boa localiza\u00e7\u00e3o<br \/>\n<span class=\"ticon ticon-phone\" aria-hidden=\"true\" style=\"color:#993300;font-size:16px;\"><\/span>\u00a0 <strong>\u00a0Telefone:<\/strong> (41) 3883-4000<br \/>\n<span class=\"ticon ticon-star\" aria-hidden=\"true\" style=\"color:#993300;font-size:16px;\"><\/span>\u00a0 \u00a0<strong>Avalia\u00e7\u00e3o:<\/strong> 4.1\/5<br \/>\n<span class=\"ticon ticon-map\" aria-hidden=\"true\" style=\"color:#993300;font-size:16px;\"><\/span>\u00a0 \u00a0<strong>Dist\u00e2ncia ao Shopping:<\/strong> 500 m<br \/>\n<span class=\"ticon ticon-link\" aria-hidden=\"true\" style=\"color:#993300;font-size:16px;\"><\/span>\u00a0 \u00a0<strong>Site de Contato: <\/strong><a href=\"https:\/\/all.accor.com\/hotel\/1023\/index.pt-br.shtml\">https:\/\/all.accor.com\/hotel\/1023\/index.pt-br.shtml<\/a><br \/>\n<span class=\"ticon ticon-link\" aria-hidden=\"true\" style=\"color:#993300;font-size:16px;\"><\/span>\u00a0 \u00a0<strong>Link para reserva: <\/strong><a href=\"https:\/\/www.booking.com\/hotel\/br\/ibis-curitiba-batel.pt-br.html\">https:\/\/www.booking.com\/hotel\/br\/ibis-curitiba-batel.pt-br.html<\/a><\/p>\n<hr \/>\n<h4>Rio Hotel by Bourbon<\/h4>\n<span class=\"ticon ticon-credit-card\" aria-hidden=\"true\" style=\"color:#993300;font-size:16px;\"><\/span>\u00a0 \u00a0<strong>Valor Di\u00e1ria:<\/strong> R$ 450,90<br \/>\n<span class=\"ticon ticon-comments\" aria-hidden=\"true\" style=\"color:#993300;font-size:16px;\"><\/span>\u00a0 \u00a0<strong>Recomenda\u00e7\u00f5es:<\/strong> caf\u00e9 da manh\u00e3 incluso, boa localiza\u00e7\u00e3o<br \/>\n<span class=\"ticon ticon-phone\" aria-hidden=\"true\" style=\"color:#993300;font-size:16px;\"><\/span>\u00a0 <strong>\u00a0Telefone:<\/strong> (41) 3040-3000<br \/>\n<span class=\"ticon ticon-star\" aria-hidden=\"true\" style=\"color:#993300;font-size:16px;\"><\/span>\u00a0 \u00a0<strong>Avalia\u00e7\u00e3o:<\/strong> 4.3\/5<br \/>\n<span class=\"ticon ticon-map\" aria-hidden=\"true\" style=\"color:#993300;font-size:16px;\"><\/span>\u00a0 \u00a0<strong>Dist\u00e2ncia ao Shopping:<\/strong> 1 km<br \/>\n<span class=\"ticon ticon-link\" aria-hidden=\"true\" style=\"color:#993300;font-size:16px;\"><\/span>\u00a0 \u00a0<strong>Site de Contato: <\/strong><a href=\"https:\/\/www.bourbon.com.br\/hotelrio\">https:\/\/www.bourbon.com.br\/hotelrio<\/a><br \/>\n<span class=\"ticon ticon-link\" aria-hidden=\"true\" style=\"color:#993300;font-size:16px;\"><\/span>\u00a0 \u00a0<strong>Link para reserva: <\/strong><a href=\"https:\/\/www.bourbon.com.br\/hotelrio\">https:\/\/www.bourbon.com.br\/hotelrio<\/a><\/p>\n<hr \/>\n<h4>Intercity Curitiba Batel<\/h4>\n<span class=\"ticon ticon-credit-card\" aria-hidden=\"true\" style=\"color:#993300;font-size:16px;\"><\/span>\u00a0 \u00a0<strong>Valor Di\u00e1ria:<\/strong> R$ 356,00<br \/>\n<span class=\"ticon ticon-comments\" aria-hidden=\"true\" style=\"color:#993300;font-size:16px;\"><\/span>\u00a0 \u00a0<strong>Recomenda\u00e7\u00f5es:<\/strong> bom custo-benef\u00edcio<br \/>\n<span class=\"ticon ticon-phone\" aria-hidden=\"true\" style=\"color:#993300;font-size:16px;\"><\/span>\u00a0 <strong>\u00a0Telefone:<\/strong> (41) 3232-8200<br \/>\n<span class=\"ticon ticon-star\" aria-hidden=\"true\" style=\"color:#993300;font-size:16px;\"><\/span>\u00a0 \u00a0<strong>Avalia\u00e7\u00e3o:<\/strong> 4.1\/5<br \/>\n<span class=\"ticon ticon-map\" aria-hidden=\"true\" style=\"color:#993300;font-size:16px;\"><\/span>\u00a0 \u00a0<strong>Dist\u00e2ncia ao Shopping:<\/strong> 900 m<br \/>\n<span class=\"ticon ticon-link\" aria-hidden=\"true\" style=\"color:#993300;font-size:16px;\"><\/span>\u00a0 \u00a0<strong>Site de Contato: <\/strong><a href=\"https:\/\/www.decolar.com\/hoteis\/h-1862479\">https:\/\/www.decolar.com\/hoteis\/h-1862479<\/a><br \/>\n<span class=\"ticon ticon-link\" aria-hidden=\"true\" style=\"color:#993300;font-size:16px;\"><\/span>\u00a0 \u00a0<strong>Link para reserva: <\/strong><a href=\"https:\/\/www.decolar.com\/hoteis\/h-1862479\">https:\/\/www.decolar.com\/hoteis\/h-1862479<\/a><\/p>\n<hr \/>\n<h4>Mercure Curitiba Batel<\/h4>\n<span class=\"ticon ticon-credit-card\" aria-hidden=\"true\" style=\"color:#993300;font-size:16px;\"><\/span>\u00a0 \u00a0<strong>Valor Di\u00e1ria:<\/strong> R$ 422,10<br \/>\n<span class=\"ticon ticon-comments\" aria-hidden=\"true\" style=\"color:#993300;font-size:16px;\"><\/span>\u00a0 \u00a0<strong>Recomenda\u00e7\u00f5es:<\/strong> pr\u00f3ximo a shoppings<br \/>\n<span class=\"ticon ticon-phone\" aria-hidden=\"true\" style=\"color:#993300;font-size:16px;\"><\/span>\u00a0 <strong>\u00a0Telefone:<\/strong> (41) 3883-4500<br \/>\n<span class=\"ticon ticon-star\" aria-hidden=\"true\" style=\"color:#993300;font-size:16px;\"><\/span>\u00a0 \u00a0<strong>Avalia\u00e7\u00e3o:<\/strong> 4.2\/5<br \/>\n<span class=\"ticon ticon-map\" aria-hidden=\"true\" style=\"color:#993300;font-size:16px;\"><\/span>\u00a0 \u00a0<strong>Dist\u00e2ncia ao Shopping:<\/strong> 700 m<br \/>\n<span class=\"ticon ticon-link\" aria-hidden=\"true\" style=\"color:#993300;font-size:16px;\"><\/span>\u00a0 \u00a0<strong>Site de Contato: <\/strong><a href=\"https:\/\/all.accor.com\/hotel\/1030\/index.pt-br.shtml\">https:\/\/all.accor.com\/hotel\/1030\/index.pt-br.shtml<\/a><br \/>\n<span class=\"ticon ticon-link\" aria-hidden=\"true\" style=\"color:#993300;font-size:16px;\"><\/span>\u00a0 \u00a0<strong>Link para reserva: <\/strong><a href=\"https:\/\/all.accor.com\/hotel\/1030\/index.pt-br.shtml\">https:\/\/all.accor.com\/hotel\/1030\/index.pt-br.shtml<\/a><\/p>\n<hr \/>\n<h4>Transamerica Prime Batel<\/h4>\n<span class=\"ticon ticon-credit-card\" aria-hidden=\"true\" style=\"color:#993300;font-size:16px;\"><\/span>\u00a0 \u00a0<strong>Valor Di\u00e1ria:<\/strong> R$ 462,00<br \/>\n<span class=\"ticon ticon-comments\" aria-hidden=\"true\" style=\"color:#993300;font-size:16px;\"><\/span>\u00a0 \u00a0<strong>Recomenda\u00e7\u00f5es:<\/strong> \u00f3tima localiza\u00e7\u00e3o para executivos<br \/>\n<span class=\"ticon ticon-phone\" aria-hidden=\"true\" style=\"color:#993300;font-size:16px;\"><\/span>\u00a0 <strong>\u00a0Telefone:<\/strong> (41) 3026-7777<br \/>\n<span class=\"ticon ticon-star\" aria-hidden=\"true\" style=\"color:#993300;font-size:16px;\"><\/span>\u00a0 \u00a0<strong>Avalia\u00e7\u00e3o:<\/strong> 4.0\/5<br \/>\n<span class=\"ticon ticon-map\" aria-hidden=\"true\" style=\"color:#993300;font-size:16px;\"><\/span>\u00a0 \u00a0<strong>Dist\u00e2ncia ao Shopping:<\/strong> 850 m<br \/>\n<span class=\"ticon ticon-link\" aria-hidden=\"true\" style=\"color:#993300;font-size:16px;\"><\/span>\u00a0 \u00a0<strong>Site de Contato: <\/strong><a href=\"https:\/\/www.transamerica.com.br\/hotel-prime-batel\">https:\/\/www.transamerica.com.br\/hotel-prime-batel<\/a><br \/>\n<span class=\"ticon ticon-link\" aria-hidden=\"true\" style=\"color:#993300;font-size:16px;\"><\/span>\u00a0 \u00a0<strong>Link para reserva: <\/strong><a href=\"https:\/\/www.transamerica.com.br\/hotel-prime-batel\">https:\/\/www.transamerica.com.br\/hotel-prime-batel<\/a><\/p>\n<hr \/>\n<h4>Home Batel (apartamento)<\/h4>\n<span class=\"ticon ticon-credit-card\" aria-hidden=\"true\" style=\"color:#993300;font-size:16px;\"><\/span>\u00a0 \u00a0<strong>Valor Di\u00e1ria:<\/strong> R$ 405,00<br \/>\n<span class=\"ticon ticon-comments\" aria-hidden=\"true\" style=\"color:#993300;font-size:16px;\"><\/span>\u00a0 \u00a0<strong>Recomenda\u00e7\u00f5es:<\/strong> apartamento com piscina, confort\u00e1vel<br \/>\n<span class=\"ticon ticon-phone\" aria-hidden=\"true\" style=\"color:#993300;font-size:16px;\"><\/span>\u00a0 <strong>\u00a0Telefone:<\/strong> N\u00e3o informado<br \/>\n<span class=\"ticon ticon-star\" aria-hidden=\"true\" style=\"color:#993300;font-size:16px;\"><\/span>\u00a0 \u00a0<strong>Avalia\u00e7\u00e3o:<\/strong> 4.3\/5<br \/>\n<span class=\"ticon ticon-map\" aria-hidden=\"true\" style=\"color:#993300;font-size:16px;\"><\/span>\u00a0 \u00a0<strong>Dist\u00e2ncia ao Shopping:<\/strong> 600 m<br \/>\n<span class=\"ticon ticon-link\" aria-hidden=\"true\" style=\"color:#993300;font-size:16px;\"><\/span>\u00a0 \u00a0<strong>Site de Contato: <\/strong><a href=\"https:\/\/www.booking.com\/hotel\/br\/home-batel.pt-br.html\">https:\/\/www.booking.com\/hotel\/br\/home-batel.pt-br.html<\/a><br \/>\n<span class=\"ticon ticon-link\" aria-hidden=\"true\" style=\"color:#993300;font-size:16px;\"><\/span>\u00a0 \u00a0<strong>Link para reserva: <\/strong><a href=\"https:\/\/www.booking.com\/hotel\/br\/home-batel.pt-br.html\">https:\/\/www.booking.com\/hotel\/br\/home-batel.pt-br.html<\/a><\/p>\n<p>&nbsp;<\/p>\n<p>&nbsp;<\/p>\n<p>&nbsp;<\/p>\n[\/vc_column_text][\/vc_column][\/vc_row]\n<\/section>","protected":false},"excerpt":{"rendered":"<p>[vc_row][vc_column][vc_single_image image=&#8221;5398&#8243;][\/vc_column][\/vc_row][vc_row][vc_column][vc_column_text] Hospedagens Econ\u00f4micas Pr\u00f3ximas ao Shopping Novo Batel &#8211; Curitiba (24 a 25\/10\/2025). \u2013 valores estimados Rede Andrade S\u00e3o Francisco \u00a0 \u00a0Valor Di\u00e1ria: R$ 125,00 \u00a0 \u00a0Recomenda\u00e7\u00f5es: mais barato, caf\u00e9 incluso, bom custo-benef\u00edcio \u00a0 \u00a0Telefone: (41) 3323-2511 \u00a0 \u00a0Avalia\u00e7\u00e3o: 3.8\/5 \u00a0 \u00a0Dist\u00e2ncia ao Shopping: 1,1 km \u00a0 \u00a0Site de Contato: https:\/\/www.redeandrade.com.br \u00a0 \u00a0Link para&hellip;<\/p>\n","protected":false},"author":1,"featured_media":0,"parent":5395,"menu_order":0,"comment_status":"closed","ping_status":"closed","template":"","meta":{"footnotes":""},"class_list":["post-5514","page","type-page","status-publish","hentry","entry","no-media"],"_links":{"self":[{"href":"https:\/\/ebp.org.br\/sul\/wp-json\/wp\/v2\/pages\/5514","targetHints":{"allow":["GET"]}}],"collection":[{"href":"https:\/\/ebp.org.br\/sul\/wp-json\/wp\/v2\/pages"}],"about":[{"href":"https:\/\/ebp.org.br\/sul\/wp-json\/wp\/v2\/types\/page"}],"author":[{"embeddable":true,"href":"https:\/\/ebp.org.br\/sul\/wp-json\/wp\/v2\/users\/1"}],"replies":[{"embeddable":true,"href":"https:\/\/ebp.org.br\/sul\/wp-json\/wp\/v2\/comments?post=5514"}],"version-history":[{"count":18,"href":"https:\/\/ebp.org.br\/sul\/wp-json\/wp\/v2\/pages\/5514\/revisions"}],"predecessor-version":[{"id":5532,"href":"https:\/\/ebp.org.br\/sul\/wp-json\/wp\/v2\/pages\/5514\/revisions\/5532"}],"up":[{"embeddable":true,"href":"https:\/\/ebp.org.br\/sul\/wp-json\/wp\/v2\/pages\/5395"}],"wp:attachment":[{"href":"https:\/\/ebp.org.br\/sul\/wp-json\/wp\/v2\/media?parent=5514"}],"curies":[{"name":"wp","href":"https:\/\/api.w.org\/{rel}","templated":true}]}}