{"id":5471,"date":"2025-06-24T08:50:08","date_gmt":"2025-06-24T11:50:08","guid":{"rendered":"https:\/\/ebp.org.br\/sul\/?page_id=5471"},"modified":"2025-06-24T09:10:19","modified_gmt":"2025-06-24T12:10:19","slug":"6a-jornada-da-ebp-secao-sul-cade-o-gozo-o-que-diz-a-epoca-e-a-clinica-boletim-pulsar-01","status":"publish","type":"page","link":"https:\/\/ebp.org.br\/sul\/eventos\/jornadas\/6a-jornada-da-ebp-secao-sul-cade-o-gozo-o-que-diz-a-epoca-e-a-clinica\/boletim-pulsar\/6a-jornada-da-ebp-secao-sul-cade-o-gozo-o-que-diz-a-epoca-e-a-clinica-boletim-pulsar-01\/","title":{"rendered":"6\u00aa Jornada da EBP \u2013 Se\u00e7\u00e3o Sul &#8211; Cad\u00ea o gozo? O que diz a \u00e9poca e a cl\u00ednica &#8211; Boletim Pulsar 01"},"content":{"rendered":"<section class=\"wpb-content-wrapper\">[vc_row full_width=&#8221;stretch_row&#8221;][vc_column][vc_single_image image=&#8221;5478&#8243; alignment=&#8221;center&#8221;][vc_column_text font_family=&#8221;Bookman Old Style, serif&#8221;]\n<h2 style=\"text-align: center;\"><strong>n\u00ba1<\/strong><\/h2>\n[\/vc_column_text][vc_empty_space height=&#8221;20px&#8221;][vc_separator][\/vc_column][\/vc_row][vc_row][vc_column][vc_column_text font_family=&#8221;Bookman Old Style, serif&#8221;]\n<h3><strong>EDITORIAL<\/strong><\/h3>\n[\/vc_column_text][vc_column_text]<span style=\"font-size: 13px;\">Equipe do Boletim P U L S\u00a0<span style=\"color: #ff0000;\"><em>a<\/em><\/span>\u00a0R<\/span><br \/>\n<span style=\"font-size: 13px;\">Diego Cervelin (EBP \/ AMP) e Val\u00e9ria Beatriz Araujo\u00a0<em>\u2013 Editores<\/em><\/span><br \/>\n<span style=\"font-size: 13px;\">Fernanda Batista e Priscila de S\u00e1 Santos<\/span><\/p>\n<p>\u201cA gente escreve o que ouve \u2013 nunca o que houve\u201d<br \/>\nOswald de Andrade<\/p>\n<p>Um boletim de jornada constitui um espa\u00e7o que se perfaz enquanto percurso, meio do caminho e meio de um caminho. \u00c9 algo ainda aberto, mas que nem por isso permanece de todo desorientado. Longe disso, pode-se sustentar que, por um lado, ele comporta uma s\u00e9rie de questionamentos que dever\u00e3o ser minimamente respondidos a fim de concretizar uma jornada; por outro, ele delineia at\u00e9 mesmo uma sucess\u00e3o de perguntas que \u2013 por que n\u00e3o? \u2013 talvez acabem por se desdobrar em outras jornadas, sejam elas mais ou menos particulares. Este boletim, P U L S <span style=\"font-size: 13px;\"><span style=\"color: #ff0000;\"><em>a<\/em><\/span><\/span>\u00a0R, se inscreve justamente a\u00ed, considerando inclusive que o pr\u00f3prio t\u00edtulo da\u00a0<em>VI Jornada da EBP \u2013 Se\u00e7\u00e3o Sul<\/em>\u00a0carrega uma indaga\u00e7\u00e3o \u2013 \u201ccad\u00ea o gozo?\u201d \u2013, na medida em que volta suas aten\u00e7\u00f5es para as possibilidades e para os modos de \u201coperar sobre o que \u00e9 mais pr\u00f3prio de cada um\u201d.[\/vc_column_text][vc_empty_space height=&#8221;20px&#8221;]<a href=\"https:\/\/ebp.org.br\/sul\/editorial-boletim-pulsar-01\/\" class=\"vcex-button theme-button inline\" style=\"background:#ff3a3a;color:#ffffff;border-radius:var(--wpex-rounded);\" data-wpex-hover='{&quot;background&quot;:&quot;#d33030&quot;,&quot;color&quot;:&quot;#ffffff&quot;}'><span class=\"vcex-button-inner theme-button-inner\">Leia mais<\/span><\/a> [\/vc_column][\/vc_row][vc_row][vc_column][vc_separator][\/vc_column][\/vc_row][vc_row][vc_column][vc_column_text font_family=&#8221;Bookman Old Style, serif&#8221;]\n<h3><strong>Abertura da VI\u00aa Jornada EBP \u2013 Se\u00e7\u00e3o Sul<br \/>\nCad\u00ea o gozo?<\/strong><\/h3>\n[\/vc_column_text][vc_column_text]<span style=\"font-size: 13px;\">Leonardo Scofield (EBP \/ AMP)<\/span><br \/>\n<span style=\"font-size: 13px;\">Diretor Geral da EBP \u2013 Se\u00e7\u00e3o Sul<\/span><\/p>\n<p>No ano passado, recebemos Graciela Brodsky para nossa Jornada, e o trabalho se concluiu \u2014 pelo menos para mim \u2014 com o melhor que se pode obter: o desejo de seguir trabalhando. Ao fim da Jornada, j\u00e1 em festa, nos interrog\u00e1vamos sobre em que dire\u00e7\u00e3o dever\u00edamos seguir.<br \/>\n\u201cEm dire\u00e7\u00e3o ao gozo opaco\u201d, disse Graciela.<br \/>\nE, com esse eco do gozo opaco, nos colocamos ao trabalho.<br \/>\nAinda nos bastidores do ano passado, Marcia Stival coordenou uma mesa de forma \u00edmpar. Ela se dedicou a tornar mais vivo o ponto central dos trabalhos compartilhados pelos colegas&#8230;[\/vc_column_text][vc_empty_space height=&#8221;20px&#8221;]<a href=\"https:\/\/ebp.org.br\/sul\/abertura-da-via-jornada-ebp-secao-sul-cade-o-gozo\/\" class=\"vcex-button theme-button inline\" style=\"background:#ff3a3a;color:#ffffff;border-radius:var(--wpex-rounded);\" data-wpex-hover='{&quot;background&quot;:&quot;#d33030&quot;,&quot;color&quot;:&quot;#ffffff&quot;}'><span class=\"vcex-button-inner theme-button-inner\">Leia mais<\/span><\/a> [\/vc_column][\/vc_row][vc_row][vc_column][vc_separator][\/vc_column][\/vc_row][vc_row][vc_column][vc_column_text font_family=&#8221;Bookman Old Style, serif&#8221;]\n<h3><strong>Argumento para a VI Jornada da Se\u00e7\u00e3o Sul<br \/>\nCad\u00ea o gozo?<br \/>\nO que diz a \u00e9poca e a cl\u00ednica<\/strong><\/h3>\n[\/vc_column_text][vc_column_text]<span style=\"font-size: 13px;\">Marcia Stival (EBP \/ AMP)<\/span><br \/>\n<span style=\"font-size: 13px;\">Coordenadora da VI Jornada da EBP \u2013 Se\u00e7\u00e3o Sul<\/span><\/p>\n<p>O t\u00edtulo constru\u00eddo para a VI Jornada da Se\u00e7\u00e3o Sul, \u201cCad\u00ea o gozo? O que diz a \u00e9poca e a cl\u00ednica\u201d, traz uma quest\u00e3o que nos aproxima dos ditos que recolhemos em supervis\u00f5es de casos que circulam entre os praticantes da psican\u00e1lise. Como numa busca para operar sobre o que \u00e9 mais pr\u00f3prio de cada um, emaranhado nos ditos e nas atua\u00e7\u00f5es, surge: Cad\u00ea o gozo? E, a fim de orientar a quest\u00e3o, propusemos um subt\u00edtulo: O que diz a \u00e9poca e a cl\u00ednica.<br \/>\nComo um modo de instigar a pesquisa e a elabora\u00e7\u00e3o de textos, delineando por onde caminharemos, vamos nos centrar no que recolhemos da \u00e9poca e no que a cl\u00ednica psicanal\u00edtica nos leva a considerar sobre a inscri\u00e7\u00e3o da linguagem nos corpos.[\/vc_column_text][vc_empty_space height=&#8221;20px&#8221;]<a href=\"https:\/\/ebp.org.br\/sul\/eventos\/jornadas\/6a-jornada-da-ebp-secao-sul-cade-o-gozo-o-que-diz-a-epoca-e-a-clinica\/6a-jornada-da-ebp-secao-sul-cade-o-gozo-o-que-diz-a-epoca-e-a-clinica-argumento\/\" class=\"vcex-button theme-button inline\" style=\"background:#ff3a3a;color:#ffffff;border-radius:var(--wpex-rounded);\" data-wpex-hover='{&quot;background&quot;:&quot;#d33030&quot;,&quot;color&quot;:&quot;#ffffff&quot;}'><span class=\"vcex-button-inner theme-button-inner\">Leia mais<\/span><\/a> [\/vc_column][\/vc_row][vc_row][vc_column][vc_separator][\/vc_column][\/vc_row][vc_row][vc_column][vc_column_text font_family=&#8221;Bookman Old Style, serif&#8221;]\n<h3><strong>Osso 1<\/strong><\/h3>\n[\/vc_column_text][vc_column_text]<span style=\"font-size: 13px;\">Mariana Zelis (EBP \/ AMP)<\/span><\/p>\n<p>Foi lan\u00e7ado o argumento para a VI Jornada da Se\u00e7\u00e3o Sul:\u00a0<em>Cad\u00ea o gozo? O que diz a \u00e9poca e a cl\u00ednica<\/em><strong>,\u00a0<\/strong>apresentado por M\u00e1rcia Stival. A pergunta, em seu contexto cl\u00ednico e pol\u00edtico, orientar\u00e1 nosso trabalho de pesquisa e abriu uma rica discuss\u00e3o na primeira preparat\u00f3ria realizada.<br \/>\nSe esta pergunta pressup\u00f5e um lugar, que lugar seria para o gozo? Ou melhor, de que lugar falamos?<br \/>\nO argumento desdobra v\u00e1rias linhas de pesquisa, pin\u00e7arei tr\u00eas.<br \/>\nA partir dos discursos como lugares e fun\u00e7\u00f5es nos quais, segundo o argumento&#8230;[\/vc_column_text][vc_empty_space height=&#8221;20px&#8221;]<a href=\"https:\/\/ebp.org.br\/sul\/osso-1\/\" class=\"vcex-button theme-button inline\" style=\"background:#ff3a3a;color:#ffffff;border-radius:var(--wpex-rounded);\" data-wpex-hover='{&quot;background&quot;:&quot;#d33030&quot;,&quot;color&quot;:&quot;#ffffff&quot;}'><span class=\"vcex-button-inner theme-button-inner\">Leia mais<\/span><\/a> [\/vc_column][\/vc_row][vc_row][vc_column][vc_separator][\/vc_column][\/vc_row][vc_row][vc_column][vc_column_text font_family=&#8221;Bookman Old Style, serif&#8221;]\n<h3><strong>Osso 2<\/strong><\/h3>\n[\/vc_column_text][vc_column_text]<span style=\"font-size: 13px;\">Fl\u00e1via C\u00eara (EBP \/ AMP)<\/span><\/p>\n<p>Cad\u00ea o gozo? Esse \u00e9 o convite \u00e0 investiga\u00e7\u00e3o que a EBP-Se\u00e7\u00e3o Sul lan\u00e7ou para este ano. Marcia Stival compartilhou conosco os caminhos que percorreu no seu argumento que nos lan\u00e7ou a uma proveitosa conversa no lan\u00e7amento da VI Jornada. Deixo aqui as notas do que seguiu comigo perguntando, ressoando, avan\u00e7ando. Nos perguntamos sobre a localiza\u00e7\u00e3o do gozo n\u00e3o porque ele se esconde, ele desfila na fala, nas repeti\u00e7\u00f5es, nas queixas, ele est\u00e1 infiltrado na linguagem que \u00e9, justamente, como o inconsciente se estrutura. Mas o que \u00e9 dif\u00edcil de apreender nele?[\/vc_column_text][vc_empty_space height=&#8221;20px&#8221;]<a href=\"https:\/\/ebp.org.br\/sul\/osso-2\/\" class=\"vcex-button theme-button inline\" style=\"background:#ff3a3a;color:#ffffff;border-radius:var(--wpex-rounded);\" data-wpex-hover='{&quot;background&quot;:&quot;#d33030&quot;,&quot;color&quot;:&quot;#ffffff&quot;}'><span class=\"vcex-button-inner theme-button-inner\">Leia mais<\/span><\/a> [\/vc_column][\/vc_row][vc_row][vc_column][vc_separator][\/vc_column][\/vc_row][vc_row][vc_column][vc_column_text font_family=&#8221;Bookman Old Style, serif&#8221;]\n<h3><strong>Refer\u00eancias e cita\u00e7\u00f5es \u2013 1<\/strong><\/h3>\n[\/vc_column_text][vc_column_text]Neste primeiro aporte da Comiss\u00e3o de Refer\u00eancias \u00e0 VI Jornada da Se\u00e7\u00e3o Sul daremos destaques \u00e0s cita\u00e7\u00f5es de alguns autores que foram lembrados no debate na Atividade de Abertura da Jornada.<br \/>\nE tamb\u00e9m, como n\u00e3o faltaram adjetiva\u00e7\u00f5es para o gozo nessa primeira atividade: Gozo obscuro, gozo singular, gozo f\u00e1lico, gozo do Um, gozo do bl\u00e1-bl\u00e1-bl\u00e1, gozo do \u023a (Outro barrado) e gozo do sentido, estamos indicando, como leitura inicial, o texto \u201c<em>Os Seis Paradigmas do Gozo\u201d\u00a0<\/em>de Jacques-Alain Miller.[\/vc_column_text][vc_empty_space height=&#8221;20px&#8221;]<a href=\"https:\/\/ebp.org.br\/sul\/referencias-e-citacoes-1\/\" class=\"vcex-button theme-button inline\" style=\"background:#ff3a3a;color:#ffffff;border-radius:var(--wpex-rounded);\" data-wpex-hover='{&quot;background&quot;:&quot;#d33030&quot;,&quot;color&quot;:&quot;#ffffff&quot;}'><span class=\"vcex-button-inner theme-button-inner\">Leia mais<\/span><\/a> [\/vc_column][\/vc_row][vc_row][vc_column][vc_separator][\/vc_column][\/vc_row][vc_row full_width=&#8221;stretch_row&#8221;][vc_column][vc_single_image image=&#8221;5479&#8243; alignment=&#8221;center&#8221;][\/vc_column][\/vc_row]\n<\/section>","protected":false},"excerpt":{"rendered":"<p>[vc_row full_width=&#8221;stretch_row&#8221;][vc_column][vc_single_image image=&#8221;5478&#8243; alignment=&#8221;center&#8221;][vc_column_text font_family=&#8221;Bookman Old Style, serif&#8221;] n\u00ba1 [\/vc_column_text][vc_empty_space height=&#8221;20px&#8221;][vc_separator][\/vc_column][\/vc_row][vc_row][vc_column][vc_column_text font_family=&#8221;Bookman Old Style, serif&#8221;] EDITORIAL [\/vc_column_text][vc_column_text]Equipe do Boletim P U L S\u00a0a\u00a0R Diego Cervelin (EBP \/ AMP) e Val\u00e9ria Beatriz Araujo\u00a0\u2013 Editores Fernanda Batista e Priscila de S\u00e1 Santos \u201cA gente escreve o que ouve \u2013 nunca o que houve\u201d Oswald de Andrade Um&hellip;<\/p>\n","protected":false},"author":1,"featured_media":0,"parent":5468,"menu_order":0,"comment_status":"closed","ping_status":"closed","template":"","meta":{"footnotes":""},"class_list":["post-5471","page","type-page","status-publish","hentry","entry","no-media"],"_links":{"self":[{"href":"https:\/\/ebp.org.br\/sul\/wp-json\/wp\/v2\/pages\/5471","targetHints":{"allow":["GET"]}}],"collection":[{"href":"https:\/\/ebp.org.br\/sul\/wp-json\/wp\/v2\/pages"}],"about":[{"href":"https:\/\/ebp.org.br\/sul\/wp-json\/wp\/v2\/types\/page"}],"author":[{"embeddable":true,"href":"https:\/\/ebp.org.br\/sul\/wp-json\/wp\/v2\/users\/1"}],"replies":[{"embeddable":true,"href":"https:\/\/ebp.org.br\/sul\/wp-json\/wp\/v2\/comments?post=5471"}],"version-history":[{"count":14,"href":"https:\/\/ebp.org.br\/sul\/wp-json\/wp\/v2\/pages\/5471\/revisions"}],"predecessor-version":[{"id":5491,"href":"https:\/\/ebp.org.br\/sul\/wp-json\/wp\/v2\/pages\/5471\/revisions\/5491"}],"up":[{"embeddable":true,"href":"https:\/\/ebp.org.br\/sul\/wp-json\/wp\/v2\/pages\/5468"}],"wp:attachment":[{"href":"https:\/\/ebp.org.br\/sul\/wp-json\/wp\/v2\/media?parent=5471"}],"curies":[{"name":"wp","href":"https:\/\/api.w.org\/{rel}","templated":true}]}}