{"id":5468,"date":"2025-06-24T08:47:16","date_gmt":"2025-06-24T11:47:16","guid":{"rendered":"https:\/\/ebp.org.br\/sul\/?page_id=5468"},"modified":"2025-11-04T15:00:51","modified_gmt":"2025-11-04T18:00:51","slug":"boletim-pulsar","status":"publish","type":"page","link":"https:\/\/ebp.org.br\/sul\/eventos\/jornadas\/6a-jornada-da-ebp-secao-sul-cade-o-gozo-o-que-diz-a-epoca-e-a-clinica\/boletim-pulsar\/","title":{"rendered":"6\u00aa Jornada da EBP \u2013 Se\u00e7\u00e3o Sul &#8211; Cad\u00ea o gozo? O que diz a \u00e9poca e a cl\u00ednica &#8211; Boletim Pulsar"},"content":{"rendered":"<section class=\"wpb-content-wrapper\">[vc_row][vc_column][vc_single_image image=&#8221;5398&#8243;][vc_empty_space height=&#8221;80px&#8221;][\/vc_column][\/vc_row][vc_row][vc_column width=&#8221;1\/5&#8243;][vc_single_image image=&#8221;5469&#8243;][vc_empty_space height=&#8221;15px&#8221;]<a href=\"https:\/\/ebp.org.br\/sul\/eventos\/jornadas\/6a-jornada-da-ebp-secao-sul-cade-o-gozo-o-que-diz-a-epoca-e-a-clinica\/boletim-pulsar\/6a-jornada-da-ebp-secao-sul-cade-o-gozo-o-que-diz-a-epoca-e-a-clinica-boletim-pulsar-01\/\" class=\"vcex-button theme-button inline\" style=\"background:#ff3a3a;color:#ffffff;\" data-wpex-hover='{&quot;background&quot;:&quot;#dd3333&quot;,&quot;color&quot;:&quot;#ffffff&quot;}'><span class=\"vcex-button-inner theme-button-inner\">Boletim #01<\/span><\/a> [\/vc_column][vc_column width=&#8221;1\/5&#8243;][vc_single_image image=&#8221;5469&#8243;][vc_empty_space height=&#8221;15px&#8221;]<a href=\"https:\/\/ebp.org.br\/sul\/eventos\/jornadas\/6a-jornada-da-ebp-secao-sul-cade-o-gozo-o-que-diz-a-epoca-e-a-clinica\/boletim-pulsar\/6a-jornada-da-ebp-secao-sul-cade-o-gozo-o-que-diz-a-epoca-e-a-clinica-boletim-pulsar-02\/\" class=\"vcex-button theme-button inline\" style=\"background:#ff3a3a;color:#ffffff;\" data-wpex-hover='{&quot;background&quot;:&quot;#dd3333&quot;,&quot;color&quot;:&quot;#ffffff&quot;}'><span class=\"vcex-button-inner theme-button-inner\">Boletim #02<\/span><\/a> [\/vc_column][vc_column width=&#8221;1\/5&#8243;][vc_single_image image=&#8221;5469&#8243;][vc_empty_space height=&#8221;15px&#8221;]<a href=\"https:\/\/ebp.org.br\/sul\/eventos\/jornadas\/6a-jornada-da-ebp-secao-sul-cade-o-gozo-o-que-diz-a-epoca-e-a-clinica\/boletim-pulsar\/6a-jornada-da-ebp-secao-sul-cade-o-gozo-o-que-diz-a-epoca-e-a-clinica-boletim-pulsar-03\/\" class=\"vcex-button theme-button inline\" style=\"background:#ff3a3a;color:#ffffff;\" data-wpex-hover='{&quot;background&quot;:&quot;#dd3333&quot;,&quot;color&quot;:&quot;#ffffff&quot;}'><span class=\"vcex-button-inner theme-button-inner\">Boletim #03<\/span><\/a> [\/vc_column][vc_column width=&#8221;1\/5&#8243;][vc_single_image image=&#8221;5469&#8243;][vc_empty_space height=&#8221;15px&#8221;]<a href=\"https:\/\/ebp.org.br\/sul\/eventos\/jornadas\/6a-jornada-da-ebp-secao-sul-cade-o-gozo-o-que-diz-a-epoca-e-a-clinica\/boletim-pulsar\/6a-jornada-da-ebp-secao-sul-cade-o-gozo-o-que-diz-a-epoca-e-a-clinica-boletim-pulsar-04\/\" class=\"vcex-button theme-button inline\" style=\"background:#ff3a3a;color:#ffffff;\" data-wpex-hover='{&quot;background&quot;:&quot;#dd3333&quot;,&quot;color&quot;:&quot;#ffffff&quot;}'><span class=\"vcex-button-inner theme-button-inner\">Boletim #04<\/span><\/a> [\/vc_column][vc_column width=&#8221;1\/5&#8243;][vc_single_image image=&#8221;5469&#8243;][vc_empty_space height=&#8221;15px&#8221;]<a href=\"https:\/\/ebp.org.br\/sul\/eventos\/jornadas\/6a-jornada-da-ebp-secao-sul-cade-o-gozo-o-que-diz-a-epoca-e-a-clinica\/boletim-pulsar\/6a-jornada-da-ebp-secao-sul-cade-o-gozo-o-que-diz-a-epoca-e-a-clinica-boletim-pulsar-05\/\" class=\"vcex-button theme-button inline\" style=\"background:#ff3a3a;color:#ffffff;\" data-wpex-hover='{&quot;background&quot;:&quot;#dd3333&quot;,&quot;color&quot;:&quot;#ffffff&quot;}'><span class=\"vcex-button-inner theme-button-inner\">Boletim #05<\/span><\/a> [\/vc_column][\/vc_row]\n<\/section>","protected":false},"excerpt":{"rendered":"<p>[vc_row][vc_column][vc_single_image image=&#8221;5398&#8243;][vc_empty_space height=&#8221;80px&#8221;][\/vc_column][\/vc_row][vc_row][vc_column width=&#8221;1\/5&#8243;][vc_single_image image=&#8221;5469&#8243;][vc_empty_space height=&#8221;15px&#8221;][\/vc_column][vc_column width=&#8221;1\/5&#8243;][vc_single_image image=&#8221;5469&#8243;][vc_empty_space height=&#8221;15px&#8221;][\/vc_column][vc_column width=&#8221;1\/5&#8243;][vc_single_image image=&#8221;5469&#8243;][vc_empty_space height=&#8221;15px&#8221;][\/vc_column][vc_column width=&#8221;1\/5&#8243;][vc_single_image image=&#8221;5469&#8243;][vc_empty_space height=&#8221;15px&#8221;][\/vc_column][vc_column width=&#8221;1\/5&#8243;][vc_single_image image=&#8221;5469&#8243;][vc_empty_space height=&#8221;15px&#8221;][\/vc_column][\/vc_row]<\/p>\n","protected":false},"author":1,"featured_media":0,"parent":5395,"menu_order":0,"comment_status":"closed","ping_status":"closed","template":"","meta":{"footnotes":""},"class_list":["post-5468","page","type-page","status-publish","hentry","entry","no-media"],"_links":{"self":[{"href":"https:\/\/ebp.org.br\/sul\/wp-json\/wp\/v2\/pages\/5468","targetHints":{"allow":["GET"]}}],"collection":[{"href":"https:\/\/ebp.org.br\/sul\/wp-json\/wp\/v2\/pages"}],"about":[{"href":"https:\/\/ebp.org.br\/sul\/wp-json\/wp\/v2\/types\/page"}],"author":[{"embeddable":true,"href":"https:\/\/ebp.org.br\/sul\/wp-json\/wp\/v2\/users\/1"}],"replies":[{"embeddable":true,"href":"https:\/\/ebp.org.br\/sul\/wp-json\/wp\/v2\/comments?post=5468"}],"version-history":[{"count":10,"href":"https:\/\/ebp.org.br\/sul\/wp-json\/wp\/v2\/pages\/5468\/revisions"}],"predecessor-version":[{"id":5668,"href":"https:\/\/ebp.org.br\/sul\/wp-json\/wp\/v2\/pages\/5468\/revisions\/5668"}],"up":[{"embeddable":true,"href":"https:\/\/ebp.org.br\/sul\/wp-json\/wp\/v2\/pages\/5395"}],"wp:attachment":[{"href":"https:\/\/ebp.org.br\/sul\/wp-json\/wp\/v2\/media?parent=5468"}],"curies":[{"name":"wp","href":"https:\/\/api.w.org\/{rel}","templated":true}]}}