{"id":5407,"date":"2025-05-26T20:29:43","date_gmt":"2025-05-26T23:29:43","guid":{"rendered":"https:\/\/ebp.org.br\/sul\/?page_id=5407"},"modified":"2025-10-09T16:29:56","modified_gmt":"2025-10-09T19:29:56","slug":"6a-jornada-da-ebp-secao-sul-cade-o-gozo-o-que-diz-a-epoca-e-a-clinica-inscricoes","status":"publish","type":"page","link":"https:\/\/ebp.org.br\/sul\/eventos\/jornadas\/6a-jornada-da-ebp-secao-sul-cade-o-gozo-o-que-diz-a-epoca-e-a-clinica\/6a-jornada-da-ebp-secao-sul-cade-o-gozo-o-que-diz-a-epoca-e-a-clinica-inscricoes\/","title":{"rendered":"6\u00aa Jornada da EBP \u2013 Se\u00e7\u00e3o Sul &#8211; Cad\u00ea o gozo? O que diz a \u00e9poca e a cl\u00ednica &#8211; Inscri\u00e7\u00f5es"},"content":{"rendered":"<section class=\"wpb-content-wrapper\">[vc_row][vc_column][vc_single_image image=&#8221;5398&#8243;][\/vc_column][\/vc_row][vc_row][vc_column][vc_column_text]\n<h3>Inscri\u00e7\u00e3o 6\u00aa Jornada da EBP &#8211; Se\u00e7\u00e3o Sul<\/h3>\n<p><strong><span style=\"color: #993300;\">24 e 25 de Outubro de 2025<\/span><\/strong><\/p>\n<p>O evento ser\u00e1 presencial em Curitiba.<\/p>\n<p>As pessoas que se inscreverem como estudantes de at\u00e9 26 anos, alunos do CPOL ou a\u00e7\u00f5es participativas devem encaminhar seus comprovantes de matr\u00edcula ou carta de solicita\u00e7\u00e3o para o e-mail j<a href=\"mailto:ornadaebpsul@gmail.com\">ornadaebpsul@gmail.com<\/a><\/p>\n<h3 style=\"text-align: center;\"><span style=\"color: #993300;\">Valores de inscri\u00e7\u00e3o:<\/span><\/h3>\n[\/vc_column_text][\/vc_column][\/vc_row][vc_row css=&#8221;.vc_custom_1748302329088{background-color: #f4f4f4 !important;border-radius: 5px !important;}&#8221;][vc_column][vc_empty_space height=&#8221;20px&#8221;][vc_column_text]\n<p style=\"text-align: center;\"><span style=\"font-size: 16px;\"><strong>Lan\u00e7amento &#8211; de 28 de maio at\u00e9 15 de junho<\/strong><\/span><\/p>\n[\/vc_column_text][vc_empty_space height=&#8221;10px&#8221;]<div class=\"vcex-module vcex-divider vcex-divider-solid vcex-divider-center wpex-mx-auto wpex-block wpex-h-0 wpex-border-b wpex-border-solid wpex-border-main\" style=\"border-color:#c6c6c6;\"><\/div>[vc_empty_space height=&#8221;20px&#8221;][vc_row_inner css=&#8221;.vc_custom_1748302353350{margin-bottom: -30px !important;}&#8221;][vc_column_inner width=&#8221;1\/2&#8243;][vc_column_text]\n<p style=\"text-align: center;\"><span style=\"color: #993300;\"><strong>Membros da EBP\/AMP e <\/strong><\/span><br \/>\n<span style=\"color: #993300;\"><strong>demais profissionais<\/strong><\/span><\/p>\n[\/vc_column_text][vc_column_text]\n<h3 style=\"text-align: center;\"><span style=\"color: #993300;\"><strong>R$ 380,00<\/strong><\/span><\/h3>\n[\/vc_column_text][\/vc_column_inner][vc_column_inner width=&#8221;1\/2&#8243;][vc_column_text]\n<p style=\"text-align: center;\"><strong><span style=\"color: #993300;\">Estudantes at\u00e9 26 anos, alunos do<\/span><\/strong><br \/>\n<strong><span style=\"color: #993300;\">CPOL e a\u00e7\u00f5es afirmativas<\/span><\/strong><\/p>\n[\/vc_column_text][vc_column_text]\n<h3 style=\"text-align: center;\"><span style=\"color: #993300;\"><strong>R$ 200,00<\/strong><\/span><\/h3>\n[\/vc_column_text][\/vc_column_inner][\/vc_row_inner][\/vc_column][\/vc_row][vc_row][vc_column][vc_empty_space]<div class=\"vcex-module vcex-divider vcex-divider-solid vcex-divider-center wpex-mx-auto wpex-block wpex-h-0 wpex-border-b wpex-border-solid wpex-border-main\" style=\"border-color:var(--wpex-accent);\"><\/div>[vc_empty_space][\/vc_column][\/vc_row][vc_row css=&#8221;.vc_custom_1748302329088{background-color: #f4f4f4 !important;border-radius: 5px !important;}&#8221;][vc_column][vc_empty_space height=&#8221;20px&#8221;][vc_column_text]\n<p style=\"text-align: center;\"><span style=\"font-size: 16px;\"><strong>De 16 de junho at\u00e9 31 de agosto<\/strong><\/span><\/p>\n[\/vc_column_text][vc_empty_space height=&#8221;10px&#8221;]<div class=\"vcex-module vcex-divider vcex-divider-solid vcex-divider-center wpex-mx-auto wpex-block wpex-h-0 wpex-border-b wpex-border-solid wpex-border-main\" style=\"border-color:#c6c6c6;\"><\/div>[vc_empty_space height=&#8221;20px&#8221;][vc_row_inner css=&#8221;.vc_custom_1748302353350{margin-bottom: -30px !important;}&#8221;][vc_column_inner width=&#8221;1\/2&#8243;][vc_column_text]\n<p style=\"text-align: center;\"><span style=\"color: #993300;\"><strong>Membros da EBP\/AMP e <\/strong><\/span><br \/>\n<span style=\"color: #993300;\"><strong>demais profissionais<\/strong><\/span><\/p>\n[\/vc_column_text][vc_column_text]\n<h3 style=\"text-align: center;\"><span style=\"color: #993300;\"><strong>R$ 480,00<\/strong><\/span><\/h3>\n[\/vc_column_text][\/vc_column_inner][vc_column_inner width=&#8221;1\/2&#8243;][vc_column_text]\n<p style=\"text-align: center;\"><strong><span style=\"color: #993300;\">Estudantes at\u00e9 26 anos, alunos do<\/span><\/strong><br \/>\n<strong><span style=\"color: #993300;\">CPOL e a\u00e7\u00f5es afirmativas<\/span><\/strong><\/p>\n[\/vc_column_text][vc_column_text]\n<h3 style=\"text-align: center;\"><span style=\"color: #993300;\"><strong>R$ 270,00<\/strong><\/span><\/h3>\n[\/vc_column_text][\/vc_column_inner][\/vc_row_inner][\/vc_column][\/vc_row][vc_row][vc_column][vc_empty_space]<div class=\"vcex-module vcex-divider vcex-divider-solid vcex-divider-center wpex-mx-auto wpex-block wpex-h-0 wpex-border-b wpex-border-solid wpex-border-main\" style=\"border-color:var(--wpex-accent);\"><\/div>[vc_empty_space][\/vc_column][\/vc_row][vc_row css=&#8221;.vc_custom_1748302329088{background-color: #f4f4f4 !important;border-radius: 5px !important;}&#8221;][vc_column][vc_empty_space height=&#8221;20px&#8221;][vc_column_text]\n<p style=\"text-align: center;\"><span style=\"font-size: 16px;\"><strong>De 01 de setembro at\u00e9 24 de outubro<\/strong><\/span><\/p>\n[\/vc_column_text][vc_empty_space height=&#8221;10px&#8221;]<div class=\"vcex-module vcex-divider vcex-divider-solid vcex-divider-center wpex-mx-auto wpex-block wpex-h-0 wpex-border-b wpex-border-solid wpex-border-main\" style=\"border-color:#c6c6c6;\"><\/div>[vc_empty_space height=&#8221;20px&#8221;][vc_row_inner css=&#8221;.vc_custom_1748302353350{margin-bottom: -30px !important;}&#8221;][vc_column_inner width=&#8221;1\/2&#8243;][vc_column_text]\n<p style=\"text-align: center;\"><span style=\"color: #993300;\"><strong>Membros da EBP\/AMP e <\/strong><\/span><br \/>\n<span style=\"color: #993300;\"><strong>demais profissionais<\/strong><\/span><\/p>\n[\/vc_column_text][vc_column_text]\n<h3 style=\"text-align: center;\"><span style=\"color: #993300;\"><strong>R$ 530,00<\/strong><\/span><\/h3>\n[\/vc_column_text][\/vc_column_inner][vc_column_inner width=&#8221;1\/2&#8243;][vc_column_text]\n<p style=\"text-align: center;\"><strong><span style=\"color: #993300;\">Estudantes at\u00e9 26 anos, alunos do<\/span><\/strong><br \/>\n<strong><span style=\"color: #993300;\">CPOL e a\u00e7\u00f5es afirmativas<\/span><\/strong><\/p>\n[\/vc_column_text][vc_column_text]\n<h3 style=\"text-align: center;\"><span style=\"color: #993300;\"><strong>R$ 300,00<\/strong><\/span><\/h3>\n[\/vc_column_text][\/vc_column_inner][\/vc_row_inner][\/vc_column][\/vc_row][vc_row][vc_column]<div class=\"vcex-spacing wpex-w-100 wpex-clear\"><\/div>[vc_column_text]\n<p style=\"text-align: center;\"><span style=\"color: #993300;\"><strong>Ap\u00f3s preencher o formul\u00e1rio voc\u00ea receber\u00e1 os dados para o pagamento por Pix ou Dep\u00f3sito banc\u00e1rio.<\/strong><\/span><\/p>\n[\/vc_column_text][\/vc_column][\/vc_row][vc_row][vc_column]<div class=\"theme-button-wrap textcenter wpex-clr\"><a href=\"https:\/\/docs.google.com\/forms\/d\/e\/1FAIpQLScIhmQeqrTCuavELQZUhqZyLRE_Zg1y_xT3TSCIkcvSYg69mQ\/viewform\" class=\"vcex-button theme-button align-center inline\" target=\"_blank\" rel=\"noopener noreferrer\"><span class=\"vcex-button-inner theme-button-inner\">INSCRI\u00c7\u00d5ES<\/span><\/a><\/div> [\/vc_column][\/vc_row]\n<\/section>","protected":false},"excerpt":{"rendered":"<p>[vc_row][vc_column][vc_single_image image=&#8221;5398&#8243;][\/vc_column][\/vc_row][vc_row][vc_column][vc_column_text] Inscri\u00e7\u00e3o 6\u00aa Jornada da EBP &#8211; Se\u00e7\u00e3o Sul 24 e 25 de Outubro de 2025 O evento ser\u00e1 presencial em Curitiba. As pessoas que se inscreverem como estudantes de at\u00e9 26 anos, alunos do CPOL ou a\u00e7\u00f5es participativas devem encaminhar seus comprovantes de matr\u00edcula ou carta de solicita\u00e7\u00e3o para o e-mail jornadaebpsul@gmail.com Valores&hellip;<\/p>\n","protected":false},"author":1,"featured_media":0,"parent":5395,"menu_order":0,"comment_status":"closed","ping_status":"closed","template":"","meta":{"footnotes":""},"class_list":["post-5407","page","type-page","status-publish","hentry","entry","no-media"],"_links":{"self":[{"href":"https:\/\/ebp.org.br\/sul\/wp-json\/wp\/v2\/pages\/5407","targetHints":{"allow":["GET"]}}],"collection":[{"href":"https:\/\/ebp.org.br\/sul\/wp-json\/wp\/v2\/pages"}],"about":[{"href":"https:\/\/ebp.org.br\/sul\/wp-json\/wp\/v2\/types\/page"}],"author":[{"embeddable":true,"href":"https:\/\/ebp.org.br\/sul\/wp-json\/wp\/v2\/users\/1"}],"replies":[{"embeddable":true,"href":"https:\/\/ebp.org.br\/sul\/wp-json\/wp\/v2\/comments?post=5407"}],"version-history":[{"count":23,"href":"https:\/\/ebp.org.br\/sul\/wp-json\/wp\/v2\/pages\/5407\/revisions"}],"predecessor-version":[{"id":5626,"href":"https:\/\/ebp.org.br\/sul\/wp-json\/wp\/v2\/pages\/5407\/revisions\/5626"}],"up":[{"embeddable":true,"href":"https:\/\/ebp.org.br\/sul\/wp-json\/wp\/v2\/pages\/5395"}],"wp:attachment":[{"href":"https:\/\/ebp.org.br\/sul\/wp-json\/wp\/v2\/media?parent=5407"}],"curies":[{"name":"wp","href":"https:\/\/api.w.org\/{rel}","templated":true}]}}