{"id":54,"date":"2015-05-11T14:13:41","date_gmt":"2015-05-11T17:13:41","guid":{"rendered":"http:\/\/www.bitpublimedia.ro\/themes\/integrity-wp\/?page_id=54"},"modified":"2024-02-29T17:57:22","modified_gmt":"2024-02-29T20:57:22","slug":"contato","status":"publish","type":"page","link":"https:\/\/ebp.org.br\/sul\/sobre\/contato\/","title":{"rendered":"Contato"},"content":{"rendered":"<section class=\"wpb-content-wrapper\">[vc_row gmbt_prlx_bg_type=&#8221;parallax&#8221; gmbt_prlx_break_parents=&#8221;0&#8243; gmbt_prlx_smooth_scrolling=&#8221;&#8221; gmbt_prlx_video_mute=&#8221;&#8221; gmbt_prlx_video_force_hd=&#8221;&#8221; gmbt_prlx_opacity=&#8221;100&#8243; gmbt_prlx_video_aspect_ratio=&#8221;16:9&#8243; gmbt_prlx_parallax=&#8221;none&#8221; gmbt_prlx_speed=&#8221;0.3&#8243; gmbt_prlx_enable_mobile=&#8221;&#8221; css=&#8221;.vc_custom_1702982463832{margin-bottom: 100px !important;}&#8221;][vc_column][vc_gmaps link=&#8221;#E-8_JTNDaWZyYW1lJTIwc3JjJTNEJTIyaHR0cHMlM0ElMkYlMkZ3d3cuZ29vZ2xlLmNvbSUyRm1hcHMlMkZlbWJlZCUzRnBiJTNEJTIxMW0xOCUyMTFtMTIlMjExbTMlMjExZDM1MzYuNDc2MDc1MDU4NDU4NyUyMTJkLTQ4LjUxMjkzNDY4NTM0NzAzJTIxM2QtMjcuNTc4NzY2MTgyODQ1MzYlMjEybTMlMjExZjAlMjEyZjAlMjEzZjAlMjEzbTIlMjExaTEwMjQlMjEyaTc2OCUyMTRmMTMuMSUyMTNtMyUyMTFtMiUyMTFzMHg5NTI3MzgyNDA1MGIwODkzJTI1M0EweDQ1Y2IwOWFhZDkzN2Q2ZmElMjEyc0VzY29sYSUyQkJyYXNpbGVpcmElMkJkZSUyQlBzaWNhbiUyNUMzJTI1QTFsaXNlJTIxNWUwJTIxM20yJTIxMXNwdC1CUiUyMTJzYnIlMjE0djE1MDE4ODIxNTc1NzclMjIlMjB3aWR0aCUzRCUyMjYwMCUyMiUyMGhlaWdodCUzRCUyMjQ1MCUyMiUyMGZyYW1lYm9yZGVyJTNEJTIyMCUyMiUyMHN0eWxlJTNEJTIyYm9yZGVyJTNBMCUyMiUyMGFsbG93ZnVsbHNjcmVlbiUzRSUzQyUyRmlmcmFtZSUzRQ==&#8221; size=&#8221;500&#8243;]<div class=\"vcex-spacing wpex-w-100 wpex-clear\"><\/div>[vc_column_text]<strong>EBP Se\u00e7\u00e3o Sul SC<\/strong><\/p>\n<p>Rua Prof. Ayrton Roberto de Oliveira, 32. Ed. Laguna Corporate Center, t\u00e9rreo.<br \/>\nCEP 88034-050, Itacorubi, Florian\u00f3polis, SC<br \/>\nTel.:(48) 3222-2962 (secretaria EBP Se\u00e7\u00e3o Sul)<br \/>\nEmail: <a href=\"mailto:ebpsul@gmail.com\">ebpsul@gmail.com<\/a><br \/>\nDe segunda a sexta-feira, das 8h \u00e0s 12h e das 13h \u00e0s 17h[\/vc_column_text]<div class=\"vcex-spacing wpex-w-100 wpex-clear\"><\/div><div class=\"vcex-module vcex-divider vcex-divider-solid vcex-divider-center wpex-mx-auto wpex-block wpex-h-0 wpex-border-b wpex-border-solid wpex-border-main\" style=\"border-color:#a02323;\"><\/div><div class=\"vcex-spacing wpex-w-100 wpex-clear\"><\/div>[vc_gmaps link=&#8221;#E-8_JTNDaWZyYW1lJTIwc3JjJTNEJTIyaHR0cHMlM0ElMkYlMkZ3d3cuZ29vZ2xlLmNvbSUyRm1hcHMlMkZlbWJlZCUzRnBiJTNEJTIxMW0xOCUyMTFtMTIlMjExbTMlMjExZDM2MDMuNjAxNjEwMTU2NjQ3NCUyMTJkLTQ5LjI3MDc1NzAyMzg1ODA2JTIxM2QtMjUuNDE4MTQyODMyNDI0MTEzJTIxMm0zJTIxMWYwJTIxMmYwJTIxM2YwJTIxM20yJTIxMWkxMDI0JTIxMmk3NjglMjE0ZjEzLjElMjEzbTMlMjExbTIlMjExczB4OTRkY2U0MTk5YWQ5ZTI4NSUyNTNBMHgzY2FhMzJkNzRhMzJlZGY1JTIxMnNBdi4lMjUyMEMlMjVDMyUyNUEybmRpZG8lMjUyMGRlJTI1MjBBYnJldSUyNTJDJTI1MjA3NzYlMjUyMC0lMjUyMENlbnRybyUyNTIwQyUyNUMzJTI1QUR2aWNvJTI1MkMlMjUyMEN1cml0aWJhJTI1MjAtJTI1MjBQUiUyNTJDJTI1MjA4MDUzMC0wMDAlMjE1ZTAlMjEzbTIlMjExc3B0LUJSJTIxMnNiciUyMTR2MTcwMjk4MjIwNDAyNSUyMTVtMiUyMTFzcHQtQlIlMjEyc2JyJTIyJTIwd2lkdGglM0QlMjI2MDAlMjIlMjBoZWlnaHQlM0QlMjI0NTAlMjIlMjBzdHlsZSUzRCUyMmJvcmRlciUzQTAlM0IlMjIlMjBhbGxvd2Z1bGxzY3JlZW4lM0QlMjIlMjIlMjBsb2FkaW5nJTNEJTIybGF6eSUyMiUyMHJlZmVycmVycG9saWN5JTNEJTIybm8tcmVmZXJyZXItd2hlbi1kb3duZ3JhZGUlMjIlM0UlM0MlMkZpZnJhbWUlM0U=&#8221; size=&#8221;500&#8243;]<div class=\"vcex-spacing wpex-w-100 wpex-clear\"><\/div>[vc_column_text]<strong>EBP Se\u00e7\u00e3o Sul PR<\/strong><\/p>\n<p>Avenida Candido de Abreu, 776, sala 808, Centro C\u00edvico. Curitiba\/PR.<br \/>\nCep. 80530-000 .<br \/>\nTelefone de contato e WhatsApp: (48) 3222-2962 Secretaria EBP[\/vc_column_text][\/vc_column][\/vc_row][vc_row][vc_column][\/vc_column][\/vc_row]\n<\/section>","protected":false},"excerpt":{"rendered":"<p>[vc_row gmbt_prlx_bg_type=&#8221;parallax&#8221; gmbt_prlx_break_parents=&#8221;0&#8243; gmbt_prlx_smooth_scrolling=&#8221;&#8221; gmbt_prlx_video_mute=&#8221;&#8221; gmbt_prlx_video_force_hd=&#8221;&#8221; gmbt_prlx_opacity=&#8221;100&#8243; gmbt_prlx_video_aspect_ratio=&#8221;16:9&#8243; gmbt_prlx_parallax=&#8221;none&#8221; gmbt_prlx_speed=&#8221;0.3&#8243; gmbt_prlx_enable_mobile=&#8221;&#8221; css=&#8221;.vc_custom_1702982463832{margin-bottom: 100px !important;}&#8221;][vc_column][vc_gmaps link=&#8221;#E-8_JTNDaWZyYW1lJTIwc3JjJTNEJTIyaHR0cHMlM0ElMkYlMkZ3d3cuZ29vZ2xlLmNvbSUyRm1hcHMlMkZlbWJlZCUzRnBiJTNEJTIxMW0xOCUyMTFtMTIlMjExbTMlMjExZDM1MzYuNDc2MDc1MDU4NDU4NyUyMTJkLTQ4LjUxMjkzNDY4NTM0NzAzJTIxM2QtMjcuNTc4NzY2MTgyODQ1MzYlMjEybTMlMjExZjAlMjEyZjAlMjEzZjAlMjEzbTIlMjExaTEwMjQlMjEyaTc2OCUyMTRmMTMuMSUyMTNtMyUyMTFtMiUyMTFzMHg5NTI3MzgyNDA1MGIwODkzJTI1M0EweDQ1Y2IwOWFhZDkzN2Q2ZmElMjEyc0VzY29sYSUyQkJyYXNpbGVpcmElMkJkZSUyQlBzaWNhbiUyNUMzJTI1QTFsaXNlJTIxNWUwJTIxM20yJTIxMXNwdC1CUiUyMTJzYnIlMjE0djE1MDE4ODIxNTc1NzclMjIlMjB3aWR0aCUzRCUyMjYwMCUyMiUyMGhlaWdodCUzRCUyMjQ1MCUyMiUyMGZyYW1lYm9yZGVyJTNEJTIyMCUyMiUyMHN0eWxlJTNEJTIyYm9yZGVyJTNBMCUyMiUyMGFsbG93ZnVsbHNjcmVlbiUzRSUzQyUyRmlmcmFtZSUzRQ==&#8221; size=&#8221;500&#8243;][vc_column_text]EBP Se\u00e7\u00e3o Sul SC Rua Prof. Ayrton Roberto de Oliveira, 32. Ed. Laguna Corporate Center, t\u00e9rreo. CEP 88034-050, Itacorubi, Florian\u00f3polis, SC Tel.:(48) 3222-2962 (secretaria EBP Se\u00e7\u00e3o Sul) Email: ebpsul@gmail.com De segunda a sexta-feira, das 8h \u00e0s 12h e das 13h&hellip;<\/p>\n","protected":false},"author":1,"featured_media":0,"parent":1178,"menu_order":0,"comment_status":"closed","ping_status":"closed","template":"","meta":{"footnotes":""},"class_list":["post-54","page","type-page","status-publish","hentry","entry","no-media"],"_links":{"self":[{"href":"https:\/\/ebp.org.br\/sul\/wp-json\/wp\/v2\/pages\/54","targetHints":{"allow":["GET"]}}],"collection":[{"href":"https:\/\/ebp.org.br\/sul\/wp-json\/wp\/v2\/pages"}],"about":[{"href":"https:\/\/ebp.org.br\/sul\/wp-json\/wp\/v2\/types\/page"}],"author":[{"embeddable":true,"href":"https:\/\/ebp.org.br\/sul\/wp-json\/wp\/v2\/users\/1"}],"replies":[{"embeddable":true,"href":"https:\/\/ebp.org.br\/sul\/wp-json\/wp\/v2\/comments?post=54"}],"version-history":[{"count":7,"href":"https:\/\/ebp.org.br\/sul\/wp-json\/wp\/v2\/pages\/54\/revisions"}],"predecessor-version":[{"id":4721,"href":"https:\/\/ebp.org.br\/sul\/wp-json\/wp\/v2\/pages\/54\/revisions\/4721"}],"up":[{"embeddable":true,"href":"https:\/\/ebp.org.br\/sul\/wp-json\/wp\/v2\/pages\/1178"}],"wp:attachment":[{"href":"https:\/\/ebp.org.br\/sul\/wp-json\/wp\/v2\/media?parent=54"}],"curies":[{"name":"wp","href":"https:\/\/api.w.org\/{rel}","templated":true}]}}