{"id":5255,"date":"2024-10-31T17:12:26","date_gmt":"2024-10-31T20:12:26","guid":{"rendered":"https:\/\/ebp.org.br\/sul\/?page_id=5255"},"modified":"2025-09-19T08:12:48","modified_gmt":"2025-09-19T11:12:48","slug":"atividades-2","status":"publish","type":"page","link":"https:\/\/ebp.org.br\/sul\/carteis-e-intercambio\/atividades-2\/","title":{"rendered":"Atividades"},"content":{"rendered":"<section class=\"wpb-content-wrapper\">[vc_row][vc_column][vc_column_text]\n<h3><span style=\"color: #993300;\">Noite de Cart\u00e9is<\/span><\/h3>\n<ul>\n<li>11\/6, 20h<\/li>\n<li>&#8220;O cartel e seus poss\u00edveis efeitos de forma\u00e7\u00e3o&#8221;.\u00a0 Convidada Beatriz Udenio, AME EOL\/AMP<\/li>\n<\/ul>\n<div>\n<hr \/>\n<\/div>\n<h3><span style=\"color: #993300;\">Jornada de Cart\u00e9is 2025<\/span><\/h3>\n<p>Data: <strong>5 e 6 de dezembro de 2025<\/strong><\/p>\n<p><strong><span style=\"color: #993300;\">Cartel e transfer\u00eancia de trabalho: amor, dizer e acontecimento<\/span><\/strong><\/p>\n<p>Convidados: S\u00e9rgio Laia (AME EBP\/AMP) e Laura Rubi\u00e3o (Diretora de Cart\u00e9is da EBP)<\/p>\n<p>Prazo do envio de trabalhos:\u00a0 <strong>03\/11\/25<\/strong><\/p>\n<p>Enviar o texto para o e-mail:\u00a0<a href=\"mailto:equipedecarteisebpsul@gmail.com\">equipedecarteisebpsul@gmail.com<\/a><\/p>\n<p><strong>Crit\u00e9rios para o envio dos trabalhos:<\/strong><\/p>\n<ul>\n<li>O trabalho deve ser fruto da experi\u00eancia do cartel. Recomenda-se que que trabalho tenha sido lido e discutido no cartel e revisado, antes do envio;<\/li>\n<li>Os trabalhos que pretendem abordar casos cl\u00ednicos devem privilegiar a vinheta cl\u00ednica, com aten\u00e7\u00e3o para informa\u00e7\u00f5es sigilosas;<\/li>\n<li>Para que seja dado lugar \u00e0 discuss\u00e3o, o limite m\u00e1ximo de caracteres \u00e9 5000, com espa\u00e7o. Fonte Times New Roman 12, espa\u00e7amento de linhas 1,5;<\/li>\n<li>Colocar no campo do assunto do e-mail: Jornada de Cart\u00e9is da Se\u00e7\u00e3o Sul;<\/li>\n<li>Incluir no corpo do e-mail: tema do cartel, nome dos cartelizantes e do +1;<\/li>\n<li>No texto: t\u00edtulo e autor.<\/li>\n<\/ul>\n<p><strong>Comiss\u00e3o da diretoria de cart\u00e9is:<\/strong><\/p>\n<ul>\n<li>Diego Cervelin (EBP\/AMP)<\/li>\n<li>M\u00e1rcia Stival (EBP\/AMP)<\/li>\n<li>Maria Teresa Wendhausen (Diretora de Cart\u00e9is da Se\u00e7\u00e3o Sul &#8211; EBP\/AMP)<\/li>\n<li>Paula Nocquet<\/li>\n<li>Priscila de S\u00e1 Santos<\/li>\n<li>Val\u00e9ria Beatriz Araujo<\/li>\n<\/ul>\n<p>Em caso de d\u00favida envie e-mail para: \u00a0<a href=\"mailto:equipedecarteisebpsul@gmail.com\">equipedecarteisebpsul@gmail.com<\/a><\/p>\n<div>\n<hr \/>\n<\/div>\n<h3><span style=\"color: #993300;\">Procura-se cartel<\/span><\/h3>\n<ul>\n<li>6\/8, 20h<\/li>\n<li>Reuni\u00e3o para conversarmos sobre o dispositivo do cartel, seu lugar na Escola, suas coordenadas, seus impasses, sua pot\u00eancia.\u00a0 E tamb\u00e9m para promover o encontro daqueles que desejam formar um cartel. Venha conversar conosco, venha encontrar seu cartel!<\/li>\n<\/ul>\n[\/vc_column_text][\/vc_column][\/vc_row]\n<\/section>","protected":false},"excerpt":{"rendered":"<p>[vc_row][vc_column][vc_column_text] Noite de Cart\u00e9is 11\/6, 20h &#8220;O cartel e seus poss\u00edveis efeitos de forma\u00e7\u00e3o&#8221;.\u00a0 Convidada Beatriz Udenio, AME EOL\/AMP Jornada de Cart\u00e9is 2025 Data: 5 e 6 de dezembro de 2025 Cartel e transfer\u00eancia de trabalho: amor, dizer e acontecimento Convidados: S\u00e9rgio Laia (AME EBP\/AMP) e Laura Rubi\u00e3o (Diretora de Cart\u00e9is da EBP) Prazo do&hellip;<\/p>\n","protected":false},"author":1,"featured_media":0,"parent":1188,"menu_order":0,"comment_status":"closed","ping_status":"closed","template":"","meta":{"footnotes":""},"class_list":["post-5255","page","type-page","status-publish","hentry","entry","no-media"],"_links":{"self":[{"href":"https:\/\/ebp.org.br\/sul\/wp-json\/wp\/v2\/pages\/5255","targetHints":{"allow":["GET"]}}],"collection":[{"href":"https:\/\/ebp.org.br\/sul\/wp-json\/wp\/v2\/pages"}],"about":[{"href":"https:\/\/ebp.org.br\/sul\/wp-json\/wp\/v2\/types\/page"}],"author":[{"embeddable":true,"href":"https:\/\/ebp.org.br\/sul\/wp-json\/wp\/v2\/users\/1"}],"replies":[{"embeddable":true,"href":"https:\/\/ebp.org.br\/sul\/wp-json\/wp\/v2\/comments?post=5255"}],"version-history":[{"count":5,"href":"https:\/\/ebp.org.br\/sul\/wp-json\/wp\/v2\/pages\/5255\/revisions"}],"predecessor-version":[{"id":5577,"href":"https:\/\/ebp.org.br\/sul\/wp-json\/wp\/v2\/pages\/5255\/revisions\/5577"}],"up":[{"embeddable":true,"href":"https:\/\/ebp.org.br\/sul\/wp-json\/wp\/v2\/pages\/1188"}],"wp:attachment":[{"href":"https:\/\/ebp.org.br\/sul\/wp-json\/wp\/v2\/media?parent=5255"}],"curies":[{"name":"wp","href":"https:\/\/api.w.org\/{rel}","templated":true}]}}