{"id":5022,"date":"2024-06-27T11:47:32","date_gmt":"2024-06-27T14:47:32","guid":{"rendered":"https:\/\/ebp.org.br\/sul\/?page_id=5022"},"modified":"2024-06-27T11:50:12","modified_gmt":"2024-06-27T14:50:12","slug":"5a-jornada-da-ebp-secao-sul-discursos-e-corpos-a-causa-do-dizer-hospedagem","status":"publish","type":"page","link":"https:\/\/ebp.org.br\/sul\/eventos\/jornadas\/5a-jornada-da-ebp-secao-sul-discursos-e-corpos-a-causa-do-dizer\/5a-jornada-da-ebp-secao-sul-discursos-e-corpos-a-causa-do-dizer-acolhimento\/5a-jornada-da-ebp-secao-sul-discursos-e-corpos-a-causa-do-dizer-hospedagem\/","title":{"rendered":"5\u00aa Jornada da EBP \u2013 Se\u00e7\u00e3o Sul \u2013 Discursos e corpos: a causa do dizer &#8211; Hospedagem"},"content":{"rendered":"<section class=\"wpb-content-wrapper\">[vc_row][vc_column][vc_single_image image=&#8221;4814&#8243;][\/vc_column][\/vc_row][vc_row][vc_column][vc_column_text]\n<h3><span style=\"color: #808000;\"><strong><img loading=\"lazy\" decoding=\"async\" class=\"alignright size-medium wp-image-5024\" src=\"https:\/\/ebp.org.br\/sul\/wp-content\/uploads\/2024\/06\/WhatsApp-Image-2024-06-27-at-09.51.46-213x300.jpeg\" alt=\"\" width=\"213\" height=\"300\" srcset=\"https:\/\/ebp.org.br\/sul\/wp-content\/uploads\/2024\/06\/WhatsApp-Image-2024-06-27-at-09.51.46-213x300.jpeg 213w, https:\/\/ebp.org.br\/sul\/wp-content\/uploads\/2024\/06\/WhatsApp-Image-2024-06-27-at-09.51.46-728x1024.jpeg 728w, https:\/\/ebp.org.br\/sul\/wp-content\/uploads\/2024\/06\/WhatsApp-Image-2024-06-27-at-09.51.46-768x1081.jpeg 768w, https:\/\/ebp.org.br\/sul\/wp-content\/uploads\/2024\/06\/WhatsApp-Image-2024-06-27-at-09.51.46-1092x1536.jpeg 1092w, https:\/\/ebp.org.br\/sul\/wp-content\/uploads\/2024\/06\/WhatsApp-Image-2024-06-27-at-09.51.46.jpeg 1137w\" sizes=\"auto, (max-width: 213px) 100vw, 213px\" \/>Lista de locais para hospedagem:<\/strong><\/span><\/h3>\n<p><strong>\u00a0<\/strong><strong style=\"color: var(--wpex-text-2);\">Mercure Florian\u00f3polis Hotel [Local do evento]<\/strong><\/p>\n<ul>\n<li>Endere\u00e7o: Rod. Admar Gonzaga, 600 &#8211; Itacorubi, Florian\u00f3polis &#8211; SC, 88034-000<\/li>\n<li>Telefone: (48) 3231-1700<\/li>\n<\/ul>\n<p><strong>Hotel Ibis [6,7 km do evento]<\/strong><\/p>\n<ul>\n<li>Endere\u00e7o: Av. Rio Branco, 37 &#8211; Centro, Florian\u00f3polis &#8211; SC, 88015-201<\/li>\n<li>Telefone: (48) 3216-0000<\/li>\n<\/ul>\n<p><strong>Interclass Florian\u00f3polis [4.8 km do evento]<\/strong><\/p>\n<ul>\n<li>Endere\u00e7o: Av, R. Des. V\u00edtor Lima, 380 &#8211; Trindade, Florian\u00f3polis &#8211; SC, 88040-400<\/li>\n<li>Telefone: <a href=\"https:\/\/www.google.com\/search?q=interclass+hotel+florianopolis&amp;sca_esv=3f34b2bd337bbe02&amp;rlz=1C5CHFA_enBR1094BR1094&amp;sxsrf=ADLYWIK61yZfHGtbV7a9_g8A7DiT1NI4BA%3A1718643438993&amp;ei=7mpwZpOSPNzY5OUPkYqK2AU&amp;udm=&amp;hotel_occupancy=2&amp;ved=0ahUKEwiTwbTdjeOGAxVcLLkGHRGFAlsQ4dUDCBA&amp;uact=5&amp;oq=interclass+hotel+florianopolis&amp;gs_lp=Egxnd3Mtd2l6LXNlcnAiHmludGVyY2xhc3MgaG90ZWwgZmxvcmlhbm9wb2xpczIUEC4YgAQYxwEYmAUYmQUYjgUYrwEyBhAAGBYYHjICECYyCBAAGIAEGKIEMggQABiABBiiBDIIEAAYgAQYogQyIxAuGIAEGMcBGJgFGJkFGI4FGK8BGJcFGNwEGN4EGOAE2AEBSPEaUNUOWJ4acAJ4AZABAJgBwAGgAcYOqgEEMC4xMbgBA8gBAPgBAZgCDaACrg_CAgoQABiwAxjWBBhHwgINEAAYgAQYsAMYQxiKBcICGRAuGIAEGLADGEMYxwEYmAUYmQUYigUYrwGYAwCIBgGQBgq6BgYIARABGBSSBwQyLjExoAeyXA&amp;sclient=gws-wiz-serp\">(48) 3203-1000<\/a><\/li>\n<\/ul>\n<p><strong>Suites Trindade [4.1km do evento]<\/strong><\/p>\n<ul>\n<li>Endere\u00e7o: R. Lauro Linhares, 1526 &#8211; Trindade, Florian\u00f3polis &#8211; SC, 88036-003<\/li>\n<li>Telefone: <a href=\"https:\/\/www.google.com\/search?q=suits+trindade&amp;rlz=1C5CHFA_enBR1094BR1094&amp;oq=suits+trindade&amp;gs_lcrp=EgZjaHJvbWUyBggAEEUYOTIYCAEQLhgNGK8BGMcBGIAEGI4FGJgFGJkFMgkIAhAAGA0YgAQyCggDEAAYBRgNGB4yCggEEAAYCBgNGB4yCggFEAAYCBgNGB4yCggGEAAYCBgNGB4yCggHEAAYCBgNGB4yCggIEAAYCBgNGB7SAQgyNjY3ajBqOagCALACAA&amp;sourceid=chrome&amp;ie=UTF-8\">(48) 99663-9441<\/a><\/li>\n<\/ul>\n<p><strong>Majestic Palace Hotel [ 5,6km do evento ]<\/strong><\/p>\n<ul>\n<li>Endere\u00e7o: Av. Jorn. Rub\u00e9ns de Arruda Ramos, 2746 &#8211; Centro, Florian\u00f3polis &#8211; SC, 88015-702<\/li>\n<li>Telefone: (<a href=\"https:\/\/www.google.com\/search?q=majestic+hotel&amp;rlz=1C5CHFA_enBR1094BR1094&amp;oq=majestic+hotel&amp;gs_lcrp=EgZjaHJvbWUyBggAEEUYOTIMCAEQIxgnGIAEGIoFMg0IAhAAGIMBGLEDGIAEMg0IAxAAGIMBGLEDGIAEMhMIBBAuGIMBGMcBGLEDGNEDGIAEMgYIBRBFGDwyBggGEEUYPDIGCAcQRRg80gEIMTQ2OGowajmoAgCwAgA&amp;sourceid=chrome&amp;ie=UTF-8\">48) 3231-8000<\/a><\/li>\n<\/ul>\n<p><strong>Hotel Quinta da Bica D&#8217;\u00c1gua [5,8km do evento]<\/strong><\/p>\n<ul>\n<li>Endere\u00e7o: R. Cap. Romualdo de Barros, 641 &#8211; Carvoeira, Florian\u00f3polis &#8211; SC, 88040-600<\/li>\n<li>Telefone:\u00a0 <a href=\"https:\/\/www.google.com\/search?q=hotel+quinta+da+bica+dagua&amp;rlz=1C5CHFA_enBR1094BR1094&amp;oq=hotel+quinta+da+bica+dagua&amp;gs_lcrp=EgZjaHJvbWUyBggAEEUYOTIYCAEQLhgKGK8BGMcBGIAEGI4FGJgFGJkFMgwIAhAAGAoYDxgWGB4yCggDEAAYogQYiQUyCggEEAAYgAQYogQyCggFEAAYgAQYogQyCggGEAAYgAQYogTSAQgzMjcwajBqOagCALACAA&amp;sourceid=chrome&amp;ie=UTF-8\">(48) 3331-0700<\/a><\/li>\n<\/ul>\n<p><strong>Caso voc\u00ea prefira alugar um Airbnb recomendamos os seguintes bairros:<\/strong><\/p>\n<ol>\n<li>Itacorubi (bairro onde ser\u00e1 realizado o evento)<\/li>\n<li>Jo\u00e3o Paulo<\/li>\n<li>C\u00f3rrego Grande<\/li>\n<li>Trindade<\/li>\n<li>Pantanal<\/li>\n<li>Carvoeira<\/li>\n<li>Centro<\/li>\n<li>Lagoa da concei\u00e7\u00e3o<\/li>\n<\/ol>\n<p><strong>Caso voc\u00ea queira prolongar a estadia e curtir algumas praias, sugerimos buscar hospedagem nestes bairros:<\/strong><\/p>\n<ol>\n<li>Lagoa da concei\u00e7\u00e3o<\/li>\n<li>Barra da Lagoa<\/li>\n<li>Rio Tavares<\/li>\n<li>Campeche<\/li>\n<li>Arma\u00e7\u00e3o<\/li>\n<li>Santo ant\u00f4nio de Lisboa<\/li>\n<li>Sambaqui<\/li>\n<li>Cachoeira do Bom Jesus<\/li>\n<li>Jurer\u00ea<\/li>\n<\/ol>\n<hr \/>\n<p><strong>Comiss\u00e3o de Acolhimento:<\/strong><\/p>\n<ul>\n<li>Andrea Tochetto<\/li>\n<li>Cauana Mestre<\/li>\n<li>Juliana Rego Silva (coord.)<\/li>\n<li>Maria Luiza Rovaris<\/li>\n<li>Mariana Queiroz<\/li>\n<\/ul>\n[\/vc_column_text][\/vc_column][\/vc_row]\n<\/section>","protected":false},"excerpt":{"rendered":"<p>[vc_row][vc_column][vc_single_image image=&#8221;4814&#8243;][\/vc_column][\/vc_row][vc_row][vc_column][vc_column_text] Lista de locais para hospedagem: \u00a0Mercure Florian\u00f3polis Hotel [Local do evento] Endere\u00e7o: Rod. Admar Gonzaga, 600 &#8211; Itacorubi, Florian\u00f3polis &#8211; SC, 88034-000 Telefone: (48) 3231-1700 Hotel Ibis [6,7 km do evento] Endere\u00e7o: Av. Rio Branco, 37 &#8211; Centro, Florian\u00f3polis &#8211; SC, 88015-201 Telefone: (48) 3216-0000 Interclass Florian\u00f3polis [4.8 km do evento] Endere\u00e7o: Av,&hellip;<\/p>\n","protected":false},"author":1,"featured_media":0,"parent":4828,"menu_order":0,"comment_status":"closed","ping_status":"closed","template":"","meta":{"footnotes":""},"class_list":["post-5022","page","type-page","status-publish","hentry","entry","no-media"],"_links":{"self":[{"href":"https:\/\/ebp.org.br\/sul\/wp-json\/wp\/v2\/pages\/5022","targetHints":{"allow":["GET"]}}],"collection":[{"href":"https:\/\/ebp.org.br\/sul\/wp-json\/wp\/v2\/pages"}],"about":[{"href":"https:\/\/ebp.org.br\/sul\/wp-json\/wp\/v2\/types\/page"}],"author":[{"embeddable":true,"href":"https:\/\/ebp.org.br\/sul\/wp-json\/wp\/v2\/users\/1"}],"replies":[{"embeddable":true,"href":"https:\/\/ebp.org.br\/sul\/wp-json\/wp\/v2\/comments?post=5022"}],"version-history":[{"count":3,"href":"https:\/\/ebp.org.br\/sul\/wp-json\/wp\/v2\/pages\/5022\/revisions"}],"predecessor-version":[{"id":5026,"href":"https:\/\/ebp.org.br\/sul\/wp-json\/wp\/v2\/pages\/5022\/revisions\/5026"}],"up":[{"embeddable":true,"href":"https:\/\/ebp.org.br\/sul\/wp-json\/wp\/v2\/pages\/4828"}],"wp:attachment":[{"href":"https:\/\/ebp.org.br\/sul\/wp-json\/wp\/v2\/media?parent=5022"}],"curies":[{"name":"wp","href":"https:\/\/api.w.org\/{rel}","templated":true}]}}