{"id":4897,"date":"2024-05-17T17:21:32","date_gmt":"2024-05-17T20:21:32","guid":{"rendered":"https:\/\/ebp.org.br\/sul\/?page_id=4897"},"modified":"2024-05-20T05:51:47","modified_gmt":"2024-05-20T08:51:47","slug":"5a-jornada-da-ebp-secao-sul-discursos-e-corpos-a-causa-do-dizer-nomes-da-5a-jornada","status":"publish","type":"page","link":"https:\/\/ebp.org.br\/sul\/eventos\/jornadas\/5a-jornada-da-ebp-secao-sul-discursos-e-corpos-a-causa-do-dizer\/5a-jornada-da-ebp-secao-sul-discursos-e-corpos-a-causa-do-dizer-nomes-da-5a-jornada\/","title":{"rendered":"5\u00aa Jornada da EBP \u2013 Se\u00e7\u00e3o Sul \u2013 Discursos e corpos: a causa do dizer &#8211; Nomes da 5\u00aa Jornada"},"content":{"rendered":"<section class=\"wpb-content-wrapper\">[vc_row][vc_column][vc_single_image image=&#8221;4814&#8243;][\/vc_column][\/vc_row][vc_row][vc_column][vc_column_text]\n<h3><strong><span style=\"color: #993300;\">Nomes da 5\u00b0 Jornada<\/span> <\/strong><\/h3>\n<p><strong>Diretoria: <\/strong>C\u00e9lia Ferreira Carta Winter, Mariana Zelis,\u00a0 Teresa Pavone, Adriana Rodrigues:<\/p>\n<p><strong>Coordena\u00e7\u00e3o:<\/strong>\u00a0Gresiela Nunes da Rosa (EBP\/AMP)<\/p>\n<p><strong>Comiss\u00e3o<\/strong> <strong>Epist\u00eamica<\/strong>:\u00a0Nohem\u00ed Brown, Cinthia Busato, Fl\u00e1via Cera e Li\u00e8ge Goulart.<\/p>\n<p><strong>Comiss\u00e3o do Boletim:<\/strong>\u00a0Juan Cruz Galigniana (coord.), Andrea Tochetto, Luciana Romagnolli, Paula Nocquet e S\u00edlvia Lazarini.<\/p>\n<p><strong>Comiss\u00e3o de Divulga\u00e7\u00e3o:<\/strong>\u00a0 Diego Cervelin (coord.), Licene Garcia, Luciana Romagnolli, Priscila de S\u00e1 Santos e Val\u00e9ria Beatriz Araujo.<\/p>\n<p><strong>Comiss\u00e3o de Refer\u00eancias:<\/strong> V\u00earonica Montenegro, Leonardo Mendon\u00e7a, Mauro Agosti, Priscila de S\u00e1 Santos, Rafaela Maester e Soledad Torres.<\/p>\n<p><strong>Comiss\u00e3o de Acolhimento:<\/strong>\u00a0 Juliana do Rego Silva (coord.), Andrea Tochetto, Cauana Mestre, Maria Luiza Rovaris e Mariana Queiroz.<\/p>\n<p><strong>Coordenadores de retransmiss\u00e3o:<\/strong> Marli Machado (Londrina), Paula Nocquet e Rafael Marques Longo (Joinville), Priscila de S\u00e1 Santos e S\u00edlvia Lazarini (Ponta Grossa), Sandra Regina de Souza Cruz (Tubar\u00e3o).<\/p>\n<p><strong>Secretaria: <\/strong>Cleci Mendon\u00e7a.<\/p>\n<p><strong>Biblioteca<\/strong>: Edson Roberto Mohr.<\/p>\n<p><strong>Desginer: <\/strong>Bruno Senna.[\/vc_column_text][\/vc_column][\/vc_row]\n<\/section>","protected":false},"excerpt":{"rendered":"<p>[vc_row][vc_column][vc_single_image image=&#8221;4814&#8243;][\/vc_column][\/vc_row][vc_row][vc_column][vc_column_text] Nomes da 5\u00b0 Jornada Diretoria: C\u00e9lia Ferreira Carta Winter, Mariana Zelis,\u00a0 Teresa Pavone, Adriana Rodrigues: Coordena\u00e7\u00e3o:\u00a0Gresiela Nunes da Rosa (EBP\/AMP) Comiss\u00e3o Epist\u00eamica:\u00a0Nohem\u00ed Brown, Cinthia Busato, Fl\u00e1via Cera e Li\u00e8ge Goulart. Comiss\u00e3o do Boletim:\u00a0Juan Cruz Galigniana (coord.), Andrea Tochetto, Luciana Romagnolli, Paula Nocquet e S\u00edlvia Lazarini. Comiss\u00e3o de Divulga\u00e7\u00e3o:\u00a0 Diego Cervelin (coord.), Licene Garcia,&hellip;<\/p>\n","protected":false},"author":1,"featured_media":0,"parent":4810,"menu_order":0,"comment_status":"closed","ping_status":"closed","template":"","meta":{"footnotes":""},"class_list":["post-4897","page","type-page","status-publish","hentry","entry","no-media"],"_links":{"self":[{"href":"https:\/\/ebp.org.br\/sul\/wp-json\/wp\/v2\/pages\/4897","targetHints":{"allow":["GET"]}}],"collection":[{"href":"https:\/\/ebp.org.br\/sul\/wp-json\/wp\/v2\/pages"}],"about":[{"href":"https:\/\/ebp.org.br\/sul\/wp-json\/wp\/v2\/types\/page"}],"author":[{"embeddable":true,"href":"https:\/\/ebp.org.br\/sul\/wp-json\/wp\/v2\/users\/1"}],"replies":[{"embeddable":true,"href":"https:\/\/ebp.org.br\/sul\/wp-json\/wp\/v2\/comments?post=4897"}],"version-history":[{"count":2,"href":"https:\/\/ebp.org.br\/sul\/wp-json\/wp\/v2\/pages\/4897\/revisions"}],"predecessor-version":[{"id":4912,"href":"https:\/\/ebp.org.br\/sul\/wp-json\/wp\/v2\/pages\/4897\/revisions\/4912"}],"up":[{"embeddable":true,"href":"https:\/\/ebp.org.br\/sul\/wp-json\/wp\/v2\/pages\/4810"}],"wp:attachment":[{"href":"https:\/\/ebp.org.br\/sul\/wp-json\/wp\/v2\/media?parent=4897"}],"curies":[{"name":"wp","href":"https:\/\/api.w.org\/{rel}","templated":true}]}}