{"id":4822,"date":"2024-05-03T09:03:24","date_gmt":"2024-05-03T12:03:24","guid":{"rendered":"https:\/\/ebp.org.br\/sul\/?page_id=4822"},"modified":"2024-07-11T18:49:36","modified_gmt":"2024-07-11T21:49:36","slug":"5a-jornada-da-ebp-secao-sul-discursos-e-corpos-a-causa-do-dizer-inscricoes","status":"publish","type":"page","link":"https:\/\/ebp.org.br\/sul\/eventos\/jornadas\/5a-jornada-da-ebp-secao-sul-discursos-e-corpos-a-causa-do-dizer\/5a-jornada-da-ebp-secao-sul-discursos-e-corpos-a-causa-do-dizer-inscricoes\/","title":{"rendered":"5\u00aa Jornada da EBP \u2013 Se\u00e7\u00e3o Sul \u2013 Discursos e corpos: a causa do dizer &#8211; Inscri\u00e7\u00f5es"},"content":{"rendered":"<section class=\"wpb-content-wrapper\">[vc_row][vc_column][vc_single_image image=&#8221;4814&#8243;][\/vc_column][\/vc_row][vc_row][vc_column][vc_column_text]\n<div><strong>Para os alunos de gradua\u00e7\u00e3o, alunos do CPOL \u00e9 necess\u00e1rio o envio de comprova\u00e7\u00e3o de matr\u00edcula. Funcion\u00e1rios p\u00fablicos tamb\u00e9m \u00e9 necess\u00e1rio comprova\u00e7\u00e3o.<\/strong><\/div>\n<div><\/div>\n<div>Para dep\u00f3sito ou transfer\u00eancia:<\/div>\n<ul>\n<li>Banco Unicred n.136<\/li>\n<li>ag\u00eancia: 1104<\/li>\n<li>CC 181099-5<\/li>\n<li>CNPJ 08.839.940\/0001-80<\/li>\n<li>Em nome da Escola Brasileira de Psican\u00e1lise &#8211; Se\u00e7\u00e3o Sul<\/li>\n<li>pix:\u00a0<a href=\"mailto:ebpsul@gmail.com\" target=\"_blank\" rel=\"noopener\">ebpsul@gmail.com<\/a><\/li>\n<\/ul>\n<div>Para confirmar sua inscri\u00e7\u00e3o favor enviar o comprovante para o email:<i><b>\u00a0<u><a href=\"mailto:jornadaebpsul@gmail.com\" target=\"_blank\" rel=\"noopener\">jornadaebpsul@gmail.com<\/a><wbr \/>\u00a0<\/u><\/b><\/i><\/div>\n[\/vc_column_text][vc_empty_space][vc_btn title=&#8221;INSCRI\u00c7\u00d5ES&#8221; color=&#8221;danger&#8221; link=&#8221;url:https%3A%2F%2Fdocs.google.com%2Fforms%2Fd%2Fe%2F1FAIpQLSeEL7zffz9ofWjjDA9CAl_8p04vlwexFATXIsZb_fp8qQ3g1w%2Fviewform&#8221;][vc_empty_space][vc_column_text]\n<h3 style=\"text-align: center;\"><span style=\"color: #993300;\"><strong>Lan\u00e7amento &#8211; de 08 at\u00e9 17 de maio de 2024<\/strong><\/span><\/h3>\n[\/vc_column_text][vc_empty_space][vc_row_inner content_placement=&#8221;bottom&#8221; css=&#8221;.vc_custom_1715779386666{background-color: #f2f2f2 !important;}&#8221;][vc_column_inner width=&#8221;1\/3&#8243;][vc_empty_space][vc_column_text]\n<p style=\"text-align: center;\"><strong>Membros da EBP\/AMP<\/strong><\/p>\n[\/vc_column_text][vc_column_text]\n<h3 style=\"text-align: center;\"><span style=\"color: #993300;\">R$ 360,00<\/span><\/h3>\n[\/vc_column_text][\/vc_column_inner][vc_column_inner width=&#8221;1\/3&#8243;][vc_empty_space][vc_column_text]\n<p style=\"text-align: center;\"><strong>Demais profissionais<\/strong><\/p>\n[\/vc_column_text][vc_column_text]\n<h3 style=\"text-align: center;\"><span style=\"color: #993300;\">R$ 320,00<\/span><\/h3>\n[\/vc_column_text][\/vc_column_inner][vc_column_inner width=&#8221;1\/3&#8243;][vc_empty_space][vc_column_text]\n<p style=\"text-align: center;\"><strong>Alunos de gradua\u00e7\u00e3o, alunos do<\/strong><br \/>\n<strong>CPOL, a\u00e7\u00f5es afirmativas e funcion\u00e1rios p\u00fablicos<\/strong><\/p>\n[\/vc_column_text][vc_column_text]\n<h3 style=\"text-align: center;\"><span style=\"color: #993300;\">R$ 210,00<\/span><\/h3>\n[\/vc_column_text][\/vc_column_inner][\/vc_row_inner][vc_empty_space][vc_separator color=&#8221;juicy_pink&#8221;][vc_empty_space][vc_column_text]\n<h3 style=\"text-align: center;\"><span style=\"color: #993300;\">De 18 de maio at\u00e9 31 de agosto de 2024<\/span><\/h3>\n[\/vc_column_text][vc_empty_space][vc_row_inner content_placement=&#8221;bottom&#8221; css=&#8221;.vc_custom_1715779373002{background-color: #f2f2f2 !important;}&#8221;][vc_column_inner width=&#8221;1\/3&#8243;][vc_empty_space][vc_column_text]\n<p style=\"text-align: center;\"><strong>Membros da EBP\/AMP<\/strong><\/p>\n[\/vc_column_text][vc_column_text]\n<h3 style=\"text-align: center;\"><span style=\"color: #993300;\">R$ 390,00<\/span><\/h3>\n[\/vc_column_text][\/vc_column_inner][vc_column_inner width=&#8221;1\/3&#8243;][vc_empty_space][vc_column_text]\n<p style=\"text-align: center;\"><strong>Demais profissionais<\/strong><\/p>\n[\/vc_column_text][vc_column_text]\n<h3 style=\"text-align: center;\"><span style=\"color: #993300;\">R$ 350,00<\/span><\/h3>\n[\/vc_column_text][\/vc_column_inner][vc_column_inner width=&#8221;1\/3&#8243;][vc_empty_space][vc_column_text]\n<p style=\"text-align: center;\"><strong>Alunos de gradua\u00e7\u00e3o, alunos do<\/strong><br \/>\n<strong>CPOL, a\u00e7\u00f5es afirmativas e funcion\u00e1rios p\u00fablicos<\/strong><\/p>\n[\/vc_column_text][vc_column_text]\n<h3 style=\"text-align: center;\"><span style=\"color: #993300;\">R$ 230,00<\/span><\/h3>\n[\/vc_column_text][\/vc_column_inner][\/vc_row_inner][vc_empty_space][vc_separator color=&#8221;juicy_pink&#8221;][vc_empty_space][vc_column_text]\n<h3 style=\"text-align: center;\"><span style=\"color: #993300;\">De 1\u00b0 de setembro at\u00e9 04 de outubro de 2024<\/span><\/h3>\n[\/vc_column_text][vc_empty_space][vc_row_inner content_placement=&#8221;bottom&#8221; css=&#8221;.vc_custom_1715779379945{background-color: #f2f2f2 !important;}&#8221;][vc_column_inner width=&#8221;1\/3&#8243;][vc_empty_space][vc_column_text]\n<p style=\"text-align: center;\"><strong>Membros da EBP\/AMP<\/strong><\/p>\n[\/vc_column_text][vc_column_text]\n<h3 style=\"text-align: center;\"><span style=\"color: #993300;\">R$ 420,00<\/span><\/h3>\n[\/vc_column_text][\/vc_column_inner][vc_column_inner width=&#8221;1\/3&#8243;][vc_empty_space][vc_column_text]\n<p style=\"text-align: center;\"><strong>Demais profissionais<\/strong><\/p>\n[\/vc_column_text][vc_column_text]\n<h3 style=\"text-align: center;\"><span style=\"color: #993300;\">R$ 390,00<\/span><\/h3>\n[\/vc_column_text][\/vc_column_inner][vc_column_inner width=&#8221;1\/3&#8243;][vc_empty_space][vc_column_text]\n<p style=\"text-align: center;\"><strong>Alunos de gradua\u00e7\u00e3o, alunos do<\/strong><br \/>\n<strong>CPOL, a\u00e7\u00f5es afirmativas e funcion\u00e1rios p\u00fablicos<\/strong><\/p>\n[\/vc_column_text][vc_column_text]\n<h3 style=\"text-align: center;\"><span style=\"color: #993300;\">R$ 250,00<\/span><\/h3>\n[\/vc_column_text][\/vc_column_inner][\/vc_row_inner][\/vc_column][\/vc_row]\n<\/section>","protected":false},"excerpt":{"rendered":"<p>[vc_row][vc_column][vc_single_image image=&#8221;4814&#8243;][\/vc_column][\/vc_row][vc_row][vc_column][vc_column_text] Para os alunos de gradua\u00e7\u00e3o, alunos do CPOL \u00e9 necess\u00e1rio o envio de comprova\u00e7\u00e3o de matr\u00edcula. Funcion\u00e1rios p\u00fablicos tamb\u00e9m \u00e9 necess\u00e1rio comprova\u00e7\u00e3o. Para dep\u00f3sito ou transfer\u00eancia: Banco Unicred n.136 ag\u00eancia: 1104 CC 181099-5 CNPJ 08.839.940\/0001-80 Em nome da Escola Brasileira de Psican\u00e1lise &#8211; Se\u00e7\u00e3o Sul pix:\u00a0ebpsul@gmail.com Para confirmar sua inscri\u00e7\u00e3o favor enviar o&hellip;<\/p>\n","protected":false},"author":1,"featured_media":0,"parent":4810,"menu_order":0,"comment_status":"closed","ping_status":"closed","template":"","meta":{"footnotes":""},"class_list":["post-4822","page","type-page","status-publish","hentry","entry","no-media"],"_links":{"self":[{"href":"https:\/\/ebp.org.br\/sul\/wp-json\/wp\/v2\/pages\/4822","targetHints":{"allow":["GET"]}}],"collection":[{"href":"https:\/\/ebp.org.br\/sul\/wp-json\/wp\/v2\/pages"}],"about":[{"href":"https:\/\/ebp.org.br\/sul\/wp-json\/wp\/v2\/types\/page"}],"author":[{"embeddable":true,"href":"https:\/\/ebp.org.br\/sul\/wp-json\/wp\/v2\/users\/1"}],"replies":[{"embeddable":true,"href":"https:\/\/ebp.org.br\/sul\/wp-json\/wp\/v2\/comments?post=4822"}],"version-history":[{"count":5,"href":"https:\/\/ebp.org.br\/sul\/wp-json\/wp\/v2\/pages\/4822\/revisions"}],"predecessor-version":[{"id":5034,"href":"https:\/\/ebp.org.br\/sul\/wp-json\/wp\/v2\/pages\/4822\/revisions\/5034"}],"up":[{"embeddable":true,"href":"https:\/\/ebp.org.br\/sul\/wp-json\/wp\/v2\/pages\/4810"}],"wp:attachment":[{"href":"https:\/\/ebp.org.br\/sul\/wp-json\/wp\/v2\/media?parent=4822"}],"curies":[{"name":"wp","href":"https:\/\/api.w.org\/{rel}","templated":true}]}}