{"id":4820,"date":"2024-05-03T09:01:25","date_gmt":"2024-05-03T12:01:25","guid":{"rendered":"https:\/\/ebp.org.br\/sul\/?page_id=4820"},"modified":"2024-06-19T10:30:26","modified_gmt":"2024-06-19T13:30:26","slug":"5a-jornada-da-ebp-secao-sul-discursos-e-corpos-a-causa-do-dizer-envio-de-trabalhos","status":"publish","type":"page","link":"https:\/\/ebp.org.br\/sul\/eventos\/jornadas\/5a-jornada-da-ebp-secao-sul-discursos-e-corpos-a-causa-do-dizer\/5a-jornada-da-ebp-secao-sul-discursos-e-corpos-a-causa-do-dizer-envio-de-trabalhos\/","title":{"rendered":"5\u00aa Jornada da EBP \u2013 Se\u00e7\u00e3o Sul \u2013 Discursos e corpos: a causa do dizer &#8211; Envio de Trabalhos"},"content":{"rendered":"<section class=\"wpb-content-wrapper\">[vc_row][vc_column][vc_single_image image=&#8221;4814&#8243;][\/vc_column][\/vc_row][vc_row][vc_column][vc_column_text]Abrimos a chamada de trabalhos para as mesas que ir\u00e3o compor a programa\u00e7\u00e3o da 5\u00aa Jornada da EBP-Sul <span style=\"color: #993300;\"><strong>Discursos e corpos: a causa do dizer.<\/strong><\/span><\/p>\n<p><strong>\u00a0<\/strong>Os crit\u00e9rios para envio de trabalhos s\u00e3o<\/p>\n<ul>\n<li>O texto deve ter no m\u00e1ximo 7000 caracteres com espa\u00e7o.<\/li>\n<li>Formata\u00e7\u00e3o na fonte Times New Roman com espa\u00e7amento 1,5 entre linhas.<\/li>\n<li>T\u00edtulo do trabalho, nome completo e e-mail do autor.<\/li>\n<li>Eixo com o qual o trabalho est\u00e1 relacionado (otexto deve estar endere\u00e7ado a um dos tr\u00eas eixos tem\u00e1ticos da Jornada que est\u00e3o publicados no site da 5\u00aa Jornada).<\/li>\n<li>Refer\u00eancias em notas de rodap\u00e9.<\/li>\n<li>No assunto do email \u00e9 preciso constar 5\u00aa Jornada da EBP-Sul + nome e sobrenome do autor.<\/li>\n<li>O autor precisa estar inscrito na Jornada.<\/li>\n<li>O texto deve ser enviado para o seguinte endere\u00e7o: <a href=\"mailto:jornadaebpsul@gmail.com\">jornadaebpsul@gmail.com<\/a> e a <a href=\"mailto:ebpsul@gmail.com\">ebpsul@gmail.com<\/a> junto com o certificado da inscri\u00e7\u00e3o.<\/li>\n<li>O prazo de envio de trabalhos \u00e9 dia 10 de setembro de 2024.<\/li>\n<\/ul>\n<p>Voc\u00ea receber\u00e1 a confirma\u00e7\u00e3o do envio. Por favor, verifique sua caixa de Spam. Caso n\u00e3o receba a confirma\u00e7\u00e3o ap\u00f3s 3 dias, reenvie o texto esclarecendo que se trata de um reenvio.<\/p>\n<p>Os textos ser\u00e3o lidos e selecionados pelos integrantes da Comiss\u00e3o Epist\u00eamica.<\/p>\n<p>Aguardamos sua contribui\u00e7\u00e3o![\/vc_column_text][\/vc_column][\/vc_row]\n<\/section>","protected":false},"excerpt":{"rendered":"<p>[vc_row][vc_column][vc_single_image image=&#8221;4814&#8243;][\/vc_column][\/vc_row][vc_row][vc_column][vc_column_text]Abrimos a chamada de trabalhos para as mesas que ir\u00e3o compor a programa\u00e7\u00e3o da 5\u00aa Jornada da EBP-Sul Discursos e corpos: a causa do dizer. \u00a0Os crit\u00e9rios para envio de trabalhos s\u00e3o O texto deve ter no m\u00e1ximo 7000 caracteres com espa\u00e7o. Formata\u00e7\u00e3o na fonte Times New Roman com espa\u00e7amento 1,5 entre linhas. T\u00edtulo&hellip;<\/p>\n","protected":false},"author":1,"featured_media":0,"parent":4810,"menu_order":0,"comment_status":"closed","ping_status":"closed","template":"","meta":{"footnotes":""},"class_list":["post-4820","page","type-page","status-publish","hentry","entry","no-media"],"_links":{"self":[{"href":"https:\/\/ebp.org.br\/sul\/wp-json\/wp\/v2\/pages\/4820","targetHints":{"allow":["GET"]}}],"collection":[{"href":"https:\/\/ebp.org.br\/sul\/wp-json\/wp\/v2\/pages"}],"about":[{"href":"https:\/\/ebp.org.br\/sul\/wp-json\/wp\/v2\/types\/page"}],"author":[{"embeddable":true,"href":"https:\/\/ebp.org.br\/sul\/wp-json\/wp\/v2\/users\/1"}],"replies":[{"embeddable":true,"href":"https:\/\/ebp.org.br\/sul\/wp-json\/wp\/v2\/comments?post=4820"}],"version-history":[{"count":2,"href":"https:\/\/ebp.org.br\/sul\/wp-json\/wp\/v2\/pages\/4820\/revisions"}],"predecessor-version":[{"id":4942,"href":"https:\/\/ebp.org.br\/sul\/wp-json\/wp\/v2\/pages\/4820\/revisions\/4942"}],"up":[{"embeddable":true,"href":"https:\/\/ebp.org.br\/sul\/wp-json\/wp\/v2\/pages\/4810"}],"wp:attachment":[{"href":"https:\/\/ebp.org.br\/sul\/wp-json\/wp\/v2\/media?parent=4820"}],"curies":[{"name":"wp","href":"https:\/\/api.w.org\/{rel}","templated":true}]}}