{"id":40,"date":"2015-04-06T11:26:03","date_gmt":"2015-04-06T11:26:03","guid":{"rendered":"http:\/\/www.bitpublimedia.ro\/themes\/integrity-wp\/?page_id=40"},"modified":"2024-04-26T10:02:37","modified_gmt":"2024-04-26T13:02:37","slug":"home","status":"publish","type":"page","link":"https:\/\/ebp.org.br\/sul\/","title":{"rendered":"Home"},"content":{"rendered":"<section class=\"wpb-content-wrapper\">[vc_row full_width=&#8221;stretch_row&#8221;][vc_column]\n\t\t\t<!-- START home REVOLUTION SLIDER 6.6.14 --><p class=\"rs-p-wp-fix\"><\/p>\n\t\t\t<rs-module-wrap id=\"rev_slider_2_1_wrapper\" data-source=\"gallery\" style=\"visibility:hidden;background:#ffffff;padding:0;margin:0px auto;margin-top:0;margin-bottom:0;\">\n\t\t\t\t<rs-module id=\"rev_slider_2_1\" style=\"\" data-version=\"6.6.14\">\n\t\t\t\t\t<rs-slides style=\"overflow: hidden; position: absolute;\">\n\t\t\t\t\t\t<rs-slide style=\"position: absolute;\" data-key=\"rs-5\" data-title=\"LISTA MAILCHIMP\" data-anim=\"d:20;ms:1500;f:edges;\" data-in=\"o:0;x:cyc(20|10|8|5|2|1|2|-1|-2|-5|-8|-10|-20);y:cyc(20|10|8|5|2|1|2|-1|-2|-5|-8|-10|-20);r:cyc(20|10|8|5|2|1|2|-1|-2|-5|-8|-10|-20);sx:cyc(8|7|6|4|3|2|1.3|2|3|4|6|7|8);sy:cyc(8|7|6|4|3|2|1.3|2|3|4|6|7|8);m:true;row:17;col:17;\" data-out=\"o:0;\">\n\t\t\t\t\t\t\t<img decoding=\"async\" src=\"\/\/ebp.org.br\/sul\/wp-content\/plugins\/revslider\/public\/assets\/assets\/dummy.png\" alt=\"LISTA MAILCHIMP\" title=\"bg\" width=\"1920\" height=\"542\" class=\"rev-slidebg tp-rs-img rs-lazyload\" data-lazyload=\"\/\/ebp.org.br\/sul\/wp-content\/plugins\/revslider\/public\/assets\/assets\/transparent.png\" data-bg=\"c:#bfc0bf;\" data-no-retina>\n<!--\n\t\t\t\t\t\t\t--><a\n\t\t\t\t\t\t\t\tid=\"slider-2-slide-5-layer-0\" \n\t\t\t\t\t\t\t\tclass=\"rs-layer rev-btn\"\n\t\t\t\t\t\t\t\thref=\"https:\/\/mailchi.mp\/48b251aafc43\/listasc\" target=\"_self\"\n\t\t\t\t\t\t\t\tdata-type=\"button\"\n\t\t\t\t\t\t\t\tdata-rsp_ch=\"on\"\n\t\t\t\t\t\t\t\tdata-xy=\"x:c;xo:-19px,-15px,22px,25px;yo:70px,57px,100px,106px;\"\n\t\t\t\t\t\t\t\tdata-text=\"w:normal;s:17,14,20,20;l:40,33,30,35;fw:500;\"\n\t\t\t\t\t\t\t\tdata-dim=\"minh:0px,none,none,none;\"\n\t\t\t\t\t\t\t\tdata-padding=\"r:25,21,16,10;l:25,21,16,10;\"\n\t\t\t\t\t\t\t\tdata-border=\"bor:25px,25px,25px,25px;\"\n\t\t\t\t\t\t\t\tdata-frame_0=\"y:bottom;\"\n\t\t\t\t\t\t\t\tdata-frame_1=\"st:2400;sp:1000;sR:2400;\"\n\t\t\t\t\t\t\t\tdata-frame_999=\"o:0;st:w;sR:5600;\"\n\t\t\t\t\t\t\t\tdata-frame_hover=\"bgc:#42160b;bor:25px,25px,25px,25px;bri:120%;\"\n\t\t\t\t\t\t\t\tstyle=\"z-index:8;background-color:#871400;font-family:'Roboto';\"\n\t\t\t\t\t\t\t>INSCREVA-SE! \n\t\t\t\t\t\t\t<\/a><!--\n\n\t\t\t\t\t\t\t--><rs-layer\n\t\t\t\t\t\t\t\tid=\"slider-2-slide-5-layer-5\" \n\t\t\t\t\t\t\t\tdata-type=\"text\"\n\t\t\t\t\t\t\t\tdata-color=\"#b72121\"\n\t\t\t\t\t\t\t\tdata-tsh=\"c:rgba(89,52,0,0.48);v:2px,1px,0px,0px;b:5px,4px,3px,1px;\"\n\t\t\t\t\t\t\t\tdata-rsp_ch=\"on\"\n\t\t\t\t\t\t\t\tdata-xy=\"x:r;xo:78px,64px,48px,35px;yo:9px,7px,5px,10px;\"\n\t\t\t\t\t\t\t\tdata-text=\"w:normal;s:17,14,20,15;l:25,20,20,20;ls:3px,2px,1px,0px;fw:900;\"\n\t\t\t\t\t\t\t\tdata-dim=\"w:641px,529px,401px,247px;\"\n\t\t\t\t\t\t\t\tdata-frame_0=\"x:right;\"\n\t\t\t\t\t\t\t\tdata-frame_1=\"st:1850;sp:1000;sR:1850;\"\n\t\t\t\t\t\t\t\tdata-frame_999=\"o:0;st:w;sR:6150;\"\n\t\t\t\t\t\t\t\tstyle=\"z-index:10;font-family:'Roboto';text-transform:uppercase;\"\n\t\t\t\t\t\t\t>Para receber e-mails com a divulga\u00e7\u00e3o das atividades e not\u00edcias da Se\u00e7\u00e3o, se inscreva aqui: \n\t\t\t\t\t\t\t<\/rs-layer><!--\n\n\t\t\t\t\t\t\t--><rs-layer\n\t\t\t\t\t\t\t\tid=\"slider-2-slide-5-layer-7\" \n\t\t\t\t\t\t\t\tdata-type=\"image\"\n\t\t\t\t\t\t\t\tdata-rsp_ch=\"on\"\n\t\t\t\t\t\t\t\tdata-xy=\"xo:-348px,-411px,-513px,-666px;yo:1px,-3px,0,-6px;\"\n\t\t\t\t\t\t\t\tdata-text=\"w:normal;s:20,16,12,7;l:0,20,15,9;\"\n\t\t\t\t\t\t\t\tdata-dim=\"w:1240px,1265px,1248px,1250px;h:300px,306px,302px,302px;\"\n\t\t\t\t\t\t\t\tdata-frame_1=\"e:power4.inOut;st:1410;sp:1500;sR:1410;\"\n\t\t\t\t\t\t\t\tdata-frame_999=\"o:0;st:w;sR:6090;\"\n\t\t\t\t\t\t\t\tstyle=\"z-index:6;\"\n\t\t\t\t\t\t\t><img decoding=\"async\" src=\"\/\/ebp.org.br\/sul\/wp-content\/plugins\/revslider\/public\/assets\/assets\/dummy.png\" alt=\"\" class=\"tp-rs-img rs-lazyload\" width=\"1240\" height=\"300\" data-lazyload=\"\/\/ebp.org.br\/sul\/wp-content\/uploads\/2025\/04\/imagem_banner.png\" data-no-retina> \n\t\t\t\t\t\t\t<\/rs-layer><!--\n\n\t\t\t\t\t\t\t--><rs-layer\n\t\t\t\t\t\t\t\tid=\"slider-2-slide-5-layer-8\" \n\t\t\t\t\t\t\t\tdata-type=\"text\"\n\t\t\t\t\t\t\t\tdata-color=\"#b72121\"\n\t\t\t\t\t\t\t\tdata-tsh=\"c:rgba(89,52,0,0.48);v:2px,1px,0px,0px;b:5px,4px,3px,1px;\"\n\t\t\t\t\t\t\t\tdata-rsp_ch=\"on\"\n\t\t\t\t\t\t\t\tdata-xy=\"x:r;xo:235px,194px,147px,-17px;yo:136px,112px,145px,181px;\"\n\t\t\t\t\t\t\t\tdata-text=\"w:normal;s:17,14,20,15;l:25,20,20,20;ls:3px,2px,1px,0px;fw:900;\"\n\t\t\t\t\t\t\t\tdata-dim=\"w:485px,400px,303px,305px;\"\n\t\t\t\t\t\t\t\tdata-frame_0=\"x:right;\"\n\t\t\t\t\t\t\t\tdata-frame_1=\"st:2840;sp:1000;sR:2840;\"\n\t\t\t\t\t\t\t\tdata-frame_999=\"o:0;st:w;sR:5160;\"\n\t\t\t\t\t\t\t\tstyle=\"z-index:9;font-family:'Roboto';text-transform:uppercase;\"\n\t\t\t\t\t\t\t>Acesse este link para entrar na comunidade do WhatsApp ou acesse pelo QrCode \n\t\t\t\t\t\t\t<\/rs-layer><!--\n\n\t\t\t\t\t\t\t--><a\n\t\t\t\t\t\t\t\tid=\"slider-2-slide-5-layer-16\" \n\t\t\t\t\t\t\t\tclass=\"rs-layer rev-btn\"\n\t\t\t\t\t\t\t\thref=\"https:\/\/chat.whatsapp.com\/J0V87bMT09pCNYiUs4u0PH\" target=\"_self\"\n\t\t\t\t\t\t\t\tdata-type=\"button\"\n\t\t\t\t\t\t\t\tdata-rsp_ch=\"on\"\n\t\t\t\t\t\t\t\tdata-xy=\"x:c;xo:-35px,-28px,4px,24px;y:b;yo:30px,24px,20px,5px;\"\n\t\t\t\t\t\t\t\tdata-text=\"w:normal;s:17,14,20,25;l:40,33,30,35;fw:500;\"\n\t\t\t\t\t\t\t\tdata-dim=\"minh:0px,none,none,none;\"\n\t\t\t\t\t\t\t\tdata-padding=\"r:25,21,16,10;l:25,21,16,10;\"\n\t\t\t\t\t\t\t\tdata-border=\"bor:25px,25px,25px,25px;\"\n\t\t\t\t\t\t\t\tdata-frame_0=\"y:bottom;\"\n\t\t\t\t\t\t\t\tdata-frame_1=\"st:3350;sp:1000;sR:3350;\"\n\t\t\t\t\t\t\t\tdata-frame_999=\"o:0;st:w;sR:4650;\"\n\t\t\t\t\t\t\t\tdata-frame_hover=\"bgc:#42160b;bor:25px,25px,25px,25px;bri:120%;\"\n\t\t\t\t\t\t\t\tstyle=\"z-index:7;background-color:#871400;font-family:'Roboto';\"\n\t\t\t\t\t\t\t>Clique aqui \n\t\t\t\t\t\t\t<\/a><!--\n\n\t\t\t\t\t\t\t--><rs-layer\n\t\t\t\t\t\t\t\tid=\"slider-2-slide-5-layer-17\" \n\t\t\t\t\t\t\t\tdata-type=\"image\"\n\t\t\t\t\t\t\t\tdata-rsp_ch=\"on\"\n\t\t\t\t\t\t\t\tdata-xy=\"x:r;y:b;yo:30px,24px,18px,1px;\"\n\t\t\t\t\t\t\t\tdata-text=\"w:normal;s:20,16,12,7;l:0,20,15,9;\"\n\t\t\t\t\t\t\t\tdata-dim=\"w:118px,97px,73px,45px;h:118px,97px,73px,45px;\"\n\t\t\t\t\t\t\t\tdata-frame_0=\"y:bottom;\"\n\t\t\t\t\t\t\t\tdata-frame_1=\"st:3820;sp:1000;sR:3820;\"\n\t\t\t\t\t\t\t\tdata-frame_999=\"o:0;st:w;sR:4180;\"\n\t\t\t\t\t\t\t\tstyle=\"z-index:11;\"\n\t\t\t\t\t\t\t><img decoding=\"async\" src=\"\/\/ebp.org.br\/sul\/wp-content\/plugins\/revslider\/public\/assets\/assets\/dummy.png\" alt=\"\" class=\"tp-rs-img rs-lazyload\" width=\"500\" height=\"500\" data-lazyload=\"\/\/ebp.org.br\/sul\/wp-content\/uploads\/2025\/04\/adobe-express-qr-code.png\" data-no-retina> \n\t\t\t\t\t\t\t<\/rs-layer><!--\n-->\t\t\t\t\t\t<\/rs-slide>\n\t\t\t\t\t<\/rs-slides>\n\t\t\t\t<\/rs-module>\n\t\t\t\t<script>\n\t\t\t\t\tsetREVStartSize({c: 'rev_slider_2_1',rl:[1240,1024,778,480],el:[300,300,300,300],gw:[1240,1024,778,480],gh:[300,300,300,300],type:'standard',justify:'',layout:'fullwidth',mh:\"0\"});if (window.RS_MODULES!==undefined && window.RS_MODULES.modules!==undefined && window.RS_MODULES.modules[\"revslider21\"]!==undefined) {window.RS_MODULES.modules[\"revslider21\"].once = false;window.revapi2 = undefined;if (window.RS_MODULES.checkMinimal!==undefined) window.RS_MODULES.checkMinimal()}\n\t\t\t\t<\/script>\n\t\t\t<\/rs-module-wrap>\n\t\t\t<!-- END REVOLUTION SLIDER -->\n[vc_empty_space height=&#8221;50px&#8221;][\/vc_column][\/vc_row][vc_row gmbt_prlx_bg_type=&#8221;parallax&#8221; gmbt_prlx_break_parents=&#8221;0&#8243; gmbt_prlx_smooth_scrolling=&#8221;&#8221; gmbt_prlx_video=&#8221;&#8221; gmbt_prlx_video_mute=&#8221;&#8221; gmbt_prlx_video_force_hd=&#8221;&#8221; gmbt_prlx_opacity=&#8221;100&#8243; gmbt_prlx_video_aspect_ratio=&#8221;16:9&#8243; gmbt_prlx_parallax=&#8221;none&#8221; gmbt_background_repeat=&#8221;&#8221; gmbt_background_position=&#8221;&#8221; gmbt_prlx_speed=&#8221;0.3&#8243; gmbt_prlx_enable_mobile=&#8221;&#8221;][vc_column][vc_column_text]\n<h3><strong>ESCOLA BRASILEIRA DE PSICAN\u00c1LISE<\/strong><\/h3>\n<h3><em>SE\u00c7\u00c3O SUL<\/em><\/h3>\n<h4>Bem-vindos \u00e0 EBP-SUL<\/h4>\n<p style=\"text-align: justify; background: white; vertical-align: baseline;\"><span style=\"font-size: 11.5pt; font-family: 'Arial',sans-serif; color: #616161;\">A Escola \u00e9 o lugar de um saber submetido a um n\u00e3o-saber, \u00e0 diferen\u00e7a das sociedades, que estabelecem a forma\u00e7\u00e3o por cursos que seguem um itiner\u00e1rio padr\u00e3o, segundo uma pedagogia tra\u00e7ada antecipadamente. Na Escola de Lacan, procede-se de forma totalmente diferente, de forma contr\u00e1ria, \u201cprocede-se pela imers\u00e3o do sujeito em um meio que agita a falta de saber\u201d. A Escola de Lacan \u00e9 o lugar para onde convergem os paradoxos que engendram o postulado da forma\u00e7\u00e3o do psicanalista: algu\u00e9m que \u00e9 produto de uma an\u00e1lise \u2014 e que, portanto, se forma num tratamento \u2014 e do saber que deve deter para a realiza\u00e7\u00e3o da pr\u00e1tica futura da psican\u00e1lise.<\/span><\/p>\n[\/vc_column_text][vc_btn title=&#8221;Ler mais&#8221; color=&#8221;juicy-pink&#8221; align=&#8221;left&#8221; link=&#8221;url:https%3A%2F%2Febp.org.br%2Fsul%2Fsobre%2Fquem-somos%2F&#8221;][\/vc_column][\/vc_row][vc_section full_width=&#8221;stretch_row&#8221; disable_element=&#8221;yes&#8221; css=&#8221;.vc_custom_1649936336781{background-color: #f2f2f2 !important;}&#8221;][vc_row][vc_column][vc_column_text][eikra-vc-text-title style=&#8221;style2&#8243; title=&#8221;2\u00aa JORNADA EBP &#8211; SE\u00c7\u00c3O SUL&#8221;][\/eikra-vc-text-title][\/vc_column_text][\/vc_column][\/vc_row][vc_row gmbt_prlx_bg_type=&#8221;parallax&#8221; gmbt_prlx_break_parents=&#8221;0&#8243; gmbt_prlx_smooth_scrolling=&#8221;&#8221; gmbt_prlx_video_mute=&#8221;&#8221; gmbt_prlx_video_force_hd=&#8221;&#8221; gmbt_prlx_opacity=&#8221;100&#8243; gmbt_prlx_video_aspect_ratio=&#8221;16:9&#8243; gmbt_prlx_parallax=&#8221;none&#8221; gmbt_prlx_speed=&#8221;0.3&#8243; gmbt_prlx_enable_mobile=&#8221;&#8221; css=&#8221;.vc_custom_1501014385155{margin-top: 60px !important;}&#8221;][vc_column width=&#8221;1\/4&#8243;][vc_single_image image=&#8221;3030&#8243; img_size=&#8221;200&#215;200&#8243; alignment=&#8221;center&#8221; onclick=&#8221;custom_link&#8221; link=&#8221;https:\/\/ebp.org.br\/sul\/eventos\/jornadas\/2a-jornada-da-secao-sul-falar-sobre-o-que-nao-existe-do-gozo-do-sentido-as-bricolagens-possiveis\/&#8221;][vc_btn title=&#8221;Leia mais&#8221; color=&#8221;juicy-pink&#8221; size=&#8221;xs&#8221; align=&#8221;center&#8221; link=&#8221;url:https%3A%2F%2Febp.org.br%2Fsul%2Feventos%2Fjornadas%2F2a-jornada-da-secao-sul-falar-sobre-o-que-nao-existe-do-gozo-do-sentido-as-bricolagens-possiveis%2F&#8221;][\/vc_column][vc_column width=&#8221;1\/4&#8243;][\/vc_column][vc_column width=&#8221;1\/4&#8243;][\/vc_column][vc_column width=&#8221;1\/4&#8243;][\/vc_column][\/vc_row][\/vc_section][vc_row][vc_column][vc_empty_space height=&#8221;50px&#8221;][vc_column_text]\n<h3><span style=\"color: #993300;\">Links<\/span><\/h3>\n[\/vc_column_text][\/vc_column][\/vc_row][vc_row][vc_column width=&#8221;1\/6&#8243;][vc_single_image image=&#8221;1443&#8243; alignment=&#8221;center&#8221; onclick=&#8221;custom_link&#8221; img_link_target=&#8221;_blank&#8221; link=&#8221;http:\/\/www.wapol.org\/pt\/Template.asp&#8221;][\/vc_column][vc_column width=&#8221;1\/6&#8243;][vc_single_image image=&#8221;1444&#8243; alignment=&#8221;center&#8221; onclick=&#8221;custom_link&#8221; img_link_target=&#8221;_blank&#8221; link=&#8221;http:\/\/www.fapol.org\/pt&#8221;][\/vc_column][vc_column width=&#8221;1\/6&#8243;][vc_single_image image=&#8221;1445&#8243; alignment=&#8221;center&#8221; onclick=&#8221;custom_link&#8221; img_link_target=&#8221;_blank&#8221; link=&#8221;http:\/\/ebp.org.br\/&#8221;][\/vc_column][vc_column width=&#8221;1\/6&#8243;][vc_single_image image=&#8221;1446&#8243; alignment=&#8221;center&#8221; onclick=&#8221;custom_link&#8221; img_link_target=&#8221;_blank&#8221; link=&#8221;http:\/\/www.radiolacan.com\/es\/intro&#8221;][\/vc_column][vc_column width=&#8221;1\/6&#8243;][vc_single_image image=&#8221;4268&#8243; alignment=&#8221;center&#8221; onclick=&#8221;custom_link&#8221; img_link_target=&#8221;_blank&#8221; link=&#8221;http:\/\/www.icpol.com.br&#8221;][\/vc_column][vc_column width=&#8221;1\/6&#8243;][vc_single_image image=&#8221;4267&#8243; alignment=&#8221;center&#8221; onclick=&#8221;custom_link&#8221; img_link_target=&#8221;_blank&#8221; link=&#8221;http:\/\/revistaarteira.com.br\/index.php&#8221;][\/vc_column][\/vc_row]\n<\/section>","protected":false},"excerpt":{"rendered":"<p>[vc_row full_width=&#8221;stretch_row&#8221;][vc_column][vc_empty_space height=&#8221;50px&#8221;][\/vc_column][\/vc_row][vc_row gmbt_prlx_bg_type=&#8221;parallax&#8221; gmbt_prlx_break_parents=&#8221;0&#8243; gmbt_prlx_smooth_scrolling=&#8221;&#8221; gmbt_prlx_video=&#8221;&#8221; gmbt_prlx_video_mute=&#8221;&#8221; gmbt_prlx_video_force_hd=&#8221;&#8221; gmbt_prlx_opacity=&#8221;100&#8243; gmbt_prlx_video_aspect_ratio=&#8221;16:9&#8243; gmbt_prlx_parallax=&#8221;none&#8221; gmbt_background_repeat=&#8221;&#8221; gmbt_background_position=&#8221;&#8221; gmbt_prlx_speed=&#8221;0.3&#8243; gmbt_prlx_enable_mobile=&#8221;&#8221;][vc_column][vc_column_text] ESCOLA BRASILEIRA DE PSICAN\u00c1LISE SE\u00c7\u00c3O SUL Bem-vindos \u00e0 EBP-SUL A Escola \u00e9 o lugar de um saber submetido a um n\u00e3o-saber, \u00e0 diferen\u00e7a das sociedades, que estabelecem a forma\u00e7\u00e3o por cursos que seguem um itiner\u00e1rio padr\u00e3o, segundo uma pedagogia&hellip;<\/p>\n","protected":false},"author":1,"featured_media":0,"parent":0,"menu_order":0,"comment_status":"closed","ping_status":"open","template":"","meta":{"footnotes":""},"class_list":["post-40","page","type-page","status-publish","hentry","entry","no-media"],"_links":{"self":[{"href":"https:\/\/ebp.org.br\/sul\/wp-json\/wp\/v2\/pages\/40","targetHints":{"allow":["GET"]}}],"collection":[{"href":"https:\/\/ebp.org.br\/sul\/wp-json\/wp\/v2\/pages"}],"about":[{"href":"https:\/\/ebp.org.br\/sul\/wp-json\/wp\/v2\/types\/page"}],"author":[{"embeddable":true,"href":"https:\/\/ebp.org.br\/sul\/wp-json\/wp\/v2\/users\/1"}],"replies":[{"embeddable":true,"href":"https:\/\/ebp.org.br\/sul\/wp-json\/wp\/v2\/comments?post=40"}],"version-history":[{"count":5,"href":"https:\/\/ebp.org.br\/sul\/wp-json\/wp\/v2\/pages\/40\/revisions"}],"predecessor-version":[{"id":4807,"href":"https:\/\/ebp.org.br\/sul\/wp-json\/wp\/v2\/pages\/40\/revisions\/4807"}],"wp:attachment":[{"href":"https:\/\/ebp.org.br\/sul\/wp-json\/wp\/v2\/media?parent=40"}],"curies":[{"name":"wp","href":"https:\/\/api.w.org\/{rel}","templated":true}]}}