{"id":3977,"date":"2023-07-25T08:37:34","date_gmt":"2023-07-25T11:37:34","guid":{"rendered":"https:\/\/ebp.org.br\/sul\/?page_id=3977"},"modified":"2023-09-26T15:16:50","modified_gmt":"2023-09-26T18:16:50","slug":"4a-jornada-da-ebp-secao-sul-louco-motiva-a-cada-um-seu-acento-envio-trabalhos","status":"publish","type":"page","link":"https:\/\/ebp.org.br\/sul\/eventos\/jornadas\/4a-jornada-da-ebp-secao-sul-louco-motiva-a-cada-um-seu-acento\/4a-jornada-da-ebp-secao-sul-louco-motiva-a-cada-um-seu-acento-envio-trabalhos\/","title":{"rendered":"4\u00aa Jornada da EBP \u2013 Se\u00e7\u00e3o Sul &#8211; Louco-motiva: a cada um seu acento &#8211; Envio de Trabalhos"},"content":{"rendered":"<section class=\"wpb-content-wrapper\">[vc_row][vc_column][vc_single_image image=&#8221;4421&#8243;][\/vc_column][\/vc_row][vc_row][vc_column][vc_column_text]\n<h3><span style=\"color: #800000;\">Envio de Trabalhos<\/span><\/h3>\n[\/vc_column_text][\/vc_column][\/vc_row][vc_row][vc_column][vc_column_text]Ser\u00e1 um prazer para nossa comiss\u00e3o ler seu trabalho, o acento que voc\u00ea porta a ele. Os crit\u00e9rios de acolhimento dos textos consideram a coer\u00eancia com o tema da Jornada e com o eixo ao qual se prop\u00f5e, a articula\u00e7\u00e3o conceitual, a clareza e objetividade da escrita, com o estilo pr\u00f3prio a cada um, \u00e9 claro. Convidamos voc\u00ea \u00e0 escrita de um texto que possa transmitir um paradigma, que traga a \u201csingularidade de um caso apreendido como incompar\u00e1vel\u201d.<\/p>\n<p>Aguardamos seu texto, de acordo com os seguintes crit\u00e9rios de envio:<\/p>\n<p>O texto deve ser encaminhado at\u00e9 11 de Setembro para: <a href=\"mailto:jornadaebpsul@gmail.com\">jornadaebpsul@gmail.com<\/a>\u00a0e <a href=\"mailto:leonardo.scofield@gmail.com\">leonardo.scofield@gmail.com<\/a><\/p>\n<p>Assunto do e-mail: 4\u00aa Jornada da EBP-Sul, Nome do autor.<\/p>\n<p>Voc\u00ea receber\u00e1 a confirma\u00e7\u00e3o do envio. Por favor, verifique sua caixa de Spam. Caso n\u00e3o receba a confirma\u00e7\u00e3o ap\u00f3s 3 dias, reenvie o texto esclarecendo que se trata de um reenvio.<\/p>\n<p>A Comiss\u00e3o Epist\u00eamica da 4\u00aa Jornada da EBP-SUL ser\u00e1 respons\u00e1vel pela leitura dos textos e sele\u00e7\u00e3o dos trabalhos.<\/p>\n<p>Formato do texto:<\/p>\n<ul>\n<li>T\u00edtulo do trabalho, nome completo do autor. E-mail do autor.<\/li>\n<li>Eixo com o qual o trabalho est\u00e1 relacionado (Argumento e Eixos no site).<\/li>\n<li>Formato WORD, fonte Times New Roman, tamanho 12, justificado, espa\u00e7amento de 1,5 entre linhas. 7000 caracteres incluindo espa\u00e7os.<\/li>\n<li>As refer\u00eancias bibliogr\u00e1ficas citadas devem ser apresentadas da seguinte forma:\n<ul>\n<li>Autor, T\u00edtulo do livro, \u201ct\u00edtulo do artigo ou cap\u00edtulo\u201d, local, editora, ano, p\u00e1gina.<\/li>\n<li>\u201cT\u00edtulo do artigo\u201d, p\u00e1gina (site) de onde foi retirado o texto ou artigo.<\/li>\n<\/ul>\n<\/li>\n<\/ul>\n[\/vc_column_text][\/vc_column][\/vc_row]\n<\/section>","protected":false},"excerpt":{"rendered":"<p>[vc_row][vc_column][vc_single_image image=&#8221;4421&#8243;][\/vc_column][\/vc_row][vc_row][vc_column][vc_column_text] Envio de Trabalhos [\/vc_column_text][\/vc_column][\/vc_row][vc_row][vc_column][vc_column_text]Ser\u00e1 um prazer para nossa comiss\u00e3o ler seu trabalho, o acento que voc\u00ea porta a ele. Os crit\u00e9rios de acolhimento dos textos consideram a coer\u00eancia com o tema da Jornada e com o eixo ao qual se prop\u00f5e, a articula\u00e7\u00e3o conceitual, a clareza e objetividade da escrita, com o estilo&hellip;<\/p>\n","protected":false},"author":1,"featured_media":0,"parent":3835,"menu_order":0,"comment_status":"closed","ping_status":"closed","template":"","meta":{"footnotes":""},"class_list":["post-3977","page","type-page","status-publish","hentry","entry","no-media"],"_links":{"self":[{"href":"https:\/\/ebp.org.br\/sul\/wp-json\/wp\/v2\/pages\/3977","targetHints":{"allow":["GET"]}}],"collection":[{"href":"https:\/\/ebp.org.br\/sul\/wp-json\/wp\/v2\/pages"}],"about":[{"href":"https:\/\/ebp.org.br\/sul\/wp-json\/wp\/v2\/types\/page"}],"author":[{"embeddable":true,"href":"https:\/\/ebp.org.br\/sul\/wp-json\/wp\/v2\/users\/1"}],"replies":[{"embeddable":true,"href":"https:\/\/ebp.org.br\/sul\/wp-json\/wp\/v2\/comments?post=3977"}],"version-history":[{"count":3,"href":"https:\/\/ebp.org.br\/sul\/wp-json\/wp\/v2\/pages\/3977\/revisions"}],"predecessor-version":[{"id":4591,"href":"https:\/\/ebp.org.br\/sul\/wp-json\/wp\/v2\/pages\/3977\/revisions\/4591"}],"up":[{"embeddable":true,"href":"https:\/\/ebp.org.br\/sul\/wp-json\/wp\/v2\/pages\/3835"}],"wp:attachment":[{"href":"https:\/\/ebp.org.br\/sul\/wp-json\/wp\/v2\/media?parent=3977"}],"curies":[{"name":"wp","href":"https:\/\/api.w.org\/{rel}","templated":true}]}}