{"id":3875,"date":"2023-05-25T15:20:09","date_gmt":"2023-05-25T18:20:09","guid":{"rendered":"https:\/\/ebp.org.br\/sul\/?page_id=3875"},"modified":"2023-09-26T15:17:16","modified_gmt":"2023-09-26T18:17:16","slug":"4a-jornada-da-ebp-secao-sul-louco-motiva-a-cada-um-seu-acento-inscricoes","status":"publish","type":"page","link":"https:\/\/ebp.org.br\/sul\/eventos\/jornadas\/4a-jornada-da-ebp-secao-sul-louco-motiva-a-cada-um-seu-acento\/4a-jornada-da-ebp-secao-sul-louco-motiva-a-cada-um-seu-acento-inscricoes\/","title":{"rendered":"4\u00aa Jornada da EBP \u2013 Se\u00e7\u00e3o Sul &#8211; Louco-motiva: a cada um seu acento &#8211; Inscri\u00e7\u00f5es"},"content":{"rendered":"<section class=\"wpb-content-wrapper\">[vc_row][vc_column][vc_single_image image=&#8221;4421&#8243;][\/vc_column][\/vc_row][vc_row][vc_column][vc_column_text]\n<h3><span style=\"color: #800000;\">Inscri\u00e7\u00f5es<\/span><\/h3>\n[\/vc_column_text][\/vc_column][\/vc_row][vc_row][vc_column][vc_column_text]\n<p>Escolha o local de inscri\u00e7\u00e3o e clique no bot\u00e3o correspondente.<\/p>\n<p>Ap\u00f3s preencher o formul\u00e1rio e fazer o pagamento, \u00e9 necess\u00e1rio enviar o comprovante para <a href=\"mailto:jornadaebpsul@gmail.com\">jornadaebpsul@gmail.com<\/a>.<\/p>\n<p>Para os alunos de gradua\u00e7\u00e3o , alunos do ICPOL <strong>\u00e9 necess\u00e1rio o envio de comprova\u00e7\u00e3o de matr\u00edcula. Funcion\u00e1rios p\u00fablicos tamb\u00e9m \u00e9 necess\u00e1rio comprova\u00e7\u00e3o.<\/strong><br \/>\n[\/vc_column_text][\/vc_column][\/vc_row][vc_row][vc_column][vc_btn title=&#8221;Fa\u00e7a a sua Inscri\u00e7\u00e3o&#8221; color=&#8221;inverse&#8221; link=&#8221;url:https%3A%2F%2Fforms.gle%2FpCqkqBuq5ZeSm3eQ9&#8243;][\/vc_column][\/vc_row][vc_row][vc_column width=&#8221;1\/2&#8243;][vc_column_text]\n<h3><span style=\"color: #808000;\"><b>A partir de 29\/7 a 13\/10<\/b><\/span><\/h3>\n<ul>\n<li>Membros EBP: <b>R$350,00<\/b><\/li>\n<li>Profissionais n\u00e3o membros: <b>R$290,00<\/b><\/li>\n<li>Estudantes e Funcion\u00e1rios p\u00fablico: <b>R$200,00<\/b><\/li>\n<\/ul>\n[\/vc_column_text][\/vc_column][\/vc_row][vc_row][vc_column][vc_column_text]Para dep\u00f3sito ou transfer\u00eancia<br \/>\nBanco Unicred n.136<br \/>\nag\u00eancia: 1104<br \/>\nCC 181099-5<br \/>\nCNPJ 08.839.940\/0001-80<br \/>\nEm nome da Escola Brasileira de Psican\u00e1lise &#8211; Se\u00e7\u00e3o Sul<\/p>\n<p>pix: ebpsul@gmail.com<\/p>\n<hr \/>\n<p>&nbsp;<\/p>\n<p>O evento ser\u00e1 exclusivamente <strong>presencial<\/strong> com todas as apresenta\u00e7\u00f5es <strong>na cidade de Curitiba:<\/strong><\/p>\n<ul>\n<li><strong>Solar do Ros\u00e1rio, Rua Louren\u00e7o Pinto, 500 &#8211; Centro, Curitiba &#8211; PR.<\/strong><\/li>\n<\/ul>\n<p>Haver\u00e1 transmiss\u00e3o para Florian\u00f3polis onde ser\u00e1 necess\u00e1ria a presen\u00e7a no seguinte local:<\/p>\n<ul>\n<li><strong>Rua Professor Ayrton Roberto de Oliveira, 32, Edif\u00edcio Laguna Corporate Center, sala 1101, CEP: 88034-050, Itacorubi.<\/strong><\/li>\n<\/ul>\n<p>As vagas para a sala de Florian\u00f3polis s\u00e3o limitadas a <strong>50 pessoas<\/strong>. E o crit\u00e9rio para preenchimento das vagas ser\u00e1 por ordem de inscri\u00e7\u00e3o. As vagas de Curitiba chegam a <strong>250 pessoas<\/strong>.[\/vc_column_text][\/vc_column][\/vc_row][vc_row][vc_column][\/vc_column][\/vc_row]\n<\/section>","protected":false},"excerpt":{"rendered":"<p>[vc_row][vc_column][vc_single_image image=&#8221;4421&#8243;][\/vc_column][\/vc_row][vc_row][vc_column][vc_column_text] Inscri\u00e7\u00f5es [\/vc_column_text][\/vc_column][\/vc_row][vc_row][vc_column][vc_column_text] Escolha o local de inscri\u00e7\u00e3o e clique no bot\u00e3o correspondente. Ap\u00f3s preencher o formul\u00e1rio e fazer o pagamento, \u00e9 necess\u00e1rio enviar o comprovante para jornadaebpsul@gmail.com. Para os alunos de gradua\u00e7\u00e3o , alunos do ICPOL \u00e9 necess\u00e1rio o envio de comprova\u00e7\u00e3o de matr\u00edcula. Funcion\u00e1rios p\u00fablicos tamb\u00e9m \u00e9 necess\u00e1rio comprova\u00e7\u00e3o. [\/vc_column_text][\/vc_column][\/vc_row][vc_row][vc_column][vc_btn title=&#8221;Fa\u00e7a a&hellip;<\/p>\n","protected":false},"author":1,"featured_media":0,"parent":3835,"menu_order":0,"comment_status":"closed","ping_status":"closed","template":"","meta":{"footnotes":""},"class_list":["post-3875","page","type-page","status-publish","hentry","entry","no-media"],"_links":{"self":[{"href":"https:\/\/ebp.org.br\/sul\/wp-json\/wp\/v2\/pages\/3875","targetHints":{"allow":["GET"]}}],"collection":[{"href":"https:\/\/ebp.org.br\/sul\/wp-json\/wp\/v2\/pages"}],"about":[{"href":"https:\/\/ebp.org.br\/sul\/wp-json\/wp\/v2\/types\/page"}],"author":[{"embeddable":true,"href":"https:\/\/ebp.org.br\/sul\/wp-json\/wp\/v2\/users\/1"}],"replies":[{"embeddable":true,"href":"https:\/\/ebp.org.br\/sul\/wp-json\/wp\/v2\/comments?post=3875"}],"version-history":[{"count":2,"href":"https:\/\/ebp.org.br\/sul\/wp-json\/wp\/v2\/pages\/3875\/revisions"}],"predecessor-version":[{"id":4592,"href":"https:\/\/ebp.org.br\/sul\/wp-json\/wp\/v2\/pages\/3875\/revisions\/4592"}],"up":[{"embeddable":true,"href":"https:\/\/ebp.org.br\/sul\/wp-json\/wp\/v2\/pages\/3835"}],"wp:attachment":[{"href":"https:\/\/ebp.org.br\/sul\/wp-json\/wp\/v2\/media?parent=3875"}],"curies":[{"name":"wp","href":"https:\/\/api.w.org\/{rel}","templated":true}]}}