{"id":3665,"date":"2022-08-15T15:45:34","date_gmt":"2022-08-15T18:45:34","guid":{"rendered":"https:\/\/ebp.org.br\/sul\/?page_id=3665"},"modified":"2022-08-15T15:45:34","modified_gmt":"2022-08-15T18:45:34","slug":"3a-jornada-da-ebp-secao-sul-a-escuta-analitica-inscricoes","status":"publish","type":"page","link":"https:\/\/ebp.org.br\/sul\/eventos\/jornadas\/3a-jornada-ebp-secao-sul-a-escuta-analitica\/3a-jornada-da-ebp-secao-sul-a-escuta-analitica-inscricoes\/","title":{"rendered":"3\u00aa Jornada da EBP \u2013 Se\u00e7\u00e3o Sul &#8211; A Escuta Anal\u00edtica &#8211; Inscri\u00e7\u00f5es"},"content":{"rendered":"<section class=\"wpb-content-wrapper\">[vc_row][vc_column][vc_single_image image=&#8221;3495&#8243; img_size=&#8221;full&#8221;][\/vc_column][\/vc_row][vc_row][vc_column][vc_column_text]\n<h3><span style=\"color: #993300;\">Inscri\u00e7\u00f5es<\/span><\/h3>\n<p>Escolha o tipo de inscri\u00e7\u00e3o e clique no bot\u00e3o correspondente. Ap\u00f3s preencher o formul\u00e1rio e fazer o pagamento, \u00e9 necess\u00e1rio enviar o comprovante para<a href=\"mailto:jornadaebpsul@gmail.com\"> jornadaebpsul@gmail.com<\/a>.<\/p>\n<p>Para os alunos de gradua\u00e7\u00e3o e alunos do ICPOL e da Associa\u00e7\u00e3o de Estudos da Psican\u00e1lise PR \u00e9 necess\u00e1rio o envio de comprova\u00e7\u00e3o de matr\u00edcula.<\/p>\n<p><span style=\"color: #993300;\"><em><strong>O evento ser\u00e1 h\u00edbrido. Presencial com n\u00famero de vagas limitadas e tamb\u00e9m transmitido via zoom.<\/strong><\/em><\/span><br \/>\n<span style=\"color: #993300;\"><em><strong>Hotel Mercure &#8211; Rod. Admar Gonzaga, 600 &#8211; Itacorubi, Florian\u00f3polis &#8211; SC<\/strong><\/em><\/span><\/p>\n[\/vc_column_text][\/vc_column][\/vc_row][vc_row][vc_column width=&#8221;1\/2&#8243;][vc_separator color=&#8221;juicy_pink&#8221; border_width=&#8221;4&#8243;][vc_column_text]\n<p style=\"text-align: center;\"><span style=\"color: #993300;\"><strong>INSCRI\u00c7\u00c3O PRESENCIAL<\/strong><\/span><\/p>\n[\/vc_column_text][vc_row_inner][vc_column_inner width=&#8221;1\/2&#8243;][vc_column_text]\n<h4 style=\"text-align: center;\"><span style=\"color: #993300;\">MEMBROS E<br \/>\nPROFISSIONAIS<\/span><\/h4>\n<h3 style=\"text-align: center;\"><strong>R$250,00<\/strong><\/h3>\n[\/vc_column_text][vc_btn title=&#8221;INSCRI\u00c7\u00c3O&#8221; color=&#8221;juicy-pink&#8221; size=&#8221;xs&#8221; align=&#8221;center&#8221; i_icon_fontawesome=&#8221;far fa-address-card&#8221; add_icon=&#8221;true&#8221; link=&#8221;url:https%3A%2F%2Fforms.gle%2FJuL5B6YDka9Jbugv6&#8243;][\/vc_column_inner][vc_column_inner width=&#8221;1\/2&#8243;][vc_column_text]\n<h4 style=\"text-align: center;\"><span style=\"color: #993300;\">ALUNOS DE GRADUA\u00c7\u00c3O, ALUNOS DO CURSO DE PSICAN\u00c1LISE DE ORIENTA\u00c7\u00c3O LACANIANA (CPOL &#8211; ICPOL\/SC) E DA ASSOCIA\u00c7\u00c3O DE ESTUDOS\u00a0 E TRANSMISS\u00c3O DA PSICAN\u00c1LISE DO PARAN\u00c1<\/span><\/h4>\n<h3 style=\"text-align: center;\"><strong>R$190,00<\/strong><\/h3>\n[\/vc_column_text][vc_btn title=&#8221;INSCRI\u00c7\u00c3O&#8221; color=&#8221;juicy-pink&#8221; size=&#8221;xs&#8221; align=&#8221;center&#8221; i_icon_fontawesome=&#8221;far fa-address-card&#8221; add_icon=&#8221;true&#8221; link=&#8221;url:https%3A%2F%2Fforms.gle%2FGALCZ6knxfHXyXSQ7&#8243;][\/vc_column_inner][\/vc_row_inner][vc_separator color=&#8221;juicy_pink&#8221; border_width=&#8221;4&#8243;][\/vc_column][vc_column width=&#8221;1\/2&#8243;][vc_separator color=&#8221;juicy_pink&#8221; border_width=&#8221;4&#8243;][vc_column_text]\n<p style=\"text-align: center;\"><span style=\"color: #993300;\"><strong>INSCRI\u00c7\u00c3O ONLINE<\/strong><\/span><\/p>\n[\/vc_column_text][vc_row_inner][vc_column_inner width=&#8221;1\/2&#8243;][vc_column_text]\n<h4 style=\"text-align: center;\"><span style=\"color: #993300;\">MEMBROS E<br \/>\nPROFISSIONAIS<\/span><\/h4>\n<h3 style=\"text-align: center;\"><strong>R$250,00<\/strong><\/h3>\n[\/vc_column_text][vc_btn title=&#8221;INSCRI\u00c7\u00c3O&#8221; color=&#8221;juicy-pink&#8221; size=&#8221;xs&#8221; align=&#8221;center&#8221; i_icon_fontawesome=&#8221;far fa-address-card&#8221; add_icon=&#8221;true&#8221; link=&#8221;url:https%3A%2F%2Fforms.gle%2FsKkN36Uw1iVj2aCg8&#8243;][\/vc_column_inner][vc_column_inner width=&#8221;1\/2&#8243;][vc_column_text]\n<h4 style=\"text-align: center;\"><span style=\"color: #993300;\">ALUNOS DE GRADUA\u00c7\u00c3O, ALUNOS DO CURSO DE PSICAN\u00c1LISE DE ORIENTA\u00c7\u00c3O LACANIANA (CPOL &#8211; ICPOL\/SC) E DA ASSOCIA\u00c7\u00c3O DE ESTUDOS\u00a0 E TRANSMISS\u00c3O DA PSICAN\u00c1LISE DO PARAN\u00c1<\/span><\/h4>\n<h3 style=\"text-align: center;\"><strong>R$190,00<\/strong><\/h3>\n[\/vc_column_text][vc_btn title=&#8221;INSCRI\u00c7\u00c3O&#8221; color=&#8221;juicy-pink&#8221; size=&#8221;xs&#8221; align=&#8221;center&#8221; i_icon_fontawesome=&#8221;far fa-address-card&#8221; add_icon=&#8221;true&#8221; link=&#8221;url:https%3A%2F%2Fforms.gle%2FnjxzhAj6eZYi91iw5&#8243;][\/vc_column_inner][\/vc_row_inner][vc_separator color=&#8221;juicy_pink&#8221; border_width=&#8221;4&#8243;][\/vc_column][\/vc_row]\n<\/section>","protected":false},"excerpt":{"rendered":"<p>[vc_row][vc_column][vc_single_image image=&#8221;3495&#8243; img_size=&#8221;full&#8221;][\/vc_column][\/vc_row][vc_row][vc_column][vc_column_text] Inscri\u00e7\u00f5es Escolha o tipo de inscri\u00e7\u00e3o e clique no bot\u00e3o correspondente. Ap\u00f3s preencher o formul\u00e1rio e fazer o pagamento, \u00e9 necess\u00e1rio enviar o comprovante para jornadaebpsul@gmail.com. Para os alunos de gradua\u00e7\u00e3o e alunos do ICPOL e da Associa\u00e7\u00e3o de Estudos da Psican\u00e1lise PR \u00e9 necess\u00e1rio o envio de comprova\u00e7\u00e3o de matr\u00edcula. O&hellip;<\/p>\n","protected":false},"author":1,"featured_media":0,"parent":3465,"menu_order":0,"comment_status":"closed","ping_status":"closed","template":"","meta":{"footnotes":""},"class_list":["post-3665","page","type-page","status-publish","hentry","entry","no-media"],"_links":{"self":[{"href":"https:\/\/ebp.org.br\/sul\/wp-json\/wp\/v2\/pages\/3665","targetHints":{"allow":["GET"]}}],"collection":[{"href":"https:\/\/ebp.org.br\/sul\/wp-json\/wp\/v2\/pages"}],"about":[{"href":"https:\/\/ebp.org.br\/sul\/wp-json\/wp\/v2\/types\/page"}],"author":[{"embeddable":true,"href":"https:\/\/ebp.org.br\/sul\/wp-json\/wp\/v2\/users\/1"}],"replies":[{"embeddable":true,"href":"https:\/\/ebp.org.br\/sul\/wp-json\/wp\/v2\/comments?post=3665"}],"version-history":[{"count":0,"href":"https:\/\/ebp.org.br\/sul\/wp-json\/wp\/v2\/pages\/3665\/revisions"}],"up":[{"embeddable":true,"href":"https:\/\/ebp.org.br\/sul\/wp-json\/wp\/v2\/pages\/3465"}],"wp:attachment":[{"href":"https:\/\/ebp.org.br\/sul\/wp-json\/wp\/v2\/media?parent=3665"}],"curies":[{"name":"wp","href":"https:\/\/api.w.org\/{rel}","templated":true}]}}