{"id":3623,"date":"2022-06-27T11:21:04","date_gmt":"2022-06-27T14:21:04","guid":{"rendered":"https:\/\/ebp.org.br\/sul\/?page_id=3623"},"modified":"2022-06-27T11:21:04","modified_gmt":"2022-06-27T14:21:04","slug":"jornada-de-carteis-fev-22","status":"publish","type":"page","link":"https:\/\/ebp.org.br\/sul\/jornada-de-carteis-fev-22\/","title":{"rendered":"Textos Jornada de Cart\u00e9is Fev\/22"},"content":{"rendered":"<h3><span style=\"color: #993300;\">Cartel: Feminino Infamiliar<\/span><\/h3>\n<h6><strong>Integrantes: <\/strong>Adriana Rodrigues, Aline Gusberti, Juliana Rego Silva (Mais-Um), Paula Lermen, Patricia Boieng e Maria Teresa Wendhausen.<\/h6>\n<p><a href=\"https:\/\/ebp.org.br\/sul\/silencio-e-gozo\/\">Sil\u00eancio e gozo<br \/>\n<\/a>Aline Gusberti<\/p>\n<p><a href=\"https:\/\/ebp.org.br\/sul\/sobre-o-feminino-mais-ainda-no-continente-escuro\/\">Sobre o feminino: mais ainda no continente escuro<br \/>\n<\/a>Paula Lermen<\/p>\n<p><a href=\"https:\/\/ebp.org.br\/sul\/entre-posicoes-e-semblantes-confusoes-e-infamiliaridades\/\">Entre posi\u00e7\u00f5es e semblantes: confus\u00f5es e infamiliaridades<br \/>\n<\/a>Juliana Rego Silva<\/p>\n<hr \/>\n<h3><span style=\"color: #993300;\">Cartel: Psican\u00e1lise e Cultura<\/span><\/h3>\n<h6><strong>Integrantes: <\/strong>Francine Murara, Gabriel Bueno, Mariana Dias, Oscar Reymundo (Mais-Um), Tatiane Fuggi.<\/h6>\n<p><a href=\"https:\/\/ebp.org.br\/sul\/o-inconsciente-territorial-de-grande-sertao-veredas\/\">O inconsciente territorial de Grande Sert\u00e3o Veredas<\/a><br \/>\nGabriel Bueno<\/p>\n<p><a href=\"https:\/\/ebp.org.br\/sul\/cartel-psicanalise-e-cultura-3\/\">Mulheres-or\u00e1culo<\/a><br \/>\nMariana Dias<\/p>\n<p><a href=\"https:\/\/ebp.org.br\/sul\/cidade-corpo-corpos-na-cidade\/\">Cidade-corpo: Corpos na cidade<\/a><br \/>\nTatiane Fuggi<\/p>\n<p><a href=\"https:\/\/ebp.org.br\/sul\/o-psicanalista-no-social\/\">O Psicanalista no Social<\/a><br \/>\nOscar Reymundo (EBP\/AMP)<\/p>\n<hr \/>\n<h3><span style=\"color: #993300;\">Cartel: Percurso da Letra<\/span><\/h3>\n<h6><strong>Integrantes: <\/strong>Andriele Barbosa Gomes; Daniel Wallace; Leonardo Mendon\u00e7a; Maria Teresa Wendhausen (Mais-Um).<\/h6>\n<p><a href=\"https:\/\/ebp.org.br\/sul\/acontecimento-litoral-e-a-interpretacao\/\">Acontecimento litoral e a interpreta\u00e7\u00e3o<br \/>\n<\/a>Leonardo Fernandes Mendon\u00e7a<\/p>\n<p><a href=\"https:\/\/ebp.org.br\/sul\/letra-interpretacao-posicao-do-analista-e-o-feminino1\/\">Letra, interpreta\u00e7\u00e3o, posi\u00e7\u00e3o do analista e o feminino<br \/>\n<\/a>Maria Teresa Wendhausen (EBP\/AMP)<\/p>\n<p><a href=\"https:\/\/ebp.org.br\/sul\/percursos-da-letra-na-ficcao-neurotica\/\">Percursos da letra na fic\u00e7\u00e3o neur\u00f3tica<\/a><br \/>\nGracy Amandio Pedro<\/p>\n<hr \/>\n<h3><span style=\"color: #993300;\">Cartel: A presen\u00e7a do analista na atualidade na cl\u00ednica com crian\u00e7as<\/span><\/h3>\n<h6><strong>Integrantes:<\/strong> Anal\u00edcea Calmon, Cristina Drummond, In\u00eas Seabra Abreu Rocha, Maria do Ros\u00e1rio Collier do R\u00eago Barros, Nohemi Brown (Mais-Um).<\/h6>\n<p><a href=\"https:\/\/ebp.org.br\/sul\/a-presenca-do-analista-na-clinica-com-criancas\/\">A presen\u00e7a do analista na atualidade na cl\u00ednica com crian\u00e7as<\/a><br \/>\nIn\u00eas Seabra Abreu Rocha (EBP\/AMP)<\/p>\n<hr \/>\n<h3><span style=\"color: #993300;\">Cartel: Psican\u00e1lise e Cinema<\/span><\/h3>\n<h6><strong>Integrantes: <\/strong>Artur Cipriani; Cinthia Busato; Cleyton Andrade (Mais-Um); Fl\u00e1vio Desgranges e Mar\u00eda Mercedes Rodriguez.<\/h6>\n<p><a href=\"https:\/\/ebp.org.br\/sul\/do-indizivel-ao-visivel\/\">Do indiz\u00edvel ao vis\u00edvel<\/a><br \/>\nC\u00ednthia Busato (EBP\/AMP)<\/p>\n<hr \/>\n<h3><span style=\"color: #993300;\">Cartel: Transfer\u00eancia: que la\u00e7o \u00e9 esse?<\/span><\/h3>\n<h6><strong>Integrantes: <\/strong>Eneida Medeiros Santos (Mais-Um); Rafaela Maester e Ver\u00f4nica Montenegro.<\/h6>\n<p><a href=\"https:\/\/ebp.org.br\/sul\/a-transferencia-ata-o-amor-ao-real\/\">\u00a0A transfer\u00eancia ata o amor ao real<\/a><br \/>\nEneida Medeiros Santos (EBP\/AMP)<\/p>\n<p><a href=\"https:\/\/ebp.org.br\/sul\/desejo-do-analista-e-o-analista-que-deseja-entre-lacos-e-desen-lacos1\/\">Desejo do analista e o analista que deseja: entre-la\u00e7os e desen-la\u00e7os<\/a><br \/>\nVer\u00f4nica Paola Montenegro<\/p>\n<hr \/>\n<h3><span style=\"color: #993300;\">Cartel: Um analista se vira com o qu\u00ea?<\/span><\/h3>\n<h6><strong>Integrantes: <\/strong>Adriana Rodrigues (Mais-Um); Alana Tedesco; Artur Cipriani; Carla Avellar; Fernanda Workeling e Ruberval Menezes.<\/h6>\n<p><a href=\"https:\/\/ebp.org.br\/sul\/cartel-um-analista-se-vira-com-o-que-2\/\">Notas sobre exterioridade \u00edntima e a posi\u00e7\u00e3o do analista<br \/>\n<\/a>Adriana Rodrigues (EBP\/AMP)<\/p>\n<p><a href=\"https:\/\/ebp.org.br\/sul\/o-que-um-analista-tem-que-saber-ouvir\/\">O que um analista tem que saber-ouvir<\/a><br \/>\nArtur Cipriani<\/p>\n","protected":false},"excerpt":{"rendered":"<p>Cartel: Feminino Infamiliar Integrantes: Adriana Rodrigues, Aline Gusberti, Juliana Rego Silva (Mais-Um), Paula Lermen, Patricia Boieng e Maria Teresa Wendhausen. Sil\u00eancio e gozo Aline Gusberti Sobre o feminino: mais ainda no continente escuro Paula Lermen Entre posi\u00e7\u00f5es e semblantes: confus\u00f5es e infamiliaridades Juliana Rego Silva Cartel: Psican\u00e1lise e Cultura Integrantes: Francine Murara, Gabriel Bueno, Mariana&hellip;<\/p>\n","protected":false},"author":1,"featured_media":0,"parent":0,"menu_order":0,"comment_status":"closed","ping_status":"closed","template":"","meta":{"footnotes":""},"class_list":["post-3623","page","type-page","status-publish","hentry","entry","no-media"],"_links":{"self":[{"href":"https:\/\/ebp.org.br\/sul\/wp-json\/wp\/v2\/pages\/3623","targetHints":{"allow":["GET"]}}],"collection":[{"href":"https:\/\/ebp.org.br\/sul\/wp-json\/wp\/v2\/pages"}],"about":[{"href":"https:\/\/ebp.org.br\/sul\/wp-json\/wp\/v2\/types\/page"}],"author":[{"embeddable":true,"href":"https:\/\/ebp.org.br\/sul\/wp-json\/wp\/v2\/users\/1"}],"replies":[{"embeddable":true,"href":"https:\/\/ebp.org.br\/sul\/wp-json\/wp\/v2\/comments?post=3623"}],"version-history":[{"count":0,"href":"https:\/\/ebp.org.br\/sul\/wp-json\/wp\/v2\/pages\/3623\/revisions"}],"wp:attachment":[{"href":"https:\/\/ebp.org.br\/sul\/wp-json\/wp\/v2\/media?parent=3623"}],"curies":[{"name":"wp","href":"https:\/\/api.w.org\/{rel}","templated":true}]}}