{"id":3540,"date":"2022-06-18T07:42:28","date_gmt":"2022-06-18T10:42:28","guid":{"rendered":"https:\/\/ebp.org.br\/sul\/?page_id=3540"},"modified":"2022-06-18T07:42:28","modified_gmt":"2022-06-18T10:42:28","slug":"atividades-preparatorias","status":"publish","type":"page","link":"https:\/\/ebp.org.br\/sul\/eventos\/jornadas\/3a-jornada-ebp-secao-sul-a-escuta-analitica\/atividades-preparatorias\/","title":{"rendered":"3\u00aa Jornada da EBP \u2013 Se\u00e7\u00e3o Sul &#8211; A Escuta Anal\u00edtica &#8211; Atividades Preparat\u00f3rias"},"content":{"rendered":"<section class=\"wpb-content-wrapper\">[vc_row][vc_column][vc_single_image image=&#8221;3495&#8243; img_size=&#8221;full&#8221;][\/vc_column][\/vc_row][vc_row][vc_column width=&#8221;1\/2&#8243;][vc_column_text]https:\/\/youtube.com\/watch?v=qLB1GWf9PqM&amp;feature=share[\/vc_column_text][vc_column_text]\n<div id=\"title\" class=\"style-scope ytd-watch-metadata\">\n<h6 class=\"style-scope ytd-watch-metadata\" style=\"text-align: center;\">1\u00aa Preparat\u00f3ria para a 3\u00aa Jornada da EBP-Se\u00e7\u00e3o Sul<\/h6>\n<\/div>\n<div id=\"description-and-actions\" class=\"style-scope ytd-watch-metadata\">\n<h6 id=\"description\" class=\"item style-scope ytd-watch-metadata\" style=\"text-align: center;\"><\/h6>\n<\/div>\n[\/vc_column_text][\/vc_column][vc_column width=&#8221;1\/2&#8243;][vc_column_text]https:\/\/youtu.be\/sCIuobd6Nlo[\/vc_column_text][vc_column_text]\n<div id=\"title\" class=\"style-scope ytd-watch-metadata\">\n<h6 class=\"style-scope ytd-watch-metadata\" style=\"text-align: center;\">2\u00aa Preparat\u00f3ria para a 3\u00aa Jornada da EBP-Se\u00e7\u00e3o Sul<\/h6>\n<\/div>\n<div id=\"description-and-actions\" class=\"style-scope ytd-watch-metadata\">\n<h6 id=\"description\" class=\"item style-scope ytd-watch-metadata\" style=\"text-align: center;\"><\/h6>\n<\/div>\n[\/vc_column_text][\/vc_column][\/vc_row][vc_row][vc_column width=&#8221;1\/2&#8243;][vc_column_text]https:\/\/youtu.be\/HtKWCenDuF4[\/vc_column_text][vc_column_text]\n<div id=\"title\" class=\"style-scope ytd-watch-metadata\">\n<h6 class=\"style-scope ytd-watch-metadata\" style=\"text-align: center;\">3\u00aa Preparat\u00f3ria para a 3\u00aa Jornada da EBP-Se\u00e7\u00e3o Sul<\/h6>\n<\/div>\n<div id=\"description-and-actions\" class=\"style-scope ytd-watch-metadata\">\n<h6 id=\"description\" class=\"item style-scope ytd-watch-metadata\" style=\"text-align: center;\"><\/h6>\n<\/div>\n[\/vc_column_text][\/vc_column][vc_column width=&#8221;1\/2&#8243;][vc_column_text]https:\/\/youtu.be\/BBYufN__tRM[\/vc_column_text][vc_column_text]\n<div id=\"title\" class=\"style-scope ytd-watch-metadata\">\n<h6 class=\"style-scope ytd-watch-metadata\" style=\"text-align: center;\">4\u00aa Preparat\u00f3ria para a 3\u00aa Jornada da EBP-Se\u00e7\u00e3o Sul<\/h6>\n<\/div>\n<div id=\"description-and-actions\" class=\"style-scope ytd-watch-metadata\">\n<h6 id=\"description\" class=\"item style-scope ytd-watch-metadata\" style=\"text-align: center;\"><\/h6>\n<\/div>\n[\/vc_column_text][\/vc_column][\/vc_row]\n<\/section>","protected":false},"excerpt":{"rendered":"<p>[vc_row][vc_column][vc_single_image image=&#8221;3495&#8243; img_size=&#8221;full&#8221;][\/vc_column][\/vc_row][vc_row][vc_column width=&#8221;1\/2&#8243;][vc_column_text]https:\/\/youtube.com\/watch?v=qLB1GWf9PqM&amp;feature=share[\/vc_column_text][vc_column_text] 1\u00aa Preparat\u00f3ria para a 3\u00aa Jornada da EBP-Se\u00e7\u00e3o Sul [\/vc_column_text][\/vc_column][vc_column width=&#8221;1\/2&#8243;][vc_column_text]https:\/\/youtu.be\/sCIuobd6Nlo[\/vc_column_text][vc_column_text] 2\u00aa Preparat\u00f3ria para a 3\u00aa Jornada da EBP-Se\u00e7\u00e3o Sul [\/vc_column_text][\/vc_column][\/vc_row][vc_row][vc_column width=&#8221;1\/2&#8243;][vc_column_text]https:\/\/youtu.be\/HtKWCenDuF4[\/vc_column_text][vc_column_text] 3\u00aa Preparat\u00f3ria para a 3\u00aa Jornada da EBP-Se\u00e7\u00e3o Sul [\/vc_column_text][\/vc_column][vc_column width=&#8221;1\/2&#8243;][vc_column_text]https:\/\/youtu.be\/BBYufN__tRM[\/vc_column_text][vc_column_text] 4\u00aa Preparat\u00f3ria para a 3\u00aa Jornada da EBP-Se\u00e7\u00e3o Sul [\/vc_column_text][\/vc_column][\/vc_row]<\/p>\n","protected":false},"author":1,"featured_media":0,"parent":3465,"menu_order":0,"comment_status":"closed","ping_status":"closed","template":"","meta":{"footnotes":""},"class_list":["post-3540","page","type-page","status-publish","hentry","entry","no-media"],"_links":{"self":[{"href":"https:\/\/ebp.org.br\/sul\/wp-json\/wp\/v2\/pages\/3540","targetHints":{"allow":["GET"]}}],"collection":[{"href":"https:\/\/ebp.org.br\/sul\/wp-json\/wp\/v2\/pages"}],"about":[{"href":"https:\/\/ebp.org.br\/sul\/wp-json\/wp\/v2\/types\/page"}],"author":[{"embeddable":true,"href":"https:\/\/ebp.org.br\/sul\/wp-json\/wp\/v2\/users\/1"}],"replies":[{"embeddable":true,"href":"https:\/\/ebp.org.br\/sul\/wp-json\/wp\/v2\/comments?post=3540"}],"version-history":[{"count":0,"href":"https:\/\/ebp.org.br\/sul\/wp-json\/wp\/v2\/pages\/3540\/revisions"}],"up":[{"embeddable":true,"href":"https:\/\/ebp.org.br\/sul\/wp-json\/wp\/v2\/pages\/3465"}],"wp:attachment":[{"href":"https:\/\/ebp.org.br\/sul\/wp-json\/wp\/v2\/media?parent=3540"}],"curies":[{"name":"wp","href":"https:\/\/api.w.org\/{rel}","templated":true}]}}