{"id":3536,"date":"2022-06-18T07:36:21","date_gmt":"2022-06-18T10:36:21","guid":{"rendered":"https:\/\/ebp.org.br\/sul\/?page_id=3536"},"modified":"2022-06-18T07:36:21","modified_gmt":"2022-06-18T10:36:21","slug":"comissoes","status":"publish","type":"page","link":"https:\/\/ebp.org.br\/sul\/eventos\/jornadas\/3a-jornada-ebp-secao-sul-a-escuta-analitica\/comissoes\/","title":{"rendered":"3\u00aa Jornada da EBP \u2013 Se\u00e7\u00e3o Sul &#8211; A Escuta Anal\u00edtica &#8211; Comiss\u00f5es"},"content":{"rendered":"<section class=\"wpb-content-wrapper\">[vc_row][vc_column][vc_single_image image=&#8221;3495&#8243; img_size=&#8221;full&#8221;][vc_column_text]<strong>Comiss\u00f5es de trabalho da 3\u00aa Jornada da EBP Se\u00e7\u00e3o Sul<\/strong><\/p>\n<h3><span style=\"color: #993300;\"><strong>Diretoria<\/strong><\/span><\/h3>\n<p><strong>Diretora <\/strong><strong>da EBP Se\u00e7\u00e3o Sul:<\/strong> \u00a0Louise Lhullier (EBP\/AMP)<\/p>\n<p><strong>Coordenadora da 3\u00aa Jornada da EBP Se\u00e7\u00e3o Sul: <\/strong>Mariana Zelis (EBP\/AMP)<\/p>\n<h3><span style=\"color: #993300;\"><strong>Comiss\u00f5es Organizadoras<\/strong><\/span><\/h3>\n<p><strong>Comiss\u00e3o de Secretaria<\/strong>: C\u00e9lia Ferreira C. Winter (coordenadora ) e Cleci Mendon\u00e7a.<\/p>\n<p><strong>Comiss\u00e3o Epist\u00eamica:<\/strong> C\u00e9lia Ferreira C. Winter, Cinthia Busato e Flavia C\u00eara.<\/p>\n<p><strong>Comiss\u00e3o de Refer\u00eancias Bibliogr\u00e1ficas<\/strong>: Teresa Pavone (coordenadora), Andrea Tochetto, Fl\u00e1via Cera, Juan Galigniana, Gustavo Ramos, Nancy Greca Carneiro, Licene Garcia e Paula Lermen.<\/p>\n<p><strong>Comiss\u00e3o de Infraestrutura e Acolhimento:<\/strong> C\u00e9lia Ferreira C. Winter (coordenadora), Cleci Mendon\u00e7a, Leonardo Scofield, Diego Cervelin, F\u00e1tima Fonseca e Bruno Senna.<\/p>\n<p><strong>Comiss\u00e3o de m\u00eddias e site:<\/strong> Adriana Rodrigues (coordenadora), Licene Garcia, Mariana Dias, e Ver\u00f4nica Paola Montenegro.<\/p>\n<p><strong>Comiss\u00e3o do Boletim:<\/strong> Diego Cervelin (coordenador), Licene Garcia e Val\u00e9ria Beatriz Ara\u00fajo.<\/p>\n<p><strong>Conversa\u00e7\u00e3o Cl\u00ednica:<\/strong> Laureci Nunes (coordenadora), Mauro Agosti Marchitelli, Li\u00e8ge Goulart e Sandra da Silveira.<\/p>\n<p><strong>Curadoria:<\/strong> Soraya Valerim (coordenadora) e Gustavo Ramos[\/vc_column_text][\/vc_column][\/vc_row]\n<\/section>","protected":false},"excerpt":{"rendered":"<p>[vc_row][vc_column][vc_single_image image=&#8221;3495&#8243; img_size=&#8221;full&#8221;][vc_column_text]Comiss\u00f5es de trabalho da 3\u00aa Jornada da EBP Se\u00e7\u00e3o Sul Diretoria Diretora da EBP Se\u00e7\u00e3o Sul: \u00a0Louise Lhullier (EBP\/AMP) Coordenadora da 3\u00aa Jornada da EBP Se\u00e7\u00e3o Sul: Mariana Zelis (EBP\/AMP) Comiss\u00f5es Organizadoras Comiss\u00e3o de Secretaria: C\u00e9lia Ferreira C. Winter (coordenadora ) e Cleci Mendon\u00e7a. Comiss\u00e3o Epist\u00eamica: C\u00e9lia Ferreira C. Winter, Cinthia Busato e&hellip;<\/p>\n","protected":false},"author":1,"featured_media":0,"parent":3465,"menu_order":0,"comment_status":"closed","ping_status":"closed","template":"","meta":{"footnotes":""},"class_list":["post-3536","page","type-page","status-publish","hentry","entry","no-media"],"_links":{"self":[{"href":"https:\/\/ebp.org.br\/sul\/wp-json\/wp\/v2\/pages\/3536","targetHints":{"allow":["GET"]}}],"collection":[{"href":"https:\/\/ebp.org.br\/sul\/wp-json\/wp\/v2\/pages"}],"about":[{"href":"https:\/\/ebp.org.br\/sul\/wp-json\/wp\/v2\/types\/page"}],"author":[{"embeddable":true,"href":"https:\/\/ebp.org.br\/sul\/wp-json\/wp\/v2\/users\/1"}],"replies":[{"embeddable":true,"href":"https:\/\/ebp.org.br\/sul\/wp-json\/wp\/v2\/comments?post=3536"}],"version-history":[{"count":0,"href":"https:\/\/ebp.org.br\/sul\/wp-json\/wp\/v2\/pages\/3536\/revisions"}],"up":[{"embeddable":true,"href":"https:\/\/ebp.org.br\/sul\/wp-json\/wp\/v2\/pages\/3465"}],"wp:attachment":[{"href":"https:\/\/ebp.org.br\/sul\/wp-json\/wp\/v2\/media?parent=3536"}],"curies":[{"name":"wp","href":"https:\/\/api.w.org\/{rel}","templated":true}]}}