{"id":3533,"date":"2022-06-18T07:32:46","date_gmt":"2022-06-18T10:32:46","guid":{"rendered":"https:\/\/ebp.org.br\/sul\/?page_id=3533"},"modified":"2022-06-18T07:32:46","modified_gmt":"2022-06-18T10:32:46","slug":"envio-de-trabalhos","status":"publish","type":"page","link":"https:\/\/ebp.org.br\/sul\/eventos\/jornadas\/3a-jornada-ebp-secao-sul-a-escuta-analitica\/envio-de-trabalhos\/","title":{"rendered":"3\u00aa Jornada da EBP \u2013 Se\u00e7\u00e3o Sul &#8211; A Escuta Anal\u00edtica &#8211; Envio de trabalhos"},"content":{"rendered":"<section class=\"wpb-content-wrapper\">[vc_row][vc_column][vc_single_image image=&#8221;3495&#8243; img_size=&#8221;full&#8221;][vc_column_text]<strong>Crit\u00e9rios para o envio de trabalhos para a 3\u00aa Jornada da EBP-SUL:<\/strong><\/p>\n<p><strong>A Escuta Anal\u00edtica<\/strong><\/p>\n<p>O texto enviado ser\u00e1 submetido \u00e0 aprecia\u00e7\u00e3o da Comiss\u00e3o Epist\u00e9mica da 3\u00aa Jornada, respons\u00e1vel pela sele\u00e7\u00e3o dos textos.<\/p>\n<p><strong>Os crit\u00e9rios para envio de trabalhos:<\/strong><\/p>\n<ul>\n<li>O texto deve ter no m\u00e1ximo 7000 caracteres com espa\u00e7o.<\/li>\n<li>Formata\u00e7\u00e3o na fonte Times New Roman com espa\u00e7amento 1,5 entre linhas e as refer\u00eancias em notas de rodap\u00e9.<\/li>\n<li>O texto deve estar endere\u00e7ado a um dos tr\u00eas eixos tem\u00e1ticos da Jornada que est\u00e3o publicados no site da 3\u00aa Jornada.<\/li>\n<li>No assunto precisa constar nome e sobrenome do autor e o eixo a que se dirige o texto.<\/li>\n<li>O autor precisa estar inscrito na Jornada.<\/li>\n<li>O texto deve ser enviado para o seguinte endere\u00e7o: <a href=\"mailto:jornadaebpsul@gmail.com\">jornadaebpsul@gmail.com<\/a> junto com o certificado da inscri\u00e7\u00e3o.<\/li>\n<li>O prazo de envio de trabalhos \u00e9 dia 25\/09\/22.<\/li>\n<\/ul>\n[\/vc_column_text][\/vc_column][\/vc_row]\n<\/section>","protected":false},"excerpt":{"rendered":"<p>[vc_row][vc_column][vc_single_image image=&#8221;3495&#8243; img_size=&#8221;full&#8221;][vc_column_text]Crit\u00e9rios para o envio de trabalhos para a 3\u00aa Jornada da EBP-SUL: A Escuta Anal\u00edtica O texto enviado ser\u00e1 submetido \u00e0 aprecia\u00e7\u00e3o da Comiss\u00e3o Epist\u00e9mica da 3\u00aa Jornada, respons\u00e1vel pela sele\u00e7\u00e3o dos textos. Os crit\u00e9rios para envio de trabalhos: O texto deve ter no m\u00e1ximo 7000 caracteres com espa\u00e7o. Formata\u00e7\u00e3o na fonte Times&hellip;<\/p>\n","protected":false},"author":1,"featured_media":0,"parent":3465,"menu_order":0,"comment_status":"closed","ping_status":"closed","template":"","meta":{"footnotes":""},"class_list":["post-3533","page","type-page","status-publish","hentry","entry","no-media"],"_links":{"self":[{"href":"https:\/\/ebp.org.br\/sul\/wp-json\/wp\/v2\/pages\/3533","targetHints":{"allow":["GET"]}}],"collection":[{"href":"https:\/\/ebp.org.br\/sul\/wp-json\/wp\/v2\/pages"}],"about":[{"href":"https:\/\/ebp.org.br\/sul\/wp-json\/wp\/v2\/types\/page"}],"author":[{"embeddable":true,"href":"https:\/\/ebp.org.br\/sul\/wp-json\/wp\/v2\/users\/1"}],"replies":[{"embeddable":true,"href":"https:\/\/ebp.org.br\/sul\/wp-json\/wp\/v2\/comments?post=3533"}],"version-history":[{"count":0,"href":"https:\/\/ebp.org.br\/sul\/wp-json\/wp\/v2\/pages\/3533\/revisions"}],"up":[{"embeddable":true,"href":"https:\/\/ebp.org.br\/sul\/wp-json\/wp\/v2\/pages\/3465"}],"wp:attachment":[{"href":"https:\/\/ebp.org.br\/sul\/wp-json\/wp\/v2\/media?parent=3533"}],"curies":[{"name":"wp","href":"https:\/\/api.w.org\/{rel}","templated":true}]}}