{"id":3525,"date":"2022-05-20T10:27:31","date_gmt":"2022-05-20T13:27:31","guid":{"rendered":"https:\/\/ebp.org.br\/sul\/?page_id=3525"},"modified":"2022-05-20T10:27:31","modified_gmt":"2022-05-20T13:27:31","slug":"3a-jornada-da-ebp-secao-sul-a-escuta-analitica-boletim-ressonancias","status":"publish","type":"page","link":"https:\/\/ebp.org.br\/sul\/eventos\/jornadas\/3a-jornada-ebp-secao-sul-a-escuta-analitica\/3a-jornada-da-ebp-secao-sul-a-escuta-analitica-boletim-ressonancias\/","title":{"rendered":"3\u00aa Jornada da EBP \u2013 Se\u00e7\u00e3o Sul &#8211; A Escuta Anal\u00edtica &#8211; Boletim Resson\u00e2ncias"},"content":{"rendered":"<section class=\"wpb-content-wrapper\">[vc_row][vc_column width=&#8221;1\/5&#8243;][vc_column_text]\n<p style=\"text-align: center;\"><span style=\"color: #993300;\">Resson\u00e2ncias #01<\/span><\/p>\n[\/vc_column_text][vc_single_image image=&#8221;3526&#8243; img_size=&#8221;full&#8221; alignment=&#8221;center&#8221;][vc_btn title=&#8221;Acesse!&#8221; color=&#8221;danger&#8221; size=&#8221;sm&#8221; align=&#8221;center&#8221; link=&#8221;url:https%3A%2F%2Febp.org.br%2Fsul%2Fboletim-ressonancias-01%2F|title:Boletim%20Resson%C3%A2ncias%20%2301|rel:nofollow&#8221;][\/vc_column][vc_column width=&#8221;1\/5&#8243;][vc_column_text]\n<p style=\"text-align: center;\"><span style=\"color: #993300;\">Resson\u00e2ncias #02<\/span><\/p>\n[\/vc_column_text][vc_single_image image=&#8221;3656&#8243; img_size=&#8221;full&#8221; alignment=&#8221;center&#8221;][vc_btn title=&#8221;Acesse!&#8221; color=&#8221;danger&#8221; size=&#8221;sm&#8221; align=&#8221;center&#8221; link=&#8221;url:https%3A%2F%2Febp.org.br%2Fsul%2Fboletim-ressonancias-2%2F|title:Boletim%20Resson%C3%A2ncias%20%2301|rel:nofollow&#8221;][\/vc_column][vc_column width=&#8221;1\/5&#8243;][vc_column_text]\n<p style=\"text-align: center;\"><span style=\"color: #993300;\">Resson\u00e2ncias #03<\/span><\/p>\n[\/vc_column_text][vc_single_image image=&#8221;3708&#8243; img_size=&#8221;full&#8221; alignment=&#8221;center&#8221;][vc_btn title=&#8221;Acesse!&#8221; color=&#8221;danger&#8221; size=&#8221;sm&#8221; align=&#8221;center&#8221; link=&#8221;url:https%3A%2F%2Febp.org.br%2Fsul%2Fboletim-ressonancias-03%2F|title:Boletim%20Resson%C3%A2ncias%20%2301|rel:nofollow&#8221;][\/vc_column][vc_column width=&#8221;1\/5&#8243;][vc_column_text]\n<p style=\"text-align: center;\"><span style=\"color: #993300;\">Resson\u00e2ncias #04<\/span><\/p>\n[\/vc_column_text][vc_single_image image=&#8221;3743&#8243; img_size=&#8221;full&#8221; alignment=&#8221;center&#8221;][vc_btn title=&#8221;Acesse!&#8221; color=&#8221;danger&#8221; size=&#8221;sm&#8221; align=&#8221;center&#8221; link=&#8221;url:https%3A%2F%2Febp.org.br%2Fsul%2Fboletim-ressonancias-04%2F|title:Boletim%20Resson%C3%A2ncias%20%2301|rel:nofollow&#8221;][\/vc_column][vc_column width=&#8221;1\/5&#8243;][vc_column_text]\n<p style=\"text-align: center;\"><span style=\"color: #993300;\">Resson\u00e2ncias #05<\/span><\/p>\n[\/vc_column_text][vc_single_image image=&#8221;3779&#8243; img_size=&#8221;full&#8221; alignment=&#8221;center&#8221;][vc_btn title=&#8221;Acesse!&#8221; color=&#8221;danger&#8221; size=&#8221;sm&#8221; align=&#8221;center&#8221; link=&#8221;url:https%3A%2F%2Febp.org.br%2Fsul%2Fboletim-ressonancias-05%2F|title:Boletim%20Resson%C3%A2ncias%20%2301|rel:nofollow&#8221;][\/vc_column][\/vc_row]\n<\/section>","protected":false},"excerpt":{"rendered":"<p>[vc_row][vc_column width=&#8221;1\/5&#8243;][vc_column_text] Resson\u00e2ncias #01 [\/vc_column_text][vc_single_image image=&#8221;3526&#8243; img_size=&#8221;full&#8221; alignment=&#8221;center&#8221;][vc_btn title=&#8221;Acesse!&#8221; color=&#8221;danger&#8221; size=&#8221;sm&#8221; align=&#8221;center&#8221; link=&#8221;url:https%3A%2F%2Febp.org.br%2Fsul%2Fboletim-ressonancias-01%2F|title:Boletim%20Resson%C3%A2ncias%20%2301|rel:nofollow&#8221;][\/vc_column][vc_column width=&#8221;1\/5&#8243;][vc_column_text] Resson\u00e2ncias #02 [\/vc_column_text][vc_single_image image=&#8221;3656&#8243; img_size=&#8221;full&#8221; alignment=&#8221;center&#8221;][vc_btn title=&#8221;Acesse!&#8221; color=&#8221;danger&#8221; size=&#8221;sm&#8221; align=&#8221;center&#8221; link=&#8221;url:https%3A%2F%2Febp.org.br%2Fsul%2Fboletim-ressonancias-2%2F|title:Boletim%20Resson%C3%A2ncias%20%2301|rel:nofollow&#8221;][\/vc_column][vc_column width=&#8221;1\/5&#8243;][vc_column_text] Resson\u00e2ncias #03 [\/vc_column_text][vc_single_image image=&#8221;3708&#8243; img_size=&#8221;full&#8221; alignment=&#8221;center&#8221;][vc_btn title=&#8221;Acesse!&#8221; color=&#8221;danger&#8221; size=&#8221;sm&#8221; align=&#8221;center&#8221; link=&#8221;url:https%3A%2F%2Febp.org.br%2Fsul%2Fboletim-ressonancias-03%2F|title:Boletim%20Resson%C3%A2ncias%20%2301|rel:nofollow&#8221;][\/vc_column][vc_column width=&#8221;1\/5&#8243;][vc_column_text] Resson\u00e2ncias #04 [\/vc_column_text][vc_single_image image=&#8221;3743&#8243; img_size=&#8221;full&#8221; alignment=&#8221;center&#8221;][vc_btn title=&#8221;Acesse!&#8221; color=&#8221;danger&#8221; size=&#8221;sm&#8221; align=&#8221;center&#8221; link=&#8221;url:https%3A%2F%2Febp.org.br%2Fsul%2Fboletim-ressonancias-04%2F|title:Boletim%20Resson%C3%A2ncias%20%2301|rel:nofollow&#8221;][\/vc_column][vc_column width=&#8221;1\/5&#8243;][vc_column_text] Resson\u00e2ncias #05 [\/vc_column_text][vc_single_image image=&#8221;3779&#8243; img_size=&#8221;full&#8221;&hellip;<\/p>\n","protected":false},"author":1,"featured_media":0,"parent":3465,"menu_order":0,"comment_status":"closed","ping_status":"closed","template":"","meta":{"footnotes":""},"class_list":["post-3525","page","type-page","status-publish","hentry","entry","no-media"],"_links":{"self":[{"href":"https:\/\/ebp.org.br\/sul\/wp-json\/wp\/v2\/pages\/3525","targetHints":{"allow":["GET"]}}],"collection":[{"href":"https:\/\/ebp.org.br\/sul\/wp-json\/wp\/v2\/pages"}],"about":[{"href":"https:\/\/ebp.org.br\/sul\/wp-json\/wp\/v2\/types\/page"}],"author":[{"embeddable":true,"href":"https:\/\/ebp.org.br\/sul\/wp-json\/wp\/v2\/users\/1"}],"replies":[{"embeddable":true,"href":"https:\/\/ebp.org.br\/sul\/wp-json\/wp\/v2\/comments?post=3525"}],"version-history":[{"count":0,"href":"https:\/\/ebp.org.br\/sul\/wp-json\/wp\/v2\/pages\/3525\/revisions"}],"up":[{"embeddable":true,"href":"https:\/\/ebp.org.br\/sul\/wp-json\/wp\/v2\/pages\/3465"}],"wp:attachment":[{"href":"https:\/\/ebp.org.br\/sul\/wp-json\/wp\/v2\/media?parent=3525"}],"curies":[{"name":"wp","href":"https:\/\/api.w.org\/{rel}","templated":true}]}}