{"id":3484,"date":"2022-05-19T07:25:13","date_gmt":"2022-05-19T10:25:13","guid":{"rendered":"https:\/\/ebp.org.br\/sul\/?page_id=3484"},"modified":"2022-05-19T07:25:13","modified_gmt":"2022-05-19T10:25:13","slug":"3a-jornada-da-ebp-secao-sul-a-escuta-analitica-apresentacao-do-tema","status":"publish","type":"page","link":"https:\/\/ebp.org.br\/sul\/eventos\/jornadas\/3a-jornada-ebp-secao-sul-a-escuta-analitica\/3a-jornada-da-ebp-secao-sul-a-escuta-analitica-apresentacao-do-tema\/","title":{"rendered":"3\u00aa Jornada da EBP \u2013 Se\u00e7\u00e3o Sul &#8211; A Escuta Anal\u00edtica &#8211; Apresenta\u00e7\u00e3o do Tema"},"content":{"rendered":"<section class=\"wpb-content-wrapper\">[vc_row][vc_column][vc_single_image image=&#8221;3495&#8243; img_size=&#8221;full&#8221;][vc_column_text]\n<h3 style=\"text-align: justify;\"><span style=\"color: #993300;\">Apresenta\u00e7\u00e3o do tema<\/span><\/h3>\n<p style=\"text-align: justify;\">O valor da escuta \u00e9 amplamente reconhecido nos dias de hoje. Com a globaliza\u00e7\u00e3o, essa valoriza\u00e7\u00e3o pode ser encontrada \u201cpraticamente em todas as partes do mundo\u201d. Como assinalou Jacques-Alan Miller recentemente,\u00a0 h\u00e1 uma aceita\u00e7\u00e3o ampla de que \u201cescutar algu\u00e9m dizer de suas desgra\u00e7as, dizer do que se passa em sua vida e lhe \u00e9 doloroso e escutar sem sancionar, sem punir, sem desaprovar [&#8230;] faz bem, produz uma satisfa\u00e7\u00e3o\u201d<a href=\"#_edn1\" name=\"_ednref1\">[i]<\/a>.<\/p>\n<p style=\"text-align: justify;\">Ao longo de sua hist\u00f3ria, a psican\u00e1lise tem enfrentado a necessidade de marcar a especificidade de sua pr\u00e1tica e de seu discurso, como uma condi\u00e7\u00e3o para manter-se viva e responder desde a \u00e9tica que a caracteriza aos impasses atuais da civiliza\u00e7\u00e3o. Os exemplos de descaminhos n\u00e3o s\u00e3o poucos e devem nos servir de advert\u00eancia.<\/p>\n<p style=\"text-align: justify;\">Lacan se mostrou \u00e0 altura da tarefa de manter a sega cortante da psican\u00e1lise ante a amea\u00e7a representada pela mortifica\u00e7\u00e3o do pensamento freudiano promovida pelos que tentaram reduzi-lo a uma psicologia do ego. Quanto a n\u00f3s, somos respons\u00e1veis pela sustenta\u00e7\u00e3o dessa resposta, pela orienta\u00e7\u00e3o lacaniana, <em>verdadeiro nome da transfer\u00eancia de trabalho em nosso campo<\/em>, como bem o disse Miquel Bassols no lan\u00e7amento do livro <em>Pol\u00eamica Pol\u00edtica<\/em>.<\/p>\n<p style=\"text-align: justify;\">Portanto, neste contexto em que a escuta se tornou um valor em si e que identificamos \u2013 ao menos no Brasil \u2013 um recrudescimento das tentativas de banaliza\u00e7\u00e3o da psican\u00e1lise, cabe-nos a tarefa de precisar o que \u00e9 a escuta anal\u00edtica e no que ela se diferencia de outras formas do \u201cescutar\u201d. Miller destacou, por exemplo, a diferen\u00e7a entre a escuta anal\u00edtica e a confiss\u00e3o, ou seja, entre o dispositivo freudiano e o dispositivo religioso, opondo-se, quanto a isso, \u00e0 interpreta\u00e7\u00e3o de Michel Foucault. J\u00e1 no t\u00edtulo de sua interven\u00e7\u00e3o \u2013 <em>A escuta com e sem interpreta\u00e7\u00e3o \u2013 <\/em>Miller j\u00e1 aponta uma distin\u00e7\u00e3o fundamental da escuta anal\u00edtica: uma escuta com interpreta\u00e7\u00e3o. No caso da cl\u00ednica, poder\u00edamos acrescentar <em>sob transfer\u00eancia. <\/em><\/p>\n<p style=\"text-align: justify;\">No entanto, nossa proposta \u00e9 explorar essa especificidade para al\u00e9m da cl\u00ednica, e jogar luz sobre a escuta do mal-estar atual, daquilo que se passa na cena pol\u00edtica de nosso tempo. N\u00e3o existe psican\u00e1lise alheia \u00e0 <em>polis. <\/em><\/p>\n<p style=\"text-align: justify;\">Mas o que \u00e9 a <em>polis <\/em>hoje? A vida pol\u00edtica foi reconfigurada radicalmente face \u00e0s novas formas de presen\u00e7a, de relacionamento e de organiza\u00e7\u00e3o que se tornaram parte de nossa experi\u00eancia cotidiana na atualidade. Quais os efeitos dessas mudan\u00e7as sobre a nossa pr\u00e1tica? De que maneira afetam a nossa escuta? Que respostas a psican\u00e1lise e os psicanalistas oferecem ante o mal-estar contempor\u00e2neo? Quais os impasses com os quais nos deparamos?<\/p>\n<p style=\"text-align: justify;\">Quest\u00f5es como essas orientar\u00e3o nosso programa de estudos e pesquisas em 2022.<\/p>\n<p style=\"text-align: justify;\">No evento j\u00e1 citado, Miller diz que a psican\u00e1lise est\u00e1 sempre \u00e0 frente dos psicanalistas. Que ele pr\u00f3prio est\u00e1 sempre \u201ccorrendo atr\u00e1s\u201d [d\u00e9rat\u00e9]. A meu ver, \u00e9 uma boa forma de definir o convite que fazemos aos que escolherem trabalhar conosco este ano: vamos \u201ccorrer atr\u00e1s\u201d da psican\u00e1lise orientados pelas quest\u00f5es que conseguimos formular at\u00e9 o momento e pelas outras que certamente encontraremos em nossa jornada.<\/p>\n<h6 style=\"text-align: justify;\">Florian\u00f3polis, 12 de mar\u00e7o de 2022.<\/h6>\n<h6 style=\"text-align: justify;\">Louise Lhullier<\/h6>\n<h6 style=\"text-align: justify;\">Diretora da EBP \u2013 Se\u00e7\u00e3o Sul<\/h6>\n<hr \/>\n<h6 style=\"text-align: justify;\"><a href=\"#_ednref1\" name=\"_edn1\">[i]<\/a> Miller, J.-A. A escuta com e sem interpreta\u00e7\u00e3o. Dispon\u00edvel em <a href=\"https:\/\/www.youtube.com\/watch?v=F56PprU6Jmk\">https:\/\/www.youtube.com\/watch?v=F56PprU6Jmk<\/a>. \u00daltimo acesso em 16\/02\/2022.<\/h6>\n[\/vc_column_text][\/vc_column][\/vc_row]\n<\/section>","protected":false},"excerpt":{"rendered":"<p>[vc_row][vc_column][vc_single_image image=&#8221;3495&#8243; img_size=&#8221;full&#8221;][vc_column_text] Apresenta\u00e7\u00e3o do tema O valor da escuta \u00e9 amplamente reconhecido nos dias de hoje. Com a globaliza\u00e7\u00e3o, essa valoriza\u00e7\u00e3o pode ser encontrada \u201cpraticamente em todas as partes do mundo\u201d. Como assinalou Jacques-Alan Miller recentemente,\u00a0 h\u00e1 uma aceita\u00e7\u00e3o ampla de que \u201cescutar algu\u00e9m dizer de suas desgra\u00e7as, dizer do que se passa em&hellip;<\/p>\n","protected":false},"author":1,"featured_media":0,"parent":3465,"menu_order":0,"comment_status":"closed","ping_status":"closed","template":"","meta":{"footnotes":""},"class_list":["post-3484","page","type-page","status-publish","hentry","entry","no-media"],"_links":{"self":[{"href":"https:\/\/ebp.org.br\/sul\/wp-json\/wp\/v2\/pages\/3484","targetHints":{"allow":["GET"]}}],"collection":[{"href":"https:\/\/ebp.org.br\/sul\/wp-json\/wp\/v2\/pages"}],"about":[{"href":"https:\/\/ebp.org.br\/sul\/wp-json\/wp\/v2\/types\/page"}],"author":[{"embeddable":true,"href":"https:\/\/ebp.org.br\/sul\/wp-json\/wp\/v2\/users\/1"}],"replies":[{"embeddable":true,"href":"https:\/\/ebp.org.br\/sul\/wp-json\/wp\/v2\/comments?post=3484"}],"version-history":[{"count":0,"href":"https:\/\/ebp.org.br\/sul\/wp-json\/wp\/v2\/pages\/3484\/revisions"}],"up":[{"embeddable":true,"href":"https:\/\/ebp.org.br\/sul\/wp-json\/wp\/v2\/pages\/3465"}],"wp:attachment":[{"href":"https:\/\/ebp.org.br\/sul\/wp-json\/wp\/v2\/media?parent=3484"}],"curies":[{"name":"wp","href":"https:\/\/api.w.org\/{rel}","templated":true}]}}