{"id":3406,"date":"2021-10-26T16:28:42","date_gmt":"2021-10-26T19:28:42","guid":{"rendered":"https:\/\/ebp.org.br\/sul\/?page_id=3406"},"modified":"2021-10-26T16:28:42","modified_gmt":"2021-10-26T19:28:42","slug":"boletim-bricolagens-07","status":"publish","type":"page","link":"https:\/\/ebp.org.br\/sul\/eventos\/jornadas\/2a-jornada-da-secao-sul-falar-sobre-o-que-nao-existe-do-gozo-do-sentido-as-bricolagens-possiveis\/boletim-bricolagens-2a-jornada-da-secao-sul\/boletim-bricolagens-07\/","title":{"rendered":"Boletim Bricolagens #07"},"content":{"rendered":"<section class=\"wpb-content-wrapper\">[vc_row][vc_column width=&#8221;1\/6&#8243;][\/vc_column][vc_column width=&#8221;2\/3&#8243;][vc_column_text]\n<p style=\"text-align: center;\"><img loading=\"lazy\" decoding=\"async\" class=\"aligncenter wp-image-3080 size-full\" src=\"https:\/\/ebp.org.br\/sul\/wp-content\/uploads\/2021\/07\/estrut_boletim-04.png\" alt=\"\" width=\"701\" height=\"231\" \/><\/p>\n[\/vc_column_text][vc_column_text]\n<h6 style=\"text-align: center;\">#07 &#8211; outubro 2021<\/h6>\n[\/vc_column_text][vc_separator][vc_column_text]\n<h6 style=\"text-align: right;\"><em>Mariana Zelis(EBP\/AMP) \u2013 Coordenadora da Comiss\u00e3o de Divulga\u00e7\u00e3o<\/em><\/h6>\n<p>H\u00e1 um passo da nossa 2a Jornada da EBP Se\u00e7\u00e3o Sul:\u00a0<em>Falar sobre o que n\u00e3o existe, do gozo do sentido \u00e0s bricolagens poss\u00edveis, <\/em>lan\u00e7amos\u00a0<em>Bricolagens<\/em>\u00a07 , de certa maneira um momento de concluir, para poder lan\u00e7ar ao trabalho, a partir de pr\u00f3xima sexta feira, as\u00a0 bricolagens clinicas e te\u00f3ricas recolhidas e produzidas neste percurso. Mas ainda um passo a mais, at\u00e9 nosso encontro datado. Neste \u00faltimo boletim reunimos os trabalhos das \u00faltimas duas\u00a0atividades preparat\u00f3rias. Uma delas sobre o eixo 2:\u00a0\u00a0<em>A verdade n\u00e3o existe. Qual lugar para a democracia?\u00a0<\/em>Nosso convidado Romildo do R\u00eago Barros (Diretor da EBP, AME, EBP\/AMP) apresentou suas instigantes elabora\u00e7\u00f5es a partir da quest\u00e3o \u201c<em>Ser\u00e1 que a democracia \u00e9 a verdade da pol\u00edtica&#8221;?<\/em>\u00a0Na segunda preparat\u00f3ria, que abordou a tem\u00e1tica do eixo 1<em>:<\/em>\u00a0<em>Bricolagens: o fazer singular com os restos ao longo de uma an\u00e1lise?\u00a0<\/em>Marcus Andr\u00e9 Vieira (AME,EBP\/AMP) trabalhou a pergunta,\u00a0<em>\u201cCom quantos elementos se faz uma inven\u00e7\u00e3o?\u201d<\/em>\u00a0precisando aspectos te\u00f3ricos e cl\u00ednicos orientadores respeito do estatuto de uma bricolagem para a psican\u00e1lise.<\/p>\n<p>Na coluna\u00a0Rebotalhos\u00a0as resson\u00e2ncias e enriquecedoras elabora\u00e7\u00f5es de Fernanda Baptista a partir de\u00a0<em>A dessemelhan\u00e7a entre os iguais: psican\u00e1lise e democracia<\/em>\u00a0e de F\u00e1tima Fonseca (EBP\/AMP)\u00a0 trazendo os pontos fundamentais entre \u201c<em>Bricolagem e inven\u00e7\u00f5es\u201d.<\/em><\/p>\n<p>Contamos tamb\u00e9m com duas valiosas e preciosas\u00a0entrevistas: uma delas realizada com Antonio Teixeira ( EBP\/AMP) sobre seu texto\u00a0\u201cA aura da gambiarra\u201d\u00a0e a segunda delas com Sabrina Sedlmayer tamb\u00e9m conversando sobre o tema da gambiarra.<\/p>\n<p>Antecipando a\u00a0Mesa do Passe, T\u00e2nia Abreu compartilha umas palavras sobre seu testemunho de Passe a partir dos restos inelimin\u00e1veis da sua experi\u00eancia de an\u00e1lise.<\/p>\n<p>Nas\u00a0Refer\u00eancias Bibliogr\u00e1ficas, par\u00e1grafos do curso de Miller, Laurent,\u00a0\u00a0<em>El Otro que no existe y sus comit\u00e9s de \u00e9tica<\/em>, os quais situam a estrutura ficcional do Outro.<\/p>\n<p>A seguir, em\u00a0Fragmentos Outros, um belo poema de Cinthia Busato ( EBP\/AMP), transmitindo a for\u00e7a dos afetos nas palavras.<\/p>\n<p>Por \u00faltimo meus agradecimentos pelo prazeroso trabalho\u00a0<em>entre v\u00e1rios<\/em>: \u00e0s colegas da Comiss\u00e3o de Divulga\u00e7\u00e3o, Adriana Rodrigues, Juliana Rego Silva e Licene Garcia; \u00e0 Nohem\u00ed Brown Diretora da 2\u00aa Jornada, a Louise Lhullier nossa Diretora da Se\u00e7\u00e3o Sul, e a cada um dos leitores que acompanharam e participaram de cada passo desta jornada at\u00e9 a nossa 2\u00aa Jornada da Se\u00e7\u00e3o Sul.[\/vc_column_text][vc_separator][vc_column_text]\n<h3><span style=\"color: #993300;\">ATIVIDADE PREPARAT\u00d3RIA SOBRE &#8211; Eixo 2 \u2013 A verdade n\u00e3o existe. Qual lugar para a democracia?<\/span><\/h3>\n<p><strong><em>\u201cSer\u00e1 que a democracia \u00e9 a verdade da pol\u00edtica&#8221;?<\/em><\/strong><\/p>\n<h6 style=\"text-align: right;\"><em>Romildo do R\u00eago Barros (Diretor da EBP, AME, EBP\/AMP)<\/em><\/h6>\n<p>&nbsp;<\/p>\n<p><a href=\"https:\/\/youtu.be\/JfiKDa1joh0\"><img loading=\"lazy\" decoding=\"async\" class=\"center aligncenter\" src=\"https:\/\/ebp.org.br\/sul\/wp-content\/uploads\/2021\/10\/romildo.jpg\" alt=\"Image\" width=\"300\" height=\"195\" align=\"center\" border=\"0\" \/><\/a>[\/vc_column_text][vc_separator][vc_column_text]\n<h3><span style=\"color: #993300;\">REBOTALHOS ONZE<\/span><\/h3>\n<p><strong>A dessemelhan\u00e7a entre os iguais: psican\u00e1lise e democracia<\/strong><\/p>\n<h6 style=\"text-align: right;\"><em>Fernanda Baptista<\/em><\/h6>\n<p>Fundado numa quest\u00e3o que subverte, ou d\u00e1 uma volta a mais na tem\u00e1tica do segundo Eixo da Jornada, que tem por t\u00edtulo:\u00a0<em>A verdade n\u00e3o existe. Qual o lugar da democracia?<\/em>, Romildo, cuja fala nomeou\u00a0<em>Ser\u00e1 que a democracia \u00e9 a verdade da pol\u00edtica&#8221;?<\/em>, parte da id\u00e9ia de que a verdade existe e pode ser absoluta. Sem inten\u00e7\u00e3o de responder \u00e0 sua quest\u00e3o, prop\u00f5e um caminho a pensar a rela\u00e7\u00e3o entre democracia e psican\u00e1lise.[\/vc_column_text][vc_btn title=&#8221;Leia+&#8221; color=&#8221;default&#8221; link=&#8221;url:https%3A%2F%2Febp.org.br%2Fsul%2Frebotalhos-onze%2F|title:REBOTALHOS%20ONZE&#8221;][vc_separator][vc_column_text]\n<h3><span style=\"color: #993300;\">ATIVIDADE PREPARAT\u00d3RIA SOBRE Eixo 1 \u2013 Bricolagens: o fazer singular com os restos ao longo de uma an\u00e1lise?<\/span><\/h3>\n<p><strong>\u201cCom quantos elementos se faz uma inven\u00e7\u00e3o?\u201d<\/strong><\/p>\n<h6 style=\"text-align: right;\"><strong><em>\u00a0<\/em><\/strong><em>Marcus Andr\u00e9 Vieira (AME,EBP\/AMP)<\/em><\/h6>\n<p><a href=\"https:\/\/ebp.org.br\/sul\/wp-content\/uploads\/2021\/10\/Com-quantos-elementos-se-faz-uma-invencao_-Marcus-Andre-Vieira.mp3\"><img loading=\"lazy\" decoding=\"async\" class=\"center aligncenter\" src=\"https:\/\/ebp.org.br\/sul\/wp-content\/uploads\/2021\/10\/marcus_andre.jpg\" alt=\"Image\" width=\"300\" height=\"200\" align=\"center\" border=\"0\" \/><\/a><\/p>\n<p><a href=\"https:\/\/ebp.org.br\/sul\/wp-content\/uploads\/2021\/10\/Com-quantos-elementos-se-faz-uma-invencao_-Marcus-Andre-Vieira.mp3\"><img loading=\"lazy\" decoding=\"async\" class=\"center aligncenter\" src=\"https:\/\/ebp.org.br\/sul\/wp-content\/uploads\/2021\/10\/audio.png\" alt=\"Image\" width=\"168\" height=\"40\" align=\"center\" border=\"0\" \/><\/a>[\/vc_column_text][vc_separator][vc_column_text]\n<h3><span style=\"color: #993300;\">REBOTALHOS DOZE<\/span><\/h3>\n<p><strong>Bricolagem e inven\u00e7\u00f5es.<\/strong><\/p>\n<h6 style=\"text-align: right;\"><em>F\u00e1tima Fonseca (EBP\/AMP)<\/em><\/h6>\n<p>A partir de sua experi\u00eancia, no Instituto Pinel do Rio de Janeiro, com a discuss\u00e3o e supervis\u00e3o de casos de pacientes atendidos em CAPS \u2013 Centros de Atendimento Psicossocial &#8211; Marcus Andr\u00e9 Vieira nos apresenta uma elabora\u00e7\u00e3o, que aproxima a inven\u00e7\u00e3o psic\u00f3tica da inven\u00e7\u00e3o de um falasser no final de an\u00e1lise.<\/p>\n<p>Nessa aproxima\u00e7\u00e3o, traz a bricolagem, apoiando-se no conceito, j\u00e1 formulado por Claude L\u00e9vi-Strauss no seu livro O Pensamento Selvagem<sup>1<\/sup>, onde se define uma bricolagem como:\u00a0<em>fazer de objetos pr\u00e9-existentes um novo arranjo<\/em>, tais elementos se articulam e alcan\u00e7am um novo uso, fora de sua fun\u00e7\u00e3o original.<\/p>\n<p>Retoma a fala de Miller em Inven\u00e7\u00f5es Psic\u00f3ticas<sup>2<\/sup><em>uma inven\u00e7\u00e3o \u00e9 uma bricolagem<\/em>\u00a0para fundamentar sua hip\u00f3tese. Tal como na inven\u00e7\u00e3o psic\u00f3tica, no final de uma an\u00e1lise cada peda\u00e7o pr\u00e9-existente dessa bricolagem seria uma cena fundamental, que foi sendo decantada no percurso da an\u00e1lise tornando-se um significante, portanto um rearranjo. Restos esvaziados de sentido perdendo o valor de gozo.<\/p>\n<h6>[1]CLAUDE, L\u00e9vi-Straus. A l\u00f3gica das classifica\u00e7\u00f5es tot\u00eamicas in \u201cO Pensamento Selvagem\u201d. Campinas, SP : Papirus, 1989<\/h6>\n<h6>[2] MILLER, J.A. \u201cInven\u00e7\u00f5es Psic\u00f3ticas\u201d. Op\u00e7\u00e3o Lacaniana n. 36, 2003, p.6<\/h6>\n<h6><strong><em>TEXTO \u201cCom quantos elementos se faz uma inven\u00e7\u00e3o?\u201d ?\u00a0<\/em>Marcus Andr\u00e9 Vieira (AME,EBP\/AMP)<\/strong><br \/>\n<strong>incluir o link do<\/strong>\u00a0texto de Marcus que j\u00e1 est\u00e1 no site: https:\/\/ebp.org.br\/sul\/com-quantos-elementos-se-faz-uma-invencao%c2%a8\/<\/h6>\n[\/vc_column_text][vc_separator][vc_column_text]\n<h3><span style=\"color: #993300;\">ENTREVISTA COM ANTONIO TEIXEIRA (EBP\/AMP) para a 2\u00aa Jornada da Se\u00e7\u00e3o Sul: \u201cFalar do que n\u00e3o existe: Do gozo do sentido \u00e0s bricolagens poss\u00edveis\u201d<\/span><\/h3>\n<h6 style=\"text-align: right;\"><em>Fl\u00e1via C\u00eara (EBP\/AMP) e Val\u00e9ria Beatriz Araujo<\/em><\/h6>\n<p>Nesta entrevista, conversamos com Antonio Teixeira sobre seu texto\u00a0<strong>\u201cA aura da gambiarra\u201d,<\/strong>\u00a0o qual se articula com o tema da II Jornada da Se\u00e7\u00e3o Sul:\u00a0<em>\u201cFalar do que n\u00e3o existe: do gozo do sentido \u00e0s bricolagens poss\u00edveis\u201d<\/em>. Neste texto, Antonio traz como tema central a\u00a0<strong>inven\u00e7\u00e3o,<\/strong>\u00a0propondo a gambiarra como um caso particular de inven\u00e7\u00e3o marcada pela precariedade, considerando, dessa forma, uma leitura n\u00e3o idealizada do que Lacan formula como inven\u00e7\u00e3o acerca do destino dado ao sintoma, importando mais a inven\u00e7\u00e3o de algo por meio do qual a puls\u00e3o se satisfa\u00e7a&#8230; O saber se virar com o sintoma&#8230; Uma tradu\u00e7\u00e3o prec\u00e1ria da express\u00e3o lacaniana \u201csavoir y faire\u201d, como Antonio aponta,\u00a0<strong>evocando uma dimens\u00e3o do uso<\/strong>\u00a0<strong>como essencial.<\/strong>\u00a0Neste sentido, ele aproxima gambiarra e inven\u00e7\u00e3o.<\/p>\n<figure style=\"width: 300px\" class=\"wp-caption aligncenter\"><a href=\"https:\/\/youtu.be\/5_GnHJhMRys\"><img loading=\"lazy\" decoding=\"async\" class=\"center\" src=\"https:\/\/ebp.org.br\/sul\/wp-content\/uploads\/2021\/10\/entrevista_antonio.jpg\" alt=\"Image\" width=\"300\" height=\"169\" align=\"center\" border=\"0\" \/><\/a><figcaption class=\"wp-caption-text\">Edi\u00e7\u00e3o: Val\u00e9ria Beatriz Ara\u00fajo e Bruno Senna<\/figcaption><\/figure>\n<p><a href=\"A AURA DA GAMBIARRA por Antonio Teixeira\">Texto: A AURA DA GAMBIARRA\u00a0 por Antonio Teixeira<\/a>[\/vc_column_text][vc_separator][vc_column_text]\n<h3><span style=\"color: #993300;\">ENTREVISTA COM Sabrina Sedlmayer \u2013 Sobre a Gambiarra<\/span><\/h3>\n<h6 style=\"text-align: right;\"><em>Fl\u00e1via C\u00eara (EBP\/AMP) e Nohem\u00ed Brown (EBP\/AMP)<\/em><\/h6>\n<p>Sabrina Sedlmayer \u00e9 pesquisadora e professora na Faculdade de Letras da UFMG, e suas pesquisas situam-se no campo da literatura comparada, com \u00eanfase nas literaturas e culturas de l\u00edngua portuguesa. Atua principalmente na linha de Pol\u00edticas do Contempor\u00e2neo, na interface literatura e filosofia. Para a II Jornada da Se\u00e7\u00e3o Sul, Sabrina aceitou generosamente o convite para uma entrevista preciosa, transmitindo, em sua fala, quest\u00f5es relevantes sobre o tema da gambiarra. Segue alguns fragmentos desta valiosa contribui\u00e7\u00e3o.<\/p>\n<figure style=\"width: 300px\" class=\"wp-caption aligncenter\"><a href=\"https:\/\/youtu.be\/bUXl0U6NCNU\"><img loading=\"lazy\" decoding=\"async\" class=\"center\" src=\"https:\/\/ebp.org.br\/sul\/wp-content\/uploads\/2021\/10\/entrevista_sabrina.jpg\" alt=\"Image\" width=\"300\" height=\"172\" align=\"center\" border=\"0\" \/><\/a><figcaption class=\"wp-caption-text\">Edi\u00e7\u00e3o: Val\u00e9ria Beatriz Ara\u00fajo e Bruno Senna<\/figcaption><\/figure>\n[\/vc_column_text][vc_btn title=&#8221;Leia+&#8221; color=&#8221;default&#8221; link=&#8221;url:https%3A%2F%2Febp.org.br%2Fsul%2Frebotalhos-dez%2F|title:Coment%C3%A1rio%20do%20conto&#8221;][vc_separator][vc_column_text]\n<h3><span style=\"color: #993300;\">MESA DO PASSE<\/span><\/h3>\n<h6 style=\"text-align: right;\"><em>T\u00e2nia Abreu (AE 2020-2023, EBP\/AMP)<\/em><\/h6>\n<figure id=\"attachment_3405\" aria-describedby=\"caption-attachment-3405\" style=\"width: 150px\" class=\"wp-caption alignright\"><img loading=\"lazy\" decoding=\"async\" class=\"wp-image-3405 size-thumbnail\" src=\"https:\/\/ebp.org.br\/sul\/wp-content\/uploads\/2021\/10\/imagem_texto_tania-150x150.jpg\" alt=\"\" width=\"150\" height=\"150\" \/><figcaption id=\"caption-attachment-3405\" class=\"wp-caption-text\">Artista: Jorge Barr\u00e3o<\/figcaption><\/figure>\n<p>Sabrina Sedlmayer \u00e9 pesquisadora e professora na Faculdade de Letras da UFMG, e suas pesquisas situam-se no campo da literatura comparada, com \u00eanfase nas literaturas e culturas de l\u00edngua portuguesa. Atua principalmente na linha de Pol\u00edticas do Contempor\u00e2neo, na interface literatura e filosofia. Para a II Jornada da Se\u00e7\u00e3o Sul, Sabrina aceitou generosamente o convite para uma entrevista preciosa, transmitindo, em sua fala, quest\u00f5es relevantes sobre o tema da gambiarra. Segue alguns fragmentos desta valiosa contribui\u00e7\u00e3o.[\/vc_column_text][vc_btn title=&#8221;Leia+&#8221; color=&#8221;default&#8221; link=&#8221;url:https%3A%2F%2Febp.org.br%2Fsul%2Feventos%2Fjornadas%2F2a-jornada-da-secao-sul-falar-sobre-o-que-nao-existe-do-gozo-do-sentido-as-bricolagens-possiveis%2Freferencias-2a-jornada-da-secao-sul%2F|title:Coment%C3%A1rio%20do%20conto&#8221;][vc_separator][vc_column_text]\n<h3><span style=\"color: #993300;\">REFER\u00caNCIAS BIBLIOGRAFICAS<\/span><\/h3>\n<h6 style=\"text-align: right;\">Pela Comiss\u00e3o de Refer\u00eancias Bibliogr\u00e1ficas: Fernanda Baptista, Fl\u00e1via C\u00eara (EBP\/AMP), Gustavo Ramos, Licene Garcia, Valesca Miranda Lopes, Teresa Pavone (EBP\/AMP) (coordenadora)<\/h6>\n<p><strong>MILLER, Jacques-Alain; LAURENT, \u00c9ric.\u00a0<\/strong><strong><em>El Otro que no existe y sus comit\u00e9s de \u00e9tica<\/em><\/strong><strong>. Trad. de Nora A. Gonz\u00e1lez. Ciudad Aut\u00f3noma de Buenos Aires: Paid\u00f3s, 2013.<\/strong><\/p>\n<p>&#8220;Las mujeres son m\u00e1s sensibles al significante del Otro que no existe y sus intereses social es son m\u00e1s d\u00e9biles cuando se trata del ideal, con el cual tienen menos relaci\u00f3n que e lhombre. Las mujeres tienen una relaci\u00f3n muy particular conel significante del Otro que no existe, que es un modo de inscripci\u00f3n en el Otro de lo que queda cuando no hay ideal, que las hace quiz\u00e1 m\u00e1s sensibles al estado actual del Otro.&#8221; (p. 108)<\/p>\n<p>&#8220;La estructura ficcional del Otro est\u00e1 patente tambi\u00e9n en la invenci\u00f3n de Lacan del sujeto supuesto saber &#8211; que es exactamente el Otro en tanto estructura de ficci\u00f3n &#8211; y enlareducci\u00f3n de La\/ mujer a dicha estructura, que ilustr\u00f3 \u00c9ric Laurent. En otras palabras, lo que est\u00e1 en juego en la inexistencia del Otro es sureducci\u00f3n al semblante. El Otro, del que decimos que no existe (se habla tanto m\u00e1s de \u00e9l cuanto que no existe), no es del orden de lo real.&#8221; (p. 115)[\/vc_column_text][vc_btn title=&#8221;Leia+&#8221; color=&#8221;default&#8221; link=&#8221;url:https%3A%2F%2Febp.org.br%2Fsul%2Feventos%2Fjornadas%2F2a-jornada-da-secao-sul-falar-sobre-o-que-nao-existe-do-gozo-do-sentido-as-bricolagens-possiveis%2Freferencias-2a-jornada-da-secao-sul%2F|title:Refer%C3%AAncias%20%E2%80%93%202%C2%AA%20Jornada%20da%20Se%C3%A7%C3%A3o%20Sul&#8221;][vc_separator][vc_column_text]\n<h3><span style=\"color: #993300;\">FRAGMENTOS OUTROS<\/span><\/h3>\n<h6 style=\"text-align: right;\"><em>Cinthia Busato (EBP\/AMP)<\/em><\/h6>\n<p>Vocifero aos mil ventos<br \/>\nor\u00e1culos cru\u00e9is recito<br \/>\ntarasco mundo ao redor<br \/>\nas palavras s\u00e3o trampolins em rochedos \u00e1speros e mortais<br \/>\neu do tamanho do mundo estanco<br \/>\nfrente ao min\u00fasculo sol em fogo<br \/>\nque vem me esfriar.<br \/>\nUm copo de chuva no temporal[\/vc_column_text][\/vc_column][vc_column width=&#8221;1\/6&#8243;][\/vc_column][\/vc_row][vc_row][vc_column][vc_separator][\/vc_column][\/vc_row][vc_row css=&#8221;.vc_custom_1625920951172{background-color: #bdbdbd !important;}&#8221;][vc_column width=&#8221;1\/6&#8243;][\/vc_column][vc_column width=&#8221;2\/3&#8243;][vc_single_image image=&#8221;3066&#8243; img_size=&#8221;full&#8221; alignment=&#8221;center&#8221;][vc_column_text]\n<h6 style=\"text-align: center;\"><strong>Diretora EBP Se\u00e7\u00e3o Sul:<\/strong>\u00a0Louise Lhullier (EBP\/AMP).<br \/>\n<strong>Diretora 2\u00aa Jornada:<\/strong>\u00a0Nohem\u00ed Brown (EBP\/AMP)<br \/>\n<strong>Comiss\u00e3o do Boletim:<\/strong>\u00a0Mariana Zelis (EBP\/AMP) &#8211; coordenadora, Adriana Rodrigues (EBP\/AMP) ,<br \/>\nJuliana Rego Silva e Licene Garcia.<br \/>\n<strong>Designer:<\/strong>\u00a0<a href=\"mailto:sennabruno@gmail.com\">Bruno Senna<\/a><\/h6>\n<p><img loading=\"lazy\" decoding=\"async\" class=\"aligncenter size-full wp-image-3067\" src=\"https:\/\/ebp.org.br\/sul\/wp-content\/uploads\/2021\/07\/estrut_boletim-03.png\" alt=\"\" width=\"134\" height=\"47\" \/>[\/vc_column_text][\/vc_column][vc_column width=&#8221;1\/6&#8243;][\/vc_column][\/vc_row]\n<\/section>","protected":false},"excerpt":{"rendered":"<p>[vc_row][vc_column width=&#8221;1\/6&#8243;][\/vc_column][vc_column width=&#8221;2\/3&#8243;][vc_column_text] [\/vc_column_text][vc_column_text] #07 &#8211; outubro 2021 [\/vc_column_text][vc_separator][vc_column_text] Mariana Zelis(EBP\/AMP) \u2013 Coordenadora da Comiss\u00e3o de Divulga\u00e7\u00e3o H\u00e1 um passo da nossa 2a Jornada da EBP Se\u00e7\u00e3o Sul:\u00a0Falar sobre o que n\u00e3o existe, do gozo do sentido \u00e0s bricolagens poss\u00edveis, lan\u00e7amos\u00a0Bricolagens\u00a07 , de certa maneira um momento de concluir, para poder lan\u00e7ar ao trabalho, a&hellip;<\/p>\n","protected":false},"author":1,"featured_media":0,"parent":2987,"menu_order":0,"comment_status":"closed","ping_status":"closed","template":"","meta":{"footnotes":""},"class_list":["post-3406","page","type-page","status-publish","hentry","entry","no-media"],"_links":{"self":[{"href":"https:\/\/ebp.org.br\/sul\/wp-json\/wp\/v2\/pages\/3406","targetHints":{"allow":["GET"]}}],"collection":[{"href":"https:\/\/ebp.org.br\/sul\/wp-json\/wp\/v2\/pages"}],"about":[{"href":"https:\/\/ebp.org.br\/sul\/wp-json\/wp\/v2\/types\/page"}],"author":[{"embeddable":true,"href":"https:\/\/ebp.org.br\/sul\/wp-json\/wp\/v2\/users\/1"}],"replies":[{"embeddable":true,"href":"https:\/\/ebp.org.br\/sul\/wp-json\/wp\/v2\/comments?post=3406"}],"version-history":[{"count":0,"href":"https:\/\/ebp.org.br\/sul\/wp-json\/wp\/v2\/pages\/3406\/revisions"}],"up":[{"embeddable":true,"href":"https:\/\/ebp.org.br\/sul\/wp-json\/wp\/v2\/pages\/2987"}],"wp:attachment":[{"href":"https:\/\/ebp.org.br\/sul\/wp-json\/wp\/v2\/media?parent=3406"}],"curies":[{"name":"wp","href":"https:\/\/api.w.org\/{rel}","templated":true}]}}