{"id":3236,"date":"2021-08-24T09:01:11","date_gmt":"2021-08-24T12:01:11","guid":{"rendered":"https:\/\/ebp.org.br\/sul\/?page_id=3236"},"modified":"2023-09-26T08:26:25","modified_gmt":"2023-09-26T11:26:25","slug":"boletim-modos-de-usar-01","status":"publish","type":"page","link":"https:\/\/ebp.org.br\/sul\/biblioteca\/publicacoes\/boletim-modos-de-usar\/boletim-modos-de-usar-01\/","title":{"rendered":"Boletim Modos de Usar #01"},"content":{"rendered":"<section class=\"wpb-content-wrapper\">[vc_row][vc_column][vc_single_image image=&#8221;3239&#8243; alignment=&#8221;center&#8221;][vc_column_text]\n<h6 style=\"text-align: center;\">N. 01 &#8211; Agosto 2021<\/h6>\n[\/vc_column_text][\/vc_column][\/vc_row][vc_row][vc_column width=&#8221;1\/4&#8243;][vc_single_image image=&#8221;4311&#8243;][\/vc_column][vc_column width=&#8221;3\/4&#8243;][vc_column_text]\n<h3><span style=\"color: #808080;\">EDITORIAL<\/span><\/h3>\n<h6><span style=\"color: #808080;\"><em>Teresa Pavone<\/em><\/span><\/h6>\n<p><span style=\"color: #999999;\">\u00c9 com grande satisfa\u00e7\u00e3o que lan\u00e7amos o primeiro Boletim da EBP-Se\u00e7\u00e3o Sul,\u00a0<em>Modos de Usar<\/em>, nome herdado do boletim da primeira Jornada desta nova Se\u00e7\u00e3o, que fez circular, com vivacidade, muitos textos, resenhas, entre outros em torno do tema proposto no ano passado. Adotamos este nome por sua originalidade e por evocar a ideia de produ\u00e7\u00e3o e edi\u00e7\u00e3o de textos dos quais cada um poder\u00e1 fazer uso a seu modo&#8230;<\/span>[\/vc_column_text][vc_btn title=&#8221;Leia+&#8221; size=&#8221;xs&#8221; link=&#8221;url:https%3A%2F%2Febp.org.br%2Fsul%2Feditorial-boletim-modos-de-usar-01%2F|title:EDITORIAL%20Boletim%20Modos%20de%20Usar%20%2301&#8243;][\/vc_column][\/vc_row][vc_row][vc_column][vc_separator][\/vc_column][\/vc_row][vc_row][vc_column width=&#8221;1\/4&#8243;][vc_single_image image=&#8221;4312&#8243;][\/vc_column][vc_column width=&#8221;3\/4&#8243;][vc_column_text]\n<h3><span style=\"color: #808080;\">ABERTURA PELA DIRETORA GERAL DA EBP-SE\u00c7\u00c3O SUL<\/span><\/h3>\n<p><span style=\"color: #808080;\"><strong>Pap\u00e1 teve um sonho!<\/strong><\/span><\/p>\n<h6><span style=\"color: #808080;\"><em>Por Louise Lhullier [AP, membro da EBP\/AMP]<\/em><\/span><\/h6>\n<p><span style=\"color: #808080;\">Pela pena de Mia Couto somos conduzidos pelas estranhezas da l\u00edngua que nos \u00e9 mais familiar. Assim, viajamos por um mundo sobre o qual tanto se pode dizer que \u00e9&#8230;<\/span>[\/vc_column_text][vc_btn title=&#8221;Leia+&#8221; size=&#8221;xs&#8221; link=&#8221;url:https%3A%2F%2Febp.org.br%2Fsul%2Fabertura-pela-diretora-geral-da-ebp-secao-sul%2F|title:EDITORIAL%20Boletim%20Modos%20de%20Usar%20%2301&#8243;][\/vc_column][\/vc_row][vc_row][vc_column][vc_separator][\/vc_column][\/vc_row][vc_row][vc_column width=&#8221;1\/4&#8243;][vc_single_image image=&#8221;4313&#8243;][\/vc_column][vc_column width=&#8221;3\/4&#8243;][vc_column_text]\n<h3><span style=\"color: #808080;\">PRIMEIRA NOITE DE BIBLIOTECA<\/span><\/h3>\n<p><span style=\"color: #808080;\"><strong>A inexist\u00eancia do Nome-do-Pai<\/strong><\/span><\/p>\n<h6><span style=\"color: #808080;\"><em>Por Gustavo Ramos da Silva<\/em><\/span><\/h6>\n<p><span style=\"color: #808080;\">No dia 5 de maio de 2021 tivemos a primeira Noite de Biblioteca da Se\u00e7\u00e3o Sul da Escola Brasileira de Psican\u00e1lise sob a coordena\u00e7\u00e3o de Teresa Pavone. A primeira convidada foi Nieves Soria (EOL\/AMP) para lan\u00e7ar seu \u00faltimo livro\u00a0<em>La inexistencia del Nombre del padre<\/em>, pela editora Del Bucle de Buenos Aires.<\/span><\/p>\n<p><span style=\"color: #808080;\">O livro teve diversos come\u00e7os, nos diz Nieves, ao relembrar que ele come\u00e7ou a ser escrito quando de sua primeira an\u00e1lise e, tamb\u00e9m, com os di\u00e1logos com seus amigos na universidade. Em 2017, no \u00e2mbito da EOL, ministra um semin\u00e1rio&#8230;<\/span>[\/vc_column_text][vc_btn title=&#8221;Leia+&#8221; size=&#8221;xs&#8221; link=&#8221;url:https%3A%2F%2Febp.org.br%2Fsul%2Fprimeira-noite-de-biblioteca%2F|title:EDITORIAL%20Boletim%20Modos%20de%20Usar%20%2301&#8243;][\/vc_column][\/vc_row][vc_row][vc_column][vc_separator][\/vc_column][\/vc_row][vc_row][vc_column width=&#8221;1\/4&#8243;][vc_single_image image=&#8221;4314&#8243;][\/vc_column][vc_column width=&#8221;3\/4&#8243;][vc_column_text]\n<h3><span style=\"color: #808080;\">NOITE DE CART\u00c9IS<\/span><\/h3>\n<p><span style=\"color: #808080;\"><strong>Uma Noite de Cart\u00e9is na EBP-Sul<\/strong><\/span><\/p>\n<h6><span style=\"color: #808080;\"><em>Por Eneida Medeiros Santos (AP, EBP\/AMP)<\/em><\/span><\/h6>\n<p><span style=\"color: #808080;\">Animada por Oscar Reymundo, seu novo diretor, e por sua equipe de trabalho, iniciou-se na EBP-Se\u00e7\u00e3o Sul um instigante debate em torno da fun\u00e7\u00e3o do Mais-um neste que \u00e9, por excel\u00eancia, o dispositivo de produ\u00e7\u00e3o de saber em uma Escola de psican\u00e1lise.<\/span>[\/vc_column_text][vc_btn title=&#8221;Leia+&#8221; size=&#8221;xs&#8221; link=&#8221;url:https%3A%2F%2Febp.org.br%2Fsul%2Fnoite-de-carteis%2F|title:EDITORIAL%20Boletim%20Modos%20de%20Usar%20%2301&#8243;][\/vc_column][\/vc_row][vc_row][vc_column][vc_separator][\/vc_column][\/vc_row][vc_row][vc_column width=&#8221;1\/4&#8243;][vc_single_image image=&#8221;4315&#8243;][\/vc_column][vc_column width=&#8221;3\/4&#8243;][vc_column_text]\n<h3><span style=\"color: #808080;\">SEGUNDA NOITE DE BIBLIOTECA<\/span><\/h3>\n<p><span style=\"color: #808080;\"><strong>\u201cO analista, sua an\u00e1lise e o fator feminino\u201d<\/strong><\/span><\/p>\n<h6><span style=\"color: #808080;\"><em>Por Licene Garcia<\/em><\/span><\/h6>\n<p><span style=\"color: #808080;\">No texto \u201cO analista, sua an\u00e1lise e o fator feminino\u201d, S\u00e9rgio Laia prop\u00f5e uma leitura do texto freudiano \u201cA an\u00e1lise finita e a infinita\u201d de 1937&#8230;<\/span>[\/vc_column_text][vc_btn title=&#8221;Leia+&#8221; size=&#8221;xs&#8221; link=&#8221;url:https%3A%2F%2Febp.org.br%2Fsul%2Fsegunda-noite-de-biblioteca%2F|title:EDITORIAL%20Boletim%20Modos%20de%20Usar%20%2301&#8243;][\/vc_column][\/vc_row][vc_row][vc_column][vc_separator][\/vc_column][\/vc_row][vc_row][vc_column width=&#8221;1\/4&#8243;][vc_single_image image=&#8221;4316&#8243;][\/vc_column][vc_column width=&#8221;3\/4&#8243;][vc_column_text]\n<h3><span style=\"color: #808080;\">SEMIN\u00c1RIO DE ORIENTA\u00c7\u00c3O LACANIANA DA EBP- SE\u00c7\u00c3O SUL<\/span><\/h3>\n<h6><span style=\"color: #808080;\"><em>Por Marcia Stival Onyszkiewicz (AP, membro da EBP\/AMP) &#8211; Presidente do Conselho Deliberativo da Se\u00e7\u00e3o Sul<\/em><\/span><\/h6>\n<p><span style=\"color: #808080;\">Num momento em que a Se\u00e7\u00e3o Sul d\u00e1 seus passos iniciais enquanto \u201csujeito de direito\u201d, torna-se relevante considerar os la\u00e7os que influenciam a presen\u00e7a de uma \u201cl\u00f3gica coletiva\u201d, tendo em vista a orienta\u00e7\u00e3o lacaniana&#8230;<\/span>[\/vc_column_text][vc_btn title=&#8221;Leia+&#8221; size=&#8221;xs&#8221; link=&#8221;url:https%3A%2F%2Febp.org.br%2Fsul%2Fseminario-de-orientacao-lacaniana-da-ebp-secao-sul%2F|title:EDITORIAL%20Boletim%20Modos%20de%20Usar%20%2301&#8243;][\/vc_column][\/vc_row][vc_row][vc_column][vc_separator][\/vc_column][\/vc_row][vc_row][vc_column][vc_column_text]\n<h3><span style=\"color: #808080;\">SEMIN\u00c1RIOS POR CONTA E RISCO<\/span><\/h3>\n<p><span style=\"color: #808080;\"><strong>O ULTIM\u00cdSSIMO LACAN E ATUALIDADE CL\u00cdNICA<\/strong><\/span><\/p>\n<h6><span style=\"color: #808080;\"><em>Por Zelma Abdala Galesi(AP, membro da EBP\/AMP)<\/em><\/span><\/h6>\n<p><span style=\"color: #808080;\">Neste semin\u00e1rio iremos dimensionar a lenta mais progressiva desintegra\u00e7\u00e3o no mundo atual da Ordem Simb\u00f3lica e a ascens\u00e3o da dimens\u00e3o do Gozo na civiliza\u00e7\u00e3o. N\u00e3o h\u00e1 mais o Outro para situar o gozo dos sujeitos, portanto, temos \u201cuma desordem do real\u201d como diz Miller. J. Lacan em\u00a0<em>\u201cT\u00e9l\u00e9vision\u201d<\/em>, como consequ\u00eancia dessa queda do Outro simb\u00f3lico.\u00a0 Tratamos de dimensionar essas quest\u00f5es a partir da separa\u00e7\u00e3o do Inconsciente Transferencial sintom\u00e1tico e o Inconsciente Real e sua rela\u00e7\u00e3o com o Sinthoma.<\/span>[\/vc_column_text][vc_btn title=&#8221;Leia+&#8221; size=&#8221;xs&#8221; link=&#8221;url:https%3A%2F%2Febp.org.br%2Fsul%2Fseminarios-por-conta-e-risco-o-ultimissimo-lacan-e-atualidade-clinica%2F|title:EDITORIAL%20Boletim%20Modos%20de%20Usar%20%2301&#8243;][\/vc_column][\/vc_row][vc_row][vc_column][vc_separator][\/vc_column][\/vc_row][vc_row][vc_column][vc_column_text]\n<h6><span style=\"color: #808080;\"><strong>NOTA SOBRE O ARTISTA<\/strong><\/span><\/h6>\n<p><span style=\"color: #808080;\"><em>Robert Irwin, artista nascido nos USA, na Calif\u00f3rnia em 1928, faz parte do acervo art\u00edstico do Instituto Inhotim.<\/em><\/span><br \/>\n<span style=\"color: #808080;\">Ele \u201ciniciou sua carreira como pintor abstrato, expondo pela primeira vez na Felix Landau Gallery, em Los Angeles (1957). Foi nesse per\u00edodo que passou a questionar os limites do campo tradicional da arte. Desde os anos 1960, Irwin explora a rela\u00e7\u00e3o da percep\u00e7\u00e3o na arte, por meio de ambientes imersivos em instala\u00e7\u00f5es e interven\u00e7\u00f5es, que alteram a experi\u00eancia f\u00edsica, sensorial e temporal. Integrante do movimento\u00a0Light\u00a0and\u00a0Space, o artista emprega frequentemente luz natural, l\u00e2mpadas fluorescentes, gel colorido ou v\u00e9us para transformar espa\u00e7os.\u201d<\/span>[\/vc_column_text][vc_btn title=&#8221;Leia+&#8221; size=&#8221;xs&#8221; link=&#8221;url:https%3A%2F%2Fwww.inhotim.org.br%2Fitem-do-acervo%2Frobert-irwin%2F|title:EDITORIAL%20Boletim%20Modos%20de%20Usar%20%2301&#8243;][\/vc_column][\/vc_row][vc_row][vc_column][vc_separator][\/vc_column][\/vc_row][vc_row][vc_column][vc_separator][\/vc_column][\/vc_row][vc_row][vc_column][vc_single_image image=&#8221;3172&#8243; alignment=&#8221;center&#8221; onclick=&#8221;custom_link&#8221; link=&#8221;https:\/\/www.youtube.com\/watch?v=qhS7tQjNClc&#8221;][\/vc_column][\/vc_row][vc_row][vc_column][vc_single_image image=&#8221;3235&#8243; alignment=&#8221;center&#8221; onclick=&#8221;custom_link&#8221; link=&#8221;https:\/\/www.youtube.com\/watch?v=qhS7tQjNClc&#8221;][\/vc_column][\/vc_row][vc_row css=&#8221;.vc_custom_1629889707604{background-color: #777777 !important;}&#8221;][vc_column][vc_single_image image=&#8221;3240&#8243; alignment=&#8221;center&#8221;][vc_column_text]\n<h6 style=\"text-align: center;\"><em><strong>Modos de Usar<\/strong><\/em><strong>\u00a0&#8211;\u00a0<\/strong><strong>Boletim Eletr\u00f4nico da EBP Se\u00e7\u00e3o Sul<\/strong><br \/>\n<strong><br \/>\n<\/strong><strong>Comiss\u00e3o de Edi\u00e7\u00e3o<\/strong>: Equipe da Biblioteca da EBP-Se\u00e7\u00e3o Sul, de refer\u00eancias bibliogr\u00e1ficas<br \/>\ne do Boletim: Teresa Pavone, Licene Garcia, Fl\u00e1via Cera e Gustavo Ramos.<br \/>\n<strong><br \/>\nDesign e Editora\u00e7\u00e3o<\/strong>: Bruno Senna.<\/h6>\n[\/vc_column_text][\/vc_column][\/vc_row]\n<\/section>","protected":false},"excerpt":{"rendered":"<p>[vc_row][vc_column][vc_single_image image=&#8221;3239&#8243; alignment=&#8221;center&#8221;][vc_column_text] N. 01 &#8211; Agosto 2021 [\/vc_column_text][\/vc_column][\/vc_row][vc_row][vc_column width=&#8221;1\/4&#8243;][vc_single_image image=&#8221;4311&#8243;][\/vc_column][vc_column width=&#8221;3\/4&#8243;][vc_column_text] EDITORIAL Teresa Pavone \u00c9 com grande satisfa\u00e7\u00e3o que lan\u00e7amos o primeiro Boletim da EBP-Se\u00e7\u00e3o Sul,\u00a0Modos de Usar, nome herdado do boletim da primeira Jornada desta nova Se\u00e7\u00e3o, que fez circular, com vivacidade, muitos textos, resenhas, entre outros em torno do tema proposto no&hellip;<\/p>\n","protected":false},"author":1,"featured_media":0,"parent":3243,"menu_order":0,"comment_status":"closed","ping_status":"closed","template":"","meta":{"footnotes":""},"class_list":["post-3236","page","type-page","status-publish","hentry","entry","no-media"],"_links":{"self":[{"href":"https:\/\/ebp.org.br\/sul\/wp-json\/wp\/v2\/pages\/3236","targetHints":{"allow":["GET"]}}],"collection":[{"href":"https:\/\/ebp.org.br\/sul\/wp-json\/wp\/v2\/pages"}],"about":[{"href":"https:\/\/ebp.org.br\/sul\/wp-json\/wp\/v2\/types\/page"}],"author":[{"embeddable":true,"href":"https:\/\/ebp.org.br\/sul\/wp-json\/wp\/v2\/users\/1"}],"replies":[{"embeddable":true,"href":"https:\/\/ebp.org.br\/sul\/wp-json\/wp\/v2\/comments?post=3236"}],"version-history":[{"count":2,"href":"https:\/\/ebp.org.br\/sul\/wp-json\/wp\/v2\/pages\/3236\/revisions"}],"predecessor-version":[{"id":4551,"href":"https:\/\/ebp.org.br\/sul\/wp-json\/wp\/v2\/pages\/3236\/revisions\/4551"}],"up":[{"embeddable":true,"href":"https:\/\/ebp.org.br\/sul\/wp-json\/wp\/v2\/pages\/3243"}],"wp:attachment":[{"href":"https:\/\/ebp.org.br\/sul\/wp-json\/wp\/v2\/media?parent=3236"}],"curies":[{"name":"wp","href":"https:\/\/api.w.org\/{rel}","templated":true}]}}