{"id":3173,"date":"2021-08-05T16:58:55","date_gmt":"2021-08-05T19:58:55","guid":{"rendered":"https:\/\/ebp.org.br\/sul\/?page_id=3173"},"modified":"2021-08-05T16:58:55","modified_gmt":"2021-08-05T19:58:55","slug":"boletim-bricolagens-03","status":"publish","type":"page","link":"https:\/\/ebp.org.br\/sul\/eventos\/jornadas\/2a-jornada-da-secao-sul-falar-sobre-o-que-nao-existe-do-gozo-do-sentido-as-bricolagens-possiveis\/boletim-bricolagens-2a-jornada-da-secao-sul\/boletim-bricolagens-03\/","title":{"rendered":"Boletim Bricolagens #03"},"content":{"rendered":"<section class=\"wpb-content-wrapper\">[vc_row][vc_column width=&#8221;1\/6&#8243;][\/vc_column][vc_column width=&#8221;2\/3&#8243;][vc_column_text]\n<p style=\"text-align: center;\"><img loading=\"lazy\" decoding=\"async\" class=\"aligncenter wp-image-3080 size-full\" src=\"https:\/\/ebp.org.br\/sul\/wp-content\/uploads\/2021\/07\/estrut_boletim-04.png\" alt=\"\" width=\"701\" height=\"231\" \/><\/p>\n[\/vc_column_text][vc_column_text]\n<h6 style=\"text-align: center;\">#03 &#8211; Agosto 2021<\/h6>\n[\/vc_column_text][vc_separator][vc_video link=&#8221;https:\/\/www.youtube.com\/watch?v=qhS7tQjNClc&#8221;][vc_separator][vc_column_text]\n<h3><span style=\"color: #993300;\"><strong>INSCRI\u00c7\u00d5ES ABERTAS 2\u00aa JORNADA da EBP SE\u00c7\u00c3O SUL:<\/strong><\/span><\/h3>\n<p><strong>\u201c<em>Falar sobre o que n\u00e3o existe. Do gozo do sentido \u00e0s bricolagens poss\u00edveis\u201d.<\/em><\/strong><\/p>\n<p><em><u>Valores para inscri\u00e7\u00e3o <strong>at\u00e9 30\/08\/21<\/strong><\/u><\/em><\/p>\n<ul>\n<li>Membros e profissionais: R$ 130,00<\/li>\n<li>Alunos dos cursos do ICPOL, da\u00a0 APLP e alunos de gradua\u00e7\u00e3o: R$ 80,00<\/li>\n<\/ul>\n<p><em><u>Valores\u00a0 <strong>a partir do 01\/09\/21 <\/strong><\/u><\/em><\/p>\n<ul>\n<li>Membros e profissionais R$ 180,00<\/li>\n<li>Alunos dos cursos do ICPOL, da\u00a0 APLP e alunos de gradua\u00e7\u00e3o: R$ 100,00<\/li>\n<\/ul>\n[\/vc_column_text][vc_btn title=&#8221;Inscreva-se!&#8221; color=&#8221;default&#8221; link=&#8221;url:https%3A%2F%2Febp.org.br%2Fsul%2Feventos%2Fjornadas%2F2a-jornada-da-secao-sul-falar-sobre-o-que-nao-existe-do-gozo-do-sentido-as-bricolagens-possiveis%2Finscricoes-2a-jornada-da-secao-sul-cadastro%2F|title:Argumento%20%E2%80%93%202%C2%AA%20Jornada%20da%20Se%C3%A7%C3%A3o%20Sul&#8221;][vc_separator][vc_column_text]\n<h3><span style=\"color: #993300;\">ENVIE SEU TRABALHO!<\/span><\/h3>\n<p>Ser\u00e3o recebidos trabalhos que estejam orientados pelo argumento, refer\u00eancias bibliogr\u00e1ficas da Jornada e que indiquem o eixo de trabalho escolhido.<\/p>\n<ul>\n<li>Data de envio: at\u00e9 26 de setembro<\/li>\n<li>Textos com no m\u00e1ximo 7000 caracteres<\/li>\n<li>Formata\u00e7\u00e3o: Times New Roman, tamanho 12, espa\u00e7amento 1,5. Refer\u00eancias no final do texto.<\/li>\n<li>Enviar aos seguintes e-mails: <a href=\"mailto:jornadaebpsul@gmail.com\">jornadaebpsul@gmail.com<\/a>, com c\u00f3pia para <a href=\"mailto:ebpsul@gmail.com\">ebpsul@gmail.com<\/a><\/li>\n<\/ul>\n<p><strong>&#8211; Ser\u00e3o considerados para sele\u00e7\u00e3o apenas os trabalhos dos inscritos na Jornada<\/strong>[\/vc_column_text][vc_separator][\/vc_column][vc_column width=&#8221;1\/6&#8243;][\/vc_column][\/vc_row][vc_row][vc_column][vc_separator][\/vc_column][\/vc_row][vc_row css=&#8221;.vc_custom_1625920951172{background-color: #bdbdbd !important;}&#8221;][vc_column width=&#8221;1\/6&#8243;][\/vc_column][vc_column width=&#8221;2\/3&#8243;][vc_single_image image=&#8221;3066&#8243; img_size=&#8221;full&#8221; alignment=&#8221;center&#8221;][vc_column_text]\n<h6 style=\"text-align: center;\"><strong>Diretora EBP Se\u00e7\u00e3o Sul:<\/strong>\u00a0Louise Lhullier (EBP\/AMP).<br \/>\n<strong>Diretora 2\u00aa Jornada:<\/strong>\u00a0Nohem\u00ed Brown (EBP\/AMP)<br \/>\n<strong>Comiss\u00e3o do Boletim:<\/strong>\u00a0Mariana Zelis (EBP\/AMP) &#8211; coordenadora, Adriana Rodrigues (EBP\/AMP) ,<br \/>\nJuliana Rego Silva e Licene Garcia.<br \/>\n<strong>Designer:<\/strong>\u00a0<a href=\"mailto:sennabruno@gmail.com\">Bruno Senna<\/a><\/h6>\n<p><img loading=\"lazy\" decoding=\"async\" class=\"aligncenter size-full wp-image-3067\" src=\"https:\/\/ebp.org.br\/sul\/wp-content\/uploads\/2021\/07\/estrut_boletim-03.png\" alt=\"\" width=\"134\" height=\"47\" \/>[\/vc_column_text][\/vc_column][vc_column width=&#8221;1\/6&#8243;][\/vc_column][\/vc_row]\n<\/section>","protected":false},"excerpt":{"rendered":"<p>[vc_row][vc_column width=&#8221;1\/6&#8243;][\/vc_column][vc_column width=&#8221;2\/3&#8243;][vc_column_text] [\/vc_column_text][vc_column_text] #03 &#8211; Agosto 2021 [\/vc_column_text][vc_separator][vc_video link=&#8221;https:\/\/www.youtube.com\/watch?v=qhS7tQjNClc&#8221;][vc_separator][vc_column_text] INSCRI\u00c7\u00d5ES ABERTAS 2\u00aa JORNADA da EBP SE\u00c7\u00c3O SUL: \u201cFalar sobre o que n\u00e3o existe. Do gozo do sentido \u00e0s bricolagens poss\u00edveis\u201d. Valores para inscri\u00e7\u00e3o at\u00e9 30\/08\/21 Membros e profissionais: R$ 130,00 Alunos dos cursos do ICPOL, da\u00a0 APLP e alunos de gradua\u00e7\u00e3o: R$ 80,00 Valores\u00a0&hellip;<\/p>\n","protected":false},"author":1,"featured_media":0,"parent":2987,"menu_order":0,"comment_status":"closed","ping_status":"closed","template":"","meta":{"footnotes":""},"class_list":["post-3173","page","type-page","status-publish","hentry","entry","no-media"],"_links":{"self":[{"href":"https:\/\/ebp.org.br\/sul\/wp-json\/wp\/v2\/pages\/3173","targetHints":{"allow":["GET"]}}],"collection":[{"href":"https:\/\/ebp.org.br\/sul\/wp-json\/wp\/v2\/pages"}],"about":[{"href":"https:\/\/ebp.org.br\/sul\/wp-json\/wp\/v2\/types\/page"}],"author":[{"embeddable":true,"href":"https:\/\/ebp.org.br\/sul\/wp-json\/wp\/v2\/users\/1"}],"replies":[{"embeddable":true,"href":"https:\/\/ebp.org.br\/sul\/wp-json\/wp\/v2\/comments?post=3173"}],"version-history":[{"count":0,"href":"https:\/\/ebp.org.br\/sul\/wp-json\/wp\/v2\/pages\/3173\/revisions"}],"up":[{"embeddable":true,"href":"https:\/\/ebp.org.br\/sul\/wp-json\/wp\/v2\/pages\/2987"}],"wp:attachment":[{"href":"https:\/\/ebp.org.br\/sul\/wp-json\/wp\/v2\/media?parent=3173"}],"curies":[{"name":"wp","href":"https:\/\/api.w.org\/{rel}","templated":true}]}}