{"id":2987,"date":"2021-06-27T10:28:54","date_gmt":"2021-06-27T13:28:54","guid":{"rendered":"https:\/\/ebp.org.br\/sul\/?page_id=2987"},"modified":"2021-06-27T10:28:54","modified_gmt":"2021-06-27T13:28:54","slug":"boletim-bricolagens-2a-jornada-da-secao-sul","status":"publish","type":"page","link":"https:\/\/ebp.org.br\/sul\/eventos\/jornadas\/2a-jornada-da-secao-sul-falar-sobre-o-que-nao-existe-do-gozo-do-sentido-as-bricolagens-possiveis\/boletim-bricolagens-2a-jornada-da-secao-sul\/","title":{"rendered":"Boletim Bricolagens &#8211; 2\u00aa Jornada da Se\u00e7\u00e3o Sul"},"content":{"rendered":"<section class=\"wpb-content-wrapper\">[vc_row][vc_column][vc_column_text]<img loading=\"lazy\" decoding=\"async\" class=\"aligncenter size-full wp-image-2975\" src=\"https:\/\/ebp.org.br\/sul\/wp-content\/uploads\/2021\/06\/Banner-Site_Prancheta-1.jpg\" alt=\"\" width=\"1109\" height=\"317\" \/><\/p>\n<p style=\"text-align: center;\"><strong><span style=\"color: #993300;\"><a href=\"https:\/\/ebp.org.br\/sul\/eventos\/jornadas\/2a-jornada-da-secao-sul-falar-sobre-o-que-nao-existe-do-gozo-do-sentido-as-bricolagens-possiveis\/argumento-2a-jornada-da-secao-sul\/\">ARGUMENTO<\/a> <\/span><span style=\"color: #993300;\">| <\/span><span style=\"color: #993300;\"><a href=\"https:\/\/ebp.org.br\/sul\/eventos\/jornadas\/2a-jornada-da-secao-sul-falar-sobre-o-que-nao-existe-do-gozo-do-sentido-as-bricolagens-possiveis\/eixos-de-trabalho-2a-jornada-da-secao-sul\/\">EIXOS DE TRABALHO<\/a> |<\/span><\/strong><span style=\"color: #993300;\">\u00a0<\/span><strong><span style=\"color: #993300;\"><a href=\"https:\/\/ebp.org.br\/sul\/eventos\/jornadas\/2a-jornada-da-secao-sul-falar-sobre-o-que-nao-existe-do-gozo-do-sentido-as-bricolagens-possiveis\/referencias-2a-jornada-da-secao-sul\/\">REFER\u00caNCIAS<\/a> |<\/span><span style=\"color: #993300;\">\u00a0<a href=\"https:\/\/ebp.org.br\/sul\/eventos\/jornadas\/2a-jornada-da-secao-sul-falar-sobre-o-que-nao-existe-do-gozo-do-sentido-as-bricolagens-possiveis\/textos_referencias-2a-jornada-da-secao-sul\/\">TEXTOS DE ORIENTA\u00c7\u00c3O<\/a> | <a href=\"https:\/\/ebp.org.br\/sul\/eventos\/jornadas\/programa-2a-jornada-da-secao-sul\/\">PROGRAMA<\/a> | <\/span><span style=\"color: #993300;\"><a href=\"https:\/\/ebp.org.br\/sul\/eventos\/jornadas\/2a-jornada-da-secao-sul-falar-sobre-o-que-nao-existe-do-gozo-do-sentido-as-bricolagens-possiveis\/inscricoes-2a-jornada-da-secao-sul-cadastro\/\">INSCRI\u00c7\u00d5ES<\/a> |<\/span><span style=\"color: #993300;\">\u00a0<\/span><span style=\"color: #993300;\"><a href=\"https:\/\/ebp.org.br\/sul\/eventos\/jornadas\/2a-jornada-da-secao-sul-falar-sobre-o-que-nao-existe-do-gozo-do-sentido-as-bricolagens-possiveis\/boletim-bricolagens-2a-jornada-da-secao-sul\/\">BOLETIM BRICOLAGENS<\/a> | <a href=\"https:\/\/ebp.org.br\/sul\/eventos\/jornadas\/2a-jornada-da-secao-sul-falar-sobre-o-que-nao-existe-do-gozo-do-sentido-as-bricolagens-possiveis\/ex-peri-encias-1a-jornada-da-secao-sul\/\">EX.PERI.\u00caNCIA(S)<\/a><\/span><\/strong><\/p>\n[\/vc_column_text][\/vc_column][\/vc_row][vc_row][vc_column][eikra-vc-text-title style=&#8221;style2&#8243; title=&#8221;BOLETIM BRICOLAGENS&#8221;][\/eikra-vc-text-title][\/vc_column][\/vc_row][vc_row][vc_column width=&#8221;1\/4&#8243;][vc_single_image image=&#8221;3083&#8243; alignment=&#8221;center&#8221;][vc_column_text]\n<h6 style=\"text-align: center;\">Boletim Bricolagens #01<\/h6>\n[\/vc_column_text][vc_btn title=&#8221;Leia+&#8221; color=&#8221;juicy-pink&#8221; align=&#8221;center&#8221; link=&#8221;url:https%3A%2F%2Febp.org.br%2Fsul%2Feventos%2Fjornadas%2F2a-jornada-da-secao-sul-falar-sobre-o-que-nao-existe-do-gozo-do-sentido-as-bricolagens-possiveis%2Fboletim-bricolagens-2a-jornada-da-secao-sul%2Fboletim-bricolagens-01%2F|title:Boletim%20Bricolagens%20%2301&#8243;][\/vc_column][vc_column width=&#8221;1\/4&#8243;][vc_single_image image=&#8221;3132&#8243; alignment=&#8221;center&#8221;][vc_column_text]\n<h6 style=\"text-align: center;\">Boletim Bricolagens #02<\/h6>\n[\/vc_column_text][vc_btn title=&#8221;Leia+&#8221; color=&#8221;juicy-pink&#8221; align=&#8221;center&#8221; link=&#8221;url:https%3A%2F%2Febp.org.br%2Fsul%2Feventos%2Fjornadas%2F2a-jornada-da-secao-sul-falar-sobre-o-que-nao-existe-do-gozo-do-sentido-as-bricolagens-possiveis%2Fboletim-bricolagens-2a-jornada-da-secao-sul%2Fboletim-bricolagens-02%2F|title:Boletim%20Bricolagens%20%2302&#8243;][\/vc_column][vc_column width=&#8221;1\/4&#8243;][vc_single_image image=&#8221;3178&#8243; alignment=&#8221;center&#8221;][vc_column_text]\n<h6 style=\"text-align: center;\">Boletim Bricolagens #03 &#8211; Inscri\u00e7\u00f5es e Envio de trabalhos.<\/h6>\n[\/vc_column_text][vc_btn title=&#8221;Leia+&#8221; color=&#8221;juicy-pink&#8221; align=&#8221;center&#8221; link=&#8221;url:https%3A%2F%2Febp.org.br%2Fsul%2Feventos%2Fjornadas%2F2a-jornada-da-secao-sul-falar-sobre-o-que-nao-existe-do-gozo-do-sentido-as-bricolagens-possiveis%2Fboletim-bricolagens-2a-jornada-da-secao-sul%2Fboletim-bricolagens-03%2F|title:Boletim%20Bricolagens%20%2302&#8243;][\/vc_column][vc_column width=&#8221;1\/4&#8243;][vc_single_image image=&#8221;3200&#8243; alignment=&#8221;center&#8221;][vc_column_text]\n<h6 style=\"text-align: center;\">Boletim Bricolagens #04<\/h6>\n[\/vc_column_text][vc_btn title=&#8221;Leia+&#8221; color=&#8221;juicy-pink&#8221; align=&#8221;center&#8221; link=&#8221;url:https%3A%2F%2Febp.org.br%2Fsul%2Feventos%2Fjornadas%2F2a-jornada-da-secao-sul-falar-sobre-o-que-nao-existe-do-gozo-do-sentido-as-bricolagens-possiveis%2Fboletim-bricolagens-2a-jornada-da-secao-sul%2Fboletim-bricolagens-04%2F|title:Boletim%20Bricolagens%20%2302&#8243;][\/vc_column][\/vc_row][vc_row][vc_column width=&#8221;1\/4&#8243;][vc_single_image image=&#8221;3273&#8243; alignment=&#8221;center&#8221;][vc_column_text]\n<h6 style=\"text-align: center;\">Boletim Bricolagens #05<\/h6>\n[\/vc_column_text][vc_btn title=&#8221;Leia+&#8221; color=&#8221;juicy-pink&#8221; align=&#8221;center&#8221; link=&#8221;url:https%3A%2F%2Febp.org.br%2Fsul%2Feventos%2Fjornadas%2F2a-jornada-da-secao-sul-falar-sobre-o-que-nao-existe-do-gozo-do-sentido-as-bricolagens-possiveis%2Fboletim-bricolagens-2a-jornada-da-secao-sul%2Fboletim-bricolagens-05%2F|title:Boletim%20Bricolagens%20%2305&#8243;][\/vc_column][vc_column width=&#8221;1\/4&#8243;][vc_single_image image=&#8221;3341&#8243; alignment=&#8221;center&#8221;][vc_column_text]\n<h6 style=\"text-align: center;\">Boletim Bricolagens #06<\/h6>\n[\/vc_column_text][vc_btn title=&#8221;Leia+&#8221; color=&#8221;juicy-pink&#8221; align=&#8221;center&#8221; link=&#8221;url:https%3A%2F%2Febp.org.br%2Fsul%2Feventos%2Fjornadas%2F2a-jornada-da-secao-sul-falar-sobre-o-que-nao-existe-do-gozo-do-sentido-as-bricolagens-possiveis%2Fboletim-bricolagens-2a-jornada-da-secao-sul%2Fboletim-bricolagens-06%2F|title:Boletim%20Bricolagens%20%2306&#8243;][\/vc_column][vc_column width=&#8221;1\/4&#8243;][vc_single_image image=&#8221;3415&#8243; alignment=&#8221;center&#8221;][vc_column_text]\n<h6 style=\"text-align: center;\">Boletim Bricolagens #07<\/h6>\n[\/vc_column_text][vc_btn title=&#8221;Leia+&#8221; color=&#8221;juicy-pink&#8221; align=&#8221;center&#8221; link=&#8221;url:https%3A%2F%2Febp.org.br%2Fsul%2Feventos%2Fjornadas%2F2a-jornada-da-secao-sul-falar-sobre-o-que-nao-existe-do-gozo-do-sentido-as-bricolagens-possiveis%2Fboletim-bricolagens-2a-jornada-da-secao-sul%2Fboletim-bricolagens-07%2F|title:Boletim%20Bricolagens%20%2306&#8243;][\/vc_column][vc_column width=&#8221;1\/4&#8243;][\/vc_column][\/vc_row]\n<\/section>","protected":false},"excerpt":{"rendered":"<p>[vc_row][vc_column][vc_column_text] ARGUMENTO | EIXOS DE TRABALHO |\u00a0REFER\u00caNCIAS |\u00a0TEXTOS DE ORIENTA\u00c7\u00c3O | PROGRAMA | INSCRI\u00c7\u00d5ES |\u00a0BOLETIM BRICOLAGENS | EX.PERI.\u00caNCIA(S) [\/vc_column_text][\/vc_column][\/vc_row][vc_row][vc_column][eikra-vc-text-title style=&#8221;style2&#8243; title=&#8221;BOLETIM BRICOLAGENS&#8221;][\/eikra-vc-text-title][\/vc_column][\/vc_row][vc_row][vc_column width=&#8221;1\/4&#8243;][vc_single_image image=&#8221;3083&#8243; alignment=&#8221;center&#8221;][vc_column_text] Boletim Bricolagens #01 [\/vc_column_text][vc_btn title=&#8221;Leia+&#8221; color=&#8221;juicy-pink&#8221; align=&#8221;center&#8221; link=&#8221;url:https%3A%2F%2Febp.org.br%2Fsul%2Feventos%2Fjornadas%2F2a-jornada-da-secao-sul-falar-sobre-o-que-nao-existe-do-gozo-do-sentido-as-bricolagens-possiveis%2Fboletim-bricolagens-2a-jornada-da-secao-sul%2Fboletim-bricolagens-01%2F|title:Boletim%20Bricolagens%20%2301&#8243;][\/vc_column][vc_column width=&#8221;1\/4&#8243;][vc_single_image image=&#8221;3132&#8243; alignment=&#8221;center&#8221;][vc_column_text] Boletim Bricolagens #02 [\/vc_column_text][vc_btn title=&#8221;Leia+&#8221; color=&#8221;juicy-pink&#8221; align=&#8221;center&#8221; link=&#8221;url:https%3A%2F%2Febp.org.br%2Fsul%2Feventos%2Fjornadas%2F2a-jornada-da-secao-sul-falar-sobre-o-que-nao-existe-do-gozo-do-sentido-as-bricolagens-possiveis%2Fboletim-bricolagens-2a-jornada-da-secao-sul%2Fboletim-bricolagens-02%2F|title:Boletim%20Bricolagens%20%2302&#8243;][\/vc_column][vc_column width=&#8221;1\/4&#8243;][vc_single_image image=&#8221;3178&#8243; alignment=&#8221;center&#8221;][vc_column_text] Boletim Bricolagens #03 &#8211; Inscri\u00e7\u00f5es e Envio de&hellip;<\/p>\n","protected":false},"author":1,"featured_media":0,"parent":2974,"menu_order":0,"comment_status":"closed","ping_status":"closed","template":"","meta":{"footnotes":""},"class_list":["post-2987","page","type-page","status-publish","hentry","entry","no-media"],"_links":{"self":[{"href":"https:\/\/ebp.org.br\/sul\/wp-json\/wp\/v2\/pages\/2987","targetHints":{"allow":["GET"]}}],"collection":[{"href":"https:\/\/ebp.org.br\/sul\/wp-json\/wp\/v2\/pages"}],"about":[{"href":"https:\/\/ebp.org.br\/sul\/wp-json\/wp\/v2\/types\/page"}],"author":[{"embeddable":true,"href":"https:\/\/ebp.org.br\/sul\/wp-json\/wp\/v2\/users\/1"}],"replies":[{"embeddable":true,"href":"https:\/\/ebp.org.br\/sul\/wp-json\/wp\/v2\/comments?post=2987"}],"version-history":[{"count":0,"href":"https:\/\/ebp.org.br\/sul\/wp-json\/wp\/v2\/pages\/2987\/revisions"}],"up":[{"embeddable":true,"href":"https:\/\/ebp.org.br\/sul\/wp-json\/wp\/v2\/pages\/2974"}],"wp:attachment":[{"href":"https:\/\/ebp.org.br\/sul\/wp-json\/wp\/v2\/media?parent=2987"}],"curies":[{"name":"wp","href":"https:\/\/api.w.org\/{rel}","templated":true}]}}