{"id":2979,"date":"2021-06-27T10:25:45","date_gmt":"2021-06-27T13:25:45","guid":{"rendered":"https:\/\/ebp.org.br\/sul\/?page_id=2979"},"modified":"2021-06-27T10:25:45","modified_gmt":"2021-06-27T13:25:45","slug":"eixos-de-trabalho-2a-jornada-da-secao-sul","status":"publish","type":"page","link":"https:\/\/ebp.org.br\/sul\/eventos\/jornadas\/2a-jornada-da-secao-sul-falar-sobre-o-que-nao-existe-do-gozo-do-sentido-as-bricolagens-possiveis\/eixos-de-trabalho-2a-jornada-da-secao-sul\/","title":{"rendered":"Eixos de Trabalho &#8211; 2\u00aa Jornada da Se\u00e7\u00e3o Sul"},"content":{"rendered":"<section class=\"wpb-content-wrapper\">[vc_row][vc_column][vc_column_text]<img loading=\"lazy\" decoding=\"async\" class=\"aligncenter size-full wp-image-2975\" src=\"https:\/\/ebp.org.br\/sul\/wp-content\/uploads\/2021\/06\/Banner-Site_Prancheta-1.jpg\" alt=\"\" width=\"1109\" height=\"317\" \/><\/p>\n<p style=\"text-align: center;\"><strong><span style=\"color: #993300;\"><a href=\"https:\/\/ebp.org.br\/sul\/eventos\/jornadas\/2a-jornada-da-secao-sul-falar-sobre-o-que-nao-existe-do-gozo-do-sentido-as-bricolagens-possiveis\/argumento-2a-jornada-da-secao-sul\/\">ARGUMENTO<\/a> <\/span><span style=\"color: #993300;\">| <\/span><span style=\"color: #993300;\"><a href=\"https:\/\/ebp.org.br\/sul\/eventos\/jornadas\/2a-jornada-da-secao-sul-falar-sobre-o-que-nao-existe-do-gozo-do-sentido-as-bricolagens-possiveis\/eixos-de-trabalho-2a-jornada-da-secao-sul\/\">EIXOS DE TRABALHO<\/a> |<\/span><\/strong><span style=\"color: #993300;\">\u00a0<\/span><strong><span style=\"color: #993300;\"><a href=\"https:\/\/ebp.org.br\/sul\/eventos\/jornadas\/2a-jornada-da-secao-sul-falar-sobre-o-que-nao-existe-do-gozo-do-sentido-as-bricolagens-possiveis\/referencias-2a-jornada-da-secao-sul\/\">REFER\u00caNCIAS<\/a> |<\/span><span style=\"color: #993300;\">\u00a0<a href=\"https:\/\/ebp.org.br\/sul\/eventos\/jornadas\/2a-jornada-da-secao-sul-falar-sobre-o-que-nao-existe-do-gozo-do-sentido-as-bricolagens-possiveis\/textos_referencias-2a-jornada-da-secao-sul\/\">TEXTOS DE ORIENTA\u00c7\u00c3O<\/a> | <a href=\"https:\/\/ebp.org.br\/sul\/eventos\/jornadas\/programa-2a-jornada-da-secao-sul\/\">PROGRAMA<\/a> | <\/span><span style=\"color: #993300;\"><a href=\"https:\/\/ebp.org.br\/sul\/eventos\/jornadas\/2a-jornada-da-secao-sul-falar-sobre-o-que-nao-existe-do-gozo-do-sentido-as-bricolagens-possiveis\/inscricoes-2a-jornada-da-secao-sul-cadastro\/\">INSCRI\u00c7\u00d5ES<\/a> |<\/span><span style=\"color: #993300;\">\u00a0<\/span><span style=\"color: #993300;\"><a href=\"https:\/\/ebp.org.br\/sul\/eventos\/jornadas\/2a-jornada-da-secao-sul-falar-sobre-o-que-nao-existe-do-gozo-do-sentido-as-bricolagens-possiveis\/boletim-bricolagens-2a-jornada-da-secao-sul\/\">BOLETIM BRICOLAGENS<\/a> | <a href=\"https:\/\/ebp.org.br\/sul\/eventos\/jornadas\/2a-jornada-da-secao-sul-falar-sobre-o-que-nao-existe-do-gozo-do-sentido-as-bricolagens-possiveis\/ex-peri-encias-1a-jornada-da-secao-sul\/\">EX.PERI.\u00caNCIA(S)<\/a><\/span><\/strong><\/p>\n[\/vc_column_text][\/vc_column][\/vc_row][vc_row][vc_column][eikra-vc-text-title style=&#8221;style2&#8243; title=&#8221;EIXOS DE TRABALHO&#8221;][\/eikra-vc-text-title][vc_column_text]\n<h3><span style=\"color: #993300;\"><strong>Eixo 1 &#8211; Bricolagens: o fazer singular com os restos ao longo de uma an\u00e1lise?<\/strong><\/span><\/h3>\n<h6><strong>Li\u00e8ge Goulart (EBP<\/strong><strong>\/AMP)<\/strong><\/h6>\n<p>Do que se trata, em psican\u00e1lise, quando falamos em \u201crestos\u201d? S\u00e3o restos de um discurso, aquilo que cai de um discurso? S\u00e3o significantes amo, os S<sub>1<\/sub>, tra\u00e7os que desenham o corpo falante e, por isso mesmo, marcam as bordas de seu gozo? S\u00e3o o que sobra das identifica\u00e7\u00f5es primeiras? S\u00e3o os efeitos de uma leitura outra? Estamos sempre \u00e0s voltas com seu estatuto temporal e espacial, sua mat\u00e9ria e seus destinos. Os restos s\u00e3o produzidos, estavam sempre ali? Resistem ao sentido, se decantam deste? Letra, objeto, lal\u00edngua, h\u00e1 todo um vocabul\u00e1rio muito pr\u00f3prio da psican\u00e1lise para circunscrever essa no\u00e7\u00e3o que ganha notas imprescind\u00edveis na rela\u00e7\u00e3o com os ideais. <span style=\"color: #993300;\"><a style=\"color: #993300;\" href=\"https:\/\/ebp.org.br\/sul\/eventos\/jornadas\/2a-jornada-da-secao-sul-falar-sobre-o-que-nao-existe-do-gozo-do-sentido-as-bricolagens-possiveis\/eixos-de-trabalho-2a-jornada-da-secao-sul\/eixo-1-bricolagens-o-fazer-singular-com-os-restos-ao-longo-de-uma-analise\/\">[leia mais]<\/a><\/span><\/p>\n<hr \/>\n<h3><span style=\"color: #993300;\"><strong>Eixo 2 &#8211; <\/strong><strong>A verdade n\u00e3o existe. Qual lugar para a democracia?<\/strong><\/span><\/h3>\n<h6><strong>Leonardo Scofield <\/strong><strong>(EBP<\/strong><strong>\/AMP)<\/strong><\/h6>\n<p>As afinidades entre a psican\u00e1lise e a democracia, assim como as amea\u00e7as \u00e0s liberdades, em particular \u00e0 da palavra, que se multiplicam no Brasil e no mundo, nos levaram a propor esse eixo de trabalho que articula verdade, mentira, democracia e psican\u00e1lise.<\/p>\n<p>A verdade n\u00e3o existe, ela \u00e9. Nos termos da psican\u00e1lise, as verdades, como fatos de linguagem, se sustentam na articula\u00e7\u00e3o dos discursos, no encadeamento significante. Nessa perspectiva, toda verdade \u00e9 mentirosa, na medida em que \u00e9 <em>n\u00e3o-toda<\/em>, em que h\u00e1 um imposs\u00edvel de dizer.<\/p>\n<p>A mentira, como bem esclareceu Fabi\u00e1n Fajnwaks recentemente, \u00e9 outra coisa. A mentira, o fake, implica na inten\u00e7\u00e3o de enganar, de veicular uma falsidade, e pode se sustentar enquanto verdade, pois ambas t\u00eam uma estrutura de fic\u00e7\u00e3o. <span style=\"color: #993300;\"><a style=\"color: #993300;\" href=\"https:\/\/ebp.org.br\/sul\/eventos\/jornadas\/2a-jornada-da-secao-sul-falar-sobre-o-que-nao-existe-do-gozo-do-sentido-as-bricolagens-possiveis\/eixos-de-trabalho-2a-jornada-da-secao-sul\/eixo-2-a-verdade-nao-existe-qual-lugar-para-a-democracia\/\">[leia mais]<\/a><\/span><\/p>\n<hr \/>\n<h3><span style=\"color: #993300;\"><strong>Eixo 3 &#8211; Subjetividades contempor\u00e2neas: o real do gozo e a trama dos discursos<\/strong><\/span><\/h3>\n<h6><strong>Nohem\u00ed Brown(EBP<\/strong><strong>\/AMP)<\/strong><\/h6>\n<p>O que chamamos de <em>subjetividades contempor\u00e2neas<\/em>? Inicialmente, podemos dizer que s\u00e3o o efeito das mudan\u00e7as nos discursos e a forma como os sujeitos se inscrevem e se fazem representar neles. Os discursos universais oferecem significantes que se tornam significantes mestres. Com Lacan, sabemos que o discurso \u00e9 uma dimens\u00e3o (<em>diz-mans\u00e3o<a href=\"#_ftn2\" name=\"_ftnref2\"><\/a><\/em>) que situa algo da ordem da identifica\u00e7\u00e3o, mas tamb\u00e9m emoldura uma forma de habitar o gozo. Se no discurso h\u00e1 algo do gozo que se enla\u00e7a, tamb\u00e9m h\u00e1 algo do gozo que por estrutura n\u00e3o faz rela\u00e7\u00e3o, mas tem sua fun\u00e7\u00e3o. E que pode nos interessar para o que se apresenta neste momento. <span style=\"color: #993300;\"><a style=\"color: #993300;\" href=\"https:\/\/ebp.org.br\/sul\/eventos\/jornadas\/2a-jornada-da-secao-sul-falar-sobre-o-que-nao-existe-do-gozo-do-sentido-as-bricolagens-possiveis\/eixos-de-trabalho-2a-jornada-da-secao-sul\/eixo-3-subjetividades-contemporaneas-o-real-do-gozo-e-a-trama-dos-discursos\/\">[leia mais]<\/a><\/span><\/p>\n<hr \/>\n<h3><span style=\"color: #993300;\"><strong>Eixo 4 &#8211; Qual o estatuto do que faz falar?<\/strong><\/span><\/h3>\n<h6><strong>Gilberto Rudeck da Fonseca (EBP\/AMP)<\/strong><\/h6>\n<p>Lacan, ao comentar o t\u00edtulo do seu Semin\u00e1rio livro 19\u00a0 &#8211; \u00a0&#8230; ou pior &#8211; , afirma que os tr\u00eas pontos do t\u00edtulo servem para \u201ccriar um lugar vazio\u201d e ao enfatizar \u201ca import\u00e2ncia desse lugar vazio\u201d, ressalta que \u201cessa \u00e9 a \u00fanica maneira de dizer alguma coisa com a ajuda da linguagem\u201d. E acrescenta que \u201co vazio \u00e9 a \u00fanica maneira de agarrar algo com a linguagem\u201d e permite, \u201cjustamente, penetrar na natureza desta \u00faltima\u201d. <span style=\"color: #993300;\"><a style=\"color: #993300;\" href=\"https:\/\/ebp.org.br\/sul\/eventos\/jornadas\/2a-jornada-da-secao-sul-falar-sobre-o-que-nao-existe-do-gozo-do-sentido-as-bricolagens-possiveis\/eixos-de-trabalho-2a-jornada-da-secao-sul\/eixo-4-qual-o-estatuto-do-que-faz-falar\/\">[leia mais]<\/a><\/span>[\/vc_column_text][\/vc_column][\/vc_row]\n<\/section>","protected":false},"excerpt":{"rendered":"<p>[vc_row][vc_column][vc_column_text] ARGUMENTO | EIXOS DE TRABALHO |\u00a0REFER\u00caNCIAS |\u00a0TEXTOS DE ORIENTA\u00c7\u00c3O | PROGRAMA | INSCRI\u00c7\u00d5ES |\u00a0BOLETIM BRICOLAGENS | EX.PERI.\u00caNCIA(S) [\/vc_column_text][\/vc_column][\/vc_row][vc_row][vc_column][eikra-vc-text-title style=&#8221;style2&#8243; title=&#8221;EIXOS DE TRABALHO&#8221;][\/eikra-vc-text-title][vc_column_text] Eixo 1 &#8211; Bricolagens: o fazer singular com os restos ao longo de uma an\u00e1lise? Li\u00e8ge Goulart (EBP\/AMP) Do que se trata, em psican\u00e1lise, quando falamos em \u201crestos\u201d? S\u00e3o restos de um&hellip;<\/p>\n","protected":false},"author":1,"featured_media":0,"parent":2974,"menu_order":0,"comment_status":"closed","ping_status":"closed","template":"","meta":{"footnotes":""},"class_list":["post-2979","page","type-page","status-publish","hentry","entry","no-media"],"_links":{"self":[{"href":"https:\/\/ebp.org.br\/sul\/wp-json\/wp\/v2\/pages\/2979","targetHints":{"allow":["GET"]}}],"collection":[{"href":"https:\/\/ebp.org.br\/sul\/wp-json\/wp\/v2\/pages"}],"about":[{"href":"https:\/\/ebp.org.br\/sul\/wp-json\/wp\/v2\/types\/page"}],"author":[{"embeddable":true,"href":"https:\/\/ebp.org.br\/sul\/wp-json\/wp\/v2\/users\/1"}],"replies":[{"embeddable":true,"href":"https:\/\/ebp.org.br\/sul\/wp-json\/wp\/v2\/comments?post=2979"}],"version-history":[{"count":0,"href":"https:\/\/ebp.org.br\/sul\/wp-json\/wp\/v2\/pages\/2979\/revisions"}],"up":[{"embeddable":true,"href":"https:\/\/ebp.org.br\/sul\/wp-json\/wp\/v2\/pages\/2974"}],"wp:attachment":[{"href":"https:\/\/ebp.org.br\/sul\/wp-json\/wp\/v2\/media?parent=2979"}],"curies":[{"name":"wp","href":"https:\/\/api.w.org\/{rel}","templated":true}]}}