{"id":2974,"date":"2021-06-27T10:21:28","date_gmt":"2021-06-27T13:21:28","guid":{"rendered":"https:\/\/ebp.org.br\/sul\/?page_id=2974"},"modified":"2021-06-27T10:21:28","modified_gmt":"2021-06-27T13:21:28","slug":"2a-jornada-da-secao-sul-falar-sobre-o-que-nao-existe-do-gozo-do-sentido-as-bricolagens-possiveis","status":"publish","type":"page","link":"https:\/\/ebp.org.br\/sul\/eventos\/jornadas\/2a-jornada-da-secao-sul-falar-sobre-o-que-nao-existe-do-gozo-do-sentido-as-bricolagens-possiveis\/","title":{"rendered":"2\u00aa Jornada da Se\u00e7\u00e3o Sul &#8211; Falar sobre o que n\u00e3o existe &#8211; do gozo do sentido \u00e0s bricolagens poss\u00edveis"},"content":{"rendered":"<section class=\"wpb-content-wrapper\">[vc_row][vc_column][vc_column_text]<img loading=\"lazy\" decoding=\"async\" class=\"aligncenter size-full wp-image-2975\" src=\"https:\/\/ebp.org.br\/sul\/wp-content\/uploads\/2021\/06\/Banner-Site_Prancheta-1.jpg\" alt=\"\" width=\"1109\" height=\"317\" \/><\/p>\n<p style=\"text-align: center;\"><strong><span style=\"color: #993300;\"><a href=\"https:\/\/ebp.org.br\/sul\/eventos\/jornadas\/2a-jornada-da-secao-sul-falar-sobre-o-que-nao-existe-do-gozo-do-sentido-as-bricolagens-possiveis\/argumento-2a-jornada-da-secao-sul\/\">ARGUMENTO<\/a> <\/span><span style=\"color: #993300;\">| <\/span><span style=\"color: #993300;\"><a href=\"https:\/\/ebp.org.br\/sul\/eventos\/jornadas\/2a-jornada-da-secao-sul-falar-sobre-o-que-nao-existe-do-gozo-do-sentido-as-bricolagens-possiveis\/eixos-de-trabalho-2a-jornada-da-secao-sul\/\">EIXOS DE TRABALHO<\/a> |<\/span><\/strong><span style=\"color: #993300;\">\u00a0<\/span><strong><span style=\"color: #993300;\"><a href=\"https:\/\/ebp.org.br\/sul\/eventos\/jornadas\/2a-jornada-da-secao-sul-falar-sobre-o-que-nao-existe-do-gozo-do-sentido-as-bricolagens-possiveis\/referencias-2a-jornada-da-secao-sul\/\">REFER\u00caNCIAS<\/a> |<\/span><span style=\"color: #993300;\">\u00a0<a href=\"https:\/\/ebp.org.br\/sul\/eventos\/jornadas\/2a-jornada-da-secao-sul-falar-sobre-o-que-nao-existe-do-gozo-do-sentido-as-bricolagens-possiveis\/textos_referencias-2a-jornada-da-secao-sul\/\">TEXTOS DE ORIENTA\u00c7\u00c3O<\/a> | <a href=\"https:\/\/ebp.org.br\/sul\/eventos\/jornadas\/programa-2a-jornada-da-secao-sul\/\">PROGRAMA<\/a> | <\/span><span style=\"color: #993300;\"><a href=\"https:\/\/ebp.org.br\/sul\/eventos\/jornadas\/2a-jornada-da-secao-sul-falar-sobre-o-que-nao-existe-do-gozo-do-sentido-as-bricolagens-possiveis\/inscricoes-2a-jornada-da-secao-sul-cadastro\/\">INSCRI\u00c7\u00d5ES<\/a> |<\/span><span style=\"color: #993300;\">\u00a0<\/span><span style=\"color: #993300;\"><a href=\"https:\/\/ebp.org.br\/sul\/eventos\/jornadas\/2a-jornada-da-secao-sul-falar-sobre-o-que-nao-existe-do-gozo-do-sentido-as-bricolagens-possiveis\/boletim-bricolagens-2a-jornada-da-secao-sul\/\">BOLETIM BRICOLAGENS<\/a> | <a href=\"https:\/\/ebp.org.br\/sul\/eventos\/jornadas\/2a-jornada-da-secao-sul-falar-sobre-o-que-nao-existe-do-gozo-do-sentido-as-bricolagens-possiveis\/ex-peri-encias-1a-jornada-da-secao-sul\/\">EX.PERI.\u00caNCIA(S)<\/a><\/span><\/strong><\/p>\n[\/vc_column_text][\/vc_column][\/vc_row][vc_row][vc_column][vc_column_text]Caros e caras colegas, amigos e amigas da EBP-Se\u00e7\u00e3o Sul,<\/p>\n<p>Nos pr\u00f3ximos dias 29 e 30 de outubro acontecer\u00e1 a 2\u00aa Jornada da EBP-Se\u00e7\u00e3o Sul:\u00a0<strong>Falar sobre o que n\u00e3o existe. Do gozo do sentido \u00e0s bricolagens poss\u00edveis.<\/strong>\u00a0\u00a0No entanto, as vias que a ela conduzem j\u00e1 est\u00e3o abertas. Nossas atividades neste ano de 2021 est\u00e3o orientadas, desde a Abertura, pelo tema\u00a0<em>O ser e a exist\u00eancia\u00a0<\/em>do qual derivamos nosso t\u00edtulo.<\/p>\n<p>Essa quest\u00e3o, fundamental no pensamento de Lacan, foi abordada por Miller em diversas ocasi\u00f5es, inclusive em seu curso\u00a0<em>O ser e o Um.\u00a0\u00a0<\/em>N\u00f3s a tomamos como eixo de nosso trabalho em 2021 no intuito de abordar sob essa perspectiva problemas atuais da psican\u00e1lise no que tange \u00e0 cl\u00ednica, \u00e0 pol\u00edtica e \u00e0 episteme.<br \/>\nFica aqui o convite, ent\u00e3o, para que venham compartilhar esse trabalho.<\/p>\n<h6>Louise Lhullier<br \/>\n<em>Diretora Geral da\u00a0 EBP-Se\u00e7\u00e3o Sul\u00a0<\/em><\/h6>\n<h6>Nohem\u00ed\u00a0Brown<br \/>\n<em>Diretora da 2\u00aa Jornada da EBP-Se\u00e7\u00e3o Sul<\/em><\/h6>\n[\/vc_column_text][\/vc_column][\/vc_row]\n<\/section>","protected":false},"excerpt":{"rendered":"<p>[vc_row][vc_column][vc_column_text] ARGUMENTO | EIXOS DE TRABALHO |\u00a0REFER\u00caNCIAS |\u00a0TEXTOS DE ORIENTA\u00c7\u00c3O | PROGRAMA | INSCRI\u00c7\u00d5ES |\u00a0BOLETIM BRICOLAGENS | EX.PERI.\u00caNCIA(S) [\/vc_column_text][\/vc_column][\/vc_row][vc_row][vc_column][vc_column_text]Caros e caras colegas, amigos e amigas da EBP-Se\u00e7\u00e3o Sul, Nos pr\u00f3ximos dias 29 e 30 de outubro acontecer\u00e1 a 2\u00aa Jornada da EBP-Se\u00e7\u00e3o Sul:\u00a0Falar sobre o que n\u00e3o existe. Do gozo do sentido \u00e0s bricolagens poss\u00edveis.\u00a0\u00a0No&hellip;<\/p>\n","protected":false},"author":1,"featured_media":0,"parent":1194,"menu_order":0,"comment_status":"closed","ping_status":"closed","template":"","meta":{"footnotes":""},"class_list":["post-2974","page","type-page","status-publish","hentry","entry","no-media"],"_links":{"self":[{"href":"https:\/\/ebp.org.br\/sul\/wp-json\/wp\/v2\/pages\/2974","targetHints":{"allow":["GET"]}}],"collection":[{"href":"https:\/\/ebp.org.br\/sul\/wp-json\/wp\/v2\/pages"}],"about":[{"href":"https:\/\/ebp.org.br\/sul\/wp-json\/wp\/v2\/types\/page"}],"author":[{"embeddable":true,"href":"https:\/\/ebp.org.br\/sul\/wp-json\/wp\/v2\/users\/1"}],"replies":[{"embeddable":true,"href":"https:\/\/ebp.org.br\/sul\/wp-json\/wp\/v2\/comments?post=2974"}],"version-history":[{"count":0,"href":"https:\/\/ebp.org.br\/sul\/wp-json\/wp\/v2\/pages\/2974\/revisions"}],"up":[{"embeddable":true,"href":"https:\/\/ebp.org.br\/sul\/wp-json\/wp\/v2\/pages\/1194"}],"wp:attachment":[{"href":"https:\/\/ebp.org.br\/sul\/wp-json\/wp\/v2\/media?parent=2974"}],"curies":[{"name":"wp","href":"https:\/\/api.w.org\/{rel}","templated":true}]}}