{"id":2726,"date":"2020-07-30T10:53:41","date_gmt":"2020-07-30T13:53:41","guid":{"rendered":"http:\/\/ebp.org.br\/sc\/?page_id=2726"},"modified":"2020-07-30T10:53:41","modified_gmt":"2020-07-30T13:53:41","slug":"textos-de-orientacao-1-jornada-da-ebp-secao-sul","status":"publish","type":"page","link":"https:\/\/ebp.org.br\/sul\/eventos\/jornadas\/1a-jornada-da-secao-sul-o-feminino-e-os-litorais-do-indizivel\/textos-de-orientacao-1-jornada-da-ebp-secao-sul\/","title":{"rendered":"Textos de Orienta\u00e7\u00e3o \u2013 I Jornada da EBP \u2013 Se\u00e7\u00e3o Sul"},"content":{"rendered":"<section class=\"wpb-content-wrapper\">[vc_row][vc_column][vc_column_text]\n<p class=\"p2\"><span class=\"s1\"><b>Textos de refer\u00eancia<\/b><\/span><\/p>\n<p class=\"p1\"><span class=\"s1\">[\/vc_column_text][\/vc_column][\/vc_row][vc_row][vc_column][vc_separator border_width=&#8221;2&#8243;][\/vc_column][\/vc_row][vc_row][vc_column][vc_column_text]<\/span><\/p>\n<p class=\"p3\"><span class=\"s1\"><b>NA BORDA DO DIZ\u00cdVEL<\/b><\/span><\/p>\n<p class=\"p4\"><span class=\"s1\"><b>Jos\u00e9 Fernando Vel\u00e1squez &#8211; AME, membro da NEL\/AMP<\/b><\/span><\/p>\n<p class=\"p1\"><span class=\"s1\">Freud prop\u00f4s que \u201cem todas as \u00e9pocas os homens meditaram sobre o enigma da feminilidade\u201d (2010 [1930-1936], p. 264). Mas para um analista \u00e9 essencial situar esse mist\u00e9rio (LACAN, 2010 [1966-1967], p. 23). Apesar dos muitos anos de exist\u00eancia da psican\u00e1lise, h\u00e1 um desalento dos analistas frente ao tema, inclusive Freud (LACAN, [1969-1970], p. 67). A dificuldade em ter uma m\u00ednima ideia disso, em sequer admitir que existe, ou que pode ser reconhecido e separado do pens\u00e1vel, \u00e9 a isso que Lacan se dedica depois do <i>Semin\u00e1rio 18<\/i>. Anteriormente, j\u00e1 havia sugerido \u201ca cada um e, em especial, ao que pode haver de feminino reunido neste audit\u00f3rio, expressar-se assim sobre o gozo feminino\u201d (LACAN [1966-1967] 2010, p. 23).[\/vc_column_text][vc_btn title=&#8221;Leia +&#8221; link=&#8221;url:http%3A%2F%2Febp.org.br%2Fsc%2F2020%2F07%2F30%2Fna-borda-do-dizivel%2F|title:NA%20BORDA%20DO%20DIZ%C3%8DVEL||&#8221;][\/vc_column][\/vc_row][vc_row][vc_column][vc_column_text]<\/span><\/p>\n[\/vc_column_text][\/vc_column][\/vc_row]\n<\/section>","protected":false},"excerpt":{"rendered":"<p>[vc_row][vc_column][vc_column_text] Textos de refer\u00eancia [\/vc_column_text][\/vc_column][\/vc_row][vc_row][vc_column][vc_separator border_width=&#8221;2&#8243;][\/vc_column][\/vc_row][vc_row][vc_column][vc_column_text] NA BORDA DO DIZ\u00cdVEL Jos\u00e9 Fernando Vel\u00e1squez &#8211; AME, membro da NEL\/AMP Freud prop\u00f4s que \u201cem todas as \u00e9pocas os homens meditaram sobre o enigma da feminilidade\u201d (2010 [1930-1936], p. 264). Mas para um analista \u00e9 essencial situar esse mist\u00e9rio (LACAN, 2010 [1966-1967], p. 23). Apesar dos muitos anos&hellip;<\/p>\n","protected":false},"author":1,"featured_media":0,"parent":2690,"menu_order":0,"comment_status":"closed","ping_status":"closed","template":"","meta":{"footnotes":""},"class_list":["post-2726","page","type-page","status-publish","hentry","entry","no-media"],"_links":{"self":[{"href":"https:\/\/ebp.org.br\/sul\/wp-json\/wp\/v2\/pages\/2726","targetHints":{"allow":["GET"]}}],"collection":[{"href":"https:\/\/ebp.org.br\/sul\/wp-json\/wp\/v2\/pages"}],"about":[{"href":"https:\/\/ebp.org.br\/sul\/wp-json\/wp\/v2\/types\/page"}],"author":[{"embeddable":true,"href":"https:\/\/ebp.org.br\/sul\/wp-json\/wp\/v2\/users\/1"}],"replies":[{"embeddable":true,"href":"https:\/\/ebp.org.br\/sul\/wp-json\/wp\/v2\/comments?post=2726"}],"version-history":[{"count":0,"href":"https:\/\/ebp.org.br\/sul\/wp-json\/wp\/v2\/pages\/2726\/revisions"}],"up":[{"embeddable":true,"href":"https:\/\/ebp.org.br\/sul\/wp-json\/wp\/v2\/pages\/2690"}],"wp:attachment":[{"href":"https:\/\/ebp.org.br\/sul\/wp-json\/wp\/v2\/media?parent=2726"}],"curies":[{"name":"wp","href":"https:\/\/api.w.org\/{rel}","templated":true}]}}