{"id":2699,"date":"2020-07-22T11:13:33","date_gmt":"2020-07-22T14:13:33","guid":{"rendered":"http:\/\/ebp.org.br\/sc\/?page_id=2699"},"modified":"2020-07-22T11:13:33","modified_gmt":"2020-07-22T14:13:33","slug":"inscricoes-i-jornada-da-ebp-secao-sul","status":"publish","type":"page","link":"https:\/\/ebp.org.br\/sul\/eventos\/jornadas\/1a-jornada-da-secao-sul-o-feminino-e-os-litorais-do-indizivel\/inscricoes-i-jornada-da-ebp-secao-sul\/","title":{"rendered":"Inscri\u00e7\u00f5es &#8211; I Jornada da EBP &#8211; Se\u00e7\u00e3o Sul"},"content":{"rendered":"<p>Este ano a I Jornada da Se\u00e7\u00e3o Sul ser\u00e1 na modalidade online.<\/p>\n<p>As inscri\u00e7\u00f5es j\u00e1 est\u00e3o abertas atrav\u00e9s do site do site do SYMPLA, \u00e9 s\u00f3 seguir o link abaixo.<\/p>\n<p><strong><a href=\"https:\/\/www.sympla.com.br\/o-feminino-e-os-litorais-do-indizivel--1-jornada-da-ebp-secao-sul__912770\">https:\/\/www.sympla.com.br\/o-feminino-e-os-litorais-do-indizivel&#8211;1-jornada-da-ebp-secao-sul__912770<\/a><\/strong><\/p>\n<p>Lembramos que existem 3 lotes de inscri\u00e7\u00e3o, al\u00e9m da inscri\u00e7\u00e3o de membros:<\/p>\n<ul>\n<li><strong>Lote 1 (80,00), Lote 2 (110,00)<\/strong><\/li>\n<li><strong>Lote 3 (130,00)<\/strong><\/li>\n<li><strong>Membros da EBP\/AMP (130,00)<\/strong><\/li>\n<\/ul>\n<p>O primeiro lote j\u00e1 est\u00e1 dispon\u00edvel.<\/p>\n<p>A cada lote que se esgote, imediatamente ser\u00e1 disponibilizado um segundo lote e terceiro lote.<\/p>\n<p>Portanto n\u00e3o demore muito no tempo de compreender. O momento de concluir \u00e9 agora!<\/p>\n<p>Esperamos voc\u00ea na Jornada!<\/p>\n","protected":false},"excerpt":{"rendered":"<p>Este ano a I Jornada da Se\u00e7\u00e3o Sul ser\u00e1 na modalidade online. As inscri\u00e7\u00f5es j\u00e1 est\u00e3o abertas atrav\u00e9s do site do site do SYMPLA, \u00e9 s\u00f3 seguir o link abaixo. https:\/\/www.sympla.com.br\/o-feminino-e-os-litorais-do-indizivel&#8211;1-jornada-da-ebp-secao-sul__912770 Lembramos que existem 3 lotes de inscri\u00e7\u00e3o, al\u00e9m da inscri\u00e7\u00e3o de membros: Lote 1 (80,00), Lote 2 (110,00) Lote 3 (130,00) Membros da EBP\/AMP&hellip;<\/p>\n","protected":false},"author":1,"featured_media":0,"parent":2690,"menu_order":0,"comment_status":"closed","ping_status":"closed","template":"","meta":{"footnotes":""},"class_list":["post-2699","page","type-page","status-publish","hentry","entry","no-media"],"_links":{"self":[{"href":"https:\/\/ebp.org.br\/sul\/wp-json\/wp\/v2\/pages\/2699","targetHints":{"allow":["GET"]}}],"collection":[{"href":"https:\/\/ebp.org.br\/sul\/wp-json\/wp\/v2\/pages"}],"about":[{"href":"https:\/\/ebp.org.br\/sul\/wp-json\/wp\/v2\/types\/page"}],"author":[{"embeddable":true,"href":"https:\/\/ebp.org.br\/sul\/wp-json\/wp\/v2\/users\/1"}],"replies":[{"embeddable":true,"href":"https:\/\/ebp.org.br\/sul\/wp-json\/wp\/v2\/comments?post=2699"}],"version-history":[{"count":0,"href":"https:\/\/ebp.org.br\/sul\/wp-json\/wp\/v2\/pages\/2699\/revisions"}],"up":[{"embeddable":true,"href":"https:\/\/ebp.org.br\/sul\/wp-json\/wp\/v2\/pages\/2690"}],"wp:attachment":[{"href":"https:\/\/ebp.org.br\/sul\/wp-json\/wp\/v2\/media?parent=2699"}],"curies":[{"name":"wp","href":"https:\/\/api.w.org\/{rel}","templated":true}]}}