{"id":1547,"date":"2017-09-05T13:43:15","date_gmt":"2017-09-05T16:43:15","guid":{"rendered":"http:\/\/ebp.org.br\/sc\/?page_id=1547"},"modified":"2025-04-09T08:11:33","modified_gmt":"2025-04-09T11:11:33","slug":"seminarios","status":"publish","type":"page","link":"https:\/\/ebp.org.br\/sul\/ensino\/seminarios\/","title":{"rendered":"Semin\u00e1rios"},"content":{"rendered":"<section class=\"wpb-content-wrapper\">[vc_row][vc_column][vc_column_text]\n<h3><span style=\"color: #993300;\"><strong>Semin\u00e1rios da Orienta\u00e7\u00e3o Lacaniana<\/strong><\/span><\/h3>\n[\/vc_column_text][\/vc_column][\/vc_row][vc_row][vc_column][vc_column_text]\n<article id=\"single-blocks\" class=\"single-page-article wpex-clr\">\n<div class=\"single-page-content single-content entry wpex-clr\">\n<section class=\"wpb-content-wrapper\">\n<div class=\"vc_row wpb_row vc_row-fluid\">\n<div class=\"wpb_column vc_column_container vc_col-sm-12\">\n<div class=\"vc_column-inner\">\n<div class=\"wpb_wrapper\">\n<div class=\"wpb_text_column wpb_content_element \">\n<div class=\"wpb_wrapper\">\n<p>Em breve!<\/p>\n<\/div>\n<\/div>\n<\/div>\n<\/div>\n<\/div>\n<\/div>\n<\/section>\n<\/div>\n<\/article>\n[\/vc_column_text][\/vc_column][\/vc_row]\n<\/section>","protected":false},"excerpt":{"rendered":"<p>[vc_row][vc_column][vc_column_text] Semin\u00e1rios da Orienta\u00e7\u00e3o Lacaniana [\/vc_column_text][\/vc_column][\/vc_row][vc_row][vc_column][vc_column_text] Em breve! [\/vc_column_text][\/vc_column][\/vc_row]<\/p>\n","protected":false},"author":1,"featured_media":0,"parent":1582,"menu_order":0,"comment_status":"closed","ping_status":"closed","template":"","meta":{"footnotes":""},"class_list":["post-1547","page","type-page","status-publish","hentry","entry","no-media"],"_links":{"self":[{"href":"https:\/\/ebp.org.br\/sul\/wp-json\/wp\/v2\/pages\/1547","targetHints":{"allow":["GET"]}}],"collection":[{"href":"https:\/\/ebp.org.br\/sul\/wp-json\/wp\/v2\/pages"}],"about":[{"href":"https:\/\/ebp.org.br\/sul\/wp-json\/wp\/v2\/types\/page"}],"author":[{"embeddable":true,"href":"https:\/\/ebp.org.br\/sul\/wp-json\/wp\/v2\/users\/1"}],"replies":[{"embeddable":true,"href":"https:\/\/ebp.org.br\/sul\/wp-json\/wp\/v2\/comments?post=1547"}],"version-history":[{"count":5,"href":"https:\/\/ebp.org.br\/sul\/wp-json\/wp\/v2\/pages\/1547\/revisions"}],"predecessor-version":[{"id":5319,"href":"https:\/\/ebp.org.br\/sul\/wp-json\/wp\/v2\/pages\/1547\/revisions\/5319"}],"up":[{"embeddable":true,"href":"https:\/\/ebp.org.br\/sul\/wp-json\/wp\/v2\/pages\/1582"}],"wp:attachment":[{"href":"https:\/\/ebp.org.br\/sul\/wp-json\/wp\/v2\/media?parent=1547"}],"curies":[{"name":"wp","href":"https:\/\/api.w.org\/{rel}","templated":true}]}}