{"id":1231,"date":"2017-07-20T20:50:45","date_gmt":"2017-07-20T23:50:45","guid":{"rendered":"http:\/\/ebp.org.br\/mg\/?page_id=1231"},"modified":"2024-02-29T17:54:49","modified_gmt":"2024-02-29T20:54:49","slug":"revista-arteira","status":"publish","type":"page","link":"https:\/\/ebp.org.br\/sul\/biblioteca\/publicacoes\/revista-arteira\/","title":{"rendered":"Revista Arteira"},"content":{"rendered":"<section class=\"wpb-content-wrapper\">[vc_row][vc_column][vc_cta h2=&#8221;Acesse o site da Revista Arteira&#8221; h4=&#8221;A revista Arteira \u00e9 uma revista brasileira e internacional de psican\u00e1lise editada pela Se\u00e7\u00e3o Sul da Escola Brasileira de Psican\u00e1lise com periodicidade anual. Publica textos, artigos, ensaios, semin\u00e1rios, confer\u00eancias, resenhas e tradu\u00e7\u00f5es.&#8221; add_button=&#8221;right&#8221; btn_title=&#8221;Clique aqui!&#8221; btn_color=&#8221;juicy-pink&#8221; btn_i_icon_fontawesome=&#8221;fa fa-desktop&#8221; btn_add_icon=&#8221;true&#8221; btn_link=&#8221;url:http%3A%2F%2Frevistaarteira.com.br%2F|||&#8221;][\/vc_cta][\/vc_column][\/vc_row][vc_row][vc_column][vc_column_text]<em>A Revista Arteira era a publica\u00e7\u00e3o da Se\u00e7\u00e3o Santa Catarina da Escola Brasileira de Psican\u00e1lise, editada de 2008 at\u00e9 2020. Os numeros da revista continuam dispon\u00edveis no site <\/em><a href=\"http:\/\/revistaarteira.com.br\/index.php\"><em>http:\/\/revistaarteira.com.br\/index.php<\/em><\/a><em>.<\/em><\/p>\n<p><em>Com a nova geografia da EBP a publica\u00e7\u00e3o foi encerrada e atualmente a EBP Se\u00e7\u00e3o Sul aguarda o surgimento de sua revista para publicar textos, artigos, ensaios, semin\u00e1rios, confer\u00eancias, resenhas e tradu\u00e7\u00f5es.<\/em><\/p>\n<p><em>Em breve traremos novidades! <\/em>[\/vc_column_text][\/vc_column][\/vc_row]\n<\/section>","protected":false},"excerpt":{"rendered":"<p>[vc_row][vc_column][vc_cta h2=&#8221;Acesse o site da Revista Arteira&#8221; h4=&#8221;A revista Arteira \u00e9 uma revista brasileira e internacional de psican\u00e1lise editada pela Se\u00e7\u00e3o Sul da Escola Brasileira de Psican\u00e1lise com periodicidade anual. Publica textos, artigos, ensaios, semin\u00e1rios, confer\u00eancias, resenhas e tradu\u00e7\u00f5es.&#8221; add_button=&#8221;right&#8221; btn_title=&#8221;Clique aqui!&#8221; btn_color=&#8221;juicy-pink&#8221; btn_i_icon_fontawesome=&#8221;fa fa-desktop&#8221; btn_add_icon=&#8221;true&#8221; btn_link=&#8221;url:http%3A%2F%2Frevistaarteira.com.br%2F|||&#8221;][\/vc_cta][\/vc_column][\/vc_row][vc_row][vc_column][vc_column_text]A Revista Arteira era a publica\u00e7\u00e3o da Se\u00e7\u00e3o Santa&hellip;<\/p>\n","protected":false},"author":1,"featured_media":0,"parent":1585,"menu_order":0,"comment_status":"closed","ping_status":"closed","template":"","meta":{"footnotes":""},"class_list":["post-1231","page","type-page","status-publish","hentry","entry","no-media"],"_links":{"self":[{"href":"https:\/\/ebp.org.br\/sul\/wp-json\/wp\/v2\/pages\/1231","targetHints":{"allow":["GET"]}}],"collection":[{"href":"https:\/\/ebp.org.br\/sul\/wp-json\/wp\/v2\/pages"}],"about":[{"href":"https:\/\/ebp.org.br\/sul\/wp-json\/wp\/v2\/types\/page"}],"author":[{"embeddable":true,"href":"https:\/\/ebp.org.br\/sul\/wp-json\/wp\/v2\/users\/1"}],"replies":[{"embeddable":true,"href":"https:\/\/ebp.org.br\/sul\/wp-json\/wp\/v2\/comments?post=1231"}],"version-history":[{"count":1,"href":"https:\/\/ebp.org.br\/sul\/wp-json\/wp\/v2\/pages\/1231\/revisions"}],"predecessor-version":[{"id":4720,"href":"https:\/\/ebp.org.br\/sul\/wp-json\/wp\/v2\/pages\/1231\/revisions\/4720"}],"up":[{"embeddable":true,"href":"https:\/\/ebp.org.br\/sul\/wp-json\/wp\/v2\/pages\/1585"}],"wp:attachment":[{"href":"https:\/\/ebp.org.br\/sul\/wp-json\/wp\/v2\/media?parent=1231"}],"curies":[{"name":"wp","href":"https:\/\/api.w.org\/{rel}","templated":true}]}}