{"id":9953,"date":"2025-10-14T09:19:22","date_gmt":"2025-10-14T12:19:22","guid":{"rendered":"https:\/\/ebp.org.br\/sp\/?page_id=9953"},"modified":"2025-10-14T18:24:36","modified_gmt":"2025-10-14T21:24:36","slug":"xiii-jornadas-restaurantes","status":"publish","type":"page","link":"https:\/\/ebp.org.br\/sp\/jornadas\/xiii-jornadas-jogos-do-amor-parcerias-contemporaneas\/xiii-jornadas-restaurantes\/","title":{"rendered":"XIII JORNADAS &#8211; Restaurantes"},"content":{"rendered":"<section class=\"wpb-content-wrapper\">[vc_row][vc_column][vc_single_image image=&#8221;9552&#8243;][vc_empty_space height=&#8221;80px&#8221;][\/vc_column][\/vc_row][vc_row][vc_column][vc_column_text]\n<h3><strong><span style=\"color: #ff0000;\">SUGEST\u00d5ES DE RESTAURANTES PR\u00d3XIMOS AO EVENTO<\/span><\/strong><\/h3>\n<p><strong>RIVIERA <\/strong><br \/>\n$$$<br \/>\nAv. Paulista, 2584 Consola\u00e7\u00e3o<br \/>\n6 min. andando do Meli\u00e1<br \/>\n<a href=\"https:\/\/riviera.namesa.online\/home\">https:\/\/riviera.namesa.online\/home<\/a><\/p>\n<p><strong>AM\u00c9RICA <\/strong><br \/>\n$$$<br \/>\nAv. Paulista, 2295 Bela Vista<br \/>\n1 min. andando do Meli\u00e1<br \/>\n<a href=\"https:\/\/restauranteamerica.com.br\/\">https:\/\/restauranteamerica.com.br\/<\/a><\/p>\n<p><strong>MILETO<br \/>\n<\/strong>$$$<br \/>\n<strong>\u00a0<\/strong>Av. Paulista, 2408 Bela Vista<br \/>\n2 min. andando do Meli\u00e1<br \/>\n<a href=\"https:\/\/www.dguests.com.br\/cardapio\/miletopaulista\">https:\/\/www.dguests.com.br\/cardapio\/miletopaulista<\/a><\/p>\n<p><strong>JARDAN<\/strong><br \/>\n$$$<br \/>\nAv. Paulista, 2240 Cerqueira C\u00e9sar<br \/>\n2 min. andando do Meli\u00e1<br \/>\n<a href=\"https:\/\/www.restaurantejardan.com.br\/\">https:\/\/www.restaurantejardan.com.br\/<\/a><\/p>\n<p><strong>PADARIA BELLA PAULISTA<\/strong><br \/>\n$$$<br \/>\nRua Haddock Lobo, 354 Cerqueira C\u00e9sar<br \/>\n4 min. andando do Meli\u00e1<br \/>\n<a href=\"https:\/\/padariabellapaulista.com.br\/\">https:\/\/padariabellapaulista.com.br\/<\/a><\/p>\n<p><strong>HOTEL MELI\u00c1<\/strong><br \/>\n$$$<br \/>\nAvenida Paulista, 2181 Consola\u00e7\u00e3o<br \/>\n<a href=\"https:\/\/www.melia.com\/pt\/hoteis\/brasil\/sao-paulo\/melia-paulista\/restaurantes\">https:\/\/www.melia.com\/pt\/hoteis\/brasil\/sao-paulo\/melia-paulista\/restaurantes<\/a><\/p>\n<p><strong>R\u00c1SCAL<\/strong><br \/>\n$$$<br \/>\nAlameda Santos, 2152 Cerqueira C\u00e9sar<br \/>\n3 min. andando do Meli\u00e1<br \/>\n<a href=\"https:\/\/rascal.com.br\/restaurante\/\">https:\/\/rascal.com.br\/restaurante\/<\/a><\/p>\n<p><strong>BALAIO<\/strong><br \/>\n$$$<br \/>\nAv. Paulista, 2424 Bela Vista<br \/>\n4 min. andando do Meli\u00e1<br \/>\n<a href=\"https:\/\/balaioims.com.br\/\">https:\/\/balaioims.com.br\/<\/a><\/p>\n<p><strong>SPOT<\/strong><br \/>\n$$$<br \/>\nAlameda Min. Rocha Azevedo, 72 Bela Vista<br \/>\n8 min. andando do Meli\u00e1<br \/>\n<a href=\"http:\/\/www.restaurantespot.com.br\/\">http:\/\/www.restaurantespot.com.br\/<\/a><\/p>\n<p><strong>GULAB HARI<\/strong><br \/>\n$$<br \/>\nR. Ant\u00f4nio Carlos, 288 T\u00e9rreo A2 Consola\u00e7\u00e3o<br \/>\n6 min. andando do Meli\u00e1<br \/>\n<a href=\"https:\/\/www.gulabhari.com.br\/2017\/\">https:\/\/www.gulabhari.com.br\/2017\/<\/a><\/p>\n<p><strong>PERSEU COFFEE HOUSE<\/strong><br \/>\n$$<br \/>\nAlameda Santos, 2159 Cerqueira C\u00e9sar<br \/>\n1 min. andando do Meli\u00e1<br \/>\n<a href=\"https:\/\/linktr.ee\/perseucoffeehouse_\">https:\/\/linktr.ee\/perseucoffeehouse_<\/a><\/p>\n<p><strong>SHOPPING CENTER 3 PRA\u00c7A DE ALIMENTA\u00c7\u00c3O<\/strong><br \/>\nPre\u00e7os variados<br \/>\nAv. Paulista, 2064 Cerqueira C\u00e9sar<br \/>\n2 min. andando do Meli\u00e1<br \/>\n<a href=\"http:\/\/www.shoppingcenter3.com.br\/loja.php\">http:\/\/www.shoppingcenter3.com.br\/loja.php<\/a>[\/vc_column_text][\/vc_column][\/vc_row]\n<\/section>","protected":false},"excerpt":{"rendered":"<p>[vc_row][vc_column][vc_single_image image=&#8221;9552&#8243;][vc_empty_space height=&#8221;80px&#8221;][\/vc_column][\/vc_row][vc_row][vc_column][vc_column_text] SUGEST\u00d5ES DE RESTAURANTES PR\u00d3XIMOS AO EVENTO RIVIERA $$$ Av. Paulista, 2584 Consola\u00e7\u00e3o 6 min. andando do Meli\u00e1 https:\/\/riviera.namesa.online\/home AM\u00c9RICA $$$ Av. Paulista, 2295 Bela Vista 1 min. andando do Meli\u00e1 https:\/\/restauranteamerica.com.br\/ MILETO $$$ \u00a0Av. Paulista, 2408 Bela Vista 2 min. andando do Meli\u00e1 https:\/\/www.dguests.com.br\/cardapio\/miletopaulista JARDAN $$$ Av. Paulista, 2240 Cerqueira C\u00e9sar 2&hellip;<\/p>\n","protected":false},"author":1,"featured_media":0,"parent":9548,"menu_order":0,"comment_status":"closed","ping_status":"closed","template":"","meta":{"footnotes":""},"class_list":["post-9953","page","type-page","status-publish","hentry","entry","no-media"],"aioseo_notices":[],"_links":{"self":[{"href":"https:\/\/ebp.org.br\/sp\/wp-json\/wp\/v2\/pages\/9953","targetHints":{"allow":["GET"]}}],"collection":[{"href":"https:\/\/ebp.org.br\/sp\/wp-json\/wp\/v2\/pages"}],"about":[{"href":"https:\/\/ebp.org.br\/sp\/wp-json\/wp\/v2\/types\/page"}],"author":[{"embeddable":true,"href":"https:\/\/ebp.org.br\/sp\/wp-json\/wp\/v2\/users\/1"}],"replies":[{"embeddable":true,"href":"https:\/\/ebp.org.br\/sp\/wp-json\/wp\/v2\/comments?post=9953"}],"version-history":[{"count":3,"href":"https:\/\/ebp.org.br\/sp\/wp-json\/wp\/v2\/pages\/9953\/revisions"}],"predecessor-version":[{"id":9956,"href":"https:\/\/ebp.org.br\/sp\/wp-json\/wp\/v2\/pages\/9953\/revisions\/9956"}],"up":[{"embeddable":true,"href":"https:\/\/ebp.org.br\/sp\/wp-json\/wp\/v2\/pages\/9548"}],"wp:attachment":[{"href":"https:\/\/ebp.org.br\/sp\/wp-json\/wp\/v2\/media?parent=9953"}],"curies":[{"name":"wp","href":"https:\/\/api.w.org\/{rel}","templated":true}]}}