{"id":9927,"date":"2025-09-24T12:00:11","date_gmt":"2025-09-24T15:00:11","guid":{"rendered":"https:\/\/ebp.org.br\/sp\/?page_id=9927"},"modified":"2025-09-24T12:01:14","modified_gmt":"2025-09-24T15:01:14","slug":"xiii-cultura","status":"publish","type":"page","link":"https:\/\/ebp.org.br\/sp\/jornadas\/xiii-jornadas-jogos-do-amor-parcerias-contemporaneas\/xiii-cultura\/","title":{"rendered":"XIII JORNADAS &#8211; Cultura"},"content":{"rendered":"<section class=\"wpb-content-wrapper\">[vc_row][vc_column][vc_single_image image=&#8221;9552&#8243;][vc_empty_space height=&#8221;80px&#8221;][\/vc_column][\/vc_row][vc_row][vc_column width=&#8221;2\/3&#8243;][vc_column_text]\n<p><strong><em>S\u00e3o Paulo, \u00e9 uma vibrante metr\u00f3pole que se destaca por sua rica programa\u00e7\u00e3o cultural. A comiss\u00e3o de acolhimento escolheu alguns locais e eventos imperd\u00edveis que refletem essa efervesc\u00eancia. Se voc\u00ea est\u00e1 vindo pela primeira vez, n\u00e3o perca e se j\u00e1 mora na capital, mas ainda n\u00e3o viu, v\u00e1 ver!<\/em><\/strong><\/p>\n<h3><span style=\"color: #ff0000;\"><strong>Destaque: 36\u00aa Bienal \u201cNem todo viandante anda estradas \u2013 Da humanidade como pr\u00e1tica\u201d<\/strong><\/span><\/h3>\n<ul>\n<li><strong>In\u00edcio:<\/strong> 06 de setembro <strong>T\u00e9rmino: <\/strong>11 de janeiro 2026.<\/li>\n<li><strong>Hor\u00e1rios:<\/strong> Ter\u00e7as, quartas, quintas, sextas e domingos, 10h \u2013 18h (\u00faltima entrada \u00e0s 17h30)<\/li>\n<li>S\u00e1bado, 10h \u2013 19h (\u00faltima entrada \u00e0s 18h30) &#8211; <em>entrada gratuita<\/em><\/li>\n<li><strong>Endere\u00e7o:<\/strong> Av. Pedro \u00c1lvares Cabral, s.n.<\/li>\n<li>Parque Ibirapuera, Port\u00e3o 3, Pavilh\u00e3o Ciccillo Matarazzo.<\/li>\n<li>A proposta central dessa Bienal \u00e9 repensar a humanidade como verbo, uma pr\u00e1tica viva, em um mundo que exige reimaginar as rela\u00e7\u00f5es, as assimetrias e a escuta como bases de conviv\u00eancia inspirada no poema enigm\u00e1tico da poeta Concei\u00e7\u00e3o Evaristo \u201cDa calma e do sil\u00eancio\u201d.<\/li>\n<\/ul>\n<h3><span style=\"color: #ff0000;\"><strong><em>\u00a0<\/em><\/strong><strong>Pinacoteca de S\u00e3o Paulo<\/strong><\/span><\/h3>\n<ul>\n<li>Um dos museus de arte mais importantes do Brasil, com um acervo diversificado e atividades educativas para todas as idades.<\/li>\n<li>Endere\u00e7o: Pra\u00e7a da Luz, 2 \u2013 Luz.<\/li>\n<li><strong>Hor\u00e1rio: <\/strong>Segunda, quarta a domingo:\u00a0das 10h \u00e0s 18h &#8211; Quintas-feiras (Pina Luz): hor\u00e1rio estendido at\u00e9 as 20h, com gratuidade a partir das 18h.<\/li>\n<li>Site: <a href=\"https:\/\/pinacoteca.org.br\/\">https:\/\/pinacoteca.org.br\/<\/a><\/li>\n<li><strong>Exposi\u00e7\u00e3o de Olinda Tupinamb\u00e1 <\/strong><\/li>\n<li>Local: Edif\u00edcio Pina Luz &#8211; <strong>11 out 25 \u2014 25 jan 26<\/strong><\/li>\n<li>A Sala de V\u00eddeo do edif\u00edcio Pina Luz exibe o trabalho Ibirapema, da artista ind\u00edgena Olinda Tupinamb\u00e1.<\/li>\n<li>Curadoria de Ana Paula Lopes.<\/li>\n<\/ul>\n<h3><span style=\"color: #ff0000;\"><strong>Exposi\u00e7\u00e3o de Lucy Citti Ferreira<\/strong><\/span><\/h3>\n<ul>\n<li>Local: Edif\u00edcio Pina Esta\u00e7\u00e3o &#8211; <em>20 set 25 \u2014 08 mar 26<\/em><\/li>\n<li>Mostra da artista modernista Lucy Citti Ferreira, no 2\u00ba andar do edif\u00edcio Pina Esta\u00e7\u00e3o.<\/li>\n<li>Curadoria de Thierry Freitas.<\/li>\n<li><strong>\u00a0Exposi\u00e7\u00e3o de Dominique Gonzalez-Foerster<\/strong><\/li>\n<li>Local: Edif\u00edcio Pina Luz &#8211; <em>30 ago 25 \u2014 01 fev 26<\/em><\/li>\n<li>No segundo semestre de 2025, o Oct\u00f3gono da Pina Luz fica por conta de Dominique Gonzalez-Foerster, artista francesa que desde os anos 1990 trabalha em torno da rela\u00e7\u00e3o sens\u00edvel e cognitiva entre corpos e espa\u00e7os, sejam eles reais ou fict\u00edcios.<\/li>\n<li>Curadoria de Jochen Volz.<\/li>\n<\/ul>\n<h3><span style=\"color: #ff0000;\"><strong>\u00a0Exposi\u00e7\u00e3o de Beatriz Gonz\u00e1lez<\/strong><\/span><\/h3>\n<ul>\n<li>Local: Edif\u00edcio Pina Luz \u2013\u00a0 30 ago 25 \u2014 01 fev 26<\/li>\n<li>Beatriz Gonz\u00e1lez, grande refer\u00eancia da cultura colombiana e uma das artistas vivas latino-americanas mais reconhecidas no circuito contempor\u00e2neo ter\u00e1 primeira exposi\u00e7\u00e3o monogr\u00e1fica no Brasil, nas setes salas do edif\u00edcio Pina Luz. A mostra se dedica a apresentar uma vis\u00e3o geral de sua obra, com \u00eanfase especial no modo como Gonz\u00e1lez se apropria de imagens dos jornais locais e da hist\u00f3ria da arte ocidental, reinterpretando-os por meio de pinturas em formatos n\u00e3o tradicionais como placas de metal, cortinas, mesas, camas e ber\u00e7os.<\/li>\n<li>Curadoria de Pollyana Quintella.<\/li>\n<\/ul>\n<h3><span style=\"color: #ff0000;\"><strong>Exposi\u00e7\u00e3o de Juliana dos Santos<\/strong><\/span><\/h3>\n<ul>\n<li>Local: Edif\u00edcio Pina Contempor\u00e2nea &#8211; <em>23 ago 25 \u2014 08 fev 26<\/em><\/li>\n<li>Na Galeria Pra\u00e7a da Pina Luz, a artista<strong>\u00a0Juliana dos Santos<\/strong>\u00a0desenvolve um projeto especialmente para a Pinacoteca, a partir de sua pesquisa de investiga\u00e7\u00e3o da cor azul na flor Clit\u00f3ria Tern\u00e1tea, na qual investiga a experi\u00eancia sensorial no processo de amplia\u00e7\u00e3o de sentidos.<\/li>\n<li>Curadoria de Lorraine Mendes.<\/li>\n<\/ul>\n<h3><strong><span style=\"color: #ff0000;\">Exposi\u00e7\u00e3o de Fl\u00e1vio Imp\u00e9rio<\/span> <\/strong><\/h3>\n<ul>\n<li>Local: Edif\u00edcio Pina Esta\u00e7\u00e3o &#8211; 28 jun 25 \u2014 01 fev 26<\/li>\n<li>O 4\u00ba andar do edif\u00edcio Pina Esta\u00e7\u00e3o recebe mostra retrospectiva de Fl\u00e1vio Imp\u00e9rio (1935-1985), figura central para a compreens\u00e3o da cultura brasileira nas d\u00e9cadas de 1960 e 1970. O artista esteve no centro da organiza\u00e7\u00e3o das exposi\u00e7\u00f5es Opini\u00e3o 65 e Propostas 65, e participou ativamente dos debates em torno da produ\u00e7\u00e3o de arquitetura no Brasil. A exposi\u00e7\u00e3o pretende percorrer o rico trabalho de Imp\u00e9rio na investiga\u00e7\u00e3o da representa\u00e7\u00e3o do simb\u00f3lico e do popular, guiada pela transforma\u00e7\u00e3o de seu pensamento sobre o espa\u00e7o e a cultura de massas.<\/li>\n<li>Curadoria de Yuri Quevedo.<\/li>\n<\/ul>\n<h3><span style=\"color: #ff0000;\"><strong>MASP<\/strong><\/span><\/h3>\n<p><strong>Exposi\u00e7\u00e3o Acervo em transforma\u00e7\u00e3o &#8211; Desde 2015 <\/strong><\/p>\n<ul>\n<li><em>Inaugurado novo pr\u00e9dio do MASP: Edif\u00edcio Pietro Maria Bardi<\/em><\/li>\n<li><strong>Endere\u00e7o: <\/strong>Av. Paulista, 1578 &#8211; Bela Vista, S\u00e3o Paulo.<\/li>\n<li><strong>Hor\u00e1rio:<\/strong> Ter\u00e7as, sextas e s\u00e1bados das 10h \u00e0s 22h (entrada at\u00e9 \u00e0s 21h), enquanto quartas, quintas e domingos o museu fica aberto das 10h \u00e0s 18h (entrada at\u00e9 \u00e0s 17h)<\/li>\n<li><em>O ingresso do MASP \u00e9 gratuito\u00a0todas as ter\u00e7as-feiras e nas noites de sexta-feira, entre as 18h e \u00e0s 22h. <\/em><\/li>\n<li><a href=\"https:\/\/www.masp.com.br\/\">https:\/\/www.masp.com.br\/<\/a><\/li>\n<\/ul>\n<h3><span style=\"color: #ff0000;\"><strong>\u00a0<\/strong><\/span><strong><span style=\"color: #ff0000;\">Exposi\u00e7\u00e3o: \u201cHist\u00f3rias da ecologia\u201d<\/span> <\/strong><\/h3>\n<ul>\n<li><strong>In\u00edcio: <\/strong>04 de setembro de 2025<strong> T\u00e9rmino: <\/strong>01 de fevereiro de 2026<\/li>\n<li>Edif\u00edcio Pietro Maria Bardi<\/li>\n<li><strong>Curadoria:<\/strong> Andr\u00e9 Mesquita, curador, MASP e Isabella Rjeille, curadora, MASP.<\/li>\n<li>Tema do ciclo curatorial de 2025, Hist\u00f3rias da ecologia ser\u00e1 uma coletiva internacional que ocupar\u00e1 cinco andares do edif\u00edcio Pietro Maria Bardi, novo espa\u00e7o do MASP. Em um contexto marcado pela intensifica\u00e7\u00e3o de crises clim\u00e1ticas, pol\u00edticas, territoriais e sociais, Hist\u00f3rias da ecologia investiga como artistas, coletivos e ativistas de diversas partes do mundo respondem ao tempo presente e compreendem as rela\u00e7\u00f5es entre os seres vivos, suas cria\u00e7\u00f5es e o meio em que vivem.<\/li>\n<\/ul>\n<h3><span style=\"color: #ff0000;\"><strong>Clarissa Tossin: ponto sem retorno<\/strong><\/span><\/h3>\n<ul>\n<li><strong>In\u00edcio: <\/strong>10 de outubro de 2025<strong> T\u00e9rmino: <\/strong>01 de fevereiro de 2026<\/li>\n<li>1\u00b0 subsolo,\u00a0<strong>Edif\u00edcio Lina Bo Bardi<\/strong><\/li>\n<li><strong>Curadoria:<\/strong> Adriano Pedrosa, diretor art\u00edstico, MASP, e Leandro Muniz, curador assistente, MASP<\/li>\n<\/ul>\n<h3><span style=\"color: #ff0000;\"><strong>Abel Rodr\u00edguez (Mogaje Guihu): A \u00e1rvore da vida e da abund\u00e2ncia<\/strong><\/span><\/h3>\n<ul>\n<li><strong>In\u00edcio: <\/strong>10 de outubro de 2025 <strong>T\u00e9rmino: <\/strong>01 de fevereiro de 2026.<\/li>\n<li>1\u00b0 subsolo,<strong>\u00a0Edif\u00edcio Lina Bo Bardi<\/strong><\/li>\n<li><strong>Curadoria:<\/strong> Adriano Pedrosa, diretor art\u00edstico, MASP, e Leandro Muniz, curador assistente,<\/li>\n<li>Rodr\u00edguez tem participado desde os anos 2000 de diversas mostras, entre as quais Documenta de Kassel (2017), Bienal de S\u00e3o Paulo (2021), Bienal de Sydney (2022) e Bienal de Veneza (2024). A exposi\u00e7\u00e3o do artista no MASP ser\u00e1 sua primeira individual no Brasil e a primeira com uma publica\u00e7\u00e3o dedicada \u00e0 sua produ\u00e7\u00e3o. Reunir\u00e1 trabalhos de diferentes momentos de sua obra, desde os anos 1990 at\u00e9 pe\u00e7as recentes, mostrando suas rela\u00e7\u00f5es com o pensamento Nonuya-Muinane e as fric\u00e7\u00f5es culturais pelas quais o artista passou ao se mudar para Bogot\u00e1.<\/li>\n<\/ul>\n<h3><span style=\"color: #ff0000;\"><strong>\u00a0<\/strong><strong>Emilija \u0160karnulyte <\/strong>(Vilnius, 1987, vive em Vilnius e Troms\u00f8, Noruega)<\/span><\/h3>\n<ul>\n<li><strong>In\u00edcio: <\/strong>10 de outubro de 2025<strong> T\u00e9rmino: <\/strong>23 de novembro de 2025<\/li>\n<li><strong>Curadoria: Daniela Rodrigues, Supervisora, MASP<\/strong><\/li>\n<li>Emilija \u0160karnulyt\u0117 (Vilnius, Litu\u00e2nia, 1987) \u00e9 artista e cineasta, trabalha na interse\u00e7\u00e3o entre o documental e o imagin\u00e1rio, entre o factual e o fantasioso. Atrav\u00e9s de narrativas po\u00e9ticas e imagens impactantes \u2013 capturadas, modeladas em 3D ou reinterpretadas, e apresentadas de maneira imersiva \u2013, \u0160karnulyt\u0117 reflete sobre dilemas urgentes de nosso tempo<\/li>\n<\/ul>\n<h3><span style=\"color: #ff0000;\"><strong>Museu do Ipiranga<\/strong><\/span><\/h3>\n<ul>\n<li><strong>Endere\u00e7o: <\/strong>Rua dos Patriotas, 100 \u2013 Ipiranga \u2013 S\u00e3o Paulo\/SP .<\/li>\n<li><strong>Hor\u00e1rio:<\/strong> ter\u00e7a \u00e0 domingo, das 10h \u00e0s 17h\u00a0 (com a \u00faltima entrada \u00e0s 16h)<\/li>\n<\/ul>\n<h3><span style=\"color: #ff0000;\"><strong>Museu Afro Brasil &#8211; S\u00e3o Paulo<\/strong><\/span><\/h3>\n<ul>\n<li><strong>Endere\u00e7o:<\/strong> Port\u00e3o 10 Parque do Ibirapuera, Av. Pedro \u00c1lvares Cabral, s\/n &#8211; Vila Mariana, S\u00e3o Paulo &#8211; SP<\/li>\n<li><strong>Hor\u00e1rio:<\/strong> Ter\u00e7a \u00e0 domingo das 10 \u00e0s 17h (perman\u00eancia at\u00e9 \u00e0s 18h).<\/li>\n<li><em>A entrada \u00e9 gratuita \u00e0s quartas-feiras.\u00a0<\/em><\/li>\n<li><a href=\"https:\/\/museuafrobrasil.org.br\/\">https:\/\/museuafrobrasil.org.br\/<\/a><\/li>\n<\/ul>\n<h3><span style=\"color: #ff0000;\"><strong>MAC &#8211; <\/strong><\/span><strong><span style=\"color: #ff0000;\">Museu de Arte Contempor\u00e2nea da Universidade de S\u00e3o Paulo<\/span> <\/strong><\/h3>\n<ul>\n<li><strong>Endere\u00e7o:<\/strong> Av. Pedro \u00c1lvares Cabral, 1301 &#8211; Vila Mariana, S\u00e3o Paulo \u2013 SP<\/li>\n<li><strong>Hor\u00e1rio: <\/strong>de ter\u00e7a \u00e0 domingo das 10h \u00e0s 21h<\/li>\n<li><em>Entrada gratuita.<\/em><\/li>\n<\/ul>\n<h3><span style=\"color: #ff0000;\"><em>\u00a0<\/em><strong>Livraria Megafauna \u2013 Copan<\/strong><\/span><\/h3>\n<ul>\n<li><strong>Endere\u00e7o:<\/strong> Av. Ipiranga, 200 &#8211; loja 53 &#8211; Centro Hist\u00f3rico de S\u00e3o Paulo, S\u00e3o Paulo \u2013 SP<\/li>\n<li><strong>Hor\u00e1rio:<\/strong> De ter\u00e7a a domingo das 10h \u00e0s 21h<\/li>\n<\/ul>\n<h3><span style=\"color: #ff0000;\"><strong>Tour Avenida Paulista<\/strong>:<\/span><\/h3>\n<ul>\n<li>. Casa das Rosas<\/li>\n<li>Avenida Paulista, 37 \u2013 Bela Vista<\/li>\n<\/ul>\n<h3><span style=\"color: #ff0000;\">Japan House<\/span><\/h3>\n<ul>\n<li>Centro Cultural \u2013 Avenida Paulista, 52 \u2013 Bela Vista<\/li>\n<\/ul>\n<h3><span style=\"color: #ff0000;\">\u00a0Capela Santa Catarina<\/span><\/h3>\n<ul>\n<li>Capela do Hospital Santa Catarina \u2013 Avenida Paulista, 110 \u2013 Bela Vista.<\/li>\n<\/ul>\n<h3><span style=\"color: #ff0000;\">\u00a0Sesc Paulista<\/span><\/h3>\n<ul>\n<li>Avenida Paulista, 119, Bela Vista<\/li>\n<\/ul>\n<h3><span style=\"color: #ff0000;\">Ita\u00fa Cultural<\/span><\/h3>\n<ul>\n<li>Avenida Paulista, 149 \u2013 Bela Vista<\/li>\n<\/ul>\n<h3><span style=\"color: #ff0000;\">\u00a0Cinema Reserva Cultural<\/span><\/h3>\n<ul>\n<li>Avenida Paulista, 900 \u2013 Bela Vista<\/li>\n<\/ul>\n<h3><span style=\"color: #ff0000;\">Centro Cultural Fiesp<\/span><\/h3>\n<ul>\n<li>Avenida Paulista 1313 \u2013 em frente a Esta\u00e7\u00e3o Trianon- Masp do metro \u2013 Bela Vista.<\/li>\n<\/ul>\n<h3><span style=\"color: #ff0000;\">Centro Cultural Cidade Matarazzo<\/span><\/h3>\n<ul>\n<li>Alameda Rio Claro, 190 \u2013 Bela Vista \u2013 a 100 metros da Avenida Paulista, pr\u00f3ximo a esta\u00e7\u00e3o Trianon-Masp.<\/li>\n<\/ul>\n<h3><span style=\"color: #ff0000;\">\u00a0Parque Trianon<\/span><\/h3>\n<ul>\n<li>Rua Peixoto Gomide, 949, Cerqueira C\u00e9sar.<\/li>\n<\/ul>\n<h3><span style=\"color: #ff0000;\">\u00a0Instituto Moreira Salles<\/span><\/h3>\n<ul>\n<li>Avenida Paulista, 2424 \u2013 Bela Vista<\/li>\n<\/ul>\n<p>&nbsp;<\/p>\n<p><a href=\"https:\/\/visitesaopaulo.com\/\"><strong><em>https:\/\/visitesaopaulo.com\/<\/em><\/strong><\/a><br \/>\n@viajandocomhistoria[\/vc_column_text][\/vc_column][vc_column width=&#8221;1\/3&#8243;][vc_single_image image=&#8221;9929&#8243;][\/vc_column][\/vc_row]\n<\/section>","protected":false},"excerpt":{"rendered":"<p>[vc_row][vc_column][vc_single_image image=&#8221;9552&#8243;][vc_empty_space height=&#8221;80px&#8221;][\/vc_column][\/vc_row][vc_row][vc_column width=&#8221;2\/3&#8243;][vc_column_text] S\u00e3o Paulo, \u00e9 uma vibrante metr\u00f3pole que se destaca por sua rica programa\u00e7\u00e3o cultural. A comiss\u00e3o de acolhimento escolheu alguns locais e eventos imperd\u00edveis que refletem essa efervesc\u00eancia. Se voc\u00ea est\u00e1 vindo pela primeira vez, n\u00e3o perca e se j\u00e1 mora na capital, mas ainda n\u00e3o viu, v\u00e1 ver! Destaque: 36\u00aa&hellip;<\/p>\n","protected":false},"author":1,"featured_media":0,"parent":9548,"menu_order":0,"comment_status":"closed","ping_status":"closed","template":"","meta":{"footnotes":""},"class_list":["post-9927","page","type-page","status-publish","hentry","entry","no-media"],"aioseo_notices":[],"_links":{"self":[{"href":"https:\/\/ebp.org.br\/sp\/wp-json\/wp\/v2\/pages\/9927","targetHints":{"allow":["GET"]}}],"collection":[{"href":"https:\/\/ebp.org.br\/sp\/wp-json\/wp\/v2\/pages"}],"about":[{"href":"https:\/\/ebp.org.br\/sp\/wp-json\/wp\/v2\/types\/page"}],"author":[{"embeddable":true,"href":"https:\/\/ebp.org.br\/sp\/wp-json\/wp\/v2\/users\/1"}],"replies":[{"embeddable":true,"href":"https:\/\/ebp.org.br\/sp\/wp-json\/wp\/v2\/comments?post=9927"}],"version-history":[{"count":3,"href":"https:\/\/ebp.org.br\/sp\/wp-json\/wp\/v2\/pages\/9927\/revisions"}],"predecessor-version":[{"id":9931,"href":"https:\/\/ebp.org.br\/sp\/wp-json\/wp\/v2\/pages\/9927\/revisions\/9931"}],"up":[{"embeddable":true,"href":"https:\/\/ebp.org.br\/sp\/wp-json\/wp\/v2\/pages\/9548"}],"wp:attachment":[{"href":"https:\/\/ebp.org.br\/sp\/wp-json\/wp\/v2\/media?parent=9927"}],"curies":[{"name":"wp","href":"https:\/\/api.w.org\/{rel}","templated":true}]}}