{"id":9816,"date":"2025-07-18T06:37:14","date_gmt":"2025-07-18T09:37:14","guid":{"rendered":"https:\/\/ebp.org.br\/sp\/?page_id=9816"},"modified":"2026-03-11T17:41:56","modified_gmt":"2026-03-11T20:41:56","slug":"seminarios-por-conta-e-risco","status":"publish","type":"page","link":"https:\/\/ebp.org.br\/sp\/ensino\/seminarios-por-conta-e-risco\/","title":{"rendered":"Semin\u00e1rios por Conta e Risco"},"content":{"rendered":"<section class=\"wpb-content-wrapper\">[vc_row][vc_column][vc_column_text]\n<h3 class=\"page-header-title wpex-block wpex-m-0 wpex-text-2xl\"><span style=\"color: #993300;\">Semin\u00e1rio A Constru\u00e7\u00e3o do Caso Cl\u00ednico<\/span><\/h3>\n<h6>Coordena\u00e7\u00e3o: Blanca Musachi Psicanalista, membro da Escola Brasileira de Psican\u00e1lise e da Associa\u00e7\u00e3o Mundial de Psican\u00e1lise<\/h6>\n<p>Trata-se de um espa\u00e7o para argumentar tudo o que podemos considerar obvio: Como se contr\u00f3i um caso? Por que e para que haveria de construir-se um caso? Quem constr\u00f3i o caso? Da hist\u00f3ria \u00e0 l\u00f3gica. A crise do relato de caso em psican\u00e1lise: Falsas oposi\u00e7\u00f5es; falsos dilemas. Fun\u00e7\u00e3o da supervis\u00e3o, dos semin\u00e1rios cl\u00ednicos, da apresenta\u00e7\u00e3o de pacientes. Dos dois tipos de sequ\u00eancias nas constru\u00e7\u00f5es de caso: As do in\u00edcio do tratamento; As do final. Os testemunhos de pase fazem parte da constru\u00e7\u00e3o de um caso cl\u00ednico? Essas e outras quest\u00f5es cl\u00ednico-epist\u00eamicas ser\u00e3o abordadas no semin\u00e1rio, onde eventualmente contaremos com convidados para apresentar casos e deixar-nos ensinar.[\/vc_column_text][vc_empty_space height=&#8221;15px&#8221;][vc_btn title=&#8221;Leia+&#8221; link=&#8221;url:https%3A%2F%2Febp.org.br%2Fsp%2Fensino%2Fseminario%2Fseminario-a-construcao-do-caso-clinico%2F&#8221;][\/vc_column][\/vc_row][vc_row][vc_column][vc_empty_space]<div class=\"vcex-module vcex-divider vcex-divider-solid vcex-divider-center wpex-mx-auto wpex-block wpex-h-0 wpex-border-b wpex-border-solid wpex-border-main\" style=\"border-color:var(--wpex-accent);\"><\/div>[vc_empty_space][\/vc_column][\/vc_row][vc_row][vc_column][vc_column_text]\n<div class=\"page-header-content wpex-md-mr-15\">\n<div class=\"page-header-content wpex-md-mr-15\">\n<h3 class=\"page-header-title wpex-block wpex-m-0 wpex-text-2xl\"><span style=\"color: #993300;\">Semin\u00e1rio &#8220;O que faz sintoma?&#8221;<\/span><\/h3>\n<\/div>\n<\/div>\n<h6>Respons\u00e1vel: Luiz Fernando Carrijo da Cunha<\/h6>\n<p>Colocado em forma de uma pergunta, percorrerei de Freud a Lacan as raizes do sintoma, especialmente do que, hoje, aparece em nossa pr\u00e1tica como psicanalistas. Do pacto simb\u00f3lico celebrado por Freud que redunda na estrutura edipiana das respostas do sujeito em sua constitui\u00e7\u00e3o, at\u00e9 seu mais al\u00e9m, concebido por Lacan como resultado do fracasso desse pacto.[\/vc_column_text][vc_empty_space height=&#8221;15px&#8221;][vc_btn title=&#8221;Leia+&#8221; link=&#8221;url:https%3A%2F%2Febp.org.br%2Fsp%2Fensino%2Fseminario%2Fseminario-o-que-faz-sintoma%2F&#8221;][\/vc_column][\/vc_row]\n<\/section>","protected":false},"excerpt":{"rendered":"<p>[vc_row][vc_column][vc_column_text] Semin\u00e1rio A Constru\u00e7\u00e3o do Caso Cl\u00ednico Coordena\u00e7\u00e3o: Blanca Musachi Psicanalista, membro da Escola Brasileira de Psican\u00e1lise e da Associa\u00e7\u00e3o Mundial de Psican\u00e1lise Trata-se de um espa\u00e7o para argumentar tudo o que podemos considerar obvio: Como se contr\u00f3i um caso? Por que e para que haveria de construir-se um caso? Quem constr\u00f3i o caso? Da&hellip;<\/p>\n","protected":false},"author":1,"featured_media":0,"parent":1539,"menu_order":0,"comment_status":"closed","ping_status":"closed","template":"","meta":{"footnotes":""},"class_list":["post-9816","page","type-page","status-publish","hentry","entry","no-media"],"aioseo_notices":[],"_links":{"self":[{"href":"https:\/\/ebp.org.br\/sp\/wp-json\/wp\/v2\/pages\/9816","targetHints":{"allow":["GET"]}}],"collection":[{"href":"https:\/\/ebp.org.br\/sp\/wp-json\/wp\/v2\/pages"}],"about":[{"href":"https:\/\/ebp.org.br\/sp\/wp-json\/wp\/v2\/types\/page"}],"author":[{"embeddable":true,"href":"https:\/\/ebp.org.br\/sp\/wp-json\/wp\/v2\/users\/1"}],"replies":[{"embeddable":true,"href":"https:\/\/ebp.org.br\/sp\/wp-json\/wp\/v2\/comments?post=9816"}],"version-history":[{"count":5,"href":"https:\/\/ebp.org.br\/sp\/wp-json\/wp\/v2\/pages\/9816\/revisions"}],"predecessor-version":[{"id":10046,"href":"https:\/\/ebp.org.br\/sp\/wp-json\/wp\/v2\/pages\/9816\/revisions\/10046"}],"up":[{"embeddable":true,"href":"https:\/\/ebp.org.br\/sp\/wp-json\/wp\/v2\/pages\/1539"}],"wp:attachment":[{"href":"https:\/\/ebp.org.br\/sp\/wp-json\/wp\/v2\/media?parent=9816"}],"curies":[{"name":"wp","href":"https:\/\/api.w.org\/{rel}","templated":true}]}}