{"id":9781,"date":"2025-07-18T05:14:58","date_gmt":"2025-07-18T08:14:58","guid":{"rendered":"https:\/\/ebp.org.br\/sp\/?page_id=9781"},"modified":"2026-03-26T15:41:21","modified_gmt":"2026-03-26T18:41:21","slug":"seminario-de-orientacao-lacaniana","status":"publish","type":"page","link":"https:\/\/ebp.org.br\/sp\/ensino\/seminario-de-orientacao-lacaniana\/","title":{"rendered":"SEMIN\u00c1RIO DE ORIENTA\u00c7\u00c3O LACANIANA"},"content":{"rendered":"<p><span style=\"font-size: 13px;\"><strong>Respons\u00e1vel:<\/strong> Conselho Deliberativo da EBP \u2013 Se\u00e7\u00e3o SP, composto por\u00a0Daniela de Camargo Barros Affonso (Presidente), Alessandra Sartorello Pecego (Secret\u00e1ria), Camila Popadiuk, Cristiana Chacon Gallo, Niraldo de Oliveira Santos\u00a0 e Paola Salinas<\/span><\/p>\n<h3><span style=\"color: #993300;\"><strong>SEMIN\u00c1RIO DE ORIENTA\u00c7\u00c3O LACANIANA<\/strong><\/span><\/h3>\n<p>Em breve mais informa\u00e7\u00f5es<\/p>\n","protected":false},"excerpt":{"rendered":"<p>Respons\u00e1vel: Conselho Deliberativo da EBP \u2013 Se\u00e7\u00e3o SP, composto por\u00a0Daniela de Camargo Barros Affonso (Presidente), Alessandra Sartorello Pecego (Secret\u00e1ria), Camila Popadiuk, Cristiana Chacon Gallo, Niraldo de Oliveira Santos\u00a0 e Paola Salinas SEMIN\u00c1RIO DE ORIENTA\u00c7\u00c3O LACANIANA Em breve mais informa\u00e7\u00f5es<\/p>\n","protected":false},"author":1,"featured_media":0,"parent":1539,"menu_order":0,"comment_status":"closed","ping_status":"closed","template":"","meta":{"footnotes":""},"class_list":["post-9781","page","type-page","status-publish","hentry","entry","no-media"],"aioseo_notices":[],"_links":{"self":[{"href":"https:\/\/ebp.org.br\/sp\/wp-json\/wp\/v2\/pages\/9781","targetHints":{"allow":["GET"]}}],"collection":[{"href":"https:\/\/ebp.org.br\/sp\/wp-json\/wp\/v2\/pages"}],"about":[{"href":"https:\/\/ebp.org.br\/sp\/wp-json\/wp\/v2\/types\/page"}],"author":[{"embeddable":true,"href":"https:\/\/ebp.org.br\/sp\/wp-json\/wp\/v2\/users\/1"}],"replies":[{"embeddable":true,"href":"https:\/\/ebp.org.br\/sp\/wp-json\/wp\/v2\/comments?post=9781"}],"version-history":[{"count":7,"href":"https:\/\/ebp.org.br\/sp\/wp-json\/wp\/v2\/pages\/9781\/revisions"}],"predecessor-version":[{"id":10070,"href":"https:\/\/ebp.org.br\/sp\/wp-json\/wp\/v2\/pages\/9781\/revisions\/10070"}],"up":[{"embeddable":true,"href":"https:\/\/ebp.org.br\/sp\/wp-json\/wp\/v2\/pages\/1539"}],"wp:attachment":[{"href":"https:\/\/ebp.org.br\/sp\/wp-json\/wp\/v2\/media?parent=9781"}],"curies":[{"name":"wp","href":"https:\/\/api.w.org\/{rel}","templated":true}]}}