{"id":9755,"date":"2025-06-26T15:39:29","date_gmt":"2025-06-26T18:39:29","guid":{"rendered":"https:\/\/ebp.org.br\/sp\/?page_id=9755"},"modified":"2025-09-24T11:52:43","modified_gmt":"2025-09-24T14:52:43","slug":"xiii-jornadas-envio-de-trabalhos","status":"publish","type":"page","link":"https:\/\/ebp.org.br\/sp\/jornadas\/xiii-jornadas-jogos-do-amor-parcerias-contemporaneas\/xiii-jornadas-envio-de-trabalhos\/","title":{"rendered":"XIII JORNADAS &#8211; Envio de Trabalhos"},"content":{"rendered":"<section class=\"wpb-content-wrapper\">[vc_row][vc_column][vc_single_image image=&#8221;9552&#8243;][\/vc_column][\/vc_row][vc_row][vc_column width=&#8221;2\/3&#8243;][vc_column_text href=&#8221;#_ftn1&#8243;]\n<h3><span style=\"color: #ff0000;\"><strong>JORNADA CL\u00cdNICA<\/strong><\/span><\/h3>\n<h3><span style=\"color: #ff0000;\"><strong>ATEN\u00c7\u00c3O: PRAZO ENCERRADO<\/strong><\/span><\/h3>\n<p>A Comiss\u00e3o Organizadora da Jornada Cl\u00ednica das XIII Jornadas da EBP-SP \u2013 &#8220;Jogos do amor, parcerias contempor\u00e2neas&#8221; \u2013 faz um convite:<\/p>\n<p>Receberemos fragmentos ou vinhetas cl\u00ednicas de sua pr\u00e1tica em consult\u00f3rio ou institui\u00e7\u00e3o para discuss\u00e3o nas Mesas Simult\u00e2neas, no dia <strong>31 de outubro de 2025<\/strong>. Nosso objetivo \u00e9 extrair consequ\u00eancias cl\u00ednicas sobre o tema do amor, considerando as novas configura\u00e7\u00f5es das parcerias amorosas contempor\u00e2neas e como elas se manifestam na cl\u00ednica pela via da transfer\u00eancia.<\/p>\n<p>Contamos com as quest\u00f5es, impasses e reflex\u00f5es de cada praticante para avan\u00e7armos nesta discuss\u00e3o.<\/p>\n<p>Aguardamos os trabalhos!<\/p>\n<p>At\u00e9 breve,<\/p>\n<p><em>Comiss\u00e3o de Orienta\u00e7\u00e3o das XIII Jornadas da EBP-SP<\/em><\/p>\n<hr \/>\n<p><strong>Orienta\u00e7\u00f5es para envio do trabalho:<\/strong><\/p>\n<ul>\n<li>Os textos devem ter, no m\u00e1ximo, 5.000 caracteres (com espa\u00e7os), escritos em Times New Roman 12, justificado, espa\u00e7amento simples, com notas (refer\u00eancias) no fim de p\u00e1gina.<\/li>\n<li>Colocar no cabe\u00e7alho o t\u00edtulo do trabalho, o nome do(a) autor(a), endere\u00e7o de e-mail e o eixo tem\u00e1tico no qual o trabalho se insere.<\/li>\n<li>Os textos devem ser enviados em formato Word, anexado ao e-mail, colocando como assunto: \u201cJogos do amor, parcerias contempor\u00e2neas \u2013 envio de trabalhos\u201d<\/li>\n<li>Enviar para:\u00a0<a href=\"mailto:trabalhojornadasebpsp@gmail.com\">trabalhojornadasebpsp@gmail.com<\/a><\/li>\n<li>Para que o trabalho seja avaliado,\u00a0<strong><em>\u00e9 necess\u00e1rio estar inscrito(a) nas Jornadas<\/em><\/strong>, n\u00e3o \u00e9 necess\u00e1rio ser membro da EBP ou associado de algum Instituto.<\/li>\n<li>Data limite para envio dos trabalhos:\u00a0<strong>20 de setembro de 2025.<\/strong><\/li>\n<\/ul>\n<p>O argumento das Jornadas e os eixos tem\u00e1ticos podem ser consultados no site: <a href=\"https:\/\/ebp.org.br\/sp\/jornadas\/xiii-jornadas-jogos-do-amor-parcerias-contemporaneas\/argumento\/\">https:\/\/ebp.org.br\/sp\/jornadas\/xiii-jornadas-jogos-do-amor-parcerias-contemporaneas\/argumento\/<\/a><\/p>\n<ul>\n<li>EIXO 01 \u2013 MetAMORfoses<\/li>\n<li>EIXO 02 &#8211; Transfer\u00eancia \u00e9 amor<\/li>\n<li>EIXO 03 &#8211; (a) muro &#8220;\u00e9 o que aparece em signos bizarros no corpo&#8221;<\/li>\n<li>EIXO 04 &#8211; &#8220;Para\u00edso dos amores infantis&#8221;<\/li>\n<\/ul>\n<p>Eixos: <a href=\"https:\/\/ebp.org.br\/sp\/jornadas\/xiii-jornadas-jogos-do-amor-parcerias-contemporaneas\/eixos-tematicos\/\">https:\/\/ebp.org.br\/sp\/jornadas\/xiii-jornadas-jogos-do-amor-parcerias-contemporaneas\/eixos-tematicos\/<\/a>[\/vc_column_text][\/vc_column][vc_column width=&#8221;1\/3&#8243;][vc_single_image image=&#8221;9775&#8243;][\/vc_column][\/vc_row]\n<\/section>","protected":false},"excerpt":{"rendered":"<p>[vc_row][vc_column][vc_single_image image=&#8221;9552&#8243;][\/vc_column][\/vc_row][vc_row][vc_column width=&#8221;2\/3&#8243;][vc_column_text href=&#8221;#_ftn1&#8243;] JORNADA CL\u00cdNICA ATEN\u00c7\u00c3O: PRAZO ENCERRADO A Comiss\u00e3o Organizadora da Jornada Cl\u00ednica das XIII Jornadas da EBP-SP \u2013 &#8220;Jogos do amor, parcerias contempor\u00e2neas&#8221; \u2013 faz um convite: Receberemos fragmentos ou vinhetas cl\u00ednicas de sua pr\u00e1tica em consult\u00f3rio ou institui\u00e7\u00e3o para discuss\u00e3o nas Mesas Simult\u00e2neas, no dia 31 de outubro de 2025. Nosso&hellip;<\/p>\n","protected":false},"author":1,"featured_media":0,"parent":9548,"menu_order":0,"comment_status":"closed","ping_status":"closed","template":"","meta":{"footnotes":""},"class_list":["post-9755","page","type-page","status-publish","hentry","entry","no-media"],"aioseo_notices":[],"_links":{"self":[{"href":"https:\/\/ebp.org.br\/sp\/wp-json\/wp\/v2\/pages\/9755","targetHints":{"allow":["GET"]}}],"collection":[{"href":"https:\/\/ebp.org.br\/sp\/wp-json\/wp\/v2\/pages"}],"about":[{"href":"https:\/\/ebp.org.br\/sp\/wp-json\/wp\/v2\/types\/page"}],"author":[{"embeddable":true,"href":"https:\/\/ebp.org.br\/sp\/wp-json\/wp\/v2\/users\/1"}],"replies":[{"embeddable":true,"href":"https:\/\/ebp.org.br\/sp\/wp-json\/wp\/v2\/comments?post=9755"}],"version-history":[{"count":4,"href":"https:\/\/ebp.org.br\/sp\/wp-json\/wp\/v2\/pages\/9755\/revisions"}],"predecessor-version":[{"id":9926,"href":"https:\/\/ebp.org.br\/sp\/wp-json\/wp\/v2\/pages\/9755\/revisions\/9926"}],"up":[{"embeddable":true,"href":"https:\/\/ebp.org.br\/sp\/wp-json\/wp\/v2\/pages\/9548"}],"wp:attachment":[{"href":"https:\/\/ebp.org.br\/sp\/wp-json\/wp\/v2\/media?parent=9755"}],"curies":[{"name":"wp","href":"https:\/\/api.w.org\/{rel}","templated":true}]}}