{"id":9623,"date":"2025-05-21T07:34:02","date_gmt":"2025-05-21T10:34:02","guid":{"rendered":"https:\/\/ebp.org.br\/sp\/?page_id=9623"},"modified":"2025-10-31T05:18:26","modified_gmt":"2025-10-31T08:18:26","slug":"programa","status":"publish","type":"page","link":"https:\/\/ebp.org.br\/sp\/jornadas\/xiii-jornadas-jogos-do-amor-parcerias-contemporaneas\/programa\/","title":{"rendered":"XIII JORNADAS &#8211; Programa"},"content":{"rendered":"<section class=\"wpb-content-wrapper\">[vc_row][vc_column][vc_single_image image=&#8221;9552&#8243;][\/vc_column][\/vc_row][vc_row][vc_column][vc_column_text href=&#8221;#_ftn1&#8243;]A Comiss\u00e3o Organizadora trabalhou na composi\u00e7\u00e3o das Jornadas, para que seja uma excelente experi\u00eancia.<\/p>\n<p>Programe seus hor\u00e1rios e n\u00e3o esque\u00e7a de comprar o convite para a festa. Vagas limitadas.<\/p>\n<p><em>Comiss\u00e3o organizadora<\/em>[\/vc_column_text][\/vc_column][\/vc_row][vc_row][vc_column width=&#8221;5\/6&#8243;][vc_column_text]\n<h2><span style=\"color: #ff0000;\">31 DE OUTUBRO<\/span><br \/>\n<span style=\"color: #ff0000;\">SEXTA-FEIRA<\/span><\/h2>\n<h3><span style=\"color: #339966;\"><strong>9H &#8211; CREDENCIAMENTO<\/strong><\/span><\/h3>\n<h3><span style=\"color: #339966;\"><strong>10H00 -10H30 &#8211; ABERTURA<\/strong><\/span><\/h3>\n<ul>\n<li><strong>Veridiana Marucio<\/strong> &#8211; Diretora da EBP\/SP (Membro da EBP\/AMP)<\/li>\n<li><strong>Marilsa Basso<\/strong> &#8211; Coordenadora das XIII Jornadas EBP\/SP (Membro da EBP\/AMP)<\/li>\n<li><strong>Sandra Grostein<\/strong> &#8211; Coordenadora da Comiss\u00e3o de Orienta\u00e7\u00e3o &#8211; EBP\/SP (AME da EBP\/AMP)<\/li>\n<li><strong>Paola Salinas<\/strong> &#8211; Presidente do Conselho EBP\/SP (Membro da EBP\/AMP)<\/li>\n<\/ul>\n<h3><strong><span style=\"color: #339966;\">10H30-12H00 CONFER\u00caNCIA 1<\/span><\/strong><\/h3>\n<ul>\n<li><strong>Raquel Cors Ulloa<\/strong> (AME da NEL\/AMP)<\/li>\n<li>Coordena\u00e7\u00e3o: <strong>Paola Salinas<\/strong> &#8211; Presidente do Conselho EBP\/SP<\/li>\n<\/ul>\n<h3><strong><span style=\"color: #339966;\">14H00-19H30 JORNADA CL\u00cdNICA<\/span><\/strong><\/h3>\n<p><strong><span style=\"color: #000000;\">SALAS SIMULT\u00c2NEAS<\/span><\/strong><\/p>\n<h2><span style=\"color: #ff0000;\">01 DE NOVEMBRO<\/span><br \/>\n<span style=\"color: #ff0000;\">S\u00c1BADO<\/span><\/h2>\n<h3><strong><span style=\"color: #339966;\">9H00 &#8211; 10H15 PLEN\u00c1RIA 1<\/span><\/strong><\/h3>\n<p><strong>AMOR, UMA EXPERI\u00caNCIA LIGADA AO SABER<\/strong><\/p>\n<ul>\n<li>Apresenta\u00e7\u00f5es: <strong>C\u00e1ssia Maria Rumenos Guardado<\/strong> (AME da EBP\/AMP) e <strong>Gustavo<\/strong> <strong>Oliveira Menezes<\/strong> (EBP\/AMP)<\/li>\n<li>Debatedora:<strong> Daniela de C. B. Affonso (<\/strong>EBP\/AMP)<\/li>\n<li>Coordena\u00e7\u00e3o: <strong>Carmen Silvia Cervelatti<\/strong> (EBP\/AMP)<\/li>\n<\/ul>\n<h3><strong><span style=\"color: #339966;\">10H15-11H30 CONFER\u00caNCIA 2<\/span><\/strong><\/h3>\n<ul>\n<li><strong>Raquel Cors Ulloa<\/strong> (AME da NEL\/AMP)<\/li>\n<li>Coordena\u00e7\u00e3o: <strong>Maria do Carmo Dias Batista<\/strong> (AME da EBP\/AMP)<\/li>\n<\/ul>\n<h3><strong><span style=\"color: #339966;\">11H30-12H45 PLEN\u00c1RIA 2<\/span><\/strong><\/h3>\n<p><strong>(a)muro: VOLATIZA\u00c7\u00c3O DOS PARCEIROS<\/strong><\/p>\n<ul>\n<li>Apresenta\u00e7\u00f5es: <strong>Niraldo de Oliveira Santos<\/strong> (EBP\/AMP) e <strong>Jovita Carneiro de Lima<\/strong> (EBP\/AMP)<\/li>\n<li>Debatedora: <strong>Teresinha Natal Meirelles do Prado<\/strong> (EBP\/AMP)<\/li>\n<li>Coordena\u00e7\u00e3o: <strong>Camila Popadiuk<\/strong> (EBP\/AMP)<\/li>\n<\/ul>\n<h3><strong><span style=\"color: #339966;\">12H45-14H30 ALMO\u00c7O<\/span><\/strong><\/h3>\n<h3><strong><span style=\"color: #339966;\">14h30-15h45 PLEN\u00c1RIA 3<\/span><\/strong><\/h3>\n<p><strong>O QUE ACONTECE COM O AMOR EM UMA AN\u00c1LISE<\/strong><\/p>\n<ul>\n<li>Apresenta\u00e7\u00f5es: <strong>Luiz Fernando Carrijo da Cunha<\/strong> (AME da EBP\/AMP) e <strong>Ondina Machado<\/strong> (A.E. em exerc\u00edcio, EBP\/ AMP)<\/li>\n<li>Debatedora: <strong>Angelina Harari<\/strong> (AME da EBP\/AMP)<\/li>\n<li>Coordena\u00e7\u00e3o: <strong>Sandra Grostein<\/strong> (AME da EBP\/AMP)<\/li>\n<\/ul>\n<h3><strong><span style=\"color: #339966;\">15H45-17H00 PLEN\u00c1RIA 4<\/span><\/strong><\/h3>\n<h3><strong><span style=\"color: #339966;\">JOKEMP\u00d4: SUJEITO, SABER, SEXO<\/span><\/strong><\/h3>\n<ul>\n<li>Apresenta\u00e7\u00f5es: <strong>R\u00f4mulo Ferreira da Silva<\/strong> (AME da EBP\/AMP) e<strong> Val\u00e9ria Ferranti<\/strong> (EBP\/AMP)<\/li>\n<li>Debatedor:<strong> Jorge Forbes<\/strong> (AME da EBP\/AMP)<\/li>\n<li>Coordena\u00e7\u00e3o: <strong>Veridiana Marucio<\/strong> (EBP\/AMP)<\/li>\n<\/ul>\n<p><strong><span style=\"color: #339966;\">17H00-17H30 &#8211; INTERVALO<\/span><\/strong><\/p>\n<p><strong><span style=\"color: #339966;\">17H30-18H45 PLEN\u00c1RIA 5<\/span><\/strong><\/p>\n<ul>\n<li>Conversa com <strong>Esmir Filho<\/strong> (Diretor de cinema)<\/li>\n<li><strong>Patricia Badari<\/strong> (EBP\/AMP) e <strong>Mirmila Musse<\/strong> (EBP\/AMP)<\/li>\n<\/ul>\n<p><strong><span style=\"color: #339966;\">18H45 &#8211; ENCERRAMENTO<\/span><\/strong><\/p>\n<ul>\n<li><strong>Veridiana Marucio<\/strong>&#8211; Diretora da EBP\/SP (EBP\/AMP)<\/li>\n<li><strong>Marilsa Basso<\/strong> &#8211; Coordenadora das XIII Jornadas (EBP\/AMP)<\/li>\n<\/ul>\n[\/vc_column_text][\/vc_column][vc_column width=&#8221;1\/6&#8243;][vc_single_image image=&#8221;9933&#8243; alignment=&#8221;center&#8221;][vc_empty_space]<div class=\"theme-button-wrap textcenter wpex-clr\"><a href=\"https:\/\/ebp.org.br\/sp\/wp-content\/uploads\/2025\/09\/PROGRAMA.pdf\" class=\"vcex-button theme-button align-center inline\" style=\"background:var(--wpex-accent);color:var(--wpex-on-accent);\" data-wpex-hover='{&quot;background&quot;:&quot;var(--wpex-accent)&quot;,&quot;color&quot;:&quot;var(--wpex-on-accent)&quot;}'><span class=\"vcex-button-inner theme-button-inner\">DOWNLOAD PDF<\/span><\/a><\/div> [\/vc_column][\/vc_row][vc_row][vc_column][vc_empty_space][vc_separator color=&#8221;juicy_pink&#8221;][vc_empty_space][\/vc_column][\/vc_row][vc_row][vc_column width=&#8221;5\/6&#8243;][vc_column_text]\n<h3><span style=\"color: #ff0000;\"><strong>Sexta-feira, 31\/10\/2025 &#8211; 14h \u00e0s 19h30<\/strong><\/span><\/h3>\n<p><span style=\"color: #008000;\"><strong>Mesas simult\u00e2neas &#8211; 14h \u00e0s 15h15<\/strong><\/span><\/p>\n<p><strong>Sala 1 \u2013 MetAMORfoses<\/strong><\/p>\n<p><strong>Coordenadora\/Debatedora:<\/strong> <em><strong>Claudia Regina Santa Silva<\/strong><\/em><\/p>\n<ul>\n<li><em> \u201cBullyng positivo\u201d<\/em>: um novo amor? &#8211; <strong><em>Bianca Wierman<\/em><\/strong><\/li>\n<li>\u201cUm<em> je ne sais quoi<\/em> no amor\u201d &#8211;<strong> <em>Izabel Abreu<\/em><\/strong><\/li>\n<li>N\u00e3o era amor, era cilada &#8211; <strong><em>Camilla Baratto<\/em><\/strong><\/li>\n<li>Poliamor &#8211; <strong><em>Magno Azevedo<\/em><\/strong><\/li>\n<\/ul>\n<p><strong>Sala 2 \u2013 Que (a)mor \u00e9 esse?<\/strong><\/p>\n<p><strong>Coordenadora\/Debatedora:<\/strong>\u00a0 <em><strong>Katia Ribeiro Nadeau<\/strong><\/em><\/p>\n<ul>\n<li>Amor em voz alta e peso do investimento &#8211; <strong><em>Luisa Fromer<\/em><\/strong><\/li>\n<li>A agressividade no amor &#8211; efeito do traum\u00e1tico? &#8211; <strong><em>Renata Duarte<\/em><\/strong><\/li>\n<li>A quest\u00e3o fantasm\u00e1tica na modula\u00e7\u00e3o do amor &#8211; <strong><em>Paula Caio de Carvalho<\/em><\/strong><\/li>\n<li>O que o Caso Dora ensina na cl\u00ednica hoje? &#8211; <strong><em>Ana Carolina Lobo Jardim, Gustavo Henrique Dion\u00edsio<\/em><\/strong><\/li>\n<\/ul>\n<p><strong>Sala 3 \u2013 Amor e virtualidade<\/strong><\/p>\n<p><strong>Coordenadora\/Debatedora:<\/strong> <em><strong>Maria Bernadette Soares de Sant\u2019Anna Pitteri<\/strong><\/em><\/p>\n<ul>\n<li>O amor \u00e9 um p\u00e1ssaro rebelde &#8211; <strong><em>Leny Magalh\u00e3es Mrech<\/em><\/strong><\/li>\n<li>Amor em forma bruta &#8211; <strong><em>Perp\u00e9tua Medrado Gon\u00e7alves<\/em><\/strong><\/li>\n<li>Des(coberta) para Marc <em>&#8211; <strong>Mariana Galletti Ferretti<\/strong><\/em><\/li>\n<\/ul>\n<p><span style=\"color: #008000;\"><strong>\u00a0<\/strong><strong>Mesas simult\u00e2neas &#8211; 15h15 \u00e0s 16h30<\/strong><\/span><\/p>\n<p><strong>Sala 1 \u2013 Solu\u00e7\u00f5es trans<\/strong><\/p>\n<p><strong>Coordenadora\/Debatedora:<\/strong> <em><strong>Eliane Aparecida Costa Dias<\/strong><\/em><\/p>\n<ul>\n<li>\u201cAmorzinho\u201d &#8211; <em>J<strong>ames Alberto de Moura Valeriano<\/strong><\/em><\/li>\n<li>Uma Adolesc\u00eancia no s\u00e9culo XXI e a transfer\u00eancia &#8211; <strong><em>C\u00e9lia M. B. Siqueira<\/em><\/strong><\/li>\n<li>A Transfer\u00eancia como Amor na Cl\u00ednica-Escola &#8211; <strong><em>Gabriela Alencar Monteiro de Souza, Fernando Silva Teixeira Filho<\/em><\/strong><\/li>\n<\/ul>\n<p><strong>Sala 2 \u2013 Perdas e luto<\/strong><\/p>\n<p><strong>Coordenadora\/Debatedora:<\/strong> <em><strong>Eliana Machado Figueiredo<\/strong><\/em><\/p>\n<ul>\n<li>Cartas ao pai<em> &#8211; <strong>Claudio Ivan Bezerra<\/strong><\/em><\/li>\n<li>Diante do tr\u00e1gico e da morte, que articula\u00e7\u00f5es podemos pensar sobre o amor e o amor de transfer\u00eancia? &#8211; <strong><em>Cl\u00e1udia Reis<\/em><\/strong><\/li>\n<li>Quando um amor degringola &#8211; <strong><em>Juliana Gayoso Franco de Toledo<\/em><\/strong><\/li>\n<li>O amor nos tempos da pandemia &#8211; <strong><em>Rodrigo Camargo<\/em><\/strong><\/li>\n<\/ul>\n<p><strong>Sala 3 \u2013 O que se obt\u00e9m de uma an\u00e1lise<\/strong><\/p>\n<p><strong>Coordenadora\/Debatedora:<\/strong> <em><strong>Emelice Prado Bagnola<\/strong><\/em><\/p>\n<ul>\n<li>A parceria amorosa e o imposs\u00edvel de domesticar &#8211; <strong><em>Francine Negr\u00e3o<\/em><\/strong><\/li>\n<li>Uma menina \u00e0 sombra de um muro &#8211; <strong><em>Emmanuel Nunes de Mello<\/em><\/strong><\/li>\n<li>\u201cMiopia progressiva\u201d &#8211; <strong><em>Gabriela Ponte Rodrigues<\/em><\/strong><\/li>\n<li>Entre a apatia e a performance: \u201cn\u00e3o me ensinaram a ser homem\u201d &#8211; <strong><em>Clara R. Ottoni<\/em><\/strong><\/li>\n<\/ul>\n<p><span style=\"color: #008000;\"><strong>Intervalo \u2013 16h30 \u00e0s 17h<\/strong><\/span><\/p>\n<p><span style=\"color: #008000;\"><strong>\u00a0<\/strong><strong>Mesas simult\u00e2neas \u2013 17h \u00e0s 18h15<\/strong><\/span><\/p>\n<p><strong>Sala 1 \u2013 Amor e toxicomania<\/strong><\/p>\n<p><strong>Coordenadora\/Debatedora:<\/strong> <em><strong>Heloisa Prado R. S. Telles<\/strong><\/em><\/p>\n<ul>\n<li>Um falar que faz amor, <em>escudo<\/em> \u00e0 perdi\u00e7\u00e3o &#8211; <strong><em>Paula Maia Peixoto Camargo<\/em><\/strong><\/li>\n<li>A m\u00e3e, os homens e as drogas &#8211;<strong> <em>Lu\u00eds Fernando Couto<\/em><\/strong><\/li>\n<li>Um brilho no olhar &#8211; <strong><em>Ana Stela Sande<\/em><\/strong><\/li>\n<\/ul>\n<p><strong>Sala 2 \u2013 Parcerias sintom\u00e1ticas<\/strong><\/p>\n<p><strong>Coordenadora\/Debatedora:<\/strong> <em><strong>Cristiana Chacon Gallo<\/strong><\/em><\/p>\n<ul>\n<li>A Enamurada <em>&#8211; <strong>Ana Sofia Guerra<\/strong><\/em><\/li>\n<li>Parceiro do sintoma &#8211; <strong><em>Licene Garcia<\/em><\/strong><\/li>\n<li>Eu sou um amortecedor para ela &#8211; <strong><em>Fabio Saad<\/em><\/strong><\/li>\n<\/ul>\n<p><strong>Sala 3 \u2013 Muta\u00e7\u00f5es nas parcerias<\/strong><\/p>\n<p><strong>Coordenadora\/Debatedora:<\/strong>\u00a0<em><strong> Milena Vicari Crastelo<\/strong><\/em><\/p>\n<ul>\n<li>Amor no <em>Grindr<\/em>? &#8211; <strong><em>Edgley Duarte<\/em><\/strong><\/li>\n<li>Algo(r\u00edtmo) \u00edntimo &#8211;<strong> <em>Ana Carolina Salvatore Jaen Saad<\/em><\/strong><\/li>\n<li>Politizada, feminista, hist\u00e9rica e sem limites &#8211; <strong><em>Maria Cristina Merlin Felizola<\/em><\/strong><\/li>\n<li>\u201cMulheres frustradas\u201d &#8211; <strong><em>Andressa Cont\u00f3 Luz<\/em><\/strong><\/li>\n<\/ul>\n<p><span style=\"color: #008000;\"><strong>\u00a0<\/strong><strong>Mesas simult\u00e2neas \u2013 18h15 \u00e0s 19h30<\/strong><\/span><\/p>\n<p><strong>Sala 1 \u2013 Nomea\u00e7\u00f5es contempor\u00e2neas<\/strong><\/p>\n<p><strong>Coordenadora\/Debatedora:<\/strong> <em><strong>Fab\u00edola Ramon Prota<\/strong><\/em><\/p>\n<ul>\n<li>A Aroace com borboletas no est\u00f4mago &#8211; <strong><em>Juliana Rocha da Silva<\/em><\/strong><\/li>\n<li>Queria que ela viesse falar &#8211; <strong><em>Priscila Tavares Viviani<\/em><\/strong><\/li>\n<li>C\u00e1u, o(a) cara legal &#8211; <strong><em>Rosangela C. Castro Turim<\/em><\/strong><\/li>\n<\/ul>\n<p><strong>Sala 2 \u2013 Amor e compuls\u00f5es<\/strong><\/p>\n<p><strong>Coordenadora\/Debatedora:<\/strong> <em><strong>Maria Cec\u00edlia Galletti Ferretti<\/strong><\/em><\/p>\n<ul>\n<li>\u201cUm amor desidealizado: uma evolu\u00e7\u00e3o? &#8211; <strong><em>Renata Alves Fornaciari<\/em><\/strong><\/li>\n<li>\u201cO amor da Pombagira t\u00e1 num copo de cacha\u00e7a\u2026\u201d &#8211; <strong><em>Glauco Morais<\/em><\/strong><\/li>\n<li>\u201cEu sou Stalker\u201d &#8211; <strong><em>Noemi de Araujo<\/em><\/strong><\/li>\n<li>AMORas &#8211; <strong><em>Fernanda Gelesko<\/em><\/strong><\/li>\n<\/ul>\n<p><strong>Sala 3 \u2013 Amor nas psicoses<\/strong><\/p>\n<p><strong>Coordenadora\/Debatedora:<\/strong> <em><strong>Alessandra Sartorello Pecego<\/strong><\/em><\/p>\n<ul>\n<li>Do Outro como amea\u00e7ador \u00e0 constru\u00e7\u00e3o de uma malemol\u00eancia &#8211;<strong> <em>Layla T. Jarruche<\/em><\/strong><\/li>\n<li>Ere\u00e7\u00e3o\/amor &#8211; <strong><em>Clarissa Degrazia Carvalho<\/em><\/strong><\/li>\n<li>Caso R: O Amor que permite a fala? &#8211; <strong><em>Vera Furst<\/em><\/strong><\/li>\n<\/ul>\n[\/vc_column_text][\/vc_column][vc_column width=&#8221;1\/6&#8243;][vc_single_image image=&#8221;9959&#8243; alignment=&#8221;center&#8221;][vc_empty_space]<div class=\"theme-button-wrap textcenter wpex-clr\"><a href=\"https:\/\/ebp.org.br\/sp\/wp-content\/uploads\/2025\/10\/PROGRAMA-JORNADA-CLINICA.pdf\" class=\"vcex-button theme-button align-center inline\" style=\"background:var(--wpex-accent);color:var(--wpex-on-accent);\" data-wpex-hover='{&quot;background&quot;:&quot;var(--wpex-accent)&quot;,&quot;color&quot;:&quot;var(--wpex-on-accent)&quot;}'><span class=\"vcex-button-inner theme-button-inner\">DOWNLOAD PDF<\/span><\/a><\/div> [\/vc_column][\/vc_row]\n<\/section>","protected":false},"excerpt":{"rendered":"<p>[vc_row][vc_column][vc_single_image image=&#8221;9552&#8243;][\/vc_column][\/vc_row][vc_row][vc_column][vc_column_text href=&#8221;#_ftn1&#8243;]A Comiss\u00e3o Organizadora trabalhou na composi\u00e7\u00e3o das Jornadas, para que seja uma excelente experi\u00eancia. Programe seus hor\u00e1rios e n\u00e3o esque\u00e7a de comprar o convite para a festa. Vagas limitadas. Comiss\u00e3o organizadora[\/vc_column_text][\/vc_column][\/vc_row][vc_row][vc_column width=&#8221;5\/6&#8243;][vc_column_text] 31 DE OUTUBRO SEXTA-FEIRA 9H &#8211; CREDENCIAMENTO 10H00 -10H30 &#8211; ABERTURA Veridiana Marucio &#8211; Diretora da EBP\/SP (Membro da EBP\/AMP) Marilsa&hellip;<\/p>\n","protected":false},"author":1,"featured_media":0,"parent":9548,"menu_order":0,"comment_status":"closed","ping_status":"closed","template":"","meta":{"footnotes":""},"class_list":["post-9623","page","type-page","status-publish","hentry","entry","no-media"],"aioseo_notices":[],"_links":{"self":[{"href":"https:\/\/ebp.org.br\/sp\/wp-json\/wp\/v2\/pages\/9623","targetHints":{"allow":["GET"]}}],"collection":[{"href":"https:\/\/ebp.org.br\/sp\/wp-json\/wp\/v2\/pages"}],"about":[{"href":"https:\/\/ebp.org.br\/sp\/wp-json\/wp\/v2\/types\/page"}],"author":[{"embeddable":true,"href":"https:\/\/ebp.org.br\/sp\/wp-json\/wp\/v2\/users\/1"}],"replies":[{"embeddable":true,"href":"https:\/\/ebp.org.br\/sp\/wp-json\/wp\/v2\/comments?post=9623"}],"version-history":[{"count":16,"href":"https:\/\/ebp.org.br\/sp\/wp-json\/wp\/v2\/pages\/9623\/revisions"}],"predecessor-version":[{"id":10011,"href":"https:\/\/ebp.org.br\/sp\/wp-json\/wp\/v2\/pages\/9623\/revisions\/10011"}],"up":[{"embeddable":true,"href":"https:\/\/ebp.org.br\/sp\/wp-json\/wp\/v2\/pages\/9548"}],"wp:attachment":[{"href":"https:\/\/ebp.org.br\/sp\/wp-json\/wp\/v2\/media?parent=9623"}],"curies":[{"name":"wp","href":"https:\/\/api.w.org\/{rel}","templated":true}]}}