{"id":9621,"date":"2025-05-21T07:32:37","date_gmt":"2025-05-21T10:32:37","guid":{"rendered":"https:\/\/ebp.org.br\/sp\/?page_id=9621"},"modified":"2025-05-21T18:23:24","modified_gmt":"2025-05-21T21:23:24","slug":"contato","status":"publish","type":"page","link":"https:\/\/ebp.org.br\/sp\/jornadas\/xiii-jornadas-jogos-do-amor-parcerias-contemporaneas\/contato\/","title":{"rendered":"XIII JORNADAS &#8211; Contato"},"content":{"rendered":"<section class=\"wpb-content-wrapper\">[vc_row][vc_column][vc_single_image image=&#8221;9552&#8243;][\/vc_column][\/vc_row][vc_row][vc_column][vc_column_text]<span style=\"color: #800000;\"><strong>Voc\u00ea poder\u00e1 esclarecer d\u00favidas pelos seguintes canais:<\/strong><\/span><\/p>\n<p>Sobre Acolhimento: <a href=\"mailto:patriciabicahara2@gmail.com\">patriciabicahara2@gmail.com<\/a><\/p>\n<p>Sobre Inscri\u00e7\u00f5es: WhatsApp: (11) 3081-8947 (Anselmo)<\/p>\n<p>Email: <a href=\"mailto:ebpsaopaulo@gmail.com\">ebpsaopaulo@gmail.com<\/a> (Veridiana)[\/vc_column_text][\/vc_column][\/vc_row]\n<\/section>","protected":false},"excerpt":{"rendered":"<p>[vc_row][vc_column][vc_single_image image=&#8221;9552&#8243;][\/vc_column][\/vc_row][vc_row][vc_column][vc_column_text]Voc\u00ea poder\u00e1 esclarecer d\u00favidas pelos seguintes canais: Sobre Acolhimento: patriciabicahara2@gmail.com Sobre Inscri\u00e7\u00f5es: WhatsApp: (11) 3081-8947 (Anselmo) Email: ebpsaopaulo@gmail.com (Veridiana)[\/vc_column_text][\/vc_column][\/vc_row]<\/p>\n","protected":false},"author":1,"featured_media":0,"parent":9548,"menu_order":0,"comment_status":"closed","ping_status":"closed","template":"","meta":{"footnotes":""},"class_list":["post-9621","page","type-page","status-publish","hentry","entry","no-media"],"aioseo_notices":[],"_links":{"self":[{"href":"https:\/\/ebp.org.br\/sp\/wp-json\/wp\/v2\/pages\/9621","targetHints":{"allow":["GET"]}}],"collection":[{"href":"https:\/\/ebp.org.br\/sp\/wp-json\/wp\/v2\/pages"}],"about":[{"href":"https:\/\/ebp.org.br\/sp\/wp-json\/wp\/v2\/types\/page"}],"author":[{"embeddable":true,"href":"https:\/\/ebp.org.br\/sp\/wp-json\/wp\/v2\/users\/1"}],"replies":[{"embeddable":true,"href":"https:\/\/ebp.org.br\/sp\/wp-json\/wp\/v2\/comments?post=9621"}],"version-history":[{"count":2,"href":"https:\/\/ebp.org.br\/sp\/wp-json\/wp\/v2\/pages\/9621\/revisions"}],"predecessor-version":[{"id":9672,"href":"https:\/\/ebp.org.br\/sp\/wp-json\/wp\/v2\/pages\/9621\/revisions\/9672"}],"up":[{"embeddable":true,"href":"https:\/\/ebp.org.br\/sp\/wp-json\/wp\/v2\/pages\/9548"}],"wp:attachment":[{"href":"https:\/\/ebp.org.br\/sp\/wp-json\/wp\/v2\/media?parent=9621"}],"curies":[{"name":"wp","href":"https:\/\/api.w.org\/{rel}","templated":true}]}}