{"id":9616,"date":"2025-05-21T07:30:38","date_gmt":"2025-05-21T10:30:38","guid":{"rendered":"https:\/\/ebp.org.br\/sp\/?page_id=9616"},"modified":"2025-07-21T11:31:56","modified_gmt":"2025-07-21T14:31:56","slug":"convidada","status":"publish","type":"page","link":"https:\/\/ebp.org.br\/sp\/jornadas\/xiii-jornadas-jogos-do-amor-parcerias-contemporaneas\/convidada\/","title":{"rendered":"XIII JORNADAS &#8211; Convidada"},"content":{"rendered":"<section class=\"wpb-content-wrapper\">[vc_row][vc_column][vc_single_image image=&#8221;9552&#8243;][\/vc_column][\/vc_row][vc_row][vc_column][vc_column_text]<img loading=\"lazy\" decoding=\"async\" class=\"size-full wp-image-9617 alignleft\" src=\"https:\/\/ebp.org.br\/sp\/wp-content\/uploads\/2025\/05\/convidada.jpg\" alt=\"\" width=\"200\" height=\"200\" srcset=\"https:\/\/ebp.org.br\/sp\/wp-content\/uploads\/2025\/05\/convidada.jpg 200w, https:\/\/ebp.org.br\/sp\/wp-content\/uploads\/2025\/05\/convidada-150x150.jpg 150w\" sizes=\"auto, (max-width: 200px) 100vw, 200px\" \/>Teremos como convidada Raquel Cors Ulloa, membro da NEL\/AMP.<\/p>\n<p>Para instig\u00e1-los um pouco mais, uma frase dela:<\/p>\n<p>\u201cAnalisar-se, escutar o saber textual do inconsciente, ler os modos de amar, desejar, gozar, implica bordejar um furo, porque um furo se bordeja, sen\u00e3o n\u00e3o \u00e9 um furo. Tentem com um l\u00e1pis\u201d, arriscando-se com casos de sua cl\u00ednica, \u201cou ao fazer croch\u00ea&#8230; como queiram!\u201d[\/vc_column_text][\/vc_column][\/vc_row][vc_row][vc_column][vc_column_text]\n<h3><span style=\"color: #ff0000;\"><strong>Textos:<\/strong><\/span><\/h3>\n<p><strong>O impacto (\u00e9pater) do pai<\/strong>. In:\u00a0Op\u00e7\u00e3o Lacaniana,\u00a0S\u00e3o Paulo: Eolia, n.84, p. 123-130, fev. 2022.<\/p>\n<p><strong>Um final que nasceu do real<\/strong>. In:\u00a0Op\u00e7\u00e3o Lacaniana,\u00a0S\u00e3o Paulo: Eolia, n.83, p. 93-100, set. 2021.<\/p>\n<p><strong>Aproximar-se da pr\u00f3pria maldade<\/strong>. In:\u00a0Op\u00e7\u00e3o Lacaniana,\u00a0S\u00e3o Paulo: Eolia, n.82, p. 94-98, abr. 2020.<\/p>\n<p><strong>Do \u00eaxodo ao pa\u00eds da psican\u00e1lise<\/strong>. In:\u00a0Latusa,\u00a0Rio de Janeiro: EBP-RJ, n.25, p. 79-81, set. 2023.<\/p>\n<p><strong>Amor \u00e0 feminilidade, \u00f3dio ao feminino<\/strong>. In: ANTELO, Marcela; GURGEL, Iordan (Org.).\u00a0O feminino infamiliar:\u00a0dizer o indiz\u00edvel. Belo Horizonte: Escola Brasileira de Psican\u00e1lise, 2021, p. 276-287. Tamb\u00e9m dispon\u00edvel em:\u00a0<a href=\"https:\/\/www.encontrobrasileiro2020.com.br\/amor-a...\/\">https:\/\/www.encontrobrasileiro2020.com.br\/amor-a\u2026\/<\/a><\/p>\n<p><strong>La paradoja de la formaci\u00f3n del analista. \u00bfHay formaci\u00f3n sin Escuela?<\/strong>\u00a0In:\u00a0Revista Lacaniana de Psicoan\u00e1lisis,\u00a0Buenos Aires: Grama, a\u00f1o 19, n.34, p. 140-143.<\/p>\n<p><strong>Consentir a la interpretaci\u00f3n de una pesadilla<\/strong>. In:\u00a0Bit\u00e1cora Lacaniana,\u00a0Buenos Aires: Grama Ediciones, n.9, p. 144-153, jul. 2021.<\/p>\n<p><strong>Lo que desata una s\u00e9lfie \u2013 del \u00f3rgano<\/strong>. In:\u00a0Bit\u00e1cora Lacaniana,\u00a0Buenos Aires: Grama Ediciones, n.5, p. 113, out. 2016.<\/p>\n<p><strong>De-formaciones del analista<\/strong>. In:\u00a0Bit\u00e1cora Lacaniana,\u00a0Buenos Aires: Grama Ediciones, n.8, p. 265, set.2019.<\/p>\n<p><strong>La dignidad de la pol\u00edtica del analista<\/strong>. In:\u00a0Bit\u00e1cora Lacaniana,\u00a0Buenos Aires: Grama Ediciones, n.10, p. 309-312, jul.2022.<\/p>\n<p><strong>Restos del amor que fui<\/strong>. In:\u00a0Bit\u00e1cora Lacaniana,\u00a0Buenos Aires: Grama Ediciones, n.10, p. 283-286, jul.2022.<\/p>\n<p><strong>Mutatis Mutandis<\/strong>. In:\u00a0Bit\u00e1cora Lacaniana,\u00a0Buenos Aires: Grama Ediciones, n.10, p. 51-62, jul.2022.<\/p>\n<p><strong>Donde algunos hablamos, Santa Teresa siente y nada sabe<\/strong>. In:\u00a0Bit\u00e1cora Lacaniana,\u00a0Buenos Aires: Grama Ediciones, n.3, p. 189-197, out. 2014.<\/p>\n<p><strong>La tradici\u00f3n cosm\u00e9tica, cuando lo real era garant\u00eda del orden simb\u00f3lico<\/strong>. In: Bit\u00e1cora Lacaniana, Buenos Aires: Grama Ediciones, n.2, p. 183-186, nov.2013.<\/p>\n<p><strong>Um olhar psicanal\u00edtico pelo imp\u00e9rio das imagens.<\/strong>\u00a0In: VII ENAPOL. Dispon\u00edvel em:\u00a0<a href=\"https:\/\/enapol.com\/vii\/pt\/raquel-cors-ulloa-um-olhar-psicanalitico-pelo-imperio-das-imagens\/\">https:\/\/enapol.com\/vii\/pt\/raquel-cors-ulloa-um-olhar-psicanalitico-pelo-imperio-das-imagens\/<\/a><\/p>\n<p><strong>Restos do amor que fui.<\/strong>\u00a0In: Rayuela. Publicaci\u00f3n virtual de la Nueva Red Cereda Am\u00e9rica. Dispon\u00edvel em:\u00a0<a href=\"https:\/\/www.revistarayuela.com\/pt\/008\/template.php?file=notas\/restos-del-amor-que-fui.html\">https:\/\/www.revistarayuela.com\/pt\/008\/template.php?file=notas\/restos-del-amor-que-fui.html<\/a><\/p>\n<p><strong>Lo que el discurso anal\u00edtico\u00a0agujerea.\u00a0<\/strong>In:\u00a0<a href=\"https:\/\/puntodefugarevista.wordpress.com\/\">Punto de Fuga<\/a>. Revista digital de la Secci\u00f3n Cl\u00ednica de Madrid, Nucep. Dispon\u00edvel em:\u00a0<a href=\"https:\/\/puntodefugarevista.wordpress.com\/lo-que-el-discurso-analitico-agujerea\/\">https:\/\/puntodefugarevista.wordpress.com\/lo-que-el-discurso-analitico-agujerea\/<\/a><\/p>\n<h3><span style=\"color: #ff0000;\"><strong>V\u00eddeos:<\/strong><\/span><\/h3>\n<p>\u201cP\u00edlulas de Subvers\u00f5es\u201d. Entrevista para as Jornadas Fora de s\u00e9rie da EBP-SP (29\/09\/2020). Dispon\u00edvel em:\u00a0<a href=\"https:\/\/www.youtube.com\/watch?v=GzWFmtSRZak\">https:\/\/www.youtube.com\/watch?v=GzWFmtSRZak<\/a>.<\/p>\n<p>Entrevista para o X ENAPOL: O novo no amor. Modalidades contempor\u00e2neas dos la\u00e7os. Dispon\u00edvel em\u00a0<a href=\"https:\/\/www.youtube.com\/watch?v=gQU1te8hoXM\">https:\/\/www.youtube.com\/watch?v=gQU1te8hoXM<\/a>[\/vc_column_text][\/vc_column][\/vc_row]\n<\/section>","protected":false},"excerpt":{"rendered":"<p>[vc_row][vc_column][vc_single_image image=&#8221;9552&#8243;][\/vc_column][\/vc_row][vc_row][vc_column][vc_column_text]Teremos como convidada Raquel Cors Ulloa, membro da NEL\/AMP. Para instig\u00e1-los um pouco mais, uma frase dela: \u201cAnalisar-se, escutar o saber textual do inconsciente, ler os modos de amar, desejar, gozar, implica bordejar um furo, porque um furo se bordeja, sen\u00e3o n\u00e3o \u00e9 um furo. Tentem com um l\u00e1pis\u201d, arriscando-se com casos de sua&hellip;<\/p>\n","protected":false},"author":1,"featured_media":0,"parent":9548,"menu_order":0,"comment_status":"closed","ping_status":"closed","template":"","meta":{"footnotes":""},"class_list":["post-9616","page","type-page","status-publish","hentry","entry","no-media"],"aioseo_notices":[],"_links":{"self":[{"href":"https:\/\/ebp.org.br\/sp\/wp-json\/wp\/v2\/pages\/9616","targetHints":{"allow":["GET"]}}],"collection":[{"href":"https:\/\/ebp.org.br\/sp\/wp-json\/wp\/v2\/pages"}],"about":[{"href":"https:\/\/ebp.org.br\/sp\/wp-json\/wp\/v2\/types\/page"}],"author":[{"embeddable":true,"href":"https:\/\/ebp.org.br\/sp\/wp-json\/wp\/v2\/users\/1"}],"replies":[{"embeddable":true,"href":"https:\/\/ebp.org.br\/sp\/wp-json\/wp\/v2\/comments?post=9616"}],"version-history":[{"count":3,"href":"https:\/\/ebp.org.br\/sp\/wp-json\/wp\/v2\/pages\/9616\/revisions"}],"predecessor-version":[{"id":9838,"href":"https:\/\/ebp.org.br\/sp\/wp-json\/wp\/v2\/pages\/9616\/revisions\/9838"}],"up":[{"embeddable":true,"href":"https:\/\/ebp.org.br\/sp\/wp-json\/wp\/v2\/pages\/9548"}],"wp:attachment":[{"href":"https:\/\/ebp.org.br\/sp\/wp-json\/wp\/v2\/media?parent=9616"}],"curies":[{"name":"wp","href":"https:\/\/api.w.org\/{rel}","templated":true}]}}