{"id":9578,"date":"2025-05-19T05:43:00","date_gmt":"2025-05-19T08:43:00","guid":{"rendered":"https:\/\/ebp.org.br\/sp\/?page_id=9578"},"modified":"2025-10-06T10:00:02","modified_gmt":"2025-10-06T13:00:02","slug":"inscricoes","status":"publish","type":"page","link":"https:\/\/ebp.org.br\/sp\/jornadas\/xiii-jornadas-jogos-do-amor-parcerias-contemporaneas\/inscricoes\/","title":{"rendered":"XIII JORNADAS &#8211; Inscri\u00e7\u00f5es"},"content":{"rendered":"<section class=\"wpb-content-wrapper\">[vc_row][vc_column][vc_single_image image=&#8221;9552&#8243;][\/vc_column][\/vc_row][vc_row][vc_column][vc_column_text]\n<h3><strong><span style=\"color: #993300;\">INSCRI\u00c7\u00d5ES ENCERRADAS<\/span><\/strong><\/h3>\n<p>Informamos que as inscri\u00e7\u00f5es das nossas Jornadas completaram seus lugares em 25 de setembro.<\/p>\n<p>Isto mostra que a nossa comunidade est\u00e1 crescendo e que os &#8220;Jogos do Amor, parcerias contempor\u00e2neas&#8221; s\u00e3o pra valer e ningu\u00e9m quer ficar de fora.\u2764\ufe0f<\/p>\n<p>A Coordena\u00e7\u00e3o das nossas Jornadas gostaria de agradecer a grande procura ainda por inscri\u00e7\u00f5es, mas infelizmente o nosso espa\u00e7o, no Meli\u00e1 Paulista, n\u00e3o comporta mais nenhum lugar.<\/p>\n<p><span style=\"color: #993300;\">N\u00e3o haver\u00e1 inscri\u00e7\u00f5es no local.<\/span><\/p>\n<p>Para nossa festa &#8220;Baila Comigo&#8221; ainda temos alguns convites.<\/p>\n[\/vc_column_text]<div class=\"vcex-spacing wpex-w-100 wpex-clear\"><\/div><a href=\"https:\/\/ebp.org.br\/sp\/jornadas\/xiii-jornadas-jogos-do-amor-parcerias-contemporaneas\/acolhimento\/festa\/\" class=\"vcex-button theme-button inline\"><span class=\"vcex-button-inner theme-button-inner\">INSCRI\u00c7\u00d5ES PARA A FESTA<\/span><\/a> [\/vc_column][\/vc_row]\n<\/section>","protected":false},"excerpt":{"rendered":"<p>[vc_row][vc_column][vc_single_image image=&#8221;9552&#8243;][\/vc_column][\/vc_row][vc_row][vc_column][vc_column_text] INSCRI\u00c7\u00d5ES ENCERRADAS Informamos que as inscri\u00e7\u00f5es das nossas Jornadas completaram seus lugares em 25 de setembro. Isto mostra que a nossa comunidade est\u00e1 crescendo e que os &#8220;Jogos do Amor, parcerias contempor\u00e2neas&#8221; s\u00e3o pra valer e ningu\u00e9m quer ficar de fora.\u2764\ufe0f A Coordena\u00e7\u00e3o das nossas Jornadas gostaria de agradecer a grande procura ainda&hellip;<\/p>\n","protected":false},"author":1,"featured_media":0,"parent":9548,"menu_order":0,"comment_status":"closed","ping_status":"closed","template":"","meta":{"footnotes":""},"class_list":["post-9578","page","type-page","status-publish","hentry","entry","no-media"],"aioseo_notices":[],"_links":{"self":[{"href":"https:\/\/ebp.org.br\/sp\/wp-json\/wp\/v2\/pages\/9578","targetHints":{"allow":["GET"]}}],"collection":[{"href":"https:\/\/ebp.org.br\/sp\/wp-json\/wp\/v2\/pages"}],"about":[{"href":"https:\/\/ebp.org.br\/sp\/wp-json\/wp\/v2\/types\/page"}],"author":[{"embeddable":true,"href":"https:\/\/ebp.org.br\/sp\/wp-json\/wp\/v2\/users\/1"}],"replies":[{"embeddable":true,"href":"https:\/\/ebp.org.br\/sp\/wp-json\/wp\/v2\/comments?post=9578"}],"version-history":[{"count":14,"href":"https:\/\/ebp.org.br\/sp\/wp-json\/wp\/v2\/pages\/9578\/revisions"}],"predecessor-version":[{"id":9949,"href":"https:\/\/ebp.org.br\/sp\/wp-json\/wp\/v2\/pages\/9578\/revisions\/9949"}],"up":[{"embeddable":true,"href":"https:\/\/ebp.org.br\/sp\/wp-json\/wp\/v2\/pages\/9548"}],"wp:attachment":[{"href":"https:\/\/ebp.org.br\/sp\/wp-json\/wp\/v2\/media?parent=9578"}],"curies":[{"name":"wp","href":"https:\/\/api.w.org\/{rel}","templated":true}]}}