{"id":9576,"date":"2025-05-19T05:37:45","date_gmt":"2025-05-19T08:37:45","guid":{"rendered":"https:\/\/ebp.org.br\/sp\/?page_id=9576"},"modified":"2025-08-27T14:55:43","modified_gmt":"2025-08-27T17:55:43","slug":"festa","status":"publish","type":"page","link":"https:\/\/ebp.org.br\/sp\/jornadas\/xiii-jornadas-jogos-do-amor-parcerias-contemporaneas\/acolhimento\/festa\/","title":{"rendered":"XIII JORNADAS &#8211; Festa"},"content":{"rendered":"<section class=\"wpb-content-wrapper\">[vc_row][vc_column][vc_single_image image=&#8221;9552&#8243;][\/vc_column][\/vc_row][vc_row][vc_column width=&#8221;2\/3&#8243;][vc_column_text]A festa j\u00e1 come\u00e7ou!<\/p>\n<p>Ela come\u00e7a colocando em marcha o que poderemos colher no dia trinta e um de outubro, Dia das Bruxas, n\u00e3o esque\u00e7amos; e no dia primeiro de novembro de 2025.<\/p>\n<p>O tema das Jornadas nos instigou a participar do trabalho preparat\u00f3rio desse acontecimento especial da EBP-SP para al\u00e9m do momento de confraterniza\u00e7\u00e3o que sempre finaliza nossos eventos.<\/p>\n<p>Propomos contribuir ativamente para as coordenadas de trabalho que ser\u00e3o encaminhadas pelas demais Comiss\u00f5es. Os jogos do amor encontram ambiente prop\u00edcio no espa\u00e7o de uma festa, antes, durante e depois. Muitas vezes as festas s\u00e3o marcantes justamente por terem acolhido tais ocorr\u00eancias, tenham sido essas repletas de sofrimento, desencontros, rupturas dr\u00e1sticas e decep\u00e7\u00f5es; ou, pelo contr\u00e1rio, grandes surpresas e encontros felizes.<\/p>\n<p>As artes em geral: m\u00fasica, filme, literatura e teatro, como exemplos, est\u00e3o repletos de conte\u00fados que podem nos provocar o trabalho sustentado na Orienta\u00e7\u00e3o Lacaniana.<\/p>\n<p>Nossa aposta \u00e9 essa! Que a prepara\u00e7\u00e3o da festa contribua de forma epist\u00eamica para as nossas Jornadas.<\/p>\n<p>Nosso <strong>Correio Elegante<\/strong> j\u00e1 est\u00e1 presente no Boletim das Jornadas e convidamos a cada um l\u00ea-lo e a experimentar desde j\u00e1 o <strong>baile<\/strong> que ser\u00e1 nossa festa, onde <em>o jogo se far\u00e1 livre, as regras cada um escolher\u00e1<\/em>!<\/p>\n<hr \/>\n<h2 style=\"text-align: left;\"><span style=\"color: #ff0000;\"><strong><span style=\"color: #02a185;\">Baila Comigo<\/span> <\/strong><\/span><\/h2>\n<h3 style=\"text-align: left;\"><em><span style=\"color: #ff0000;\">&#8220;O jogo \u00e9 livre. As regras voc\u00ea escolhe!&#8221;\u00a0<\/span><\/em><\/h3>\n<ul>\n<li><strong>DATA:\u00a0<\/strong>01\/11\/2025<\/li>\n<li><strong>HOR\u00c1RIO:\u00a0<\/strong>21h<\/li>\n<li><strong>LOCAL:\u00a0<\/strong>Oca Tupiniquim<br \/>\nRua Fradique Coutinho, 1379 &#8211; Vila Madalena, S\u00e3o Paulo &#8211; SP, 05416-011<\/li>\n<\/ul>\n<p><strong>ESTACIONAMENTO:<\/strong> Britos Estacionamento Park<\/p>\n<ul>\n<li>Em frente ao Oca Tupiniquim. Possui manobrista.<\/li>\n<li>Valor \u00fanico: R$ 50,00 (pagamento direto no estacionamento).<\/li>\n<\/ul>\n<h3><span style=\"color: #ff0000;\"><strong><em>\u00a0<\/em><\/strong><strong>Ingressos Limitados!<\/strong><\/span><\/h3>\n[\/vc_column_text][\/vc_column][vc_column width=&#8221;1\/3&#8243;][vc_single_image image=&#8221;9908&#8243;][\/vc_column][\/vc_row][vc_row][vc_column][vc_column_text]\n<ul>\n<li>09\/06 a 31\/07<\/li>\n<li><strong>Valor:\u00a0<\/strong>R$ 315,00<\/li>\n<li><strong>Formas de Pagamentos: <\/strong>\u00c0 vista no PIX ou parcelado em at\u00e9 3x. <strong>Virada de lote em 01\/08<\/strong>.<\/li>\n<\/ul>\n<p><strong>Dados para Pagamento<\/strong><\/p>\n<ul>\n<li>PIX: 02.252.068\/0001-93(CNPJ)<\/li>\n<li>Escola Brasileira de Psican\u00e1lise do Campo Freudiano Se\u00e7\u00e3o S\u00e3o Paulo<\/li>\n<\/ul>\n<p><strong>Pol\u00edtica de devolu\u00e7\u00e3o:<\/strong><\/p>\n<ul>\n<li>At\u00e9 15 dias\u00a0antes do evento = reembolso de 50% do valor pago<\/li>\n<li>At\u00e9 1 dia antes do evento = reembolso de 25% do valor pago<\/li>\n<li>No dia do evento = n\u00e3o reembols\u00e1vel<\/li>\n<\/ul>\n<p><strong>COMO ADQUIRIR SEU INGRESSO:<\/strong><\/p>\n<ol>\n<li>Preencha o formul\u00e1rio de inscri\u00e7\u00e3o:<a href=\"https:\/\/forms.gle\/sMU3PP9SMVc2TJ6L6\">https:\/\/forms.gle\/sMU3PP9SMVc2TJ6L6<\/a><\/li>\n<li>A compra do ingresso<strong>\u00a0<\/strong>somente ser\u00e1 efetivada mediante o preenchimento deste formul\u00e1rio e o envio do comprovante de pagamento que deve ser anexado ao final da p\u00e1gina do formul\u00e1rio.<\/li>\n<li>Para o segundo lote faremos as devidas edi\u00e7\u00f5es no formul\u00e1rio para venda dos ingressos na op\u00e7\u00e3o de compra parcelada.<\/li>\n<li>Para d\u00favidas, sugest\u00f5es e\/ou contribui\u00e7\u00f5es deve-se enviar um e-mail para: <a href=\"mailto:festa.jornadas.ebpsp@gmail.com\">festa.jornadas.ebpsp@gmail.com<\/a><\/li>\n<\/ol>\n[\/vc_column_text][\/vc_column][\/vc_row]\n<\/section>","protected":false},"excerpt":{"rendered":"<p>[vc_row][vc_column][vc_single_image image=&#8221;9552&#8243;][\/vc_column][\/vc_row][vc_row][vc_column width=&#8221;2\/3&#8243;][vc_column_text]A festa j\u00e1 come\u00e7ou! Ela come\u00e7a colocando em marcha o que poderemos colher no dia trinta e um de outubro, Dia das Bruxas, n\u00e3o esque\u00e7amos; e no dia primeiro de novembro de 2025. O tema das Jornadas nos instigou a participar do trabalho preparat\u00f3rio desse acontecimento especial da EBP-SP para al\u00e9m do momento&hellip;<\/p>\n","protected":false},"author":1,"featured_media":0,"parent":9560,"menu_order":0,"comment_status":"closed","ping_status":"closed","template":"","meta":{"footnotes":""},"class_list":["post-9576","page","type-page","status-publish","hentry","entry","no-media"],"aioseo_notices":[],"_links":{"self":[{"href":"https:\/\/ebp.org.br\/sp\/wp-json\/wp\/v2\/pages\/9576","targetHints":{"allow":["GET"]}}],"collection":[{"href":"https:\/\/ebp.org.br\/sp\/wp-json\/wp\/v2\/pages"}],"about":[{"href":"https:\/\/ebp.org.br\/sp\/wp-json\/wp\/v2\/types\/page"}],"author":[{"embeddable":true,"href":"https:\/\/ebp.org.br\/sp\/wp-json\/wp\/v2\/users\/1"}],"replies":[{"embeddable":true,"href":"https:\/\/ebp.org.br\/sp\/wp-json\/wp\/v2\/comments?post=9576"}],"version-history":[{"count":21,"href":"https:\/\/ebp.org.br\/sp\/wp-json\/wp\/v2\/pages\/9576\/revisions"}],"predecessor-version":[{"id":9910,"href":"https:\/\/ebp.org.br\/sp\/wp-json\/wp\/v2\/pages\/9576\/revisions\/9910"}],"up":[{"embeddable":true,"href":"https:\/\/ebp.org.br\/sp\/wp-json\/wp\/v2\/pages\/9560"}],"wp:attachment":[{"href":"https:\/\/ebp.org.br\/sp\/wp-json\/wp\/v2\/media?parent=9576"}],"curies":[{"name":"wp","href":"https:\/\/api.w.org\/{rel}","templated":true}]}}