{"id":9560,"date":"2025-05-09T06:35:51","date_gmt":"2025-05-09T09:35:51","guid":{"rendered":"https:\/\/ebp.org.br\/sp\/?page_id=9560"},"modified":"2025-09-11T17:09:25","modified_gmt":"2025-09-11T20:09:25","slug":"acolhimento","status":"publish","type":"page","link":"https:\/\/ebp.org.br\/sp\/jornadas\/xiii-jornadas-jogos-do-amor-parcerias-contemporaneas\/acolhimento\/","title":{"rendered":"XIII JORNADAS &#8211; Acolhimento"},"content":{"rendered":"<section class=\"wpb-content-wrapper\">[vc_row][vc_column][vc_single_image image=&#8221;9552&#8243;][\/vc_column][\/vc_row][vc_row][vc_column][vc_column_text]Somos a equipe de Acolhimento e cuidaremos para que encontrem as principais informa\u00e7\u00f5es sobre hospedagens e alimenta\u00e7\u00e3o pr\u00f3ximos ao hotel, meios de locomo\u00e7\u00e3o, datas das atividades pr\u00e9-jornadas e prazos e tamb\u00e9m a agenda cultural com sugest\u00f5es relacionadas ao tema do nosso encontro.<\/p>\n<p>Selecionamos uma rela\u00e7\u00e3o de hot\u00e9is pr\u00f3ximos ao Hotel Meli\u00e1, onde o encontro acontecer\u00e1 e sugerimos que CORRAM para fazer as suas reservas, porque haver\u00e1 <em>F\u00f3rmula 1<\/em> nos finais de semana pr\u00f3ximos \u00e0s Jornadas com eventos relacionados e a rede hoteleira j\u00e1 est\u00e1 bem agitada.<\/p>\n<p>Contem conosco para informa\u00e7\u00f5es e d\u00favidas pelo email: <a href=\"mailto:patriciabichara2@gmail.com\">patriciabichara2@gmail.com<\/a><\/p>\n<p>Sejam bem vindos aos jogos do amor!<\/p>\n<p>Comiss\u00e3o de Acolhimento[\/vc_column_text][\/vc_column][\/vc_row][vc_row][vc_column][vc_empty_space]<div class=\"vcex-module vcex-divider vcex-divider-solid vcex-divider-center wpex-mx-auto wpex-block wpex-h-0 wpex-border-b wpex-border-solid wpex-border-main\" style=\"border-color:var(--wpex-accent);\"><\/div>[vc_empty_space][\/vc_column][\/vc_row][vc_row][vc_column][vc_column_text]\n<h3><span style=\"color: #993300;\">HOT\u00c9IS<\/span><\/h3>\n[\/vc_column_text][vc_single_image image=&#8221;9919&#8243; img_size=&#8221;400&#215;132&#8243;][vc_column_text]<span style=\"color: #993300;\"><strong>Hotel Meli\u00e1 Paulista<\/strong><\/span><\/p>\n<ul>\n<li>Endere\u00e7o: Avenida Paulista, 2181 &#8211; Consola\u00e7\u00e3o \u2013 S\u00e3o Paulo \u2013 SP<\/li>\n<li>Valor: $$$ &#8211; 3 Estrelas<\/li>\n<\/ul>\n[\/vc_column_text][vc_empty_space height=&#8221;15px&#8221;]<a href=\"https:\/\/www.melia.com\/es\/hoteles\/brasil\/sao-paulo\/melia-paulista?esl-k=sem-google%7Cng%7Cc676183408258%7Cmp%7Ckmeli\u00e1%20paulista%7Cp%7Ct%7Cdc%7Ca136097941898%7Cg16664116496&#038;gclsrc=aw.ds&#038;&#038;gad_source=1&#038;gad_campaignid=16664116496&#038;gbraid=0AAAAADjC5K0tsYLohupiB9crXlF7LSz3Y&#038;gclid=CjwKCAjw_pDBBhBMEiwAmY02NvLgsxhQBkiLEg2P25Hz2Dk2nxSbTKZ0aE5fowU2tHCSIF2cVA_uZBoCrJgQAvD_BwE\" class=\"vcex-button theme-button inline\"><span class=\"vcex-button-inner theme-button-inner\">RESERVAS<\/span><\/a> [\/vc_column][\/vc_row][vc_row][vc_column][vc_empty_space]<div class=\"vcex-module vcex-divider vcex-divider-solid vcex-divider-center wpex-mx-auto wpex-block wpex-h-0 wpex-border-b wpex-border-solid wpex-border-main\" style=\"border-color:var(--wpex-accent);\"><\/div>[vc_empty_space][\/vc_column][\/vc_row][vc_row][vc_column][vc_column_text]<span style=\"color: #993300;\"><strong>Mercure S\u00e3o Paulo Jardins<\/strong><\/span><\/p>\n<ul>\n<li>Endere\u00e7o: At &#8211; Alameda Itu, R. Augusta, 1151, S\u00e3o Paulo \u2013 SP<\/li>\n<li>Valor: $$$- 3 Estrelas<\/li>\n<li>A 7 minutos andando, 500m do Hotel Meli\u00e1.<\/li>\n<\/ul>\n[\/vc_column_text][vc_empty_space height=&#8221;15px&#8221;]<a href=\"https:\/\/all.accor.com\/ssr\/app\/accor\/rates\/3467\/index.en.shtml?dateIn=2025-06-08&#038;nights=1&#038;compositions=2&#038;stayplus=false&#038;snu=false&#038;accessibleRooms=false&#038;hideWDR=true&#038;productCode=null&#038;hideHotelDetails=true&#038;origin=accor&#038;utm_campaign=3467-AR-cpc-desktop-default-0--mapresults--0-0-0&#038;utm_medium=partenariats&#038;hmGUID=2604b2da-b7b4-4b90-1c18-a6894d2d8094&#038;utm_source=seo_meta_google\" class=\"vcex-button theme-button inline\"><span class=\"vcex-button-inner theme-button-inner\">RESERVAS<\/span><\/a> [\/vc_column][\/vc_row][vc_row][vc_column][vc_empty_space]<div class=\"vcex-module vcex-divider vcex-divider-solid vcex-divider-center wpex-mx-auto wpex-block wpex-h-0 wpex-border-b wpex-border-solid wpex-border-main\" style=\"border-color:var(--wpex-accent);\"><\/div>[vc_empty_space][\/vc_column][\/vc_row][vc_row][vc_column][vc_column_text]<span style=\"color: #993300;\"><strong>Hotel Ibis SP Paulista<\/strong><\/span><\/p>\n<ul>\n<li>Endere\u00e7o: Av. Paulista, 2355 &#8211; Bela Vista, S\u00e3o Paulo \u2013 SP<\/li>\n<li>Valor: $$ \u2013 2 Estrelas<\/li>\n<li>A 2 minutos andando, 150m do Hotel Meli\u00e1.<\/li>\n<\/ul>\n[\/vc_column_text][vc_empty_space height=&#8221;15px&#8221;]<a href=\"https:\/\/all.accor.com\/ssr\/app\/accor\/rates\/3735\/index.en.shtml?dateIn=2025-06-01&#038;nights=1&#038;compositions=2&#038;stayplus=false&#038;snu=false&#038;accessibleRooms=false&#038;hideWDR=true&#038;productCode=null&#038;hideHotelDetails=true&#038;origin=accor&#038;gclid=CjwKCAjw_pDBBhBMEiwAmY02NvpAFM8CXu1KERYNzoiPY7euohAIpXvCBfyjEwPrpD4g3j_aV3pFqBoC1rAQAvD_BwE&#038;utm_campaign=3735-AR-cpc-desktop-default-0--mapresults-20436261748-0-0-1&#038;utm_medium=partenariats&#038;hmGUID=68d9a5e9-ad3b-47e6-a415-430ef15738c1&#038;utm_source=Google%20Hotel%20Ads\" class=\"vcex-button theme-button inline\"><span class=\"vcex-button-inner theme-button-inner\">RESERVAS<\/span><\/a> [\/vc_column][\/vc_row][vc_row][vc_column][vc_empty_space]<div class=\"vcex-module vcex-divider vcex-divider-solid vcex-divider-center wpex-mx-auto wpex-block wpex-h-0 wpex-border-b wpex-border-solid wpex-border-main\" style=\"border-color:var(--wpex-accent);\"><\/div>[vc_empty_space][\/vc_column][\/vc_row][vc_row][vc_column][vc_column_text]<span style=\"color: #993300;\"><strong>Hotel Ibis budget S\u00e3o Paulo Paulista<\/strong><\/span><\/p>\n<ul>\n<li>Endere\u00e7o: R. da Consola\u00e7\u00e3o, 2303 &#8211; Consola\u00e7\u00e3o, S\u00e3o Paulo \u2013 SP<\/li>\n<li>Valor: $ &#8211; 2 Estrelas<\/li>\n<li>A 7 minutos andando, 500m do Hotel Meli\u00e1.<\/li>\n<\/ul>\n[\/vc_column_text][vc_empty_space height=&#8221;15px&#8221;]<a href=\"https:\/\/all.accor.com\/ssr\/app\/accor\/rates\/5323\/index.en.shtml?dateIn=2025-07-13&#038;nights=1&#038;compositions=2&#038;stayplus=false&#038;snu=false&#038;accessibleRooms=false&#038;hideWDR=true&#038;productCode=null&#038;hideHotelDetails=true&#038;origin=accor&#038;utm_campaign=5323-AR-cpc-desktop-default-0--mapresults--0-0-0&#038;utm_medium=partenariats&#038;hmGUID=816a1259-fa6a-425a-10e3-853d5506e465&#038;utm_source=seo_meta_google\" class=\"vcex-button theme-button inline\"><span class=\"vcex-button-inner theme-button-inner\">RESERVAS<\/span><\/a> [\/vc_column][\/vc_row][vc_row][vc_column][vc_empty_space]<div class=\"vcex-module vcex-divider vcex-divider-solid vcex-divider-center wpex-mx-auto wpex-block wpex-h-0 wpex-border-b wpex-border-solid wpex-border-main\" style=\"border-color:var(--wpex-accent);\"><\/div>[vc_empty_space][\/vc_column][\/vc_row][vc_row][vc_column][vc_column_text]<span style=\"color: #993300;\"><strong>Matiz Manhattan Hotel<\/strong><\/span><\/p>\n<ul>\n<li>Endere\u00e7o: Rua Haddock Lobo, 867 &#8211; Cerqueira C\u00e9sar, S\u00e3o Paulo &#8211; SP, 01414-001<\/li>\n<li>Valor: $$ 3 estrelas<\/li>\n<li>A 5 minutos andando, 400m do Hotel Meli\u00e1<\/li>\n<\/ul>\n[\/vc_column_text][vc_empty_space height=&#8221;15px&#8221;]<a href=\"https:\/\/www.hotelariabrasil.com.br\/matiz-manhattan-sao-paulo-hotel\" class=\"vcex-button theme-button inline\"><span class=\"vcex-button-inner theme-button-inner\">RESERVAS<\/span><\/a> [\/vc_column][\/vc_row][vc_row][vc_column][vc_empty_space]<div class=\"vcex-module vcex-divider vcex-divider-solid vcex-divider-center wpex-mx-auto wpex-block wpex-h-0 wpex-border-b wpex-border-solid wpex-border-main\" style=\"border-color:var(--wpex-accent);\"><\/div>[vc_empty_space][\/vc_column][\/vc_row][vc_row][vc_column][vc_column_text]<span style=\"color: #993300;\"><strong>Airbnb:<\/strong><\/span><\/p>\n<p>Atrav\u00e9s do aplicativo Airbnb existem algumas op\u00e7\u00f5es de apartamentos para reserva. Para buscar acesse o bot\u00e3o abaixo:[\/vc_column_text][vc_empty_space height=&#8221;15px&#8221;]<a href=\"https:\/\/www.airbnb.com.br\" class=\"vcex-button theme-button inline\"><span class=\"vcex-button-inner theme-button-inner\">ACESSE<\/span><\/a> [\/vc_column][\/vc_row]\n<\/section>","protected":false},"excerpt":{"rendered":"<p>[vc_row][vc_column][vc_single_image image=&#8221;9552&#8243;][\/vc_column][\/vc_row][vc_row][vc_column][vc_column_text]Somos a equipe de Acolhimento e cuidaremos para que encontrem as principais informa\u00e7\u00f5es sobre hospedagens e alimenta\u00e7\u00e3o pr\u00f3ximos ao hotel, meios de locomo\u00e7\u00e3o, datas das atividades pr\u00e9-jornadas e prazos e tamb\u00e9m a agenda cultural com sugest\u00f5es relacionadas ao tema do nosso encontro. Selecionamos uma rela\u00e7\u00e3o de hot\u00e9is pr\u00f3ximos ao Hotel Meli\u00e1, onde o encontro&hellip;<\/p>\n","protected":false},"author":1,"featured_media":0,"parent":9548,"menu_order":0,"comment_status":"closed","ping_status":"closed","template":"","meta":{"footnotes":""},"class_list":["post-9560","page","type-page","status-publish","hentry","entry","no-media"],"aioseo_notices":[],"_links":{"self":[{"href":"https:\/\/ebp.org.br\/sp\/wp-json\/wp\/v2\/pages\/9560","targetHints":{"allow":["GET"]}}],"collection":[{"href":"https:\/\/ebp.org.br\/sp\/wp-json\/wp\/v2\/pages"}],"about":[{"href":"https:\/\/ebp.org.br\/sp\/wp-json\/wp\/v2\/types\/page"}],"author":[{"embeddable":true,"href":"https:\/\/ebp.org.br\/sp\/wp-json\/wp\/v2\/users\/1"}],"replies":[{"embeddable":true,"href":"https:\/\/ebp.org.br\/sp\/wp-json\/wp\/v2\/comments?post=9560"}],"version-history":[{"count":11,"href":"https:\/\/ebp.org.br\/sp\/wp-json\/wp\/v2\/pages\/9560\/revisions"}],"predecessor-version":[{"id":9920,"href":"https:\/\/ebp.org.br\/sp\/wp-json\/wp\/v2\/pages\/9560\/revisions\/9920"}],"up":[{"embeddable":true,"href":"https:\/\/ebp.org.br\/sp\/wp-json\/wp\/v2\/pages\/9548"}],"wp:attachment":[{"href":"https:\/\/ebp.org.br\/sp\/wp-json\/wp\/v2\/media?parent=9560"}],"curies":[{"name":"wp","href":"https:\/\/api.w.org\/{rel}","templated":true}]}}