{"id":9558,"date":"2025-05-09T06:35:36","date_gmt":"2025-05-09T09:35:36","guid":{"rendered":"https:\/\/ebp.org.br\/sp\/?page_id=9558"},"modified":"2025-08-15T09:45:33","modified_gmt":"2025-08-15T12:45:33","slug":"comissoes","status":"publish","type":"page","link":"https:\/\/ebp.org.br\/sp\/jornadas\/xiii-jornadas-jogos-do-amor-parcerias-contemporaneas\/comissoes\/","title":{"rendered":"XIII JORNADAS &#8211; Comiss\u00f5es"},"content":{"rendered":"<section class=\"wpb-content-wrapper\">[vc_row][vc_column][vc_single_image image=&#8221;9552&#8243;][\/vc_column][\/vc_row][vc_row][vc_column][vc_column_text]\n<h3><span style=\"color: #993300;\"><strong>Coordena\u00e7\u00e3o geral:<\/strong><\/span><\/h3>\n<ul>\n<li>Marilsa Basso<\/li>\n<\/ul>\n<h3><strong><span style=\"color: #993300;\">COMISS\u00d5ES<\/span>:<\/strong><\/h3>\n<p><span style=\"color: #993300;\"><strong>Orienta\u00e7\u00e3o<\/strong><\/span><\/p>\n<ul>\n<li>Coordena\u00e7\u00e3o:\u00a0 Sandra Arruda Grostein<\/li>\n<li>Camila Col\u00e1s<\/li>\n<li>Camila Popadiuk<\/li>\n<li>Carmen Silvia Cervelatti<\/li>\n<li>Claudia Regina Santa Silva<\/li>\n<li>Cristiana Chacon Gallo<\/li>\n<li>Eliane Costa Dias<\/li>\n<li>Maria Bernadette Soares Sant\u2019Ana Pitteri<\/li>\n<\/ul>\n<p><span style=\"color: #993300;\"><strong>Site e Divulga\u00e7\u00e3o<\/strong><\/span><\/p>\n<ul>\n<li>Coordena\u00e7\u00e3o: Eliana Machado Figueiredo<\/li>\n<li>Claudio Ivan Bezerra<\/li>\n<li>D\u00e9bora Garcia<\/li>\n<li>Felipe Bier<\/li>\n<li>Fernanda Carvalho<\/li>\n<li>Janaina Ver\u00edssimo<\/li>\n<li>Maria de Lourdes Mattos<\/li>\n<li>Silvia Sato<\/li>\n<\/ul>\n<p><span style=\"color: #993300;\"><strong>Secretaria e Tesouraria<\/strong><\/span><\/p>\n<ul>\n<li>Coordena\u00e7\u00e3o: Maria Veridiana Paes de Barros<\/li>\n<li>Camila Morelli<\/li>\n<li>F\u00e1bio Saad<\/li>\n<li>Fernanda Maia de Arruda<\/li>\n<li>Francisco Lemes<\/li>\n<li>Lilian Beiguelman<\/li>\n<li>Luciana Ernanny Legey<\/li>\n<li>Priscila Tavares Viviani<\/li>\n<li>Rubens Berlitz<\/li>\n<\/ul>\n<p><span style=\"color: #993300;\"><strong>Infraestrutura<\/strong><\/span><\/p>\n<ul>\n<li>Coordena\u00e7\u00e3o: Emelice Prado Bagnola<\/li>\n<li>Aparecida S. C. Berlitz<\/li>\n<li>Camila Baratto<\/li>\n<li>Emmanuel Mello<\/li>\n<li>Eduardo Camargo Bueno<\/li>\n<li>Fatima Luzia<\/li>\n<li>Georgia De Sordi<\/li>\n<li>Hector Espagnoli<\/li>\n<li>Marcella Oliveira<\/li>\n<li>Mariana Junqueira Franco<\/li>\n<li>Marisa Nubile<\/li>\n<li>Priscila Menega\u00e7o<\/li>\n<\/ul>\n<p><span style=\"color: #993300;\"><strong>Refer\u00eancias bibliogr\u00e1ficas<\/strong><\/span><\/p>\n<ul>\n<li>Gustavo Menezes (coord.)<\/li>\n<li>Andressa Luz<\/li>\n<li>Clarissa Carvalho<\/li>\n<li>Edgley Duarte<\/li>\n<li>Paula Caio de Carvalho<\/li>\n<li>Rodrigo Camargo<\/li>\n<\/ul>\n<p><span style=\"color: #993300;\"><strong>\u00a0<\/strong><\/span><strong><span style=\"color: #993300;\">Boletim<\/span> <\/strong><\/p>\n<ul>\n<li>Coordena\u00e7\u00e3o: Milena Vicari Crastelo<\/li>\n<li>Eduardo Vallejos da Rocha<\/li>\n<li>Francisco Durante<\/li>\n<li>James Valeriano<\/li>\n<li>Laura Mansin<\/li>\n<li>Maria C\u00e9lia R. Kato<\/li>\n<li>Ros\u00e2ngela C. Turim<\/li>\n<li>Val\u00e9ria Ferranti<\/li>\n<\/ul>\n<p><span style=\"color: #993300;\"><strong>Livraria<\/strong><\/span><\/p>\n<ul>\n<li>Coordena\u00e7\u00e3o: Elida Biasoli<\/li>\n<li>Fernanda Gelesko<\/li>\n<li>Helena Andrade<\/li>\n<li>Jo\u00e3o Paulo Desconci<\/li>\n<li>Leandro Verzignassi Nunes<\/li>\n<li>Matheus Kunst<\/li>\n<li>Perp\u00e9tua Medrado<\/li>\n<li>Renata Alves Fornaciari<\/li>\n<li>Renata Perche de Menezes<\/li>\n<\/ul>\n<p><strong><span style=\"color: #993300;\">Acolhimento<\/span> <\/strong><\/p>\n<ul>\n<li>Coordena\u00e7\u00e3o: Patr\u00edcia Bichara<\/li>\n<li>Cynthia Gon\u00e7alves Gindro<\/li>\n<li>Francine Negr\u00e3o Granato<\/li>\n<li>Gabriela Ponte Rodrigues<\/li>\n<li>Ruth Galv\u00e3o de Barros<\/li>\n<li>S\u00edglia Cruz de S\u00e1 Le\u00e3o<\/li>\n<\/ul>\n<p><span style=\"color: #993300;\"><strong>Arte <\/strong><\/span><\/p>\n<ul>\n<li>Coordena\u00e7\u00e3o: Niraldo de Oliveira Santos<\/li>\n<li>Ana Maria de Almeida Guerra<\/li>\n<li>Carolline Rangel<\/li>\n<li>Fl\u00e1via Corpas<\/li>\n<li>Gabriela Malvezzi<\/li>\n<li>Licene Garcia<\/li>\n<li>Maria J\u00falia Swenson<\/li>\n<li>Noemi Araujo<\/li>\n<li>Patr\u00edcia Badari<\/li>\n<li>Paula Maia<\/li>\n<\/ul>\n<p><span style=\"color: #993300;\"><strong>Festa<\/strong><\/span><\/p>\n<ul>\n<li>Coordena\u00e7\u00e3o: R\u00f4mulo Ferreira<\/li>\n<li>B\u00e1rbara Vargas<\/li>\n<li>Eduardo Marchesan<\/li>\n<li>Jefferson Nascimento<\/li>\n<li>Luiz Henrique Mello<\/li>\n<li>Maria Josefina Sota Fuentes<\/li>\n<li>Paula Caio de Carvalho<\/li>\n<li>Tain\u00e3 Pinheiro<\/li>\n<li>Val\u00e9ria Ferranti<\/li>\n<li>Vinicius Tiola<\/li>\n<\/ul>\n[\/vc_column_text][\/vc_column][\/vc_row]\n<\/section>","protected":false},"excerpt":{"rendered":"<p>[vc_row][vc_column][vc_single_image image=&#8221;9552&#8243;][\/vc_column][\/vc_row][vc_row][vc_column][vc_column_text] Coordena\u00e7\u00e3o geral: Marilsa Basso COMISS\u00d5ES: Orienta\u00e7\u00e3o Coordena\u00e7\u00e3o:\u00a0 Sandra Arruda Grostein Camila Col\u00e1s Camila Popadiuk Carmen Silvia Cervelatti Claudia Regina Santa Silva Cristiana Chacon Gallo Eliane Costa Dias Maria Bernadette Soares Sant\u2019Ana Pitteri Site e Divulga\u00e7\u00e3o Coordena\u00e7\u00e3o: Eliana Machado Figueiredo Claudio Ivan Bezerra D\u00e9bora Garcia Felipe Bier Fernanda Carvalho Janaina Ver\u00edssimo Maria de Lourdes&hellip;<\/p>\n","protected":false},"author":1,"featured_media":0,"parent":9548,"menu_order":0,"comment_status":"closed","ping_status":"closed","template":"","meta":{"footnotes":""},"class_list":["post-9558","page","type-page","status-publish","hentry","entry","no-media"],"aioseo_notices":[],"_links":{"self":[{"href":"https:\/\/ebp.org.br\/sp\/wp-json\/wp\/v2\/pages\/9558","targetHints":{"allow":["GET"]}}],"collection":[{"href":"https:\/\/ebp.org.br\/sp\/wp-json\/wp\/v2\/pages"}],"about":[{"href":"https:\/\/ebp.org.br\/sp\/wp-json\/wp\/v2\/types\/page"}],"author":[{"embeddable":true,"href":"https:\/\/ebp.org.br\/sp\/wp-json\/wp\/v2\/users\/1"}],"replies":[{"embeddable":true,"href":"https:\/\/ebp.org.br\/sp\/wp-json\/wp\/v2\/comments?post=9558"}],"version-history":[{"count":11,"href":"https:\/\/ebp.org.br\/sp\/wp-json\/wp\/v2\/pages\/9558\/revisions"}],"predecessor-version":[{"id":9863,"href":"https:\/\/ebp.org.br\/sp\/wp-json\/wp\/v2\/pages\/9558\/revisions\/9863"}],"up":[{"embeddable":true,"href":"https:\/\/ebp.org.br\/sp\/wp-json\/wp\/v2\/pages\/9548"}],"wp:attachment":[{"href":"https:\/\/ebp.org.br\/sp\/wp-json\/wp\/v2\/media?parent=9558"}],"curies":[{"name":"wp","href":"https:\/\/api.w.org\/{rel}","templated":true}]}}