{"id":9475,"date":"2024-04-18T11:35:11","date_gmt":"2024-04-18T14:35:11","guid":{"rendered":"https:\/\/ebp.org.br\/sp\/?page_id=9475"},"modified":"2026-03-11T17:41:09","modified_gmt":"2026-03-11T20:41:09","slug":"seminario-o-que-faz-sintoma","status":"publish","type":"page","link":"https:\/\/ebp.org.br\/sp\/ensino\/seminario\/seminario-o-que-faz-sintoma\/","title":{"rendered":"Semin\u00e1rio &#8220;O que faz sintoma?&#8221;"},"content":{"rendered":"<h6>Respons\u00e1vel: Luiz Fernando Carrijo da Cunha<\/h6>\n<div>Colocado em forma de uma pergunta, percorrerei de Freud a Lacan as raizes do sintoma, especialmente do que, hoje, aparece em nossa pr\u00e1tica como psicanalistas. Do pacto simb\u00f3lico celebrado por Freud que redunda na estrutura edipiana das respostas do sujeito em sua constitui\u00e7\u00e3o, at\u00e9 seu mais al\u00e9m, concebido por Lacan como resultado do fracasso desse pacto.<\/div>\n<div>\n<ul>\n<li><strong>Quartas-feiras, quinzenalmente na sede da EBP-SP<\/strong>\u00a0com transmiss\u00e3o via zoom aos interessados que moram fora da cidade de S\u00e3o Paulo.<\/li>\n<li><strong>Hor\u00e1rio:<\/strong>\u00a013h<\/li>\n<li><strong>Data de in\u00edcio:<\/strong>\u00a011\/03\/2026<\/li>\n<li><strong>Datas para o primeiro semestre:<\/strong>\n<ul>\n<li>Mar\u00e7o: 11 e 25<\/li>\n<li>Abril: 08<\/li>\n<li>Maio: 13 e 27<\/li>\n<li>Junho: 10 e 24<\/li>\n<\/ul>\n<\/li>\n<li><strong>Inscri\u00e7\u00f5es pelo link<\/strong><a href=\"http:\/\/forms.gle\/nbaLdMiGCjJY4V6\" target=\"_blank\" rel=\"noopener\" data-saferedirecturl=\"https:\/\/www.google.com\/url?q=http:\/\/forms.gle\/nbaLdMiGCjJY4V6&amp;source=gmail&amp;ust=1773347798498000&amp;usg=AOvVaw0xoA3Q85wX370asyB45_zF\">\u00a0http:\/\/forms.gle\/<wbr \/>nbaLdMiGCjJY4V6<\/a><\/li>\n<li>(indicar no e-mail a modalidade de participa\u00e7\u00e3o presencial ou online)<\/li>\n<\/ul>\n<\/div>\n","protected":false},"excerpt":{"rendered":"<p>Respons\u00e1vel: Luiz Fernando Carrijo da Cunha Colocado em forma de uma pergunta, percorrerei de Freud a Lacan as raizes do sintoma, especialmente do que, hoje, aparece em nossa pr\u00e1tica como psicanalistas. Do pacto simb\u00f3lico celebrado por Freud que redunda na estrutura edipiana das respostas do sujeito em sua constitui\u00e7\u00e3o, at\u00e9 seu mais al\u00e9m, concebido por&hellip;<\/p>\n","protected":false},"author":1,"featured_media":0,"parent":1505,"menu_order":0,"comment_status":"closed","ping_status":"closed","template":"","meta":{"footnotes":""},"class_list":["post-9475","page","type-page","status-publish","hentry","entry","no-media"],"aioseo_notices":[],"_links":{"self":[{"href":"https:\/\/ebp.org.br\/sp\/wp-json\/wp\/v2\/pages\/9475","targetHints":{"allow":["GET"]}}],"collection":[{"href":"https:\/\/ebp.org.br\/sp\/wp-json\/wp\/v2\/pages"}],"about":[{"href":"https:\/\/ebp.org.br\/sp\/wp-json\/wp\/v2\/types\/page"}],"author":[{"embeddable":true,"href":"https:\/\/ebp.org.br\/sp\/wp-json\/wp\/v2\/users\/1"}],"replies":[{"embeddable":true,"href":"https:\/\/ebp.org.br\/sp\/wp-json\/wp\/v2\/comments?post=9475"}],"version-history":[{"count":6,"href":"https:\/\/ebp.org.br\/sp\/wp-json\/wp\/v2\/pages\/9475\/revisions"}],"predecessor-version":[{"id":10045,"href":"https:\/\/ebp.org.br\/sp\/wp-json\/wp\/v2\/pages\/9475\/revisions\/10045"}],"up":[{"embeddable":true,"href":"https:\/\/ebp.org.br\/sp\/wp-json\/wp\/v2\/pages\/1505"}],"wp:attachment":[{"href":"https:\/\/ebp.org.br\/sp\/wp-json\/wp\/v2\/media?parent=9475"}],"curies":[{"name":"wp","href":"https:\/\/api.w.org\/{rel}","templated":true}]}}