{"id":9250,"date":"2023-10-09T11:12:05","date_gmt":"2023-10-09T14:12:05","guid":{"rendered":"https:\/\/ebp.org.br\/sp\/?page_id=9250"},"modified":"2023-10-13T10:00:41","modified_gmt":"2023-10-13T13:00:41","slug":"programa","status":"publish","type":"page","link":"https:\/\/ebp.org.br\/sp\/jornadas\/xii-jornadas-r-i-s-o\/programa\/","title":{"rendered":"Programa"},"content":{"rendered":"<section class=\"wpb-content-wrapper\">[vc_row][vc_column][vc_single_image image=&#8221;8970&#8243;][\/vc_column][\/vc_row][vc_row][vc_column width=&#8221;5\/6&#8243;][vc_column_text]\n<h3 style=\"text-align: center;\">XII Jornadas da EBP \u2013 Se\u00e7\u00e3o S\u00e3o Paulo 2023<\/h3>\n<h3 style=\"text-align: center;\">R.I.S.o<\/h3>\n<h2 style=\"text-align: center;\"><span style=\"color: #ffcc00;\">PROGRAMA<\/span><\/h2>\n<hr \/>\n<h3 style=\"text-align: center;\"><span style=\"color: #993300;\">SEXTA-FEIRA, 27 DE OUTUBRO<\/span><\/h3>\n<p>&nbsp;<\/p>\n<p><strong>PLEN\u00c1RIAS:<\/strong><\/p>\n<p><span style=\"color: #806000;\"><strong>09h00 &#8211; Credenciamento<\/strong><\/span><\/p>\n<p><span style=\"color: #806000;\"><strong>10h00-10h30 &#8211; Abertura<\/strong><\/span><\/p>\n<p style=\"padding-left: 120px;\"><strong>Niraldo de Oliveira Santos<\/strong>, Diretor Geral da EBP-SP<\/p>\n<p style=\"padding-left: 120px;\"><strong>Gustavo Oliveira Menezes<\/strong>, Coordenador Geral das XII Jornadas<\/p>\n<p style=\"padding-left: 120px;\"><strong>R\u00f4mulo Ferreira da Silva<\/strong>, Coordenador da Comiss\u00e3o de Orienta\u00e7\u00e3o<\/p>\n<p style=\"padding-left: 120px;\"><strong>Eliane Costa Dias<\/strong>, Presidente do Conselho da EBP-SP<\/p>\n<p><strong><span style=\"color: #806000;\">10h30-12h00 &#8211; Confer\u00eancia: ACONTECIMENTO RISO<br \/>\n<\/span><\/strong><\/p>\n<p style=\"padding-left: 120px;\"><strong>Gustavo Stiglitz <\/strong>(AME da EOL\/AMP)<\/p>\n<p style=\"padding-left: 120px;\">Coordena\u00e7\u00e3o: <strong>Val\u00e9ria Ferranti <\/strong>(EBP\/AMP)<\/p>\n<p><strong><span style=\"color: #806000;\">12h00-14h00 &#8211; <\/span>Pausa para almo\u00e7o<\/strong><\/p>\n<p><strong><span style=\"color: #806000;\">14h00-19h30<\/span> &#8211; SALAS SIMULT\u00c2NEAS<\/strong><\/p>\n<hr \/>\n<h3><span style=\"color: #806000;\">SALA 1<\/span><\/h3>\n<p><strong>NO IN\u00cdCIO, O RISO<\/strong><\/p>\n<p>Coordena\u00e7\u00e3o:\u00a0 <strong>Milena Vicari Crastelo (EBP\/AMP)<\/strong><\/p>\n<p><strong>Teresinha Meirelles do Prado (EBP\/AMP)<\/strong><\/p>\n<p>&nbsp;<\/p>\n<p><strong><span style=\"color: #806000;\">14h00-15h15<\/span><\/strong><\/p>\n<p style=\"padding-left: 120px;\">Uma tirada ir\u00f4nica online e um riso de ang\u00fastia, <strong>Marco Aur\u00e9lio Monteiro Peluso<\/strong><\/p>\n<p style=\"padding-left: 120px;\">O engodo de uma gargalhada, <strong>Vera Furst<\/strong><\/p>\n<p style=\"padding-left: 120px;\">Entre a m\u00e3e e a espada, <strong>Tatiana C. Vidotti<\/strong><\/p>\n<p><strong><span style=\"color: #806000;\">15h15-16h30<\/span><\/strong><\/p>\n<p style=\"padding-left: 120px;\">Morrer&#8230; de rir, <strong>Ana Maria de A. Guerra<\/strong><\/p>\n<p style=\"padding-left: 120px;\">Entrevistas preliminares e a ironia,<strong> Lilian Beiguelman<\/strong><\/p>\n<p style=\"padding-left: 120px;\">A cada um o seu R.I.S.o, <strong>Cristiana Chacon Gallo (EBP\/AMP)<\/strong><\/p>\n<p><strong><span style=\"color: #806000;\">16h30-17h00\u00a0\u00a0\u00a0\u00a0 Intervalo<\/span><\/strong><\/p>\n<p>&nbsp;<\/p>\n<p><strong>SERIA TR\u00c1GICO, SE N\u00c3O FOSSE C\u00d4MICO<\/strong><\/p>\n<p>Coordena\u00e7\u00e3o: <strong>C\u00e1ssia Maria Rumenos Guardado (AME da EBP\/AMP)<\/strong><\/p>\n<p><strong>Heloisa Prado R. S. Telles (EBP\/AMP)<\/strong><\/p>\n<p><strong><span style=\"color: #806000;\">17h00-18h15<\/span><\/strong><\/p>\n<p style=\"padding-left: 120px;\">O riso \u00e9 feminino?, <strong>Carolline Rangel<\/strong><\/p>\n<p style=\"padding-left: 120px;\">O analista como um leitor da ironia, <strong>Fernanda Marra<\/strong><\/p>\n<p style=\"padding-left: 120px;\">O riso de Lilith, <strong>Paula C. V. Caio de Carvalho<\/strong><\/p>\n<p><strong><span style=\"color: #806000;\">18h15-19h30<\/span><\/strong><\/p>\n<p style=\"padding-left: 120px;\">O amor, s\u00f3 R.I.S.o e o c\u00f4mico,<strong> Jos\u00e9 Azevedo<\/strong><\/p>\n<p style=\"padding-left: 120px;\">Entre eles, o riso, <strong>Fabio Saad<\/strong><\/p>\n<p style=\"padding-left: 120px;\">Rir para n\u00e3o chorar, <strong>Heloisa Silva Teixeira<\/strong><\/p>\n<hr \/>\n<h3><span style=\"color: #806000;\">SALA 2<\/span><\/h3>\n<p>&nbsp;<\/p>\n<p><strong>HUMOR, IRONIA E SEMBLANTES<\/strong><\/p>\n<p>Coordena\u00e7\u00e3o:\u00a0 <strong>Alessandra Sartorello Pecego (EBP\/AMP)<\/strong><\/p>\n<p><strong>Jovita Carneiro de Lima (EBP\/AMP)<\/strong><\/p>\n<p><span style=\"color: #806000;\"><strong>14h00-15h15<\/strong><\/span><\/p>\n<p style=\"padding-left: 120px;\">Quando o humor pesa, <strong>Durval Mazzei<\/strong><\/p>\n<p style=\"padding-left: 120px;\">RISo que descortina o gozo, <strong>Helena Testi<\/strong><\/p>\n<p style=\"padding-left: 120px;\">As l\u00e1grimas que lavam seu s\u00f3 riso, <strong>Sonia Perazzolo<\/strong><\/p>\n<p><strong><span style=\"color: #806000;\">15h15-16h30<\/span><\/strong><\/p>\n<p style=\"padding-left: 120px;\">Ironia, psican\u00e1lise e risos, <strong>Camila Col\u00e1s (EBP\/AMP)<\/strong><\/p>\n<p style=\"padding-left: 120px;\">O clown, o witz e o analista, <strong>Elisangela Miras<\/strong><\/p>\n<p style=\"padding-left: 120px;\">Witz: entre a pol\u00edtica e a cl\u00ednica, <strong>Magno Azevedo<\/strong><\/p>\n<p><strong><span style=\"color: #806000;\">16h30-17h00\u00a0\u00a0\u00a0\u00a0 Intervalo<\/span><\/strong><\/p>\n<p>&nbsp;<\/p>\n<p><strong>DISRUP\u00c7\u00d5ES DO GOZO E POL\u00cdTICA DO SINTOMA<\/strong><\/p>\n<p>Coordena\u00e7\u00e3o: <strong>Patr\u00edcia Badari (EBP\/AMP)<\/strong><\/p>\n<p><strong>Silvia Sato (EBP\/AMP)<\/strong><\/p>\n<p><span style=\"color: #806000;\"><strong>17h00-18h15<\/strong><\/span><\/p>\n<p style=\"padding-left: 120px;\">\u201cUm museu de grandes novidades\u201d, <strong>Eliana Machado Figueiredo (EBP\/AMP)<\/strong><\/p>\n<p style=\"padding-left: 120px;\">De um choro ao riso, <strong>Maria Noemi de Araujo<\/strong><\/p>\n<p style=\"padding-left: 120px;\">O chiste como via de separa\u00e7\u00e3o, <strong>Maria Ludmila Mour\u00e3o<\/strong><\/p>\n<p><strong><span style=\"color: #806000;\">18h15-19h30<\/span><\/strong><\/p>\n<p style=\"padding-left: 120px;\">Bulimia: o R.I.S.o como signo de gozo,<strong> Carlos Ferraz Batista<\/strong><\/p>\n<p style=\"padding-left: 120px;\">O riso e sua interpreta\u00e7\u00e3o, <strong>Eduardo Vallejos<\/strong><\/p>\n<p style=\"padding-left: 120px;\">B. ri? B. desangustia?, <strong>Francine Negr\u00e3o<\/strong><\/p>\n<hr \/>\n<h3><strong><span style=\"color: #806000;\">SALA 3<\/span><\/strong><\/h3>\n<p>&nbsp;<\/p>\n<p><strong>RO\u00c7AR O REAL<\/strong><\/p>\n<p>Coordena\u00e7\u00e3o: <strong>Carmen Silvia Cervelatti (EBP\/AMP)<\/strong><\/p>\n<p><strong>Marilsa Basso (EBP\/AMP)<\/strong><\/p>\n<p><strong><span style=\"color: #806000;\">14h00-15h15<\/span><\/strong><\/p>\n<p style=\"padding-left: 120px;\">A po\u00e9tica de Z\u00e9 Limeira, o absurdo que faz rir, <strong>Glaucineia Gomes de Lima<\/strong><\/p>\n<p style=\"padding-left: 120px;\">A c\u00f3cegas que faz lal\u00edngua, <strong>Cynthia Gon\u00e7alves Gindro<\/strong><\/p>\n<p style=\"padding-left: 120px;\">O riso-ato do analista, na percuss\u00e3o do Um, <strong>Felipe Bier<\/strong><\/p>\n<p><strong><span style=\"color: #806000;\">15h15-16h30<\/span><\/strong><\/p>\n<p style=\"padding-left: 120px;\">A transfer\u00eancia e o riso num caso de autismo, <strong>Clarissa Carvalho<\/strong><\/p>\n<p style=\"padding-left: 120px;\">O riso e suas m\u00faltiplas possibilidades, <strong>Leny Magalh\u00e3es Mrech (EBP\/AMP)<\/strong><\/p>\n<p style=\"padding-left: 120px;\">Burra, pobre, feia e sem marido: uma gargalhada, <strong>Rodrigo Pedalini<\/strong><\/p>\n<p><strong><span style=\"color: #806000;\">16h30-17h00\u00a0\u00a0\u00a0\u00a0 Intervalo<\/span><\/strong><\/p>\n<p>&nbsp;<\/p>\n<p><strong>BIOPOL\u00cdTICA E SEGREGA\u00c7\u00c3O<\/strong><\/p>\n<p>Coordena\u00e7\u00e3o: <strong>Luiz Fernando Carrijo da Cunha (AME da EBP\/AMP)<\/strong><\/p>\n<p><strong>Maria Bernadette Soares de Sant\u2019Anna Pitteri (EBP\/AMP)<\/strong><\/p>\n<p><strong><span style=\"color: #806000;\">17h00-18h15<\/span><\/strong><\/p>\n<p style=\"padding-left: 120px;\">\u201cLos agitadores\u201d e este obscuro riso que agita os corpos, <strong>Henrique Alves Lopes<\/strong><\/p>\n<p style=\"padding-left: 120px;\">Quanto mais quente melhor&#8230; quando o semblante se torna par\u00f3dia, <strong>Rodrigo Almeida<\/strong><\/p>\n<p style=\"padding-left: 120px;\">Tirando-Sarro-Rex: um Dino-Sarro na C\u00e2mara dos Deputados, <strong>Rubens Berlitz<\/strong><\/p>\n<p><strong><span style=\"color: #806000;\">18h15-19h30<\/span><\/strong><\/p>\n<p style=\"padding-left: 120px;\">Ironia pol\u00edtica, <strong>Paula Nathalie Nocquet<\/strong><\/p>\n<p style=\"padding-left: 120px;\">A alegonia de rir do desconhecido, <strong>Luiza Gerace<\/strong><\/p>\n<p style=\"padding-left: 120px;\">Como o riso brinca com a dor de (r)existir, <strong>Priscila Menega\u00e7o Boraschi<\/strong><\/p>\n<p style=\"padding-left: 120px;\">Tarrindodoqu\u00ea? Uma interpela\u00e7\u00e3o no riso impol\u00edtico, <strong>Vera L\u00facia Dias<\/strong><\/p>\n<hr \/>\n<h2 style=\"text-align: center;\"><span style=\"color: #993300;\">S\u00c1BADO, 28 DE OUTUBRO<\/span><\/h2>\n<h3><strong>PLEN\u00c1RIAS:<\/strong><\/h3>\n<p><strong><span style=\"color: #806000;\">\u00a09h00-10h00 &#8211;\u00a0 Riso e final de an\u00e1lise<\/span><\/strong><\/p>\n<p style=\"padding-left: 120px;\"><strong>Ana Lydia Santiago <\/strong>(AME da EBP\/AMP)<\/p>\n<p style=\"padding-left: 160px;\">Coordena\u00e7\u00e3o: <strong>Angelina Harari<\/strong> (AME da EBP\/AMP)<\/p>\n<p><strong><span style=\"color: #806000;\">10h00-11h10 &#8211; Da com\u00e9dia do falo ao riso do Um sozinho<\/span><\/strong><\/p>\n<p style=\"padding-left: 120px;\">Apresentam: \u00a0\u00a0 <strong>Mariana Galletti Ferretti<\/strong><\/p>\n<p style=\"padding-left: 120px;\"><strong>Maria Josefina Sota Fuentes <\/strong>(EBP\/AMP)<\/p>\n<p style=\"padding-left: 160px;\">Coordena\u00e7\u00e3o: <strong>Daniela de Camargo Barros Affonso <\/strong>(EBP\/AMP)<\/p>\n<p><strong><span style=\"color: #806000;\">11h10-12h20\u00a0\u00a0\u00a0\u00a0\u00a0\u00a0 Desdenhar do Outro<\/span><\/strong><\/p>\n<p style=\"padding-left: 120px;\">Apresentam: \u00a0\u00a0 <strong>James Alberto de Moura Valeriano<\/strong><\/p>\n<p style=\"padding-left: 120px;\"><strong>Mirmila Alves Musse <\/strong>(EBP\/AMP)<\/p>\n<p style=\"padding-left: 160px;\">Coordena\u00e7\u00e3o:\u00a0 <strong>Fernando Del Guerra Prota <\/strong>(EBP\/AMP)<\/p>\n<p><span style=\"color: #806000;\"><strong>12h20-14h00 &#8211; Pausa para almo\u00e7o<\/strong><\/span><\/p>\n<p><strong><span style=\"color: #806000;\">14h00-15h10 &#8211; Se fartar de rir<\/span><\/strong><\/p>\n<p style=\"padding-left: 120px;\">Apresentam: \u00a0\u00a0 <strong>Camila Popadiuk<\/strong> (EBP\/AMP)<\/p>\n<p style=\"padding-left: 120px;\"><strong>Izabel Abreu<\/strong><\/p>\n<p style=\"padding-left: 160px;\">Coordena\u00e7\u00e3o:\u00a0 <strong>Maria do Carmo Dias Batista<\/strong> (AME da EBP\/AMP)<\/p>\n<p><strong><span style=\"color: #806000;\">15h10-16h20 &#8211; Calend\u00e1rio da Pedra<\/span><\/strong><\/p>\n<p><strong>Leitura de trechos da pe\u00e7a<\/strong><\/p>\n<p><strong>Denise Stoklos, Diretora, atriz e escritora<\/strong><\/p>\n<p><strong><span style=\"color: #806000;\">16h20-16h50 &#8211; Intervalo<\/span><\/strong><\/p>\n<p><strong><span style=\"color: #806000;\">16h50-17h40\u00a0 &#8211; Riso ou \u00f3dio: qual o futuro da psican\u00e1lise?<\/span><\/strong><\/p>\n<p style=\"padding-left: 120px;\">Apresentam: \u00a0\u00a0 <strong>Fabr\u00edcio Donizete da Costa<\/strong><\/p>\n<p style=\"padding-left: 120px;\"><strong>Jefferson Nascimento<\/strong><\/p>\n<p style=\"padding-left: 120px;\"><strong>Luisa Fromer Mazalli<\/strong><\/p>\n<p style=\"padding-left: 160px;\">Coordena\u00e7\u00e3o: <strong>Sandra Arruda Grostein <\/strong>(AME da EBP\/AMP)<\/p>\n<p>&nbsp;<\/p>\n<p><strong><span style=\"color: #806000;\">17h40-18h40\u00a0 &#8211; Amarra\u00e7\u00f5es do R.I.S.o<\/span><\/strong><\/p>\n<p style=\"padding-left: 120px;\"><strong>Gustavo Stiglitz<\/strong> (AME da EOL\/AMP)<\/p>\n<p style=\"padding-left: 120px;\"><strong>Maria Cec\u00edlia Galletti Ferretti <\/strong>(AME da EBP\/AMP)<\/p>\n<p style=\"padding-left: 120px;\"><strong>Veridiana Marucio <\/strong>(EBP\/AMP)<\/p>\n<p><strong><span style=\"color: #806000;\">18h40 &#8211;\u00a0 Encerramento<\/span><\/strong><\/p>\n<p><strong>Gustavo Oliveira Menezes<\/strong> (EBP\/AMP)<\/p>\n<p><strong>Niraldo de Oliveira Santos <\/strong>(EBP\/AMP)[\/vc_column_text][\/vc_column][vc_column width=&#8221;1\/6&#8243;][vc_single_image image=&#8221;9251&#8243; alignment=&#8221;center&#8221;][vc_empty_space][vc_btn title=&#8221;Download PDF&#8221; color=&#8221;inverse&#8221; align=&#8221;center&#8221; link=&#8221;url:https%3A%2F%2Febp.org.br%2Fsp%2Fwp-content%2Fuploads%2F2023%2F10%2FPROGRAMA.pdf&#8221;][\/vc_column][\/vc_row]\n<\/section>","protected":false},"excerpt":{"rendered":"<p>[vc_row][vc_column][vc_single_image image=&#8221;8970&#8243;][\/vc_column][\/vc_row][vc_row][vc_column width=&#8221;5\/6&#8243;][vc_column_text] XII Jornadas da EBP \u2013 Se\u00e7\u00e3o S\u00e3o Paulo 2023 R.I.S.o PROGRAMA SEXTA-FEIRA, 27 DE OUTUBRO &nbsp; PLEN\u00c1RIAS: 09h00 &#8211; Credenciamento 10h00-10h30 &#8211; Abertura Niraldo de Oliveira Santos, Diretor Geral da EBP-SP Gustavo Oliveira Menezes, Coordenador Geral das XII Jornadas R\u00f4mulo Ferreira da Silva, Coordenador da Comiss\u00e3o de Orienta\u00e7\u00e3o Eliane Costa Dias, Presidente&hellip;<\/p>\n","protected":false},"author":1,"featured_media":0,"parent":6887,"menu_order":0,"comment_status":"closed","ping_status":"closed","template":"","meta":{"footnotes":""},"class_list":["post-9250","page","type-page","status-publish","hentry","entry","no-media"],"aioseo_notices":[],"_links":{"self":[{"href":"https:\/\/ebp.org.br\/sp\/wp-json\/wp\/v2\/pages\/9250","targetHints":{"allow":["GET"]}}],"collection":[{"href":"https:\/\/ebp.org.br\/sp\/wp-json\/wp\/v2\/pages"}],"about":[{"href":"https:\/\/ebp.org.br\/sp\/wp-json\/wp\/v2\/types\/page"}],"author":[{"embeddable":true,"href":"https:\/\/ebp.org.br\/sp\/wp-json\/wp\/v2\/users\/1"}],"replies":[{"embeddable":true,"href":"https:\/\/ebp.org.br\/sp\/wp-json\/wp\/v2\/comments?post=9250"}],"version-history":[{"count":4,"href":"https:\/\/ebp.org.br\/sp\/wp-json\/wp\/v2\/pages\/9250\/revisions"}],"predecessor-version":[{"id":9408,"href":"https:\/\/ebp.org.br\/sp\/wp-json\/wp\/v2\/pages\/9250\/revisions\/9408"}],"up":[{"embeddable":true,"href":"https:\/\/ebp.org.br\/sp\/wp-json\/wp\/v2\/pages\/6887"}],"wp:attachment":[{"href":"https:\/\/ebp.org.br\/sp\/wp-json\/wp\/v2\/media?parent=9250"}],"curies":[{"name":"wp","href":"https:\/\/api.w.org\/{rel}","templated":true}]}}